{"id":120,"date":"2026-01-18T08:33:27","date_gmt":"2026-01-18T08:33:27","guid":{"rendered":"https:\/\/pontualvagas.com.br\/?page_id=120"},"modified":"2026-01-18T08:33:28","modified_gmt":"2026-01-18T08:33:28","slug":"%e9%9a%b1%e7%a7%81%e6%ac%8a%e6%94%bf%e7%ad%96","status":"publish","type":"page","link":"https:\/\/pontualvagas.com.br\/zh\/%e9%9a%b1%e7%a7%81%e6%ac%8a%e6%94%bf%e7%ad%96\/","title":{"rendered":"\u96b1\u79c1\u6b0a\u653f\u7b56"},"content":{"rendered":"<p>\u60a8\u7684\u96b1\u79c1\u5c0d\u6211\u5011\u81f3\u95dc\u91cd\u8981\u3002\u9019\u662f\u6211\u5011\u7684\u653f\u7b56\u3002 <strong>\u6e96\u6642\u7a7a\u7f3a\u8077\u4f4d<\/strong> \u6211\u5011\u5c07\u5c0a\u91cd\u60a8\u7684\u96b1\u79c1\uff0c\u4fdd\u8b77\u60a8\u900f\u904e\u672c\u7db2\u7ad9\u63d0\u4f9b\u7684\u4efb\u4f55\u8cc7\u8a0a\u3002 <strong>\u6e96\u6642\u7a7a\u7f3a\u8077\u4f4d<\/strong>\u4ee5\u53ca\u6211\u5011\u64c1\u6709\u548c\u7d93\u71df\u7684\u5176\u4ed6\u7db2\u7ad9\u3002<\/p>\n\n\n\n<p>\u6211\u5011\u50c5\u5728\u771f\u6b63\u9700\u8981\u6642\u624d\u6703\u8acb\u6c42\u60a8\u7684\u500b\u4eba\u8a0a\u606f\uff0c\u4ee5\u4fbf\u70ba\u7528\u6236\u63d0\u4f9b\u670d\u52d9\u3002\u6211\u5011\u6703\u5728\u5fb5\u5f97\u60a8\u7684\u77e5\u60c5\u540c\u610f\u5f8c\uff0c\u4ee5\u516c\u5e73\u5408\u6cd5\u7684\u65b9\u5f0f\u9032\u884c\u8acb\u6c42\u3002\u6211\u5011\u4e5f\u6703\u544a\u77e5\u60a8\u6536\u96c6\u9019\u4e9b\u8cc7\u8a0a\u7684\u539f\u56e0\u4ee5\u53ca\u8cc7\u8a0a\u7684\u4f7f\u7528\u65b9\u5f0f\u3002<\/p>\n\n\n\n<p>\u6211\u5011\u50c5\u5728\u63d0\u4f9b\u6240\u8acb\u6c42\u670d\u52d9\u6240\u9700\u7684\u671f\u9650\u5167\u4fdd\u7559\u6536\u96c6\u5230\u7684\u8cc7\u8a0a\u3002\u5132\u5b58\u8cc7\u6599\u6642\uff0c\u6211\u5011\u6703\u63a1\u53d6\u5546\u696d\u4e0a\u5408\u7406\u7684\u63aa\u65bd\u4f86\u4fdd\u8b77\u8cc7\u6599\u514d\u65bc\u907a\u5931\u3001\u88ab\u7aca\u3001\u672a\u7d93\u6388\u6b0a\u7684\u5b58\u53d6\u3001\u5916\u6d29\u3001\u8907\u88fd\u3001\u6feb\u7528\u6216\u4fee\u6539\u3002<\/p>\n\n\n\n<p>\u9664\u6cd5\u5f8b\u8981\u6c42\u5916\uff0c\u6211\u5011\u4e0d\u6703\u516c\u958b\u6216\u8207\u7b2c\u4e09\u65b9\u5206\u4eab\u500b\u4eba\u8b58\u5225\u8cc7\u8a0a\u3002<\/p>\n\n\n\n<p>\u9019 <strong>\u6e96\u6642\u7a7a\u7f3a\u8077\u4f4d<\/strong> \u672c\u7db2\u7ad9\u53ef\u80fd\u5305\u542b\u975e\u6211\u65b9\u7d93\u71df\u7684\u5916\u90e8\u7db2\u7ad9\u3001\u61c9\u7528\u7a0b\u5f0f\u6216\u670d\u52d9\u7684\u9023\u7d50\u3002\u8acb\u6ce8\u610f\uff0c\u6211\u5011\u7121\u6cd5\u63a7\u5236\u9019\u4e9b\u7db2\u7ad9\u7684\u5167\u5bb9\u548c\u505a\u6cd5\uff0c\u4e5f\u4e0d\u5c0d\u5176\u5404\u81ea\u7684\u96b1\u79c1\u6b0a\u653f\u7b56\u627f\u64d4\u4efb\u4f55\u8cac\u4efb\u3002<\/p>\n\n\n\n<p>\u4f7f\u7528\u8005\u6709\u6b0a\u62d2\u7d55\u63d0\u4f9b\u500b\u4eba\u8cc7\u8a0a\u7684\u8acb\u6c42\uff0c\u4f46\u9700\u7406\u89e3\u9019\u53ef\u80fd\u6703\u5c0e\u81f4\u7121\u6cd5\u63d0\u4f9b\u67d0\u4e9b\u6240\u9700\u670d\u52d9\u3002<\/p>\n\n\n\n<p>\u7e7c\u7e8c\u4f7f\u7528\u672c\u7db2\u7ad9 <strong>\u6e96\u6642\u7a7a\u7f3a\u8077\u4f4d<\/strong> \u60a8\u7684\u56de\u994b\u5c07\u88ab\u8996\u70ba\u60a8\u63a5\u53d7\u6211\u5011\u95dc\u65bc\u96b1\u79c1\u548c\u500b\u4eba\u8cc7\u8a0a\u4f7f\u7528\u7684\u505a\u6cd5\u3002\u5982\u679c\u60a8\u5c0d\u6211\u5011\u5982\u4f55\u8655\u7406\u7528\u6236\u8cc7\u6599\u6709\u4efb\u4f55\u7591\u554f\uff0c\u8acb\u900f\u904e\u806f\u7d61\u9801\u9762\u8207\u6211\u5011\u806f\u7d61\u3002<\/p>\n\n\n\n<h2 class=\"wp-block-heading\">Pontual Vagas Cookie \u653f\u7b56<\/h2>\n\n\n\n<h3 class=\"wp-block-heading\">\u4ec0\u9ebc\u662f\u9905\u4e7e\uff1f<\/h3>\n\n\n\n<p>\u8207\u5e7e\u4e4e\u6240\u6709\u5c08\u696d\u7db2\u7ad9\u4e00\u6a23\uff0c\u672c\u7db2\u7ad9\u4f7f\u7528 cookie\uff08\u5132\u5b58\u5728\u60a8\u88dd\u7f6e\u4e0a\u7684\u5c0f\u578b\u6a94\u6848\uff09\u4f86\u6539\u5584\u60a8\u7684\u700f\u89bd\u9ad4\u9a57\u3002<\/p>\n\n\n\n<p>\u672c\u7bc0\u89e3\u91cb\u4e86 cookie \u6536\u96c6\u54ea\u4e9b\u8cc7\u8a0a\u3001\u6211\u5011\u5982\u4f55\u4f7f\u7528\u9019\u4e9b\u4fe1\u606f\uff0c\u4ee5\u53ca\u5728\u67d0\u4e9b\u60c5\u6cc1\u4e0b\uff0c\u6211\u5011\u70ba\u4ec0\u9ebc\u9700\u8981\u5132\u5b58\u9019\u4e9b\u8cc7\u8a0a\u3002<\/p>\n\n\n\n<h3 class=\"wp-block-heading\">\u6211\u5011\u5982\u4f55\u4f7f\u7528 Cookie\uff1f<\/h3>\n\n\n\n<p>\u6211\u5011\u4f7f\u7528 Cookie \u7684\u539f\u56e0\u6709\u5f88\u591a\uff0c\u5305\u62ec\uff1a<\/p>\n\n\n\n<ul class=\"wp-block-list\">\n<li>\u70ba\u4e86\u78ba\u4fdd\u7db2\u7ad9\u6b63\u5e38\u904b\u4f5c\uff1b<\/li>\n\n\n\n<li>\u6539\u5584\u4f7f\u7528\u8005\u9ad4\u9a57\uff1b<\/li>\n\n\n\n<li>\u5206\u6790\u700f\u89bd\u884c\u70ba\uff1b<\/li>\n\n\n\n<li>\u5c55\u793a\u66f4\u76f8\u95dc\u7684\u5167\u5bb9\u548c\u5ee3\u544a\u3002<\/li>\n<\/ul>\n\n\n\n<p>\u5927\u591a\u6578\u60c5\u6cc1\u4e0b\uff0c\u505c\u7528 Cookie \u800c\u4e0d\u5f71\u97ff\u7db2\u7ad9\u57fa\u672c\u529f\u80fd\uff0c\u76ee\u524d\u5c1a\u7121\u696d\u754c\u6a19\u6e96\u9078\u9805\u3002\u5982\u679c\u60a8\u4e0d\u78ba\u5b9a\u662f\u5426\u9700\u8981 Cookie\uff0c\u5efa\u8b70\u4fdd\u6301\u555f\u7528\u72c0\u614b\u3002<\/p>\n\n\n\n<h3 class=\"wp-block-heading\">\u7981\u7528 Cookie<\/h3>\n\n\n\n<p>\u60a8\u53ef\u4ee5\u900f\u904e\u8abf\u6574\u700f\u89bd\u5668\u8a2d\u5b9a\u4f86\u963b\u6b62\u8a2d\u5b9a Cookie\u3002\u4f46\u8acb\u6ce8\u610f\uff0c\u505c\u7528 Cookie \u53ef\u80fd\u6703\u5f71\u97ff\u672c\u7db2\u7ad9\u4ee5\u53ca\u60a8\u9020\u8a2a\u7684\u5176\u4ed6\u7db2\u7ad9\u7684\u529f\u80fd\u3002<\/p>\n\n\n\n<h2 class=\"wp-block-heading\">\u6211\u5011\u8a2d\u5b9a\u7684 Cookie<\/h2>\n\n\n\n<h3 class=\"wp-block-heading\">\u5e33\u865f\u76f8\u95dc Cookie<\/h3>\n\n\n\n<p>\u5982\u679c\u4f7f\u7528\u8005\u5efa\u7acb\u5e33\u6236\uff08\u5982\u9069\u7528\uff09\uff0c\u6211\u5011\u6703\u4f7f\u7528 Cookie \u4f86\u7ba1\u7406\u8a3b\u518a\u6d41\u7a0b\u548c\u9032\u884c\u5e38\u898f\u7ba1\u7406\u3002\u9019\u4e9b Cookie \u901a\u5e38\u6703\u5728\u5e33\u6236\u767b\u51fa\u6642\u88ab\u522a\u9664\u3002<\/p>\n\n\n\n<h3 class=\"wp-block-heading\">\u8207\u767b\u5165\u76f8\u95dc\u7684 Cookie<\/h3>\n\n\n\n<p>\u7528\u65bc\u63d0\u9192\u4f7f\u7528\u8005\u5df2\u767b\u9304\uff0c\u907f\u514d\u4f7f\u7528\u8005\u5728\u6bcf\u500b\u9801\u9762\u91cd\u8907\u767b\u5165\u3002\u8a3b\u92b7\u5f8c\uff0c\u9019\u4e9b\u63d0\u793a\u5c07\u88ab\u79fb\u9664\u3002<\/p>\n\n\n\n<h3 class=\"wp-block-heading\">\u8207\u96fb\u5b50\u90f5\u4ef6\u901a\u8a0a\u76f8\u95dc\u7684 Cookie<\/h3>\n\n\n\n<p>\u5982\u679c\u7db2\u7ad9\u63d0\u4f9b\u65b0\u805e\u7c21\u8a0a\u6216\u901a\u77e5\u8a3b\u518a\u670d\u52d9\uff0c\u53ef\u80fd\u6703\u4f7f\u7528 cookie \u4f86\u8a18\u4f4f\u4f7f\u7528\u8005\u662f\u5426\u5df2\u8a02\u95b1\u3002<\/p>\n\n\n\n<h3 class=\"wp-block-heading\">\u8207\u8868\u55ae\u76f8\u95dc\u7684 Cookie<\/h3>\n\n\n\n<p>\u7576\u4f7f\u7528\u8005\u900f\u904e\u8868\u55ae\uff08\u4f8b\u5982\u806f\u7d61\u8868\u55ae\u6216\u8a55\u8ad6\uff09\u63d0\u4ea4\u8cc7\u8a0a\u6642\uff0c\u53ef\u80fd\u6703\u4f7f\u7528 Cookie \u4f86\u8a18\u4f4f\u4f7f\u7528\u8005\u6578\u64da\uff0c\u4ee5\u4fbf\u5c07\u4f86\u9032\u884c\u4e92\u52d5\u3002<\/p>\n\n\n\n<h3 class=\"wp-block-heading\">\u7db2\u7ad9\u504f\u597d\u8a2d\u5b9a Cookie<\/h3>\n\n\n\n<p>\u7528\u65bc\u5132\u5b58\u4f7f\u7528\u8005\u504f\u597d\uff0c\u78ba\u4fdd\u500b\u4eba\u5316\u7684\u700f\u89bd\u9ad4\u9a57\u3002<\/p>\n\n\n\n<h2 class=\"wp-block-heading\">\u7b2c\u4e09\u65b9 Cookie<\/h2>\n\n\n\n<p>\u9019 <strong>\u6e96\u6642\u7a7a\u7f3a\u8077\u4f4d<\/strong> \u60a8\u53ef\u80fd\u6703\u4f7f\u7528\u53d7\u4fe1\u4efb\u7684\u7b2c\u4e09\u65b9\u7684 Cookie\uff0c\u5305\u62ec\u4f46\u4e0d\u9650\u65bc\uff1a<\/p>\n\n\n\n<h3 class=\"wp-block-heading\">Google Analytics<\/h3>\n\n\n\n<p>\u6211\u5011\u4f7f\u7528 Google Analytics \u4f86\u4e86\u89e3\u4f7f\u7528\u8005\u5982\u4f55\u4f7f\u7528\u672c\u7db2\u7ad9\uff0c\u4e26\u6539\u5584\u700f\u89bd\u9ad4\u9a57\u3002\u9019\u4e9b Cookie \u53ef\u80fd\u6703\u8ffd\u8e64\u8af8\u5982\u9020\u8a2a\u9801\u9762\u548c\u5728\u7db2\u7ad9\u4e0a\u505c\u7559\u6642\u9593\u7b49\u8cc7\u8a0a\u3002<\/p>\n\n\n\n<p>\u66f4\u591a\u8cc7\u8a0a\u8acb\u53c3\u95b1\u8c37\u6b4c\u5206\u6790\u5b98\u65b9\u653f\u7b56\u3002<\/p>\n\n\n\n<h3 class=\"wp-block-heading\">\u5ee3\u544a\u548c\u7372\u5229<\/h3>\n\n\n\n<p>\u6211\u5011\u53ef\u80fd\u6703\u4f7f\u7528\u5ee3\u544a\u670d\u52d9\uff08\u4f8b\u5982 Google AdSense\uff09\uff0c\u9019\u4e9b\u670d\u52d9\u6703\u4f7f\u7528 Cookie\uff0c\u6839\u64da\u4f7f\u7528\u8005\u5148\u524d\u9020\u8a2a\u672c\u7db2\u7ad9\u6216\u5176\u4ed6\u7db2\u7ad9\u7684\u60c5\u6cc1\uff0c\u5411\u4f7f\u7528\u8005\u986f\u793a\u8207\u5176\u76f8\u95dc\u7684\u5ee3\u544a\u3002<\/p>\n\n\n\n<h2 class=\"wp-block-heading\">\u7528\u6236\u627f\u8afe<\/h2>\n\n\n\n<p>\u4f7f\u7528\u8005\u540c\u610f\u5408\u7406\u4f7f\u7528\u7531\u2026\u63d0\u4f9b\u7684\u5167\u5bb9\u548c\u8cc7\u8a0a\u3002 <strong>\u6e96\u6642\u7a7a\u7f3a\u8077\u4f4d<\/strong>\u627f\u8afe\uff1a<\/p>\n\n\n\n<p>A) \u4e0d\u5f97\u5f9e\u4e8b\u975e\u6cd5\u6d3b\u52d5\u6216\u9055\u53cd\u8aa0\u4fe1\u548c\u516c\u5171\u79e9\u5e8f\u7684\u6d3b\u52d5\uff1b<br>B) \u4e0d\u5f97\u6563\u64ad\u7a2e\u65cf\u4e3b\u7fa9\u3001\u4ec7\u5916\u3001\u6b67\u8996\u6027\u3001\u975e\u6cd5\u6027\u8cea\u7684\u5167\u5bb9\uff0c\u6216\u5ba3\u63da\u6050\u6016\u4e3b\u7fa9\u6216\u4fb5\u5bb3\u4eba\u6b0a\u7684\u5167\u5bb9\uff1b<br>C) \u4e0d\u5f97\u5c0d\u7269\u7406\u6216\u908f\u8f2f\u7cfb\u7d71\u9020\u6210\u640d\u5bb3 <strong>\u6e96\u6642\u7a7a\u7f3a\u8077\u4f4d<\/strong>\u4e0d\u5f97\u5f9e\u5176\u4f9b\u61c9\u5546\u6216\u7b2c\u4e09\u65b9\u53d6\u5f97\u75c5\u6bd2\u6216\u5176\u4ed6\u53ef\u80fd\u9020\u6210\u640d\u5bb3\u7684\u7cfb\u7d71\u3002<\/p>\n\n\n\n<h2 class=\"wp-block-heading\">\u66f4\u591a\u8cc7\u8a0a<\/h2>\n\n\n\n<p>\u6211\u5011\u5e0c\u671b\u9019\u9805\u653f\u7b56\u6e05\u6670\u660e\u4e86\u3002\u5982\u679c\u60a8\u5c0d\u4f7f\u7528 Cookie \u6216\u500b\u4eba\u8cc7\u6599\u6709\u4efb\u4f55\u7591\u554f\uff0c\u901a\u5e38\u60c5\u6cc1\u4e0b\uff0c\u70ba\u4e86\u78ba\u4fdd\u7db2\u7ad9\u529f\u80fd\u7684\u6b63\u5e38\u904b\u884c\uff0c\u555f\u7528 Cookie \u6703\u66f4\u70ba\u5b89\u5168\u3002<\/p>\n\n\n\n<p>\u5982\u6709\u4efb\u4f55\u7591\u554f\uff0c\u8acb\u8207\u6211\u5011\u806f\u7d61\u3002<\/p>","protected":false},"excerpt":{"rendered":"<p>A sua privacidade \u00e9 importante para n\u00f3s. \u00c9 pol\u00edtica do Pontual Vagas respeitar a sua privacidade em rela\u00e7\u00e3o a qualquer informa\u00e7\u00e3o sua que possamos coletar no site Pontual Vagas, bem como em outros sites que possu\u00edmos e operamos. Solicitamos informa\u00e7\u00f5es pessoais apenas quando realmente precisamos delas para fornecer um servi\u00e7o ao usu\u00e1rio. Fazemos isso por [&hellip;]<\/p>","protected":false},"author":1,"featured_media":0,"parent":0,"menu_order":0,"comment_status":"closed","ping_status":"closed","template":"","meta":{"footnotes":""},"class_list":["post-120","page","type-page","status-publish"],"_links":{"self":[{"href":"https:\/\/pontualvagas.com.br\/zh\/wp-json\/wp\/v2\/pages\/120","targetHints":{"allow":["GET"]}}],"collection":[{"href":"https:\/\/pontualvagas.com.br\/zh\/wp-json\/wp\/v2\/pages"}],"about":[{"href":"https:\/\/pontualvagas.com.br\/zh\/wp-json\/wp\/v2\/types\/page"}],"author":[{"embeddable":true,"href":"https:\/\/pontualvagas.com.br\/zh\/wp-json\/wp\/v2\/users\/1"}],"replies":[{"embeddable":true,"href":"https:\/\/pontualvagas.com.br\/zh\/wp-json\/wp\/v2\/comments?post=120"}],"version-history":[{"count":1,"href":"https:\/\/pontualvagas.com.br\/zh\/wp-json\/wp\/v2\/pages\/120\/revisions"}],"predecessor-version":[{"id":121,"href":"https:\/\/pontualvagas.com.br\/zh\/wp-json\/wp\/v2\/pages\/120\/revisions\/121"}],"wp:attachment":[{"href":"https:\/\/pontualvagas.com.br\/zh\/wp-json\/wp\/v2\/media?parent=120"}],"curies":[{"name":"wp","href":"https:\/\/api.w.org\/{rel}","templated":true}]}}