{"id":122,"date":"2026-01-18T08:35:26","date_gmt":"2026-01-18T08:35:26","guid":{"rendered":"https:\/\/pontualvagas.com.br\/?page_id=122"},"modified":"2026-01-18T08:35:27","modified_gmt":"2026-01-18T08:35:27","slug":"dieu-khoan-su-dung","status":"publish","type":"page","link":"https:\/\/pontualvagas.com.br\/vi\/dieu-khoan-su-dung\/","title":{"rendered":"\u0110i\u1ec1u kho\u1ea3n s\u1eed d\u1ee5ng"},"content":{"rendered":"<p>B\u1eb1ng c\u00e1ch truy c\u1eadp v\u00e0 s\u1eed d\u1ee5ng trang web <strong>V\u1ecb tr\u00ed tuy\u1ec3n d\u1ee5ng \u0111\u00fang gi\u1edd<\/strong>B\u1eb1ng c\u00e1ch \u0111\u00f3, b\u1ea1n \u0111\u1ed3ng \u00fd tu\u00e2n th\u1ee7 v\u00e0 ch\u1ecbu r\u00e0ng bu\u1ed9c b\u1edfi c\u00e1c \u0111i\u1ec1u kho\u1ea3n n\u00e0y. <strong>\u0110i\u1ec1u kho\u1ea3n s\u1eed d\u1ee5ng<\/strong>c\u00f9ng v\u1edbi ch\u00fang t\u00f4i <strong>Ch\u00ednh s\u00e1ch b\u1ea3o m\u1eadt<\/strong>, \u0111i\u1ec1u ch\u1ec9nh m\u1ed1i quan h\u1ec7 gi\u1eefa <strong>V\u1ecb tr\u00ed tuy\u1ec3n d\u1ee5ng \u0111\u00fang gi\u1edd<\/strong> v\u00e0 ng\u01b0\u1eddi d\u00f9ng.<\/p>\n\n\n\n<p>N\u1ebfu b\u1ea1n kh\u00f4ng \u0111\u1ed3ng \u00fd v\u1edbi b\u1ea5t k\u1ef3 ph\u1ea7n n\u00e0o c\u1ee7a c\u00e1c \u0111i\u1ec1u kho\u1ea3n n\u00e0y, ch\u00fang t\u00f4i khuy\u00ean b\u1ea1n n\u00ean... <strong>\u0110\u1eebng s\u1eed d\u1ee5ng trang web n\u00e0y<\/strong>.<\/p>\n\n\n\n<h3 class=\"wp-block-heading\">Vi\u1ec7c s\u1eed d\u1ee5ng trang web<\/h3>\n\n\n\n<p>N\u1ed9i dung \u0111\u01b0\u1ee3c cung c\u1ea5p trong <strong>V\u1ecb tr\u00ed tuy\u1ec3n d\u1ee5ng \u0111\u00fang gi\u1edd<\/strong> c\u00f3 m\u1ee5c \u0111\u00edch <strong>Ch\u1ec9 mang t\u00ednh ch\u1ea5t th\u00f4ng tin.<\/strong>M\u1ee5c \u0111\u00edch c\u1ee7a trang web n\u00e0y l\u00e0 gi\u1edbi thi\u1ec7u c\u00e1c \u1ee9ng d\u1ee5ng, d\u1ecbch v\u1ee5 k\u1ef9 thu\u1eadt s\u1ed1, m\u1eb9o v\u00e0 n\u1ed9i dung li\u00ean quan \u0111\u1ebfn c\u01a1 h\u1ed9i, n\u0103ng su\u1ea5t v\u00e0 gi\u1ea3i ph\u00e1p s\u1eed d\u1ee5ng tr\u00ean thi\u1ebft b\u1ecb di \u0111\u1ed9ng.<\/p>\n\n\n\n<p>Th\u00f4ng tin tr\u00ean trang web n\u00e0y c\u00f3 th\u1ec3 thay \u0111\u1ed5i. <strong>C\u00f3 th\u1ec3 thay \u0111\u1ed5i, c\u1eadp nh\u1eadt ho\u1eb7c x\u00f3a b\u1ecf b\u1ea5t c\u1ee9 \u0111i\u1ec1u g\u00ec m\u00e0 kh\u00f4ng c\u1ea7n b\u00e1o tr\u01b0\u1edbc.<\/strong>.<\/p>\n\n\n\n<h3 class=\"wp-block-heading\">T\u1eeb ch\u1ed1i b\u1ea3o h\u00e0nh<\/h3>\n\n\n\n<p>C\u1ea3 hai <strong>V\u1ecb tr\u00ed tuy\u1ec3n d\u1ee5ng \u0111\u00fang gi\u1edd<\/strong>Ch\u00fang t\u00f4i, c\u0169ng nh\u01b0 c\u00e1c b\u00ean th\u1ee9 ba, kh\u00f4ng \u0111\u01b0a ra b\u1ea5t k\u1ef3 \u0111\u1ea3m b\u1ea3o n\u00e0o v\u1ec1 t\u00ednh ch\u00ednh x\u00e1c, k\u1ecbp th\u1eddi, hi\u1ec7u su\u1ea5t, \u0111\u1ea7y \u0111\u1ee7 ho\u1eb7c ph\u00f9 h\u1ee3p c\u1ee7a th\u00f4ng tin, \u1ee9ng d\u1ee5ng ho\u1eb7c t\u00e0i li\u1ec7u \u0111\u01b0\u1ee3c tr\u00ecnh b\u00e0y tr\u00ean trang web cho b\u1ea5t k\u1ef3 m\u1ee5c \u0111\u00edch c\u1ee5 th\u1ec3 n\u00e0o.<\/p>\n\n\n\n<p>Vi\u1ec7c s\u1eed d\u1ee5ng b\u1ea5t k\u1ef3 th\u00f4ng tin, n\u1ed9i dung, \u1ee9ng d\u1ee5ng ho\u1eb7c t\u00e0i li\u1ec7u n\u00e0o \u0111\u01b0\u1ee3c cung c\u1ea5p tr\u00ean trang web \u0111\u1ec1u thu\u1ed9c tr\u00e1ch nhi\u1ec7m c\u1ee7a b\u1ea1n. <strong>ng\u01b0\u1eddi d\u00f9ng ch\u1ecbu ho\u00e0n to\u00e0n tr\u00e1ch nhi\u1ec7m<\/strong>v\u00e0 ch\u1ecbu m\u1ecdi r\u1ee7i ro ph\u00e1t sinh t\u1eeb vi\u1ec7c s\u1eed d\u1ee5ng n\u00e0y.<\/p>\n\n\n\n<h3 class=\"wp-block-heading\">Li\u00ean k\u1ebft \u0111\u1ebfn c\u00e1c trang web v\u00e0 \u1ee9ng d\u1ee5ng c\u1ee7a b\u00ean th\u1ee9 ba<\/h3>\n\n\n\n<p>C\u00c1I <strong>V\u1ecb tr\u00ed tuy\u1ec3n d\u1ee5ng \u0111\u00fang gi\u1edd<\/strong> C\u00f3 th\u1ec3 ch\u1ee9a c\u00e1c li\u00ean k\u1ebft \u0111\u1ebfn c\u00e1c trang web, n\u1ec1n t\u1ea3ng ho\u1eb7c \u1ee9ng d\u1ee5ng c\u1ee7a b\u00ean th\u1ee9 ba. C\u00e1c li\u00ean k\u1ebft n\u00e0y ch\u1ec9 \u0111\u01b0\u1ee3c cung c\u1ea5p nh\u1eb1m m\u1ee5c \u0111\u00edch thu\u1eadn ti\u1ec7n cho ng\u01b0\u1eddi d\u00f9ng v\u00e0 cung c\u1ea5p th\u00eam th\u00f4ng tin.<\/p>\n\n\n\n<p>Ch\u00fang t\u00f4i kh\u00f4ng ki\u1ec3m so\u00e1t \u0111\u01b0\u1ee3c n\u1ed9i dung, ch\u00ednh s\u00e1ch ho\u1eb7c ho\u1ea1t \u0111\u1ed9ng c\u1ee7a c\u00e1c trang web v\u00e0 \u1ee9ng d\u1ee5ng b\u00ean ngo\u00e0i n\u00e0y, v\u00e0 kh\u00f4ng ch\u1ecbu tr\u00e1ch nhi\u1ec7m \u0111\u1ed1i v\u1edbi b\u1ea5t k\u1ef3 thi\u1ec7t h\u1ea1i, t\u1ed5n th\u1ea5t ho\u1eb7c v\u1ea5n \u0111\u1ec1 n\u00e0o ph\u00e1t sinh t\u1eeb vi\u1ec7c s\u1eed d\u1ee5ng ch\u00fang.<\/p>\n\n\n\n<h3 class=\"wp-block-heading\">Tr\u00e1ch nhi\u1ec7m c\u1ee7a ng\u01b0\u1eddi d\u00f9ng<\/h3>\n\n\n\n<p>B\u1eb1ng c\u00e1ch s\u1eed d\u1ee5ng trang web n\u00e0y, ng\u01b0\u1eddi d\u00f9ng \u0111\u1ed3ng \u00fd v\u1edbi:<\/p>\n\n\n\n<ul class=\"wp-block-list\">\n<li>H\u00e3y s\u1eed d\u1ee5ng n\u1ed9i dung m\u1ed9t c\u00e1ch h\u1ee3p ph\u00e1p v\u00e0 c\u00f3 \u0111\u1ea1o \u0111\u1ee9c;<\/li>\n\n\n\n<li>Kh\u00f4ng tham gia v\u00e0o c\u00e1c ho\u1ea1t \u0111\u1ed9ng b\u1ea5t h\u1ee3p ph\u00e1p ho\u1eb7c gian l\u1eadn, ho\u1eb7c c\u00e1c ho\u1ea1t \u0111\u1ed9ng vi ph\u1ea1m ph\u00e1p lu\u1eadt hi\u1ec7n h\u00e0nh;<\/li>\n\n\n\n<li>Kh\u00f4ng \u0111\u01b0\u1ee3c c\u1ed1 \u00fd l\u00e0m h\u01b0 h\u1ea1i, qu\u00e1 t\u1ea3i ho\u1eb7c can thi\u1ec7p v\u00e0o ho\u1ea1t \u0111\u1ed9ng c\u1ee7a trang web ho\u1eb7c h\u1ec7 th\u1ed1ng c\u1ee7a n\u00f3.<\/li>\n<\/ul>\n\n\n\n<h3 class=\"wp-block-heading\">S\u1edf h\u1eefu tr\u00ed tu\u1ec7<\/h3>\n\n\n\n<p>T\u1ea5t c\u1ea3 n\u1ed9i dung c\u00f3 trong <strong>V\u1ecb tr\u00ed tuy\u1ec3n d\u1ee5ng \u0111\u00fang gi\u1edd<\/strong>T\u1ea5t c\u1ea3 n\u1ed9i dung, bao g\u1ed3m v\u0103n b\u1ea3n, nh\u00e3n hi\u1ec7u, logo, h\u00ecnh \u1ea3nh v\u00e0 b\u1ed1 c\u1ee5c, \u0111\u1ec1u \u0111\u01b0\u1ee3c b\u1ea3o v\u1ec7 b\u1edfi b\u1ea3n quy\u1ec1n v\u00e0 quy\u1ec1n s\u1edf h\u1eefu tr\u00ed tu\u1ec7. Nghi\u00eam c\u1ea5m sao ch\u00e9p to\u00e0n b\u1ed9 ho\u1eb7c m\u1ed9t ph\u1ea7n m\u00e0 kh\u00f4ng c\u00f3 s\u1ef1 cho ph\u00e9p tr\u01b0\u1edbc, tr\u1eeb tr\u01b0\u1eddng h\u1ee3p \u0111\u01b0\u1ee3c ph\u00e1p lu\u1eadt cho ph\u00e9p.<\/p>\n\n\n\n<h3 class=\"wp-block-heading\">Thay \u0111\u1ed5i v\u1ec1 \u0111i\u1ec1u kho\u1ea3n<\/h3>\n\n\n\n<p>C\u00c1I <strong>V\u1ecb tr\u00ed tuy\u1ec3n d\u1ee5ng \u0111\u00fang gi\u1edd<\/strong> c\u00f3 quy\u1ec1n <strong>C\u00e1c \u0110i\u1ec1u kho\u1ea3n S\u1eed d\u1ee5ng n\u00e0y c\u00f3 th\u1ec3 \u0111\u01b0\u1ee3c s\u1eeda \u0111\u1ed5i b\u1ea5t c\u1ee9 l\u00fac n\u00e0o.<\/strong>m\u00e0 kh\u00f4ng c\u1ea7n th\u00f4ng b\u00e1o tr\u01b0\u1edbc. Vi\u1ec7c ti\u1ebfp t\u1ee5c s\u1eed d\u1ee5ng trang web sau khi c\u00f3 thay \u0111\u1ed5i \u0111\u1ed3ng ngh\u0129a v\u1edbi vi\u1ec7c b\u1ea1n t\u1ef1 \u0111\u1ed9ng ch\u1ea5p nh\u1eadn c\u00e1c \u0111i\u1ec1u kho\u1ea3n m\u1edbi.<\/p>\n\n\n\n<h3 class=\"wp-block-heading\">Ch\u1ea5p nh\u1eadn c\u00e1c \u0111i\u1ec1u kho\u1ea3n<\/h3>\n\n\n\n<p>B\u1eb1ng c\u00e1ch ti\u1ebfp t\u1ee5c duy\u1ec7t trang web <strong>V\u1ecb tr\u00ed tuy\u1ec3n d\u1ee5ng \u0111\u00fang gi\u1edd<\/strong>B\u1eb1ng c\u00e1ch n\u00e0y, ng\u01b0\u1eddi d\u00f9ng tuy\u00ean b\u1ed1 r\u1eb1ng h\u1ecd \u0111\u00e3 \u0111\u1ecdc, hi\u1ec3u v\u00e0 ho\u00e0n to\u00e0n \u0111\u1ed3ng \u00fd v\u1edbi c\u00e1c \u0110i\u1ec1u kho\u1ea3n s\u1eed d\u1ee5ng n\u00e0y.<\/p>","protected":false},"excerpt":{"rendered":"<p>Ao acessar e utilizar o site Pontual Vagas, voc\u00ea concorda em cumprir e ficar vinculado aos presentes Termos de Uso, juntamente com a nossa Pol\u00edtica de Privacidade, que regulam o relacionamento entre o Pontual Vagas e o usu\u00e1rio. Caso voc\u00ea n\u00e3o concorde com qualquer parte destes termos, recomendamos que n\u00e3o utilize este site. Uso do [&hellip;]<\/p>","protected":false},"author":1,"featured_media":0,"parent":0,"menu_order":0,"comment_status":"closed","ping_status":"closed","template":"","meta":{"footnotes":""},"class_list":["post-122","page","type-page","status-publish"],"_links":{"self":[{"href":"https:\/\/pontualvagas.com.br\/vi\/wp-json\/wp\/v2\/pages\/122","targetHints":{"allow":["GET"]}}],"collection":[{"href":"https:\/\/pontualvagas.com.br\/vi\/wp-json\/wp\/v2\/pages"}],"about":[{"href":"https:\/\/pontualvagas.com.br\/vi\/wp-json\/wp\/v2\/types\/page"}],"author":[{"embeddable":true,"href":"https:\/\/pontualvagas.com.br\/vi\/wp-json\/wp\/v2\/users\/1"}],"replies":[{"embeddable":true,"href":"https:\/\/pontualvagas.com.br\/vi\/wp-json\/wp\/v2\/comments?post=122"}],"version-history":[{"count":1,"href":"https:\/\/pontualvagas.com.br\/vi\/wp-json\/wp\/v2\/pages\/122\/revisions"}],"predecessor-version":[{"id":123,"href":"https:\/\/pontualvagas.com.br\/vi\/wp-json\/wp\/v2\/pages\/122\/revisions\/123"}],"wp:attachment":[{"href":"https:\/\/pontualvagas.com.br\/vi\/wp-json\/wp\/v2\/media?parent=122"}],"curies":[{"name":"wp","href":"https:\/\/api.w.org\/{rel}","templated":true}]}}