{"id":120,"date":"2026-01-18T08:33:27","date_gmt":"2026-01-18T08:33:27","guid":{"rendered":"https:\/\/pontualvagas.com.br\/?page_id=120"},"modified":"2026-01-18T08:33:28","modified_gmt":"2026-01-18T08:33:28","slug":"chinh-sach-bao-mat","status":"publish","type":"page","link":"https:\/\/pontualvagas.com.br\/vi\/chinh-sach-bao-mat\/","title":{"rendered":"Ch\u00ednh s\u00e1ch b\u1ea3o m\u1eadt"},"content":{"rendered":"<p>Quy\u1ec1n ri\u00eang t\u01b0 c\u1ee7a b\u1ea1n r\u1ea5t quan tr\u1ecdng \u0111\u1ed1i v\u1edbi ch\u00fang t\u00f4i. \u0110\u00f3 l\u00e0 ch\u00ednh s\u00e1ch c\u1ee7a ch\u00fang t\u00f4i. <strong>V\u1ecb tr\u00ed tuy\u1ec3n d\u1ee5ng \u0111\u00fang gi\u1edd<\/strong> Ch\u00fang t\u00f4i s\u1ebd t\u00f4n tr\u1ecdng quy\u1ec1n ri\u00eang t\u01b0 c\u1ee7a b\u1ea1n \u0111\u1ed1i v\u1edbi b\u1ea5t k\u1ef3 th\u00f4ng tin n\u00e0o ch\u00fang t\u00f4i thu th\u1eadp t\u1eeb b\u1ea1n tr\u00ean trang web. <strong>V\u1ecb tr\u00ed tuy\u1ec3n d\u1ee5ng \u0111\u00fang gi\u1edd<\/strong>c\u0169ng nh\u01b0 tr\u00ean c\u00e1c trang web kh\u00e1c m\u00e0 ch\u00fang t\u00f4i s\u1edf h\u1eefu v\u00e0 v\u1eadn h\u00e0nh.<\/p>\n\n\n\n<p>Ch\u00fang t\u00f4i ch\u1ec9 y\u00eau c\u1ea7u th\u00f4ng tin c\u00e1 nh\u00e2n khi th\u1ef1c s\u1ef1 c\u1ea7n thi\u1ebft \u0111\u1ec3 cung c\u1ea5p d\u1ecbch v\u1ee5 cho ng\u01b0\u1eddi d\u00f9ng. Ch\u00fang t\u00f4i th\u1ef1c hi\u1ec7n vi\u1ec7c n\u00e0y m\u1ed9t c\u00e1ch c\u00f4ng b\u1eb1ng v\u00e0 h\u1ee3p ph\u00e1p, v\u1edbi s\u1ef1 hi\u1ec3u bi\u1ebft v\u00e0 \u0111\u1ed3ng \u00fd c\u1ee7a b\u1ea1n. Ch\u00fang t\u00f4i c\u0169ng s\u1ebd th\u00f4ng b\u00e1o cho b\u1ea1n l\u00fd do thu th\u1eadp th\u00f4ng tin n\u00e0y v\u00e0 c\u00e1ch th\u1ee9c s\u1eed d\u1ee5ng th\u00f4ng tin \u0111\u00f3.<\/p>\n\n\n\n<p>Ch\u00fang t\u00f4i ch\u1ec9 l\u01b0u gi\u1eef th\u00f4ng tin \u0111\u00e3 thu th\u1eadp trong th\u1eddi gian c\u1ea7n thi\u1ebft \u0111\u1ec3 cung c\u1ea5p d\u1ecbch v\u1ee5 \u0111\u01b0\u1ee3c y\u00eau c\u1ea7u. Khi l\u01b0u tr\u1eef d\u1eef li\u1ec7u, ch\u00fang t\u00f4i s\u1eed d\u1ee5ng c\u00e1c bi\u1ec7n ph\u00e1p \u0111\u01b0\u1ee3c ch\u1ea5p nh\u1eadn r\u1ed9ng r\u00e3i trong th\u01b0\u01a1ng m\u1ea1i \u0111\u1ec3 b\u1ea3o v\u1ec7 d\u1eef li\u1ec7u kh\u1ecfi b\u1ecb m\u1ea5t m\u00e1t, \u0111\u00e1nh c\u1eafp, truy c\u1eadp tr\u00e1i ph\u00e9p, ti\u1ebft l\u1ed9, sao ch\u00e9p, l\u1ea1m d\u1ee5ng ho\u1eb7c s\u1eeda \u0111\u1ed5i.<\/p>\n\n\n\n<p>Ch\u00fang t\u00f4i kh\u00f4ng chia s\u1ebb th\u00f4ng tin nh\u1eadn d\u1ea1ng c\u00e1 nh\u00e2n c\u00f4ng khai ho\u1eb7c v\u1edbi b\u00ean th\u1ee9 ba, tr\u1eeb tr\u01b0\u1eddng h\u1ee3p ph\u00e1p lu\u1eadt y\u00eau c\u1ea7u.<\/p>\n\n\n\n<p>C\u00c1I <strong>V\u1ecb tr\u00ed tuy\u1ec3n d\u1ee5ng \u0111\u00fang gi\u1edd<\/strong> N\u1ed9i dung n\u00e0y c\u00f3 th\u1ec3 ch\u1ee9a c\u00e1c li\u00ean k\u1ebft \u0111\u1ebfn c\u00e1c trang web, \u1ee9ng d\u1ee5ng ho\u1eb7c d\u1ecbch v\u1ee5 b\u00ean ngo\u00e0i kh\u00f4ng do ch\u00fang t\u00f4i v\u1eadn h\u00e0nh. Xin l\u01b0u \u00fd r\u1eb1ng ch\u00fang t\u00f4i kh\u00f4ng ki\u1ec3m so\u00e1t \u0111\u01b0\u1ee3c n\u1ed9i dung v\u00e0 ho\u1ea1t \u0111\u1ed9ng c\u1ee7a c\u00e1c trang web n\u00e0y v\u00e0 kh\u00f4ng ch\u1ecbu tr\u00e1ch nhi\u1ec7m v\u1ec1 ch\u00ednh s\u00e1ch b\u1ea3o m\u1eadt c\u1ee7a ch\u00fang.<\/p>\n\n\n\n<p>Ng\u01b0\u1eddi d\u00f9ng c\u00f3 quy\u1ec1n t\u1eeb ch\u1ed1i y\u00eau c\u1ea7u cung c\u1ea5p th\u00f4ng tin c\u00e1 nh\u00e2n, hi\u1ec3u r\u1eb1ng vi\u1ec7c n\u00e0y c\u00f3 th\u1ec3 d\u1eabn \u0111\u1ebfn vi\u1ec7c kh\u00f4ng th\u1ec3 cung c\u1ea5p m\u1ed9t s\u1ed1 d\u1ecbch v\u1ee5 mong mu\u1ed1n.<\/p>\n\n\n\n<p>Ti\u1ebfp t\u1ee5c s\u1eed d\u1ee5ng trang web <strong>V\u1ecb tr\u00ed tuy\u1ec3n d\u1ee5ng \u0111\u00fang gi\u1edd<\/strong> Ph\u1ea3n h\u1ed3i c\u1ee7a b\u1ea1n s\u1ebd \u0111\u01b0\u1ee3c xem l\u00e0 s\u1ef1 ch\u1ea5p nh\u1eadn c\u00e1c quy \u0111\u1ecbnh c\u1ee7a ch\u00fang t\u00f4i v\u1ec1 quy\u1ec1n ri\u00eang t\u01b0 v\u00e0 vi\u1ec7c s\u1eed d\u1ee5ng th\u00f4ng tin c\u00e1 nh\u00e2n. N\u1ebfu b\u1ea1n c\u00f3 b\u1ea5t k\u1ef3 c\u00e2u h\u1ecfi n\u00e0o v\u1ec1 c\u00e1ch ch\u00fang t\u00f4i x\u1eed l\u00fd d\u1eef li\u1ec7u ng\u01b0\u1eddi d\u00f9ng, vui l\u00f2ng li\u00ean h\u1ec7 v\u1edbi ch\u00fang t\u00f4i qua trang li\u00ean h\u1ec7.<\/p>\n\n\n\n<h2 class=\"wp-block-heading\">Ch\u00ednh s\u00e1ch Cookie c\u1ee7a Pontual Vagas<\/h2>\n\n\n\n<h3 class=\"wp-block-heading\">Cookie l\u00e0 g\u00ec?<\/h3>\n\n\n\n<p>Nh\u01b0 th\u00f4ng l\u1ec7 ph\u1ed5 bi\u1ebfn tr\u00ean h\u1ea7u h\u1ebft c\u00e1c trang web chuy\u00ean nghi\u1ec7p, trang web n\u00e0y s\u1eed d\u1ee5ng cookie, l\u00e0 nh\u1eefng t\u1ec7p nh\u1ecf \u0111\u01b0\u1ee3c l\u01b0u tr\u1eef tr\u00ean thi\u1ebft b\u1ecb c\u1ee7a b\u1ea1n, nh\u1eb1m m\u1ee5c \u0111\u00edch c\u1ea3i thi\u1ec7n tr\u1ea3i nghi\u1ec7m duy\u1ec7t web c\u1ee7a b\u1ea1n.<\/p>\n\n\n\n<p>Ph\u1ea7n n\u00e0y gi\u1ea3i th\u00edch th\u00f4ng tin m\u00e0 cookie thu th\u1eadp, c\u00e1ch ch\u00fang t\u00f4i s\u1eed d\u1ee5ng th\u00f4ng tin \u0111\u00f3 v\u00e0 l\u00fd do t\u1ea1i sao trong m\u1ed9t s\u1ed1 tr\u01b0\u1eddng h\u1ee3p, ch\u00fang t\u00f4i c\u1ea7n l\u01b0u tr\u1eef ch\u00fang.<\/p>\n\n\n\n<h3 class=\"wp-block-heading\">Ch\u00fang t\u00f4i s\u1eed d\u1ee5ng cookie nh\u01b0 th\u1ebf n\u00e0o?<\/h3>\n\n\n\n<p>Ch\u00fang t\u00f4i s\u1eed d\u1ee5ng cookie v\u00ec nhi\u1ec1u l\u00fd do, bao g\u1ed3m:<\/p>\n\n\n\n<ul class=\"wp-block-list\">\n<li>\u0110\u1ec3 \u0111\u1ea3m b\u1ea3o trang web ho\u1ea1t \u0111\u1ed9ng b\u00ecnh th\u01b0\u1eddng;<\/li>\n\n\n\n<li>C\u1ea3i thi\u1ec7n tr\u1ea3i nghi\u1ec7m ng\u01b0\u1eddi d\u00f9ng;<\/li>\n\n\n\n<li>Ph\u00e2n t\u00edch h\u00e0nh vi duy\u1ec7t web;<\/li>\n\n\n\n<li>Hi\u1ec3n th\u1ecb n\u1ed9i dung v\u00e0 qu\u1ea3ng c\u00e1o ph\u00f9 h\u1ee3p h\u01a1n.<\/li>\n<\/ul>\n\n\n\n<p>Trong h\u1ea7u h\u1ebft c\u00e1c tr\u01b0\u1eddng h\u1ee3p, kh\u00f4ng c\u00f3 t\u00f9y ch\u1ecdn ti\u00eau chu\u1ea9n n\u00e0o trong ng\u00e0nh \u0111\u1ec3 v\u00f4 hi\u1ec7u h\u00f3a cookie m\u00e0 kh\u00f4ng \u1ea3nh h\u01b0\u1edfng \u0111\u1ebfn ch\u1ee9c n\u0103ng thi\u1ebft y\u1ebfu c\u1ee7a trang web. B\u1ea1n n\u00ean gi\u1eef cookie \u0111\u01b0\u1ee3c b\u1eadt n\u1ebfu kh\u00f4ng ch\u1eafc ch\u1eafn m\u00ecnh c\u00f3 c\u1ea7n ch\u00fang hay kh\u00f4ng.<\/p>\n\n\n\n<h3 class=\"wp-block-heading\">V\u00f4 hi\u1ec7u h\u00f3a cookie<\/h3>\n\n\n\n<p>B\u1ea1n c\u00f3 th\u1ec3 ng\u0103n ch\u1eb7n vi\u1ec7c thi\u1ebft l\u1eadp cookie b\u1eb1ng c\u00e1ch \u0111i\u1ec1u ch\u1ec9nh c\u00e0i \u0111\u1eb7t tr\u00ean tr\u00ecnh duy\u1ec7t c\u1ee7a m\u00ecnh. Tuy nhi\u00ean, h\u00e3y l\u01b0u \u00fd r\u1eb1ng vi\u1ec7c v\u00f4 hi\u1ec7u h\u00f3a cookie c\u00f3 th\u1ec3 \u1ea3nh h\u01b0\u1edfng \u0111\u1ebfn ch\u1ee9c n\u0103ng c\u1ee7a trang web n\u00e0y v\u00e0 c\u00e1c trang web kh\u00e1c m\u00e0 b\u1ea1n truy c\u1eadp.<\/p>\n\n\n\n<h2 class=\"wp-block-heading\">Cookie m\u00e0 ch\u00fang t\u00f4i thi\u1ebft l\u1eadp<\/h2>\n\n\n\n<h3 class=\"wp-block-heading\">Cookie li\u00ean quan \u0111\u1ebfn t\u00e0i kho\u1ea3n<\/h3>\n\n\n\n<p>N\u1ebfu ng\u01b0\u1eddi d\u00f9ng t\u1ea1o t\u00e0i kho\u1ea3n (n\u1ebfu c\u00f3), ch\u00fang t\u00f4i s\u1eed d\u1ee5ng cookie \u0111\u1ec3 qu\u1ea3n l\u00fd qu\u00e1 tr\u00ecnh \u0111\u0103ng k\u00fd v\u00e0 qu\u1ea3n tr\u1ecb chung. C\u00e1c cookie n\u00e0y th\u01b0\u1eddng s\u1ebd b\u1ecb x\u00f3a khi t\u00e0i kho\u1ea3n \u0111\u01b0\u1ee3c \u0111\u0103ng xu\u1ea5t.<\/p>\n\n\n\n<h3 class=\"wp-block-heading\">Cookie li\u00ean quan \u0111\u1ebfn \u0111\u0103ng nh\u1eadp<\/h3>\n\n\n\n<p>Ch\u00fang \u0111\u01b0\u1ee3c s\u1eed d\u1ee5ng \u0111\u1ec3 nh\u1eafc nh\u1edf ng\u01b0\u1eddi d\u00f9ng r\u1eb1ng h\u1ecd \u0111\u00e3 \u0111\u0103ng nh\u1eadp, tr\u00e1nh vi\u1ec7c ph\u1ea3i \u0111\u0103ng nh\u1eadp nhi\u1ec1u l\u1ea7n tr\u00ean m\u1ed7i trang. Ch\u00fang s\u1ebd bi\u1ebfn m\u1ea5t sau khi \u0111\u0103ng xu\u1ea5t.<\/p>\n\n\n\n<h3 class=\"wp-block-heading\">Cookie li\u00ean quan \u0111\u1ebfn b\u1ea3n tin email<\/h3>\n\n\n\n<p>N\u1ebfu trang web cung c\u1ea5p t\u00f9y ch\u1ecdn \u0111\u0103ng k\u00fd nh\u1eadn b\u1ea3n tin ho\u1eb7c th\u00f4ng b\u00e1o, cookie c\u00f3 th\u1ec3 \u0111\u01b0\u1ee3c s\u1eed d\u1ee5ng \u0111\u1ec3 ghi nh\u1edb xem ng\u01b0\u1eddi d\u00f9ng \u0111\u00e3 \u0111\u0103ng k\u00fd hay ch\u01b0a.<\/p>\n\n\n\n<h3 class=\"wp-block-heading\">Cookie li\u00ean quan \u0111\u1ebfn bi\u1ec3u m\u1eabu<\/h3>\n\n\n\n<p>Khi ng\u01b0\u1eddi d\u00f9ng g\u1eedi th\u00f4ng tin th\u00f4ng qua c\u00e1c bi\u1ec3u m\u1eabu (ch\u1eb3ng h\u1ea1n nh\u01b0 bi\u1ec3u m\u1eabu li\u00ean h\u1ec7 ho\u1eb7c b\u00ecnh lu\u1eadn), cookie c\u00f3 th\u1ec3 \u0111\u01b0\u1ee3c s\u1eed d\u1ee5ng \u0111\u1ec3 ghi nh\u1edb d\u1eef li\u1ec7u ng\u01b0\u1eddi d\u00f9ng cho c\u00e1c t\u01b0\u01a1ng t\u00e1c trong t\u01b0\u01a1ng lai.<\/p>\n\n\n\n<h3 class=\"wp-block-heading\">cookie t\u00f9y ch\u1ecdn trang web<\/h3>\n\n\n\n<p>\u0110\u01b0\u1ee3c s\u1eed d\u1ee5ng \u0111\u1ec3 l\u01b0u tr\u1eef c\u00e1c t\u00f9y ch\u1ecdn c\u1ee7a ng\u01b0\u1eddi d\u00f9ng, \u0111\u1ea3m b\u1ea3o tr\u1ea3i nghi\u1ec7m duy\u1ec7t web \u0111\u01b0\u1ee3c c\u00e1 nh\u00e2n h\u00f3a.<\/p>\n\n\n\n<h2 class=\"wp-block-heading\">Cookie c\u1ee7a b\u00ean th\u1ee9 ba<\/h2>\n\n\n\n<p>C\u00c1I <strong>V\u1ecb tr\u00ed tuy\u1ec3n d\u1ee5ng \u0111\u00fang gi\u1edd<\/strong> B\u1ea1n c\u00f3 th\u1ec3 s\u1eed d\u1ee5ng cookie t\u1eeb c\u00e1c b\u00ean th\u1ee9 ba \u0111\u00e1ng tin c\u1eady, bao g\u1ed3m nh\u01b0ng kh\u00f4ng gi\u1edbi h\u1ea1n \u1edf:<\/p>\n\n\n\n<h3 class=\"wp-block-heading\">Google Analytics<\/h3>\n\n\n\n<p>Ch\u00fang t\u00f4i s\u1eed d\u1ee5ng Google Analytics \u0111\u1ec3 hi\u1ec3u c\u00e1ch ng\u01b0\u1eddi d\u00f9ng s\u1eed d\u1ee5ng trang web v\u00e0 c\u1ea3i thi\u1ec7n tr\u1ea3i nghi\u1ec7m duy\u1ec7t web. C\u00e1c cookie n\u00e0y c\u00f3 th\u1ec3 theo d\u00f5i th\u00f4ng tin nh\u01b0 c\u00e1c trang \u0111\u00e3 truy c\u1eadp v\u00e0 th\u1eddi gian d\u00e0nh tr\u00ean trang web.<\/p>\n\n\n\n<p>\u0110\u1ec3 bi\u1ebft th\u00eam th\u00f4ng tin chi ti\u1ebft, vui l\u00f2ng tham kh\u1ea3o ch\u00ednh s\u00e1ch ch\u00ednh th\u1ee9c c\u1ee7a Google Analytics.<\/p>\n\n\n\n<h3 class=\"wp-block-heading\">Qu\u1ea3ng c\u00e1o v\u00e0 ki\u1ebfm ti\u1ec1n<\/h3>\n\n\n\n<p>Ch\u00fang t\u00f4i c\u00f3 th\u1ec3 s\u1eed d\u1ee5ng c\u00e1c d\u1ecbch v\u1ee5 qu\u1ea3ng c\u00e1o (ch\u1eb3ng h\u1ea1n nh\u01b0 Google AdSense) s\u1eed d\u1ee5ng cookie \u0111\u1ec3 hi\u1ec3n th\u1ecb qu\u1ea3ng c\u00e1o ph\u00f9 h\u1ee3p v\u1edbi ng\u01b0\u1eddi d\u00f9ng d\u1ef1a tr\u00ean c\u00e1c l\u1ea7n truy c\u1eadp tr\u01b0\u1edbc \u0111\u00f3 v\u00e0o trang web n\u00e0y ho\u1eb7c c\u00e1c trang web kh\u00e1c.<\/p>\n\n\n\n<h2 class=\"wp-block-heading\">Cam k\u1ebft c\u1ee7a ng\u01b0\u1eddi d\u00f9ng<\/h2>\n\n\n\n<p>Ng\u01b0\u1eddi d\u00f9ng \u0111\u1ed3ng \u00fd s\u1eed d\u1ee5ng n\u1ed9i dung v\u00e0 th\u00f4ng tin \u0111\u01b0\u1ee3c cung c\u1ea5p m\u1ed9t c\u00e1ch ph\u00f9 h\u1ee3p. <strong>V\u1ecb tr\u00ed tuy\u1ec3n d\u1ee5ng \u0111\u00fang gi\u1edd<\/strong>, cam k\u1ebft:<\/p>\n\n\n\n<p>A) Kh\u00f4ng tham gia v\u00e0o c\u00e1c ho\u1ea1t \u0111\u1ed9ng b\u1ea5t h\u1ee3p ph\u00e1p ho\u1eb7c c\u00e1c ho\u1ea1t \u0111\u1ed9ng tr\u00e1i v\u1edbi thi\u1ec7n ch\u00ed v\u00e0 tr\u1eadt t\u1ef1 c\u00f4ng c\u1ed9ng;<br>B) Kh\u00f4ng \u0111\u01b0\u1ee3c ph\u00e1t t\u00e1n n\u1ed9i dung c\u00f3 t\u00ednh ch\u1ea5t ph\u00e2n bi\u1ec7t ch\u1ee7ng t\u1ed9c, b\u00e0i ngo\u1ea1i, k\u1ef3 th\u1ecb, b\u1ea5t h\u1ee3p ph\u00e1p, ho\u1eb7c c\u1ed5 v\u0169 kh\u1ee7ng b\u1ed1 hay vi ph\u1ea1m nh\u00e2n quy\u1ec1n;<br>C) Kh\u00f4ng g\u00e2y h\u01b0 h\u1ea1i cho c\u00e1c h\u1ec7 th\u1ed1ng v\u1eadt l\u00fd ho\u1eb7c logic c\u1ee7a <strong>V\u1ecb tr\u00ed tuy\u1ec3n d\u1ee5ng \u0111\u00fang gi\u1edd<\/strong>t\u1eeb c\u00e1c nh\u00e0 cung c\u1ea5p ho\u1eb7c b\u00ean th\u1ee9 ba, c\u0169ng nh\u01b0 kh\u00f4ng ph\u00e1t t\u00e1n vi-r\u00fat ho\u1eb7c c\u00e1c h\u1ec7 th\u1ed1ng kh\u00e1c c\u00f3 kh\u1ea3 n\u0103ng g\u00e2y h\u1ea1i.<\/p>\n\n\n\n<h2 class=\"wp-block-heading\">Th\u00f4ng tin th\u00eam<\/h2>\n\n\n\n<p>Ch\u00fang t\u00f4i hy v\u1ecdng ch\u00ednh s\u00e1ch n\u00e0y \u0111\u00e3 r\u00f5 r\u00e0ng. N\u1ebfu b\u1ea1n c\u00f3 b\u1ea5t k\u1ef3 th\u1eafc m\u1eafc n\u00e0o v\u1ec1 vi\u1ec7c s\u1eed d\u1ee5ng cookie ho\u1eb7c d\u1eef li\u1ec7u c\u00e1 nh\u00e2n, nh\u00ecn chung an to\u00e0n h\u01a1n l\u00e0 gi\u1eef cho cookie \u0111\u01b0\u1ee3c b\u1eadt \u0111\u1ec3 \u0111\u1ea3m b\u1ea3o c\u00e1c t\u00ednh n\u0103ng c\u1ee7a trang web ho\u1ea1t \u0111\u1ed9ng b\u00ecnh th\u01b0\u1eddng.<\/p>\n\n\n\n<p>N\u1ebfu b\u1ea1n c\u00f3 b\u1ea5t k\u1ef3 th\u1eafc m\u1eafc n\u00e0o, vui l\u00f2ng li\u00ean h\u1ec7 v\u1edbi ch\u00fang t\u00f4i.<\/p>","protected":false},"excerpt":{"rendered":"<p>A sua privacidade \u00e9 importante para n\u00f3s. \u00c9 pol\u00edtica do Pontual Vagas respeitar a sua privacidade em rela\u00e7\u00e3o a qualquer informa\u00e7\u00e3o sua que possamos coletar no site Pontual Vagas, bem como em outros sites que possu\u00edmos e operamos. Solicitamos informa\u00e7\u00f5es pessoais apenas quando realmente precisamos delas para fornecer um servi\u00e7o ao usu\u00e1rio. Fazemos isso por [&hellip;]<\/p>","protected":false},"author":1,"featured_media":0,"parent":0,"menu_order":0,"comment_status":"closed","ping_status":"closed","template":"","meta":{"footnotes":""},"class_list":["post-120","page","type-page","status-publish"],"_links":{"self":[{"href":"https:\/\/pontualvagas.com.br\/vi\/wp-json\/wp\/v2\/pages\/120","targetHints":{"allow":["GET"]}}],"collection":[{"href":"https:\/\/pontualvagas.com.br\/vi\/wp-json\/wp\/v2\/pages"}],"about":[{"href":"https:\/\/pontualvagas.com.br\/vi\/wp-json\/wp\/v2\/types\/page"}],"author":[{"embeddable":true,"href":"https:\/\/pontualvagas.com.br\/vi\/wp-json\/wp\/v2\/users\/1"}],"replies":[{"embeddable":true,"href":"https:\/\/pontualvagas.com.br\/vi\/wp-json\/wp\/v2\/comments?post=120"}],"version-history":[{"count":1,"href":"https:\/\/pontualvagas.com.br\/vi\/wp-json\/wp\/v2\/pages\/120\/revisions"}],"predecessor-version":[{"id":121,"href":"https:\/\/pontualvagas.com.br\/vi\/wp-json\/wp\/v2\/pages\/120\/revisions\/121"}],"wp:attachment":[{"href":"https:\/\/pontualvagas.com.br\/vi\/wp-json\/wp\/v2\/media?parent=120"}],"curies":[{"name":"wp","href":"https:\/\/api.w.org\/{rel}","templated":true}]}}