{"id":124,"date":"2026-01-18T08:36:06","date_gmt":"2026-01-18T08:36:06","guid":{"rendered":"https:\/\/pontualvagas.com.br\/?page_id=124"},"modified":"2026-01-18T08:36:07","modified_gmt":"2026-01-18T08:36:07","slug":"temas-etmek","status":"publish","type":"page","link":"https:\/\/pontualvagas.com.br\/tr\/temas-etmek\/","title":{"rendered":"Temas etmek"},"content":{"rendered":"<p>Ho\u015f geldiniz! Bu, resmi ileti\u015fim sayfas\u0131d\u0131r. <strong>Zaman\u0131nda A\u00e7\u0131lan Pozisyonlar<\/strong>Buradan bizimle ileti\u015fime ge\u00e7erek sorular sorabilir, \u00f6nerilerde bulunabilir, \u015fikayetlerinizi iletebilir veya web sitemiz ve yay\u0131nlad\u0131\u011f\u0131m\u0131z i\u00e7erikle ilgili di\u011fer herhangi bir konuyu ele alabilirsiniz.<\/p>\n\n\n\n<p>Amac\u0131m\u0131z m\u00fcmk\u00fcn olan en iyi kullan\u0131c\u0131 deneyimini sunmak, bu nedenle geri bildirimlerinize b\u00fcy\u00fck de\u011fer veriyoruz. Sitenin nas\u0131l \u00e7al\u0131\u015ft\u0131\u011f\u0131, \u00f6nerilen uygulamalar\u0131n nas\u0131l kullan\u0131laca\u011f\u0131 veya i\u00e7eri\u011fimiz hakk\u0131nda herhangi bir sorunuz varsa, l\u00fctfen bize yazmaktan \u00e7ekinmeyin.<\/p>\n\n\n\n<p>Ayr\u0131ca, iyile\u015ftirme \u00f6nerilerine ve yap\u0131c\u0131 ele\u015ftirilere her zaman a\u00e7\u0131\u011f\u0131z. G\u00f6r\u00fc\u015fleriniz, geli\u015fmemiz, sorunlar\u0131 d\u00fczeltmemiz ve giderek daha faydal\u0131 ve g\u00fcvenilir bilgiler sunmam\u0131z i\u00e7in \u00e7ok \u00f6nemlidir.<\/p>\n\n\n\n<p>Bizimle ileti\u015fime ge\u00e7mek i\u00e7in, bu sayfada bulunan formu bilgileriniz ve mesaj\u0131n\u0131zla doldurman\u0131z yeterlidir. Ekibimiz en k\u0131sa s\u00fcrede yan\u0131t vermeye \u00e7al\u0131\u015facakt\u0131r.<\/p>\n\n\n\n<p>Ziyaretiniz i\u00e7in te\u015fekk\u00fcr ederiz. <strong>Zaman\u0131nda A\u00e7\u0131lan Pozisyonlar<\/strong> Mesaj\u0131n\u0131z\u0131 almaktan mutluluk duyar\u0131z.<\/p>\n\n\n\n<p><strong>\u0130leti\u015fim e-postas\u0131:<\/strong><br>\ud83d\udce7 contato@pontualvagas.com.br<\/p>\n\n\n\n<p><\/p>","protected":false},"excerpt":{"rendered":"<p>Bem-vindo! Esta \u00e9 a p\u00e1gina oficial de contato do Pontual Vagas. Aqui voc\u00ea pode entrar em contato conosco para tirar d\u00favidas, enviar sugest\u00f5es, fazer reclama\u00e7\u00f5es ou tratar de qualquer outro assunto relacionado ao nosso site e aos conte\u00fados que publicamos. Nosso objetivo \u00e9 oferecer a melhor experi\u00eancia poss\u00edvel aos usu\u00e1rios, por isso valorizamos muito o [&hellip;]<\/p>","protected":false},"author":1,"featured_media":0,"parent":0,"menu_order":0,"comment_status":"closed","ping_status":"closed","template":"","meta":{"footnotes":""},"class_list":["post-124","page","type-page","status-publish"],"_links":{"self":[{"href":"https:\/\/pontualvagas.com.br\/tr\/wp-json\/wp\/v2\/pages\/124","targetHints":{"allow":["GET"]}}],"collection":[{"href":"https:\/\/pontualvagas.com.br\/tr\/wp-json\/wp\/v2\/pages"}],"about":[{"href":"https:\/\/pontualvagas.com.br\/tr\/wp-json\/wp\/v2\/types\/page"}],"author":[{"embeddable":true,"href":"https:\/\/pontualvagas.com.br\/tr\/wp-json\/wp\/v2\/users\/1"}],"replies":[{"embeddable":true,"href":"https:\/\/pontualvagas.com.br\/tr\/wp-json\/wp\/v2\/comments?post=124"}],"version-history":[{"count":1,"href":"https:\/\/pontualvagas.com.br\/tr\/wp-json\/wp\/v2\/pages\/124\/revisions"}],"predecessor-version":[{"id":125,"href":"https:\/\/pontualvagas.com.br\/tr\/wp-json\/wp\/v2\/pages\/124\/revisions\/125"}],"wp:attachment":[{"href":"https:\/\/pontualvagas.com.br\/tr\/wp-json\/wp\/v2\/media?parent=124"}],"curies":[{"name":"wp","href":"https:\/\/api.w.org\/{rel}","templated":true}]}}