{"id":122,"date":"2026-01-18T08:35:26","date_gmt":"2026-01-18T08:35:26","guid":{"rendered":"https:\/\/pontualvagas.com.br\/?page_id=122"},"modified":"2026-01-18T08:35:27","modified_gmt":"2026-01-18T08:35:27","slug":"kullanim-sartlari","status":"publish","type":"page","link":"https:\/\/pontualvagas.com.br\/tr\/kullanim-sartlari\/","title":{"rendered":"Kullan\u0131m \u015eartlar\u0131"},"content":{"rendered":"<p>Web sitesine eri\u015ferek ve kullanarak <strong>Zaman\u0131nda A\u00e7\u0131lan Pozisyonlar<\/strong>Bunu yaparak, bu \u015fartlara uymay\u0131 ve bunlara ba\u011fl\u0131 kalmay\u0131 kabul etmi\u015f olursunuz. <strong>Kullan\u0131m \u015eartlar\u0131<\/strong>bizimle birlikte <strong>Gizlilik Politikas\u0131<\/strong>aralar\u0131ndaki ili\u015fkiyi d\u00fczenleyen <strong>Zaman\u0131nda A\u00e7\u0131lan Pozisyonlar<\/strong> ve kullan\u0131c\u0131.<\/p>\n\n\n\n<p>Bu \u015fartlar\u0131n herhangi bir k\u0131sm\u0131na kat\u0131lm\u0131yorsan\u0131z, \u015funlar\u0131 \u00f6neririz: <strong>Bu web sitesini kullanmay\u0131n.<\/strong>.<\/p>\n\n\n\n<h3 class=\"wp-block-heading\">Sitenin kullan\u0131m\u0131<\/h3>\n\n\n\n<p>\u0130\u00e7eri\u011fe eri\u015fim sa\u011flanm\u0131\u015ft\u0131r. <strong>Zaman\u0131nda A\u00e7\u0131lan Pozisyonlar<\/strong> bir amac\u0131 var <strong>Sadece bilgilendirme ama\u00e7l\u0131d\u0131r.<\/strong>Mobil cihazlarda kullan\u0131lmak \u00fczere tasarlanm\u0131\u015f olan bu platform, uygulamalar, dijital hizmetler, ipu\u00e7lar\u0131 ve f\u0131rsatlar, verimlilik ve \u00e7\u00f6z\u00fcmlerle ilgili i\u00e7eriklerin sunulmas\u0131 amac\u0131yla kullan\u0131lmaktad\u0131r.<\/p>\n\n\n\n<p>Bu web sitesindeki bilgiler de\u011fi\u015febilir. <strong>\u00d6nceden haber verilmeksizin de\u011fi\u015fiklik, g\u00fcncelleme veya kald\u0131rma i\u015flemleri yap\u0131labilir.<\/strong>.<\/p>\n\n\n\n<h3 class=\"wp-block-heading\">Garanti reddi<\/h3>\n\n\n\n<p>Ne <strong>Zaman\u0131nda A\u00e7\u0131lan Pozisyonlar<\/strong>Ne biz, ne de \u00fc\u00e7\u00fcnc\u00fc \u015fah\u0131slar, web sitesinde sunulan bilgi, uygulama veya materyallerin do\u011frulu\u011fu, g\u00fcncelli\u011fi, performans\u0131, eksiksizli\u011fi veya belirli bir amaca uygunlu\u011fu konusunda herhangi bir garanti vermemektedir.<\/p>\n\n\n\n<p>Web sitesinde sunulan herhangi bir bilgi, i\u00e7erik, uygulama veya materyalin kullan\u0131m\u0131 sizin sorumlulu\u011funuzdad\u0131r. <strong>Kullan\u0131c\u0131n\u0131n t\u00fcm sorumlulu\u011fu<\/strong>Bu kullan\u0131mdan kaynaklanabilecek t\u00fcm riskleri \u00fcstlenir.<\/p>\n\n\n\n<h3 class=\"wp-block-heading\">\u00dc\u00e7\u00fcnc\u00fc taraf web sitelerine ve uygulamalar\u0131na ba\u011flant\u0131lar<\/h3>\n\n\n\n<p>O <strong>Zaman\u0131nda A\u00e7\u0131lan Pozisyonlar<\/strong> Bu, \u00fc\u00e7\u00fcnc\u00fc taraf web sitelerine, platformlara veya uygulamalara ba\u011flant\u0131lar i\u00e7erebilir. Bu ba\u011flant\u0131lar yaln\u0131zca kullan\u0131c\u0131n\u0131n kolayl\u0131\u011f\u0131 ve ek bilgi sa\u011flamak amac\u0131yla verilmi\u015ftir.<\/p>\n\n\n\n<p>Bu harici web sitelerinin ve uygulamalar\u0131n\u0131n i\u00e7eri\u011fi, politikalar\u0131 veya i\u015fleyi\u015fi \u00fczerinde hi\u00e7bir kontrol\u00fcm\u00fcz yoktur ve bunlar\u0131n kullan\u0131m\u0131ndan kaynaklanan herhangi bir hasar, kay\u0131p veya sorundan sorumlu de\u011filiz.<\/p>\n\n\n\n<h3 class=\"wp-block-heading\">Kullan\u0131c\u0131 sorumlulu\u011fu<\/h3>\n\n\n\n<p>Bu web sitesini kullanarak, kullan\u0131c\u0131 \u015funlar\u0131 kabul eder:<\/p>\n\n\n\n<ul class=\"wp-block-list\">\n<li>\u0130\u00e7eri\u011fi yasalara ve etik kurallara uygun \u015fekilde kullan\u0131n;<\/li>\n\n\n\n<li>Yasad\u0131\u015f\u0131 veya doland\u0131r\u0131c\u0131l\u0131k faaliyetlerinde ya da y\u00fcr\u00fcrl\u00fckteki mevzuat\u0131 ihlal eden faaliyetlerde bulunmay\u0131n;<\/li>\n\n\n\n<li>Web sitesine veya sistemlerine zarar vermeye, a\u015f\u0131r\u0131 y\u00fcklemeye veya \u00e7al\u0131\u015fmas\u0131na m\u00fcdahale etmeye \u00e7al\u0131\u015fmay\u0131n.<\/li>\n<\/ul>\n\n\n\n<h3 class=\"wp-block-heading\">Fikri m\u00fclkiyet<\/h3>\n\n\n\n<p>\u0130\u00e7erikte yer alan t\u00fcm bilgiler <strong>Zaman\u0131nda A\u00e7\u0131lan Pozisyonlar<\/strong>Metinler, ticari markalar, logolar, g\u00f6rseller ve d\u00fczenler de dahil olmak \u00fczere t\u00fcm i\u00e7erik, telif hakk\u0131 ve fikri m\u00fclkiyet haklar\u0131 ile korunmaktad\u0131r. Kanunen izin verilen durumlar d\u0131\u015f\u0131nda, \u00f6nceden izin al\u0131nmaks\u0131z\u0131n tamamen veya k\u0131smen \u00e7o\u011falt\u0131lmas\u0131 yasakt\u0131r.<\/p>\n\n\n\n<h3 class=\"wp-block-heading\">\u015eartlarda yap\u0131lan de\u011fi\u015fiklikler<\/h3>\n\n\n\n<p>O <strong>Zaman\u0131nda A\u00e7\u0131lan Pozisyonlar<\/strong> hakk\u0131n\u0131 sakl\u0131 tutar <strong>Bu Kullan\u0131m \u015eartlar\u0131 her zaman de\u011fi\u015ftirilebilir.<\/strong>\u00d6nceden haber verilmeksizin. De\u011fi\u015fikliklerden sonra sitenin kullan\u0131m\u0131na devam edilmesi, yeni \u015fartlar\u0131n otomatik olarak kabul edildi\u011fi anlam\u0131na gelir.<\/p>\n\n\n\n<h3 class=\"wp-block-heading\">\u015eartlar\u0131n kabul\u00fc<\/h3>\n\n\n\n<p>Siteyi gezinmeye devam ederek <strong>Zaman\u0131nda A\u00e7\u0131lan Pozisyonlar<\/strong>Kullan\u0131c\u0131 bu i\u015flemi yaparak, bu Kullan\u0131m Ko\u015fullar\u0131n\u0131 okudu\u011funu, anlad\u0131\u011f\u0131n\u0131 ve tamamen kabul etti\u011fini beyan eder.<\/p>","protected":false},"excerpt":{"rendered":"<p>Ao acessar e utilizar o site Pontual Vagas, voc\u00ea concorda em cumprir e ficar vinculado aos presentes Termos de Uso, juntamente com a nossa Pol\u00edtica de Privacidade, que regulam o relacionamento entre o Pontual Vagas e o usu\u00e1rio. Caso voc\u00ea n\u00e3o concorde com qualquer parte destes termos, recomendamos que n\u00e3o utilize este site. Uso do [&hellip;]<\/p>","protected":false},"author":1,"featured_media":0,"parent":0,"menu_order":0,"comment_status":"closed","ping_status":"closed","template":"","meta":{"footnotes":""},"class_list":["post-122","page","type-page","status-publish"],"_links":{"self":[{"href":"https:\/\/pontualvagas.com.br\/tr\/wp-json\/wp\/v2\/pages\/122","targetHints":{"allow":["GET"]}}],"collection":[{"href":"https:\/\/pontualvagas.com.br\/tr\/wp-json\/wp\/v2\/pages"}],"about":[{"href":"https:\/\/pontualvagas.com.br\/tr\/wp-json\/wp\/v2\/types\/page"}],"author":[{"embeddable":true,"href":"https:\/\/pontualvagas.com.br\/tr\/wp-json\/wp\/v2\/users\/1"}],"replies":[{"embeddable":true,"href":"https:\/\/pontualvagas.com.br\/tr\/wp-json\/wp\/v2\/comments?post=122"}],"version-history":[{"count":1,"href":"https:\/\/pontualvagas.com.br\/tr\/wp-json\/wp\/v2\/pages\/122\/revisions"}],"predecessor-version":[{"id":123,"href":"https:\/\/pontualvagas.com.br\/tr\/wp-json\/wp\/v2\/pages\/122\/revisions\/123"}],"wp:attachment":[{"href":"https:\/\/pontualvagas.com.br\/tr\/wp-json\/wp\/v2\/media?parent=122"}],"curies":[{"name":"wp","href":"https:\/\/api.w.org\/{rel}","templated":true}]}}