{"id":120,"date":"2026-01-18T08:33:27","date_gmt":"2026-01-18T08:33:27","guid":{"rendered":"https:\/\/pontualvagas.com.br\/?page_id=120"},"modified":"2026-01-18T08:33:28","modified_gmt":"2026-01-18T08:33:28","slug":"gizlilik-politikasi","status":"publish","type":"page","link":"https:\/\/pontualvagas.com.br\/tr\/gizlilik-politikasi\/","title":{"rendered":"Gizlilik Politikas\u0131"},"content":{"rendered":"<p>Gizlili\u011finiz bizim i\u00e7in \u00f6nemlidir. Bu bizim politikam\u0131zd\u0131r. <strong>Zaman\u0131nda A\u00e7\u0131lan Pozisyonlar<\/strong> Web sitesinde sizden toplayabilece\u011fimiz her t\u00fcrl\u00fc bilgiye ili\u015fkin gizlili\u011finize sayg\u0131 duyaca\u011f\u0131z. <strong>Zaman\u0131nda A\u00e7\u0131lan Pozisyonlar<\/strong>Ayr\u0131ca, sahip oldu\u011fumuz ve i\u015fletti\u011fimiz di\u011fer web sitelerinde de.<\/p>\n\n\n\n<p>Kullan\u0131c\u0131ya hizmet sunmak i\u00e7in ger\u00e7ekten ihtiya\u00e7 duydu\u011fumuzda ki\u015fisel bilgilerinizi talep ederiz. Bunu adil ve yasal bir \u015fekilde, sizin bilginiz ve onay\u0131n\u0131zla yapar\u0131z. Ayr\u0131ca bu bilgileri neden toplad\u0131\u011f\u0131m\u0131z\u0131 ve nas\u0131l kullan\u0131laca\u011f\u0131n\u0131 da size bildiririz.<\/p>\n\n\n\n<p>Toplad\u0131\u011f\u0131m\u0131z bilgileri yaln\u0131zca talep edilen hizmeti sa\u011flamak i\u00e7in gerekli oldu\u011fu s\u00fcre boyunca sakl\u0131yoruz. Verileri saklarken, kay\u0131p, h\u0131rs\u0131zl\u0131k, yetkisiz eri\u015fim, if\u015fa, kopyalama, k\u00f6t\u00fcye kullan\u0131m veya de\u011fi\u015ftirme risklerine kar\u015f\u0131 korumak i\u00e7in ticari olarak kabul edilebilir y\u00f6ntemler kullan\u0131yoruz.<\/p>\n\n\n\n<p>Kanunen zorunlu haller d\u0131\u015f\u0131nda, ki\u015fisel olarak tan\u0131mlanabilir bilgileri kamuoyuyla veya \u00fc\u00e7\u00fcnc\u00fc taraflarla payla\u015fm\u0131yoruz.<\/p>\n\n\n\n<p>O <strong>Zaman\u0131nda A\u00e7\u0131lan Pozisyonlar<\/strong> Bu, bizim taraf\u0131m\u0131zdan i\u015fletilmeyen harici web sitelerine, uygulamalara veya hizmetlere ba\u011flant\u0131lar i\u00e7erebilir. Bu sitelerin i\u00e7eri\u011fi ve uygulamalar\u0131 \u00fczerinde hi\u00e7bir kontrol\u00fcm\u00fcz olmad\u0131\u011f\u0131n\u0131 ve ilgili gizlilik politikalar\u0131ndan sorumlu tutulamayaca\u011f\u0131m\u0131z\u0131 l\u00fctfen unutmay\u0131n.<\/p>\n\n\n\n<p>Kullan\u0131c\u0131, ki\u015fisel bilgilerinin payla\u015f\u0131lmas\u0131 talebini reddetmekte \u00f6zg\u00fcrd\u00fcr; ancak bu durumda istenen baz\u0131 hizmetlerin sa\u011flanamayabilece\u011fini de anlar.<\/p>\n\n\n\n<p>Sitenin kullan\u0131m\u0131na devam edilmesi <strong>Zaman\u0131nda A\u00e7\u0131lan Pozisyonlar<\/strong> Geri bildiriminiz, gizlilik ve ki\u015fisel bilgilerin kullan\u0131m\u0131yla ilgili uygulamalar\u0131m\u0131z\u0131 kabul etti\u011finiz anlam\u0131na gelecektir. Kullan\u0131c\u0131 verilerini nas\u0131l i\u015fledi\u011fimizle ilgili herhangi bir sorunuz varsa, l\u00fctfen ileti\u015fim sayfam\u0131z arac\u0131l\u0131\u011f\u0131yla bizimle ileti\u015fime ge\u00e7in.<\/p>\n\n\n\n<h2 class=\"wp-block-heading\">Pontual Vagas \u00c7erez Politikas\u0131<\/h2>\n\n\n\n<h3 class=\"wp-block-heading\">\u00c7erezler nedir?<\/h3>\n\n\n\n<p>Profesyonel web sitelerinin neredeyse tamam\u0131nda yayg\u0131n oldu\u011fu gibi, bu site de tarama deneyiminizi iyile\u015ftirmek amac\u0131yla cihaz\u0131n\u0131zda saklanan k\u00fc\u00e7\u00fck dosyalar olan \u00e7erezleri kullanmaktad\u0131r.<\/p>\n\n\n\n<p>Bu b\u00f6l\u00fcmde \u00e7erezlerin hangi bilgileri toplad\u0131\u011f\u0131, bunlar\u0131 nas\u0131l kulland\u0131\u011f\u0131m\u0131z ve baz\u0131 durumlarda neden saklamam\u0131z gerekti\u011fi a\u00e7\u0131klanmaktad\u0131r.<\/p>\n\n\n\n<h3 class=\"wp-block-heading\">\u00c7erezleri nas\u0131l kullan\u0131yoruz?<\/h3>\n\n\n\n<p>\u00c7erezleri \u00e7e\u015fitli nedenlerle kullan\u0131yoruz, bunlar aras\u0131nda \u015funlar yer al\u0131yor:<\/p>\n\n\n\n<ul class=\"wp-block-list\">\n<li>Web sitesinin d\u00fczg\u00fcn \u00e7al\u0131\u015fmas\u0131n\u0131 sa\u011flamak i\u00e7in;<\/li>\n\n\n\n<li>Kullan\u0131c\u0131 deneyimini iyile\u015ftirin;<\/li>\n\n\n\n<li>Tarama davran\u0131\u015f\u0131n\u0131 analiz edin;<\/li>\n\n\n\n<li>Daha alakal\u0131 i\u00e7erik ve reklamlar g\u00f6sterin.<\/li>\n<\/ul>\n\n\n\n<p>\u00c7o\u011fu durumda, web sitesinin temel i\u015flevselli\u011finden \u00f6d\u00fcn vermeden \u00e7erezleri devre d\u0131\u015f\u0131 b\u0131rakmak i\u00e7in sekt\u00f6r standard\u0131 se\u00e7enekler bulunmamaktad\u0131r. \u00c7erezlere ihtiyac\u0131n\u0131z olup olmad\u0131\u011f\u0131ndan emin de\u011filseniz, \u00e7erezleri etkin tutman\u0131z \u00f6nerilir.<\/p>\n\n\n\n<h3 class=\"wp-block-heading\">\u00c7erezleri devre d\u0131\u015f\u0131 b\u0131rak<\/h3>\n\n\n\n<p>Taray\u0131c\u0131n\u0131z\u0131n ayarlar\u0131n\u0131 de\u011fi\u015ftirerek \u00e7erezlerin ayarlanmas\u0131n\u0131 engelleyebilirsiniz. Ancak, \u00e7erezleri devre d\u0131\u015f\u0131 b\u0131rakman\u0131n bu ve ziyaret etti\u011finiz di\u011fer web sitelerinin i\u015flevselli\u011fini etkileyebilece\u011fini unutmay\u0131n.<\/p>\n\n\n\n<h2 class=\"wp-block-heading\">Ayarlad\u0131\u011f\u0131m\u0131z \u00e7erezler<\/h2>\n\n\n\n<h3 class=\"wp-block-heading\">Hesapla ilgili \u00e7erezler<\/h3>\n\n\n\n<p>Kullan\u0131c\u0131 bir hesap olu\u015fturdu\u011funda (varsa), kay\u0131t s\u00fcrecini ve genel y\u00f6netimi sa\u011flamak i\u00e7in \u00e7erezler kullan\u0131r\u0131z. Bu \u00e7erezler genellikle hesaptan \u00e7\u0131k\u0131\u015f yap\u0131ld\u0131\u011f\u0131nda silinir.<\/p>\n\n\n\n<h3 class=\"wp-block-heading\">Giri\u015fle ilgili \u00e7erezler<\/h3>\n\n\n\n<p>Kullan\u0131c\u0131n\u0131n oturum a\u00e7m\u0131\u015f oldu\u011funu hat\u0131rlatmak ve her sayfada tekrar tekrar giri\u015f yapma ihtiyac\u0131n\u0131 ortadan kald\u0131rmak i\u00e7in kullan\u0131l\u0131r. Oturum kapat\u0131ld\u0131ktan sonra kald\u0131r\u0131l\u0131rlar.<\/p>\n\n\n\n<h3 class=\"wp-block-heading\">E-posta b\u00fcltenleriyle ilgili \u00e7erezler<\/h3>\n\n\n\n<p>Web sitesi haber b\u00fclteni veya bildirim aboneli\u011fi se\u00e7ene\u011fi sunuyorsa, kullan\u0131c\u0131n\u0131n zaten abone olup olmad\u0131\u011f\u0131n\u0131 hat\u0131rlamak i\u00e7in \u00e7erezler kullan\u0131labilir.<\/p>\n\n\n\n<h3 class=\"wp-block-heading\">Formla ilgili \u00e7erezler<\/h3>\n\n\n\n<p>Kullan\u0131c\u0131lar formlar (\u00f6rne\u011fin ileti\u015fim formlar\u0131 veya yorumlar) arac\u0131l\u0131\u011f\u0131yla bilgi g\u00f6nderdi\u011finde, gelecekteki etkile\u015fimler i\u00e7in kullan\u0131c\u0131 verilerini hat\u0131rlamak amac\u0131yla \u00e7erezler kullan\u0131labilir.<\/p>\n\n\n\n<h3 class=\"wp-block-heading\">Site tercih \u00e7erezleri<\/h3>\n\n\n\n<p>Kullan\u0131c\u0131 tercihlerini saklamak ve ki\u015fiselle\u015ftirilmi\u015f bir tarama deneyimi sa\u011flamak i\u00e7in kullan\u0131l\u0131r.<\/p>\n\n\n\n<h2 class=\"wp-block-heading\">\u00dc\u00e7\u00fcnc\u00fc taraf \u00e7erezleri<\/h2>\n\n\n\n<p>O <strong>Zaman\u0131nda A\u00e7\u0131lan Pozisyonlar<\/strong> A\u015fa\u011f\u0131dakiler de dahil olmak \u00fczere ancak bunlarla s\u0131n\u0131rl\u0131 kalmamak kayd\u0131yla, g\u00fcvenilir \u00fc\u00e7\u00fcnc\u00fc taraflardan gelen \u00e7erezleri kullanabilirsiniz:<\/p>\n\n\n\n<h3 class=\"wp-block-heading\">Google Analytics<\/h3>\n\n\n\n<p>Kullan\u0131c\u0131lar\u0131n siteyi nas\u0131l kulland\u0131\u011f\u0131n\u0131 anlamak ve gezinme deneyimini iyile\u015ftirmek i\u00e7in Google Analytics kullan\u0131yoruz. Bu \u00e7erezler, ziyaret edilen sayfalar ve sitede ge\u00e7irilen s\u00fcre gibi bilgileri izleyebilir.<\/p>\n\n\n\n<p>Daha fazla bilgi i\u00e7in l\u00fctfen resmi Google Analytics politikas\u0131na bak\u0131n.<\/p>\n\n\n\n<h3 class=\"wp-block-heading\">Reklam ve para kazanma<\/h3>\n\n\n\n<p>Bu veya di\u011fer web sitelerine yap\u0131lan \u00f6nceki ziyaretlere dayanarak kullan\u0131c\u0131ya uygun reklamlar g\u00f6stermek i\u00e7in \u00e7erez kullanan reklam hizmetlerini (\u00f6rne\u011fin Google AdSense) kullanabiliriz.<\/p>\n\n\n\n<h2 class=\"wp-block-heading\">Kullan\u0131c\u0131 Taahh\u00fcd\u00fc<\/h2>\n\n\n\n<p>Kullan\u0131c\u0131, taraf\u0131ndan sa\u011flanan i\u00e7erik ve bilgileri uygun \u015fekilde kullanmay\u0131 kabul eder. <strong>Zaman\u0131nda A\u00e7\u0131lan Pozisyonlar<\/strong>\u015eunlara ba\u011fl\u0131 kalarak:<\/p>\n\n\n\n<p>A) Yasad\u0131\u015f\u0131 faaliyetlerde veya iyi niyet ve kamu d\u00fczenine ayk\u0131r\u0131 faaliyetlerde bulunmamak;<br>B) Irk\u00e7\u0131, yabanc\u0131 d\u00fc\u015fman\u0131, ayr\u0131mc\u0131, yasad\u0131\u015f\u0131 nitelikteki veya ter\u00f6rizmi te\u015fvik eden ya da insan haklar\u0131n\u0131 ihlal eden i\u00e7erikleri yaymamak;<br>C) Fiziksel veya mant\u0131ksal sistemlere zarar vermemek <strong>Zaman\u0131nda A\u00e7\u0131lan Pozisyonlar<\/strong>Tedarik\u00e7ilerinden veya \u00fc\u00e7\u00fcnc\u00fc \u015fah\u0131slardan elde etti\u011fi bilgileri vir\u00fcs veya hasara yol a\u00e7abilecek di\u011fer sistemlerle payla\u015fmaz ve bunlar\u0131 yaymaz.<\/p>\n\n\n\n<h2 class=\"wp-block-heading\">Daha fazla bilgi<\/h2>\n\n\n\n<p>Bu politikan\u0131n a\u00e7\u0131k ve anla\u015f\u0131l\u0131r oldu\u011funu umuyoruz. \u00c7erezlerin veya ki\u015fisel verilerin kullan\u0131m\u0131yla ilgili herhangi bir sorunuz varsa, sitenin \u00f6zelliklerinin d\u00fczg\u00fcn \u00e7al\u0131\u015fmas\u0131n\u0131 sa\u011flamak i\u00e7in \u00e7erezleri etkin tutmak genellikle daha g\u00fcvenlidir.<\/p>\n\n\n\n<p>Herhangi bir sorunuz varsa l\u00fctfen bizimle ileti\u015fime ge\u00e7in.<\/p>","protected":false},"excerpt":{"rendered":"<p>A sua privacidade \u00e9 importante para n\u00f3s. \u00c9 pol\u00edtica do Pontual Vagas respeitar a sua privacidade em rela\u00e7\u00e3o a qualquer informa\u00e7\u00e3o sua que possamos coletar no site Pontual Vagas, bem como em outros sites que possu\u00edmos e operamos. Solicitamos informa\u00e7\u00f5es pessoais apenas quando realmente precisamos delas para fornecer um servi\u00e7o ao usu\u00e1rio. Fazemos isso por [&hellip;]<\/p>","protected":false},"author":1,"featured_media":0,"parent":0,"menu_order":0,"comment_status":"closed","ping_status":"closed","template":"","meta":{"footnotes":""},"class_list":["post-120","page","type-page","status-publish"],"_links":{"self":[{"href":"https:\/\/pontualvagas.com.br\/tr\/wp-json\/wp\/v2\/pages\/120","targetHints":{"allow":["GET"]}}],"collection":[{"href":"https:\/\/pontualvagas.com.br\/tr\/wp-json\/wp\/v2\/pages"}],"about":[{"href":"https:\/\/pontualvagas.com.br\/tr\/wp-json\/wp\/v2\/types\/page"}],"author":[{"embeddable":true,"href":"https:\/\/pontualvagas.com.br\/tr\/wp-json\/wp\/v2\/users\/1"}],"replies":[{"embeddable":true,"href":"https:\/\/pontualvagas.com.br\/tr\/wp-json\/wp\/v2\/comments?post=120"}],"version-history":[{"count":1,"href":"https:\/\/pontualvagas.com.br\/tr\/wp-json\/wp\/v2\/pages\/120\/revisions"}],"predecessor-version":[{"id":121,"href":"https:\/\/pontualvagas.com.br\/tr\/wp-json\/wp\/v2\/pages\/120\/revisions\/121"}],"wp:attachment":[{"href":"https:\/\/pontualvagas.com.br\/tr\/wp-json\/wp\/v2\/media?parent=120"}],"curies":[{"name":"wp","href":"https:\/\/api.w.org\/{rel}","templated":true}]}}