{"id":118,"date":"2026-01-18T08:31:06","date_gmt":"2026-01-18T08:31:06","guid":{"rendered":"https:\/\/pontualvagas.com.br\/?page_id=118"},"modified":"2026-01-18T08:31:07","modified_gmt":"2026-01-18T08:31:07","slug":"yasal-uyari","status":"publish","type":"page","link":"https:\/\/pontualvagas.com.br\/tr\/yasal-uyari\/","title":{"rendered":"Yasal Uyar\u0131"},"content":{"rendered":"<p>Web sitesinde bulunan bilgiler <strong>Zaman\u0131nda A\u00e7\u0131lan Pozisyonlar<\/strong> karakter sahibi olmak <strong>Bu sadece bilgilendirme ama\u00e7l\u0131d\u0131r.<\/strong>Amac\u0131m\u0131z, kullan\u0131c\u0131lar\u0131n f\u0131rsat aray\u0131\u015flar\u0131nda, verimliliklerini art\u0131rmalar\u0131nda ve dijital \u00e7\u00f6z\u00fcmler bulmalar\u0131nda yard\u0131mc\u0131 olabilecek uygulamalar, hizmetler ve ara\u00e7lar hakk\u0131nda i\u00e7erik, analiz ve \u00f6neriler sunmakt\u0131r.<\/p>\n\n\n\n<h3 class=\"wp-block-heading\">Hi\u00e7bir garanti vermiyoruz.<\/h3>\n\n\n\n<p>O <strong>Zaman\u0131nda A\u00e7\u0131lan Pozisyonlar<\/strong> <strong>garanti etmez<\/strong> Web sitesinde belirtilen bilgi, uygulama veya hizmetlerin kullan\u0131m\u0131ndan elde edilecek sonu\u00e7lar, finansal kazan\u00e7lar, i\u015fe al\u0131mlar, gelir veya herhangi bir \u00f6zel fayda t\u00fcr\u00fc garanti edilmez. Sonu\u00e7lar, bireysel, b\u00f6lgesel ve durumsal fakt\u00f6rlere ba\u011fl\u0131 olarak de\u011fi\u015febilir.<\/p>\n\n\n\n<h3 class=\"wp-block-heading\">\u00dc\u00e7\u00fcnc\u00fc taraf uygulamalar ve hizmetler<\/h3>\n\n\n\n<p>Bu sitede ba\u011flant\u0131lar, \u00f6neriler veya bahsetmeler yer alabilir. <strong>\u00fc\u00e7\u00fcnc\u00fc taraf uygulamalar, platformlar ve hizmetler<\/strong>Bu hizmetlerin i\u015fleyi\u015fi, politikalar\u0131, fiyatland\u0131rmas\u0131, kullan\u0131labilirli\u011fi veya g\u00fcvenli\u011fi \u00fczerinde hi\u00e7bir kontrol\u00fcm\u00fcz yoktur. Herhangi bir etkile\u015fim, kay\u0131t veya kullan\u0131m tamamen kendi sorumlulu\u011funuzdad\u0131r. <strong>Kullan\u0131c\u0131n\u0131n tek sorumlulu\u011fu<\/strong>.<\/p>\n\n\n\n<p>Kullan\u0131c\u0131ya her zaman \u015funlar\u0131 tavsiye ederiz:<\/p>\n\n\n\n<ul class=\"wp-block-list\">\n<li>Uygulamalar\u0131n kullan\u0131m \u015fartlar\u0131n\u0131 ve gizlilik politikalar\u0131n\u0131 okuyun;<\/li>\n\n\n\n<li>Resmi uygulama ma\u011fazalar\u0131ndaki (Google Play, App Store) yorumlar\u0131 kontrol edin;<\/li>\n\n\n\n<li>Hizmeti kullanmadan \u00f6nce ihtiya\u00e7lar\u0131n\u0131z\u0131 kar\u015f\u0131lay\u0131p kar\u015f\u0131lamad\u0131\u011f\u0131n\u0131 analiz edin.<\/li>\n<\/ul>\n\n\n\n<h3 class=\"wp-block-heading\">Hukuki ve mesleki sorumluluktan feragatname<\/h3>\n\n\n\n<p>Yay\u0131nlanan i\u00e7erik <strong>Zaman\u0131nda A\u00e7\u0131lan Pozisyonlar<\/strong> <strong>Bu, profesyonel tavsiyenin yerini tutmaz.<\/strong>Hukuki, mali, muhasebe, i\u015f hukuku veya teknik konularda olsun, \u00f6nemli kararlar i\u00e7in her zaman nitelikli bir uzmana dan\u0131\u015f\u0131n.<\/p>\n\n\n\n<h3 class=\"wp-block-heading\">Reklam ve para kazanma<\/h3>\n\n\n\n<p>Web sitesi <strong>Zaman\u0131nda A\u00e7\u0131lan Pozisyonlar<\/strong> \u015eu yollarla gelir elde edilebilir:<\/p>\n\n\n\n<ul class=\"wp-block-list\">\n<li>Reklamlar (\u00f6rne\u011fin Google AdSense);<\/li>\n\n\n\n<li>Sponsorlu ba\u011flant\u0131lar;<\/li>\n\n\n\n<li>Ortakl\u0131klar veya i\u015ftirak programlar\u0131.<\/li>\n<\/ul>\n\n\n\n<p>Bu, bir kullan\u0131c\u0131 reklamlara t\u0131klad\u0131\u011f\u0131nda veya belirli ba\u011flant\u0131lar\u0131 kulland\u0131\u011f\u0131nda komisyon alabilece\u011fimiz anlam\u0131na gelir. <strong>Kullan\u0131c\u0131ya ek bir maliyet getirmeden.<\/strong>Bu ortakl\u0131klar, a\u00e7\u0131k ve ilgili i\u00e7erik sunma niyetimizi etkilemez.<\/p>\n\n\n\n<h3 class=\"wp-block-heading\">Bilgi g\u00fcncellemesi<\/h3>\n\n\n\n<p>Web sitesindeki bilgiler \u015fu \u015fekilde olabilir: <strong>herhangi bir zamanda de\u011fi\u015ftirildi, g\u00fcncellendi veya kald\u0131r\u0131ld\u0131<\/strong>\u00d6nceden haber vermeksizin. Uygulamalar ve hizmetler kurallar\u0131n\u0131 s\u0131k s\u0131k de\u011fi\u015ftirebilece\u011finden, t\u00fcm i\u00e7eri\u011fin her zaman tamamen g\u00fcncel olaca\u011f\u0131n\u0131 garanti etmiyoruz.<\/p>\n\n\n\n<h3 class=\"wp-block-heading\">Sorumlulu\u011fun s\u0131n\u0131rland\u0131r\u0131lmas\u0131<\/h3>\n\n\n\n<p>O <strong>Zaman\u0131nda A\u00e7\u0131lan Pozisyonlar<\/strong> A\u015fa\u011f\u0131dakilerden sorumlu de\u011fildir:<\/p>\n\n\n\n<ul class=\"wp-block-list\">\n<li>Mali kay\u0131plar;<\/li>\n\n\n\n<li>Teknik sorunlar;<\/li>\n\n\n\n<li>\u00dc\u00e7\u00fcnc\u00fc taraf uygulama hatalar\u0131;<\/li>\n\n\n\n<li>Web sitesindeki bilgilerin kullan\u0131m\u0131ndan kaynaklanan do\u011frudan veya dolayl\u0131 zararlar.<\/li>\n<\/ul>\n\n\n\n<p>Sitenin kullan\u0131m\u0131, <strong>Bu sorumluluk reddi beyan\u0131n\u0131n tamamen kabul edilmesi<\/strong>.<\/p>\n\n\n\n<h3 class=\"wp-block-heading\">Temas etmek<\/h3>\n\n\n\n<p>Herhangi bir sorunuz, \u00f6neriniz varsa veya herhangi bir i\u00e7eri\u011fi bildirmek isterseniz, l\u00fctfen web sitesinin ileti\u015fim sayfas\u0131ndan bizimle ileti\u015fime ge\u00e7in.<\/p>","protected":false},"excerpt":{"rendered":"<p>As informa\u00e7\u00f5es disponibilizadas no site Pontual Vagas t\u00eam car\u00e1ter exclusivamente informativo. Nosso objetivo \u00e9 apresentar conte\u00fados, an\u00e1lises e indica\u00e7\u00f5es de aplicativos, servi\u00e7os e ferramentas que possam auxiliar usu\u00e1rios na busca por oportunidades, produtividade e solu\u00e7\u00f5es digitais. N\u00e3o oferecemos garantias O Pontual Vagas n\u00e3o garante resultados, ganhos financeiros, contrata\u00e7\u00f5es, rendimentos ou qualquer tipo de benef\u00edcio espec\u00edfico [&hellip;]<\/p>","protected":false},"author":1,"featured_media":0,"parent":0,"menu_order":0,"comment_status":"closed","ping_status":"closed","template":"","meta":{"footnotes":""},"class_list":["post-118","page","type-page","status-publish"],"_links":{"self":[{"href":"https:\/\/pontualvagas.com.br\/tr\/wp-json\/wp\/v2\/pages\/118","targetHints":{"allow":["GET"]}}],"collection":[{"href":"https:\/\/pontualvagas.com.br\/tr\/wp-json\/wp\/v2\/pages"}],"about":[{"href":"https:\/\/pontualvagas.com.br\/tr\/wp-json\/wp\/v2\/types\/page"}],"author":[{"embeddable":true,"href":"https:\/\/pontualvagas.com.br\/tr\/wp-json\/wp\/v2\/users\/1"}],"replies":[{"embeddable":true,"href":"https:\/\/pontualvagas.com.br\/tr\/wp-json\/wp\/v2\/comments?post=118"}],"version-history":[{"count":1,"href":"https:\/\/pontualvagas.com.br\/tr\/wp-json\/wp\/v2\/pages\/118\/revisions"}],"predecessor-version":[{"id":119,"href":"https:\/\/pontualvagas.com.br\/tr\/wp-json\/wp\/v2\/pages\/118\/revisions\/119"}],"wp:attachment":[{"href":"https:\/\/pontualvagas.com.br\/tr\/wp-json\/wp\/v2\/media?parent=118"}],"curies":[{"name":"wp","href":"https:\/\/api.w.org\/{rel}","templated":true}]}}