{"id":124,"date":"2026-01-18T08:36:06","date_gmt":"2026-01-18T08:36:06","guid":{"rendered":"https:\/\/pontualvagas.com.br\/?page_id=124"},"modified":"2026-01-18T08:36:07","modified_gmt":"2026-01-18T08:36:07","slug":"makipag-ugnayan","status":"publish","type":"page","link":"https:\/\/pontualvagas.com.br\/tl\/makipag-ugnayan\/","title":{"rendered":"Makipag-ugnayan"},"content":{"rendered":"<p>Maligayang pagdating! Ito ang opisyal na pahina ng pakikipag-ugnayan para sa <strong>Mga Bakanteng Trabaho sa Oras<\/strong>Dito maaari mo kaming kontakin upang magtanong, magpadala ng mga mungkahi, maghain ng mga reklamo, o tugunan ang anumang iba pang isyu na may kaugnayan sa aming website at sa nilalamang aming inilalathala.<\/p>\n\n\n\n<p>Ang aming layunin ay mag-alok ng pinakamahusay na posibleng karanasan ng gumagamit, kaya lubos naming pinahahalagahan ang iyong feedback. Kung mayroon kang anumang mga katanungan tungkol sa kung paano gumagana ang site, kung paano gamitin ang mga inirerekomendang application, o tungkol sa aming nilalaman, mangyaring huwag mag-atubiling sumulat sa amin.<\/p>\n\n\n\n<p>Bukas din kami palagi sa mga mungkahi para sa pagpapabuti at nakabubuo na kritisismo. Mahalaga ang iyong opinyon para sa amin upang umunlad, maitama ang anumang problema, at makapaghatid ng mas kapaki-pakinabang at maaasahang impormasyon.<\/p>\n\n\n\n<p>Para makipag-ugnayan, punan lamang ang form na makikita sa pahinang ito kasama ang iyong mga detalye at mensahe. Gagawin ng aming koponan ang kanilang makakaya upang tumugon sa lalong madaling panahon.<\/p>\n\n\n\n<p>Salamat sa pagbisita <strong>Mga Bakanteng Trabaho sa Oras<\/strong> At ikalulugod naming tanggapin ang iyong mensahe.<\/p>\n\n\n\n<p><strong>Email ng pakikipag-ugnayan:<\/strong><br>\ud83d\udce7 contato@pontualvagas.com.br<\/p>\n\n\n\n<p><\/p>","protected":false},"excerpt":{"rendered":"<p>Bem-vindo! Esta \u00e9 a p\u00e1gina oficial de contato do Pontual Vagas. Aqui voc\u00ea pode entrar em contato conosco para tirar d\u00favidas, enviar sugest\u00f5es, fazer reclama\u00e7\u00f5es ou tratar de qualquer outro assunto relacionado ao nosso site e aos conte\u00fados que publicamos. Nosso objetivo \u00e9 oferecer a melhor experi\u00eancia poss\u00edvel aos usu\u00e1rios, por isso valorizamos muito o [&hellip;]<\/p>","protected":false},"author":1,"featured_media":0,"parent":0,"menu_order":0,"comment_status":"closed","ping_status":"closed","template":"","meta":{"footnotes":""},"class_list":["post-124","page","type-page","status-publish"],"_links":{"self":[{"href":"https:\/\/pontualvagas.com.br\/tl\/wp-json\/wp\/v2\/pages\/124","targetHints":{"allow":["GET"]}}],"collection":[{"href":"https:\/\/pontualvagas.com.br\/tl\/wp-json\/wp\/v2\/pages"}],"about":[{"href":"https:\/\/pontualvagas.com.br\/tl\/wp-json\/wp\/v2\/types\/page"}],"author":[{"embeddable":true,"href":"https:\/\/pontualvagas.com.br\/tl\/wp-json\/wp\/v2\/users\/1"}],"replies":[{"embeddable":true,"href":"https:\/\/pontualvagas.com.br\/tl\/wp-json\/wp\/v2\/comments?post=124"}],"version-history":[{"count":1,"href":"https:\/\/pontualvagas.com.br\/tl\/wp-json\/wp\/v2\/pages\/124\/revisions"}],"predecessor-version":[{"id":125,"href":"https:\/\/pontualvagas.com.br\/tl\/wp-json\/wp\/v2\/pages\/124\/revisions\/125"}],"wp:attachment":[{"href":"https:\/\/pontualvagas.com.br\/tl\/wp-json\/wp\/v2\/media?parent=124"}],"curies":[{"name":"wp","href":"https:\/\/api.w.org\/{rel}","templated":true}]}}