{"id":122,"date":"2026-01-18T08:35:26","date_gmt":"2026-01-18T08:35:26","guid":{"rendered":"https:\/\/pontualvagas.com.br\/?page_id=122"},"modified":"2026-01-18T08:35:27","modified_gmt":"2026-01-18T08:35:27","slug":"mga-tuntunin-ng-paggamit","status":"publish","type":"page","link":"https:\/\/pontualvagas.com.br\/tl\/mga-tuntunin-ng-paggamit\/","title":{"rendered":"Mga Tuntunin ng Paggamit"},"content":{"rendered":"<p>Sa pamamagitan ng pag-access at paggamit ng website <strong>Mga Bakanteng Trabaho sa Oras<\/strong>Sa paggawa nito, sumasang-ayon kang sumunod at masaklaw ng mga tuntuning ito. <strong>Mga Tuntunin ng Paggamit<\/strong>kasama ang ating <strong>Patakaran sa Pagkapribado<\/strong>, na kumokontrol sa ugnayan sa pagitan ng <strong>Mga Bakanteng Trabaho sa Oras<\/strong> at ang gumagamit.<\/p>\n\n\n\n<p>Kung hindi ka sumasang-ayon sa alinmang bahagi ng mga tuntuning ito, inirerekomenda namin na <strong>huwag gamitin ang website na ito<\/strong>.<\/p>\n\n\n\n<h3 class=\"wp-block-heading\">Paggamit ng site<\/h3>\n\n\n\n<p>Ang nilalamang inilaan para magamit sa <strong>Mga Bakanteng Trabaho sa Oras<\/strong> may layunin <strong>para sa mga layuning pang-impormasyon lamang<\/strong>, na inilaan para sa paglalahad ng mga aplikasyon, digital na serbisyo, mga tip at nilalaman na may kaugnayan sa mga oportunidad, produktibidad at mga solusyon para magamit sa mga mobile device.<\/p>\n\n\n\n<p>Ang impormasyon sa website na ito ay maaaring magbago. <strong>Mga pagbabago, pag-update, o pag-aalis nang walang paunang abiso.<\/strong>.<\/p>\n\n\n\n<h3 class=\"wp-block-heading\">Pagtatanggi sa mga garantiya<\/h3>\n\n\n\n<p>Ni ang <strong>Mga Bakanteng Trabaho sa Oras<\/strong>Hindi kami, o ang mga ikatlong partido, ay nag-aalok ng anumang garantiya tungkol sa katumpakan, pagiging napapanahon, pagganap, pagkakumpleto, o pagiging angkop ng impormasyon, mga aplikasyon, o mga materyales na ipinakita sa website para sa anumang partikular na layunin.<\/p>\n\n\n\n<p>Ang paggamit ng anumang impormasyon, nilalaman, aplikasyon, o materyal na inilaan sa website ay iyong responsibilidad. <strong>buong responsibilidad ng gumagamit<\/strong>, na siyang sumasagot sa lahat ng panganib na nagmumula sa paggamit na ito.<\/p>\n\n\n\n<h3 class=\"wp-block-heading\">Mga link sa mga website at application ng third-party<\/h3>\n\n\n\n<p>ANG <strong>Mga Bakanteng Trabaho sa Oras<\/strong> Maaaring maglaman ng mga link papunta sa mga website, platform, o application ng ikatlong partido. Ang mga link na ito ay ibinibigay lamang para sa kaginhawahan ng gumagamit at upang magbigay ng karagdagang impormasyon.<\/p>\n\n\n\n<p>Wala kaming kontrol sa nilalaman, mga patakaran, o operasyon ng mga panlabas na website at application na ito, at hindi kami mananagot para sa anumang pinsala, pagkalugi, o mga problemang nagmumula sa paggamit ng mga ito.<\/p>\n\n\n\n<h3 class=\"wp-block-heading\">Responsibilidad ng gumagamit<\/h3>\n\n\n\n<p>Sa paggamit ng website na ito, sumasang-ayon ang gumagamit na:<\/p>\n\n\n\n<ul class=\"wp-block-list\">\n<li>Gamitin ang nilalaman sa naaayon sa batas at etikal na paraan;<\/li>\n\n\n\n<li>Huwag makisali sa mga ilegal o mapanlinlang na gawain, o mga gawaing lumalabag sa kasalukuyang batas;<\/li>\n\n\n\n<li>Huwag tangkaing sirain, dagdagan nang labis, o pakialaman ang operasyon ng website o mga sistema nito.<\/li>\n<\/ul>\n\n\n\n<h3 class=\"wp-block-heading\">Ari-ariang intelektwal<\/h3>\n\n\n\n<p>Lahat ng nilalaman na nasa <strong>Mga Bakanteng Trabaho sa Oras<\/strong>Ang lahat ng nilalaman, kabilang ang mga teksto, trademark, logo, larawan, at layout, ay protektado ng copyright at mga karapatan sa intelektwal na ari-arian. Ipinagbabawal ang ganap o bahagyang pagpaparami nang walang paunang pahintulot, maliban kung pinahihintulutan ng batas.<\/p>\n\n\n\n<h3 class=\"wp-block-heading\">Mga pagbabago sa mga tuntunin<\/h3>\n\n\n\n<p>ANG <strong>Mga Bakanteng Trabaho sa Oras<\/strong> ay may karapatang <strong>Ang mga Tuntunin ng Paggamit na ito ay maaaring baguhin anumang oras.<\/strong>nang walang paunang abiso. Ang patuloy na paggamit ng site pagkatapos ng mga pagbabago ay nagpapahiwatig ng awtomatikong pagtanggap sa mga bagong tuntunin.<\/p>\n\n\n\n<h3 class=\"wp-block-heading\">Pagtanggap ng mga tuntunin<\/h3>\n\n\n\n<p>Sa pamamagitan ng patuloy na pag-browse sa site <strong>Mga Bakanteng Trabaho sa Oras<\/strong>Sa paggawa nito, ipinapahayag ng gumagamit na kanilang nabasa, naunawaan, at lubos na sinasang-ayunan ang Mga Tuntunin ng Paggamit na ito.<\/p>","protected":false},"excerpt":{"rendered":"<p>Ao acessar e utilizar o site Pontual Vagas, voc\u00ea concorda em cumprir e ficar vinculado aos presentes Termos de Uso, juntamente com a nossa Pol\u00edtica de Privacidade, que regulam o relacionamento entre o Pontual Vagas e o usu\u00e1rio. Caso voc\u00ea n\u00e3o concorde com qualquer parte destes termos, recomendamos que n\u00e3o utilize este site. Uso do [&hellip;]<\/p>","protected":false},"author":1,"featured_media":0,"parent":0,"menu_order":0,"comment_status":"closed","ping_status":"closed","template":"","meta":{"footnotes":""},"class_list":["post-122","page","type-page","status-publish"],"_links":{"self":[{"href":"https:\/\/pontualvagas.com.br\/tl\/wp-json\/wp\/v2\/pages\/122","targetHints":{"allow":["GET"]}}],"collection":[{"href":"https:\/\/pontualvagas.com.br\/tl\/wp-json\/wp\/v2\/pages"}],"about":[{"href":"https:\/\/pontualvagas.com.br\/tl\/wp-json\/wp\/v2\/types\/page"}],"author":[{"embeddable":true,"href":"https:\/\/pontualvagas.com.br\/tl\/wp-json\/wp\/v2\/users\/1"}],"replies":[{"embeddable":true,"href":"https:\/\/pontualvagas.com.br\/tl\/wp-json\/wp\/v2\/comments?post=122"}],"version-history":[{"count":1,"href":"https:\/\/pontualvagas.com.br\/tl\/wp-json\/wp\/v2\/pages\/122\/revisions"}],"predecessor-version":[{"id":123,"href":"https:\/\/pontualvagas.com.br\/tl\/wp-json\/wp\/v2\/pages\/122\/revisions\/123"}],"wp:attachment":[{"href":"https:\/\/pontualvagas.com.br\/tl\/wp-json\/wp\/v2\/media?parent=122"}],"curies":[{"name":"wp","href":"https:\/\/api.w.org\/{rel}","templated":true}]}}