{"id":122,"date":"2026-01-18T08:35:26","date_gmt":"2026-01-18T08:35:26","guid":{"rendered":"https:\/\/pontualvagas.com.br\/?page_id=122"},"modified":"2026-01-18T08:35:27","modified_gmt":"2026-01-18T08:35:27","slug":"%e0%b9%80%e0%b8%87%e0%b8%b7%e0%b9%88%e0%b8%ad%e0%b8%99%e0%b9%84%e0%b8%82%e0%b8%81%e0%b8%b2%e0%b8%a3%e0%b9%83%e0%b8%8a%e0%b9%89%e0%b8%87%e0%b8%b2%e0%b8%99","status":"publish","type":"page","link":"https:\/\/pontualvagas.com.br\/th\/%e0%b9%80%e0%b8%87%e0%b8%b7%e0%b9%88%e0%b8%ad%e0%b8%99%e0%b9%84%e0%b8%82%e0%b8%81%e0%b8%b2%e0%b8%a3%e0%b9%83%e0%b8%8a%e0%b9%89%e0%b8%87%e0%b8%b2%e0%b8%99\/","title":{"rendered":"\u0e02\u0e49\u0e2d\u0e01\u0e33\u0e2b\u0e19\u0e14\u0e43\u0e19\u0e01\u0e32\u0e23\u0e43\u0e0a\u0e49\u0e07\u0e32\u0e19"},"content":{"rendered":"<p>\u0e42\u0e14\u0e22\u0e01\u0e32\u0e23\u0e40\u0e02\u0e49\u0e32\u0e16\u0e36\u0e07\u0e41\u0e25\u0e30\u0e43\u0e0a\u0e49\u0e07\u0e32\u0e19\u0e40\u0e27\u0e47\u0e1a\u0e44\u0e0b\u0e15\u0e4c <strong>\u0e15\u0e33\u0e41\u0e2b\u0e19\u0e48\u0e07\u0e07\u0e32\u0e19\u0e27\u0e48\u0e32\u0e07\u0e15\u0e23\u0e07\u0e40\u0e27\u0e25\u0e32<\/strong>\u0e01\u0e32\u0e23\u0e01\u0e23\u0e30\u0e17\u0e33\u0e14\u0e31\u0e07\u0e01\u0e25\u0e48\u0e32\u0e27\u0e16\u0e37\u0e2d\u0e40\u0e1b\u0e47\u0e19\u0e01\u0e32\u0e23\u0e22\u0e2d\u0e21\u0e23\u0e31\u0e1a\u0e41\u0e25\u0e30\u0e1c\u0e39\u0e01\u0e1e\u0e31\u0e19\u0e15\u0e32\u0e21\u0e02\u0e49\u0e2d\u0e01\u0e33\u0e2b\u0e19\u0e14\u0e40\u0e2b\u0e25\u0e48\u0e32\u0e19\u0e35\u0e49 <strong>\u0e02\u0e49\u0e2d\u0e01\u0e33\u0e2b\u0e19\u0e14\u0e43\u0e19\u0e01\u0e32\u0e23\u0e43\u0e0a\u0e49\u0e07\u0e32\u0e19<\/strong>\u0e23\u0e48\u0e27\u0e21\u0e01\u0e31\u0e1a\u0e40\u0e23\u0e32 <strong>\u0e19\u0e42\u0e22\u0e1a\u0e32\u0e22\u0e04\u0e27\u0e32\u0e21\u0e40\u0e1b\u0e47\u0e19\u0e2a\u0e48\u0e27\u0e19\u0e15\u0e31\u0e27<\/strong>\u0e0b\u0e36\u0e48\u0e07\u0e04\u0e27\u0e1a\u0e04\u0e38\u0e21\u0e04\u0e27\u0e32\u0e21\u0e2a\u0e31\u0e21\u0e1e\u0e31\u0e19\u0e18\u0e4c\u0e23\u0e30\u0e2b\u0e27\u0e48\u0e32\u0e07 <strong>\u0e15\u0e33\u0e41\u0e2b\u0e19\u0e48\u0e07\u0e07\u0e32\u0e19\u0e27\u0e48\u0e32\u0e07\u0e15\u0e23\u0e07\u0e40\u0e27\u0e25\u0e32<\/strong> \u0e41\u0e25\u0e30\u0e1c\u0e39\u0e49\u0e43\u0e0a\u0e49<\/p>\n\n\n\n<p>\u0e2b\u0e32\u0e01\u0e04\u0e38\u0e13\u0e44\u0e21\u0e48\u0e40\u0e2b\u0e47\u0e19\u0e14\u0e49\u0e27\u0e22\u0e01\u0e31\u0e1a\u0e02\u0e49\u0e2d\u0e01\u0e33\u0e2b\u0e19\u0e14\u0e43\u0e14\u0e46 \u0e43\u0e19\u0e02\u0e49\u0e2d\u0e15\u0e01\u0e25\u0e07\u0e19\u0e35\u0e49 \u0e40\u0e23\u0e32\u0e02\u0e2d\u0e41\u0e19\u0e30\u0e19\u0e33\u0e43\u0e2b\u0e49\u0e04\u0e38\u0e13 <strong>\u0e2b\u0e49\u0e32\u0e21\u0e43\u0e0a\u0e49\u0e40\u0e27\u0e47\u0e1a\u0e44\u0e0b\u0e15\u0e4c\u0e19\u0e35\u0e49<\/strong>.<\/p>\n\n\n\n<h3 class=\"wp-block-heading\">\u0e01\u0e32\u0e23\u0e43\u0e0a\u0e49\u0e07\u0e32\u0e19\u0e40\u0e27\u0e47\u0e1a\u0e44\u0e0b\u0e15\u0e4c<\/h3>\n\n\n\n<p>\u0e40\u0e19\u0e37\u0e49\u0e2d\u0e2b\u0e32\u0e17\u0e35\u0e48\u0e40\u0e1c\u0e22\u0e41\u0e1e\u0e23\u0e48\u0e43\u0e19 <strong>\u0e15\u0e33\u0e41\u0e2b\u0e19\u0e48\u0e07\u0e07\u0e32\u0e19\u0e27\u0e48\u0e32\u0e07\u0e15\u0e23\u0e07\u0e40\u0e27\u0e25\u0e32<\/strong> \u0e21\u0e35\u0e08\u0e38\u0e14\u0e1b\u0e23\u0e30\u0e2a\u0e07\u0e04\u0e4c <strong>\u0e40\u0e1e\u0e37\u0e48\u0e2d\u0e40\u0e1b\u0e47\u0e19\u0e02\u0e49\u0e2d\u0e21\u0e39\u0e25\u0e40\u0e17\u0e48\u0e32\u0e19\u0e31\u0e49\u0e19<\/strong>\u0e42\u0e14\u0e22\u0e21\u0e35\u0e08\u0e38\u0e14\u0e1b\u0e23\u0e30\u0e2a\u0e07\u0e04\u0e4c\u0e40\u0e1e\u0e37\u0e48\u0e2d\u0e19\u0e33\u0e40\u0e2a\u0e19\u0e2d\u0e41\u0e2d\u0e1b\u0e1e\u0e25\u0e34\u0e40\u0e04\u0e0a\u0e31\u0e19 \u0e1a\u0e23\u0e34\u0e01\u0e32\u0e23\u0e14\u0e34\u0e08\u0e34\u0e17\u0e31\u0e25 \u0e40\u0e04\u0e25\u0e47\u0e14\u0e25\u0e31\u0e1a \u0e41\u0e25\u0e30\u0e40\u0e19\u0e37\u0e49\u0e2d\u0e2b\u0e32\u0e17\u0e35\u0e48\u0e40\u0e01\u0e35\u0e48\u0e22\u0e27\u0e02\u0e49\u0e2d\u0e07\u0e01\u0e31\u0e1a\u0e42\u0e2d\u0e01\u0e32\u0e2a \u0e1b\u0e23\u0e30\u0e2a\u0e34\u0e17\u0e18\u0e34\u0e20\u0e32\u0e1e\u0e01\u0e32\u0e23\u0e17\u0e33\u0e07\u0e32\u0e19 \u0e41\u0e25\u0e30\u0e42\u0e0b\u0e25\u0e39\u0e0a\u0e31\u0e19\u0e2a\u0e33\u0e2b\u0e23\u0e31\u0e1a\u0e01\u0e32\u0e23\u0e43\u0e0a\u0e49\u0e07\u0e32\u0e19\u0e1a\u0e19\u0e2d\u0e38\u0e1b\u0e01\u0e23\u0e13\u0e4c\u0e40\u0e04\u0e25\u0e37\u0e48\u0e2d\u0e19\u0e17\u0e35\u0e48<\/p>\n\n\n\n<p>\u0e02\u0e49\u0e2d\u0e21\u0e39\u0e25\u0e43\u0e19\u0e40\u0e27\u0e47\u0e1a\u0e44\u0e0b\u0e15\u0e4c\u0e19\u0e35\u0e49\u0e2d\u0e32\u0e08\u0e21\u0e35\u0e01\u0e32\u0e23\u0e40\u0e1b\u0e25\u0e35\u0e48\u0e22\u0e19\u0e41\u0e1b\u0e25\u0e07\u0e44\u0e14\u0e49 <strong>\u0e01\u0e32\u0e23\u0e40\u0e1b\u0e25\u0e35\u0e48\u0e22\u0e19\u0e41\u0e1b\u0e25\u0e07 \u0e01\u0e32\u0e23\u0e2d\u0e31\u0e1b\u0e40\u0e14\u0e15 \u0e2b\u0e23\u0e37\u0e2d\u0e01\u0e32\u0e23\u0e25\u0e1a\u0e42\u0e14\u0e22\u0e44\u0e21\u0e48\u0e41\u0e08\u0e49\u0e07\u0e43\u0e2b\u0e49\u0e17\u0e23\u0e32\u0e1a\u0e25\u0e48\u0e27\u0e07\u0e2b\u0e19\u0e49\u0e32<\/strong>.<\/p>\n\n\n\n<h3 class=\"wp-block-heading\">\u0e01\u0e32\u0e23\u0e1b\u0e0f\u0e34\u0e40\u0e2a\u0e18\u0e01\u0e32\u0e23\u0e23\u0e31\u0e1a\u0e1b\u0e23\u0e30\u0e01\u0e31\u0e19<\/h3>\n\n\n\n<p>\u0e17\u0e31\u0e49\u0e07 <strong>\u0e15\u0e33\u0e41\u0e2b\u0e19\u0e48\u0e07\u0e07\u0e32\u0e19\u0e27\u0e48\u0e32\u0e07\u0e15\u0e23\u0e07\u0e40\u0e27\u0e25\u0e32<\/strong>\u0e17\u0e31\u0e49\u0e07\u0e40\u0e23\u0e32\u0e41\u0e25\u0e30\u0e1a\u0e38\u0e04\u0e04\u0e25\u0e17\u0e35\u0e48\u0e2a\u0e32\u0e21\u0e44\u0e21\u0e48\u0e23\u0e31\u0e1a\u0e1b\u0e23\u0e30\u0e01\u0e31\u0e19\u0e04\u0e27\u0e32\u0e21\u0e16\u0e39\u0e01\u0e15\u0e49\u0e2d\u0e07 \u0e04\u0e27\u0e32\u0e21\u0e17\u0e31\u0e19\u0e40\u0e27\u0e25\u0e32 \u0e1b\u0e23\u0e30\u0e2a\u0e34\u0e17\u0e18\u0e34\u0e20\u0e32\u0e1e \u0e04\u0e27\u0e32\u0e21\u0e2a\u0e21\u0e1a\u0e39\u0e23\u0e13\u0e4c \u0e2b\u0e23\u0e37\u0e2d\u0e04\u0e27\u0e32\u0e21\u0e40\u0e2b\u0e21\u0e32\u0e30\u0e2a\u0e21\u0e02\u0e2d\u0e07\u0e02\u0e49\u0e2d\u0e21\u0e39\u0e25 \u0e41\u0e2d\u0e1b\u0e1e\u0e25\u0e34\u0e40\u0e04\u0e0a\u0e31\u0e19 \u0e2b\u0e23\u0e37\u0e2d\u0e40\u0e2d\u0e01\u0e2a\u0e32\u0e23\u0e17\u0e35\u0e48\u0e19\u0e33\u0e40\u0e2a\u0e19\u0e2d\u0e43\u0e19\u0e40\u0e27\u0e47\u0e1a\u0e44\u0e0b\u0e15\u0e4c\u0e2a\u0e33\u0e2b\u0e23\u0e31\u0e1a\u0e27\u0e31\u0e15\u0e16\u0e38\u0e1b\u0e23\u0e30\u0e2a\u0e07\u0e04\u0e4c\u0e40\u0e09\u0e1e\u0e32\u0e30\u0e43\u0e14\u0e46<\/p>\n\n\n\n<p>\u0e01\u0e32\u0e23\u0e43\u0e0a\u0e49\u0e07\u0e32\u0e19\u0e02\u0e49\u0e2d\u0e21\u0e39\u0e25 \u0e40\u0e19\u0e37\u0e49\u0e2d\u0e2b\u0e32 \u0e41\u0e2d\u0e1b\u0e1e\u0e25\u0e34\u0e40\u0e04\u0e0a\u0e31\u0e19 \u0e2b\u0e23\u0e37\u0e2d\u0e27\u0e31\u0e2a\u0e14\u0e38\u0e43\u0e14\u0e46 \u0e17\u0e35\u0e48\u0e21\u0e35\u0e43\u0e2b\u0e49\u0e43\u0e0a\u0e49\u0e07\u0e32\u0e19\u0e1a\u0e19\u0e40\u0e27\u0e47\u0e1a\u0e44\u0e0b\u0e15\u0e4c\u0e19\u0e35\u0e49 \u0e40\u0e1b\u0e47\u0e19\u0e04\u0e27\u0e32\u0e21\u0e23\u0e31\u0e1a\u0e1c\u0e34\u0e14\u0e0a\u0e2d\u0e1a\u0e02\u0e2d\u0e07\u0e04\u0e38\u0e13\u0e40\u0e2d\u0e07 <strong>\u0e1c\u0e39\u0e49\u0e43\u0e0a\u0e49\u0e15\u0e49\u0e2d\u0e07\u0e23\u0e31\u0e1a\u0e1c\u0e34\u0e14\u0e0a\u0e2d\u0e1a\u0e2d\u0e22\u0e48\u0e32\u0e07\u0e40\u0e15\u0e47\u0e21\u0e17\u0e35\u0e48<\/strong>\u0e0b\u0e36\u0e48\u0e07\u0e22\u0e2d\u0e21\u0e23\u0e31\u0e1a\u0e04\u0e27\u0e32\u0e21\u0e40\u0e2a\u0e35\u0e48\u0e22\u0e07\u0e17\u0e31\u0e49\u0e07\u0e2b\u0e21\u0e14\u0e17\u0e35\u0e48\u0e2d\u0e32\u0e08\u0e40\u0e01\u0e34\u0e14\u0e02\u0e36\u0e49\u0e19\u0e08\u0e32\u0e01\u0e01\u0e32\u0e23\u0e43\u0e0a\u0e49\u0e07\u0e32\u0e19\u0e19\u0e35\u0e49<\/p>\n\n\n\n<h3 class=\"wp-block-heading\">\u0e25\u0e34\u0e07\u0e01\u0e4c\u0e44\u0e1b\u0e22\u0e31\u0e07\u0e40\u0e27\u0e47\u0e1a\u0e44\u0e0b\u0e15\u0e4c\u0e41\u0e25\u0e30\u0e41\u0e2d\u0e1b\u0e1e\u0e25\u0e34\u0e40\u0e04\u0e0a\u0e31\u0e19\u0e02\u0e2d\u0e07\u0e1a\u0e38\u0e04\u0e04\u0e25\u0e17\u0e35\u0e48\u0e2a\u0e32\u0e21<\/h3>\n\n\n\n<p>\u0e40\u0e14\u0e2d\u0e30 <strong>\u0e15\u0e33\u0e41\u0e2b\u0e19\u0e48\u0e07\u0e07\u0e32\u0e19\u0e27\u0e48\u0e32\u0e07\u0e15\u0e23\u0e07\u0e40\u0e27\u0e25\u0e32<\/strong> \u0e2d\u0e32\u0e08\u0e21\u0e35\u0e25\u0e34\u0e07\u0e01\u0e4c\u0e44\u0e1b\u0e22\u0e31\u0e07\u0e40\u0e27\u0e47\u0e1a\u0e44\u0e0b\u0e15\u0e4c \u0e41\u0e1e\u0e25\u0e15\u0e1f\u0e2d\u0e23\u0e4c\u0e21 \u0e2b\u0e23\u0e37\u0e2d\u0e41\u0e2d\u0e1b\u0e1e\u0e25\u0e34\u0e40\u0e04\u0e0a\u0e31\u0e19\u0e02\u0e2d\u0e07\u0e1a\u0e38\u0e04\u0e04\u0e25\u0e17\u0e35\u0e48\u0e2a\u0e32\u0e21 \u0e25\u0e34\u0e07\u0e01\u0e4c\u0e40\u0e2b\u0e25\u0e48\u0e32\u0e19\u0e35\u0e49\u0e21\u0e35\u0e44\u0e27\u0e49\u0e40\u0e1e\u0e37\u0e48\u0e2d\u0e2d\u0e33\u0e19\u0e27\u0e22\u0e04\u0e27\u0e32\u0e21\u0e2a\u0e30\u0e14\u0e27\u0e01\u0e41\u0e01\u0e48\u0e1c\u0e39\u0e49\u0e43\u0e0a\u0e49\u0e41\u0e25\u0e30\u0e40\u0e1e\u0e37\u0e48\u0e2d\u0e43\u0e2b\u0e49\u0e02\u0e49\u0e2d\u0e21\u0e39\u0e25\u0e40\u0e1e\u0e34\u0e48\u0e21\u0e40\u0e15\u0e34\u0e21\u0e40\u0e17\u0e48\u0e32\u0e19\u0e31\u0e49\u0e19<\/p>\n\n\n\n<p>\u0e40\u0e23\u0e32\u0e44\u0e21\u0e48\u0e2a\u0e32\u0e21\u0e32\u0e23\u0e16\u0e04\u0e27\u0e1a\u0e04\u0e38\u0e21\u0e40\u0e19\u0e37\u0e49\u0e2d\u0e2b\u0e32 \u0e19\u0e42\u0e22\u0e1a\u0e32\u0e22 \u0e2b\u0e23\u0e37\u0e2d\u0e01\u0e32\u0e23\u0e14\u0e33\u0e40\u0e19\u0e34\u0e19\u0e07\u0e32\u0e19\u0e02\u0e2d\u0e07\u0e40\u0e27\u0e47\u0e1a\u0e44\u0e0b\u0e15\u0e4c\u0e41\u0e25\u0e30\u0e41\u0e2d\u0e1b\u0e1e\u0e25\u0e34\u0e40\u0e04\u0e0a\u0e31\u0e19\u0e20\u0e32\u0e22\u0e19\u0e2d\u0e01\u0e40\u0e2b\u0e25\u0e48\u0e32\u0e19\u0e35\u0e49\u0e44\u0e14\u0e49 \u0e41\u0e25\u0e30\u0e40\u0e23\u0e32\u0e08\u0e30\u0e44\u0e21\u0e48\u0e23\u0e31\u0e1a\u0e1c\u0e34\u0e14\u0e0a\u0e2d\u0e1a\u0e15\u0e48\u0e2d\u0e04\u0e27\u0e32\u0e21\u0e40\u0e2a\u0e35\u0e22\u0e2b\u0e32\u0e22 \u0e01\u0e32\u0e23\u0e2a\u0e39\u0e0d\u0e40\u0e2a\u0e35\u0e22 \u0e2b\u0e23\u0e37\u0e2d\u0e1b\u0e31\u0e0d\u0e2b\u0e32\u0e43\u0e14\u0e46 \u0e17\u0e35\u0e48\u0e40\u0e01\u0e34\u0e14\u0e02\u0e36\u0e49\u0e19\u0e08\u0e32\u0e01\u0e01\u0e32\u0e23\u0e43\u0e0a\u0e49\u0e07\u0e32\u0e19\u0e40\u0e27\u0e47\u0e1a\u0e44\u0e0b\u0e15\u0e4c\u0e41\u0e25\u0e30\u0e41\u0e2d\u0e1b\u0e1e\u0e25\u0e34\u0e40\u0e04\u0e0a\u0e31\u0e19\u0e40\u0e2b\u0e25\u0e48\u0e32\u0e19\u0e31\u0e49\u0e19<\/p>\n\n\n\n<h3 class=\"wp-block-heading\">\u0e04\u0e27\u0e32\u0e21\u0e23\u0e31\u0e1a\u0e1c\u0e34\u0e14\u0e0a\u0e2d\u0e1a\u0e02\u0e2d\u0e07\u0e1c\u0e39\u0e49\u0e43\u0e0a\u0e49<\/h3>\n\n\n\n<p>\u0e01\u0e32\u0e23\u0e43\u0e0a\u0e49\u0e07\u0e32\u0e19\u0e40\u0e27\u0e47\u0e1a\u0e44\u0e0b\u0e15\u0e4c\u0e19\u0e35\u0e49\u0e2b\u0e21\u0e32\u0e22\u0e04\u0e27\u0e32\u0e21\u0e27\u0e48\u0e32\u0e1c\u0e39\u0e49\u0e43\u0e0a\u0e49\u0e22\u0e34\u0e19\u0e22\u0e2d\u0e21\u0e17\u0e35\u0e48\u0e08\u0e30\u0e1b\u0e0f\u0e34\u0e1a\u0e31\u0e15\u0e34\u0e15\u0e32\u0e21\u0e02\u0e49\u0e2d\u0e01\u0e33\u0e2b\u0e19\u0e14\u0e14\u0e31\u0e07\u0e15\u0e48\u0e2d\u0e44\u0e1b\u0e19\u0e35\u0e49:<\/p>\n\n\n\n<ul class=\"wp-block-list\">\n<li>\u0e43\u0e0a\u0e49\u0e40\u0e19\u0e37\u0e49\u0e2d\u0e2b\u0e32\u0e43\u0e19\u0e25\u0e31\u0e01\u0e29\u0e13\u0e30\u0e17\u0e35\u0e48\u0e16\u0e39\u0e01\u0e15\u0e49\u0e2d\u0e07\u0e15\u0e32\u0e21\u0e01\u0e0e\u0e2b\u0e21\u0e32\u0e22\u0e41\u0e25\u0e30\u0e21\u0e35\u0e08\u0e23\u0e34\u0e22\u0e18\u0e23\u0e23\u0e21<\/li>\n\n\n\n<li>\u0e2b\u0e49\u0e32\u0e21\u0e21\u0e35\u0e2a\u0e48\u0e27\u0e19\u0e23\u0e48\u0e27\u0e21\u0e43\u0e19\u0e01\u0e34\u0e08\u0e01\u0e23\u0e23\u0e21\u0e17\u0e35\u0e48\u0e1c\u0e34\u0e14\u0e01\u0e0e\u0e2b\u0e21\u0e32\u0e22\u0e2b\u0e23\u0e37\u0e2d\u0e09\u0e49\u0e2d\u0e42\u0e01\u0e07 \u0e2b\u0e23\u0e37\u0e2d\u0e01\u0e34\u0e08\u0e01\u0e23\u0e23\u0e21\u0e17\u0e35\u0e48\u0e1d\u0e48\u0e32\u0e1d\u0e37\u0e19\u0e01\u0e0e\u0e2b\u0e21\u0e32\u0e22\u0e43\u0e19\u0e1b\u0e31\u0e08\u0e08\u0e38\u0e1a\u0e31\u0e19<\/li>\n\n\n\n<li>\u0e2b\u0e49\u0e32\u0e21\u0e01\u0e23\u0e30\u0e17\u0e33\u0e01\u0e32\u0e23\u0e43\u0e14\u0e46 \u0e17\u0e35\u0e48\u0e08\u0e30\u0e17\u0e33\u0e43\u0e2b\u0e49\u0e40\u0e27\u0e47\u0e1a\u0e44\u0e0b\u0e15\u0e4c\u0e2b\u0e23\u0e37\u0e2d\u0e23\u0e30\u0e1a\u0e1a\u0e02\u0e2d\u0e07\u0e40\u0e27\u0e47\u0e1a\u0e44\u0e0b\u0e15\u0e4c\u0e40\u0e2a\u0e35\u0e22\u0e2b\u0e32\u0e22 \u0e43\u0e0a\u0e49\u0e07\u0e32\u0e19\u0e40\u0e01\u0e34\u0e19\u0e01\u0e33\u0e25\u0e31\u0e07 \u0e2b\u0e23\u0e37\u0e2d\u0e41\u0e17\u0e23\u0e01\u0e41\u0e0b\u0e07\u0e01\u0e32\u0e23\u0e17\u0e33\u0e07\u0e32\u0e19\u0e02\u0e2d\u0e07\u0e40\u0e27\u0e47\u0e1a\u0e44\u0e0b\u0e15\u0e4c<\/li>\n<\/ul>\n\n\n\n<h3 class=\"wp-block-heading\">\u0e17\u0e23\u0e31\u0e1e\u0e22\u0e4c\u0e2a\u0e34\u0e19\u0e17\u0e32\u0e07\u0e1b\u0e31\u0e0d\u0e0d\u0e32<\/h3>\n\n\n\n<p>\u0e40\u0e19\u0e37\u0e49\u0e2d\u0e2b\u0e32\u0e17\u0e31\u0e49\u0e07\u0e2b\u0e21\u0e14\u0e17\u0e35\u0e48\u0e21\u0e35\u0e2d\u0e22\u0e39\u0e48\u0e43\u0e19 <strong>\u0e15\u0e33\u0e41\u0e2b\u0e19\u0e48\u0e07\u0e07\u0e32\u0e19\u0e27\u0e48\u0e32\u0e07\u0e15\u0e23\u0e07\u0e40\u0e27\u0e25\u0e32<\/strong>\u0e40\u0e19\u0e37\u0e49\u0e2d\u0e2b\u0e32\u0e17\u0e31\u0e49\u0e07\u0e2b\u0e21\u0e14 \u0e23\u0e27\u0e21\u0e16\u0e36\u0e07\u0e02\u0e49\u0e2d\u0e04\u0e27\u0e32\u0e21 \u0e40\u0e04\u0e23\u0e37\u0e48\u0e2d\u0e07\u0e2b\u0e21\u0e32\u0e22\u0e01\u0e32\u0e23\u0e04\u0e49\u0e32 \u0e42\u0e25\u0e42\u0e01\u0e49 \u0e23\u0e39\u0e1b\u0e20\u0e32\u0e1e \u0e41\u0e25\u0e30\u0e23\u0e39\u0e1b\u0e41\u0e1a\u0e1a\u0e01\u0e32\u0e23\u0e08\u0e31\u0e14\u0e27\u0e32\u0e07 \u0e44\u0e14\u0e49\u0e23\u0e31\u0e1a\u0e01\u0e32\u0e23\u0e04\u0e38\u0e49\u0e21\u0e04\u0e23\u0e2d\u0e07\u0e42\u0e14\u0e22\u0e25\u0e34\u0e02\u0e2a\u0e34\u0e17\u0e18\u0e34\u0e4c\u0e41\u0e25\u0e30\u0e2a\u0e34\u0e17\u0e18\u0e34\u0e43\u0e19\u0e17\u0e23\u0e31\u0e1e\u0e22\u0e4c\u0e2a\u0e34\u0e19\u0e17\u0e32\u0e07\u0e1b\u0e31\u0e0d\u0e0d\u0e32 \u0e2b\u0e49\u0e32\u0e21\u0e21\u0e34\u0e43\u0e2b\u0e49\u0e17\u0e33\u0e0b\u0e49\u0e33\u0e17\u0e31\u0e49\u0e07\u0e2b\u0e21\u0e14\u0e2b\u0e23\u0e37\u0e2d\u0e1a\u0e32\u0e07\u0e2a\u0e48\u0e27\u0e19\u0e42\u0e14\u0e22\u0e44\u0e21\u0e48\u0e44\u0e14\u0e49\u0e23\u0e31\u0e1a\u0e2d\u0e19\u0e38\u0e0d\u0e32\u0e15\u0e25\u0e48\u0e27\u0e07\u0e2b\u0e19\u0e49\u0e32 \u0e40\u0e27\u0e49\u0e19\u0e41\u0e15\u0e48\u0e08\u0e30\u0e44\u0e14\u0e49\u0e23\u0e31\u0e1a\u0e2d\u0e19\u0e38\u0e0d\u0e32\u0e15\u0e15\u0e32\u0e21\u0e01\u0e0e\u0e2b\u0e21\u0e32\u0e22<\/p>\n\n\n\n<h3 class=\"wp-block-heading\">\u0e01\u0e32\u0e23\u0e40\u0e1b\u0e25\u0e35\u0e48\u0e22\u0e19\u0e41\u0e1b\u0e25\u0e07\u0e02\u0e49\u0e2d\u0e01\u0e33\u0e2b\u0e19\u0e14<\/h3>\n\n\n\n<p>\u0e40\u0e14\u0e2d\u0e30 <strong>\u0e15\u0e33\u0e41\u0e2b\u0e19\u0e48\u0e07\u0e07\u0e32\u0e19\u0e27\u0e48\u0e32\u0e07\u0e15\u0e23\u0e07\u0e40\u0e27\u0e25\u0e32<\/strong> \u0e2a\u0e07\u0e27\u0e19\u0e2a\u0e34\u0e17\u0e18\u0e34\u0e4c\u0e17\u0e35\u0e48\u0e08\u0e30 <strong>\u0e02\u0e49\u0e2d\u0e01\u0e33\u0e2b\u0e19\u0e14\u0e01\u0e32\u0e23\u0e43\u0e0a\u0e49\u0e07\u0e32\u0e19\u0e40\u0e2b\u0e25\u0e48\u0e32\u0e19\u0e35\u0e49\u0e2d\u0e32\u0e08\u0e21\u0e35\u0e01\u0e32\u0e23\u0e41\u0e01\u0e49\u0e44\u0e02\u0e44\u0e14\u0e49\u0e15\u0e25\u0e2d\u0e14\u0e40\u0e27\u0e25\u0e32<\/strong>\u0e42\u0e14\u0e22\u0e44\u0e21\u0e48\u0e15\u0e49\u0e2d\u0e07\u0e41\u0e08\u0e49\u0e07\u0e43\u0e2b\u0e49\u0e17\u0e23\u0e32\u0e1a\u0e25\u0e48\u0e27\u0e07\u0e2b\u0e19\u0e49\u0e32 \u0e01\u0e32\u0e23\u0e43\u0e0a\u0e49\u0e07\u0e32\u0e19\u0e40\u0e27\u0e47\u0e1a\u0e44\u0e0b\u0e15\u0e4c\u0e15\u0e48\u0e2d\u0e44\u0e1b\u0e2b\u0e25\u0e31\u0e07\u0e08\u0e32\u0e01\u0e21\u0e35\u0e01\u0e32\u0e23\u0e40\u0e1b\u0e25\u0e35\u0e48\u0e22\u0e19\u0e41\u0e1b\u0e25\u0e07\u0e08\u0e30\u0e16\u0e37\u0e2d\u0e27\u0e48\u0e32\u0e04\u0e38\u0e13\u0e22\u0e2d\u0e21\u0e23\u0e31\u0e1a\u0e02\u0e49\u0e2d\u0e01\u0e33\u0e2b\u0e19\u0e14\u0e43\u0e2b\u0e21\u0e48\u0e42\u0e14\u0e22\u0e2d\u0e31\u0e15\u0e42\u0e19\u0e21\u0e31\u0e15\u0e34<\/p>\n\n\n\n<h3 class=\"wp-block-heading\">\u0e01\u0e32\u0e23\u0e22\u0e2d\u0e21\u0e23\u0e31\u0e1a\u0e40\u0e07\u0e37\u0e48\u0e2d\u0e19\u0e44\u0e02<\/h3>\n\n\n\n<p>\u0e42\u0e14\u0e22\u0e01\u0e32\u0e23\u0e40\u0e23\u0e35\u0e22\u0e01\u0e14\u0e39\u0e40\u0e27\u0e47\u0e1a\u0e44\u0e0b\u0e15\u0e4c\u0e15\u0e48\u0e2d\u0e44\u0e1b <strong>\u0e15\u0e33\u0e41\u0e2b\u0e19\u0e48\u0e07\u0e07\u0e32\u0e19\u0e27\u0e48\u0e32\u0e07\u0e15\u0e23\u0e07\u0e40\u0e27\u0e25\u0e32<\/strong>\u0e01\u0e32\u0e23\u0e01\u0e23\u0e30\u0e17\u0e33\u0e14\u0e31\u0e07\u0e01\u0e25\u0e48\u0e32\u0e27\u0e16\u0e37\u0e2d\u0e40\u0e1b\u0e47\u0e19\u0e01\u0e32\u0e23\u0e23\u0e31\u0e1a\u0e23\u0e2d\u0e07\u0e27\u0e48\u0e32\u0e1c\u0e39\u0e49\u0e43\u0e0a\u0e49\u0e44\u0e14\u0e49\u0e2d\u0e48\u0e32\u0e19 \u0e40\u0e02\u0e49\u0e32\u0e43\u0e08 \u0e41\u0e25\u0e30\u0e22\u0e2d\u0e21\u0e23\u0e31\u0e1a\u0e02\u0e49\u0e2d\u0e01\u0e33\u0e2b\u0e19\u0e14\u0e01\u0e32\u0e23\u0e43\u0e0a\u0e49\u0e07\u0e32\u0e19\u0e40\u0e2b\u0e25\u0e48\u0e32\u0e19\u0e35\u0e49\u0e42\u0e14\u0e22\u0e2a\u0e21\u0e1a\u0e39\u0e23\u0e13\u0e4c<\/p>","protected":false},"excerpt":{"rendered":"<p>Ao acessar e utilizar o site Pontual Vagas, voc\u00ea concorda em cumprir e ficar vinculado aos presentes Termos de Uso, juntamente com a nossa Pol\u00edtica de Privacidade, que regulam o relacionamento entre o Pontual Vagas e o usu\u00e1rio. Caso voc\u00ea n\u00e3o concorde com qualquer parte destes termos, recomendamos que n\u00e3o utilize este site. Uso do [&hellip;]<\/p>","protected":false},"author":1,"featured_media":0,"parent":0,"menu_order":0,"comment_status":"closed","ping_status":"closed","template":"","meta":{"footnotes":""},"class_list":["post-122","page","type-page","status-publish"],"_links":{"self":[{"href":"https:\/\/pontualvagas.com.br\/th\/wp-json\/wp\/v2\/pages\/122","targetHints":{"allow":["GET"]}}],"collection":[{"href":"https:\/\/pontualvagas.com.br\/th\/wp-json\/wp\/v2\/pages"}],"about":[{"href":"https:\/\/pontualvagas.com.br\/th\/wp-json\/wp\/v2\/types\/page"}],"author":[{"embeddable":true,"href":"https:\/\/pontualvagas.com.br\/th\/wp-json\/wp\/v2\/users\/1"}],"replies":[{"embeddable":true,"href":"https:\/\/pontualvagas.com.br\/th\/wp-json\/wp\/v2\/comments?post=122"}],"version-history":[{"count":1,"href":"https:\/\/pontualvagas.com.br\/th\/wp-json\/wp\/v2\/pages\/122\/revisions"}],"predecessor-version":[{"id":123,"href":"https:\/\/pontualvagas.com.br\/th\/wp-json\/wp\/v2\/pages\/122\/revisions\/123"}],"wp:attachment":[{"href":"https:\/\/pontualvagas.com.br\/th\/wp-json\/wp\/v2\/media?parent=122"}],"curies":[{"name":"wp","href":"https:\/\/api.w.org\/{rel}","templated":true}]}}