{"id":124,"date":"2026-01-18T08:36:06","date_gmt":"2026-01-18T08:36:06","guid":{"rendered":"https:\/\/pontualvagas.com.br\/?page_id=124"},"modified":"2026-01-18T08:36:07","modified_gmt":"2026-01-18T08:36:07","slug":"kontakta","status":"publish","type":"page","link":"https:\/\/pontualvagas.com.br\/sv\/kontakta\/","title":{"rendered":"Kontakta"},"content":{"rendered":"<p>V\u00e4lkommen! Detta \u00e4r den officiella kontaktsidan f\u00f6r <strong>Punktliga lediga tj\u00e4nster<\/strong>H\u00e4r kan du kontakta oss f\u00f6r att st\u00e4lla fr\u00e5gor, skicka f\u00f6rslag, l\u00e4mna in klagom\u00e5l eller \u00e5tg\u00e4rda andra problem som r\u00f6r v\u00e5r webbplats och det inneh\u00e5ll vi publicerar.<\/p>\n\n\n\n<p>V\u00e5rt m\u00e5l \u00e4r att erbjuda b\u00e4sta m\u00f6jliga anv\u00e4ndarupplevelse, s\u00e5 vi v\u00e4rdes\u00e4tter din feedback mycket. Om du har n\u00e5gra fr\u00e5gor om hur webbplatsen fungerar, hur du anv\u00e4nder de rekommenderade applikationerna eller om v\u00e5rt inneh\u00e5ll, \u00e4r du v\u00e4lkommen att skriva till oss.<\/p>\n\n\n\n<p>Vi \u00e4r ocks\u00e5 alltid \u00f6ppna f\u00f6r f\u00f6rslag p\u00e5 f\u00f6rb\u00e4ttringar och konstruktiv kritik. Din \u00e5sikt \u00e4r avg\u00f6rande f\u00f6r att vi ska kunna utvecklas, korrigera eventuella problem och leverera alltmer anv\u00e4ndbar och tillf\u00f6rlitlig information.<\/p>\n\n\n\n<p>F\u00f6r att kontakta oss, fyll bara i formul\u00e4ret p\u00e5 den h\u00e4r sidan med dina uppgifter och ditt meddelande. V\u00e5rt team kommer att g\u00f6ra sitt b\u00e4sta f\u00f6r att svara s\u00e5 snabbt som m\u00f6jligt.<\/p>\n\n\n\n<p>Tack f\u00f6r bes\u00f6ket <strong>Punktliga lediga tj\u00e4nster<\/strong> Och vi tar g\u00e4rna emot ditt meddelande.<\/p>\n\n\n\n<p><strong>Kontakt-e-postadress:<\/strong><br>\ud83d\udce7 kontakta oss p\u00e5 adressen contato@pontualvagas.com.br<\/p>\n\n\n\n<p><\/p>","protected":false},"excerpt":{"rendered":"<p>Bem-vindo! Esta \u00e9 a p\u00e1gina oficial de contato do Pontual Vagas. Aqui voc\u00ea pode entrar em contato conosco para tirar d\u00favidas, enviar sugest\u00f5es, fazer reclama\u00e7\u00f5es ou tratar de qualquer outro assunto relacionado ao nosso site e aos conte\u00fados que publicamos. Nosso objetivo \u00e9 oferecer a melhor experi\u00eancia poss\u00edvel aos usu\u00e1rios, por isso valorizamos muito o [&hellip;]<\/p>","protected":false},"author":1,"featured_media":0,"parent":0,"menu_order":0,"comment_status":"closed","ping_status":"closed","template":"","meta":{"footnotes":""},"class_list":["post-124","page","type-page","status-publish"],"_links":{"self":[{"href":"https:\/\/pontualvagas.com.br\/sv\/wp-json\/wp\/v2\/pages\/124","targetHints":{"allow":["GET"]}}],"collection":[{"href":"https:\/\/pontualvagas.com.br\/sv\/wp-json\/wp\/v2\/pages"}],"about":[{"href":"https:\/\/pontualvagas.com.br\/sv\/wp-json\/wp\/v2\/types\/page"}],"author":[{"embeddable":true,"href":"https:\/\/pontualvagas.com.br\/sv\/wp-json\/wp\/v2\/users\/1"}],"replies":[{"embeddable":true,"href":"https:\/\/pontualvagas.com.br\/sv\/wp-json\/wp\/v2\/comments?post=124"}],"version-history":[{"count":1,"href":"https:\/\/pontualvagas.com.br\/sv\/wp-json\/wp\/v2\/pages\/124\/revisions"}],"predecessor-version":[{"id":125,"href":"https:\/\/pontualvagas.com.br\/sv\/wp-json\/wp\/v2\/pages\/124\/revisions\/125"}],"wp:attachment":[{"href":"https:\/\/pontualvagas.com.br\/sv\/wp-json\/wp\/v2\/media?parent=124"}],"curies":[{"name":"wp","href":"https:\/\/api.w.org\/{rel}","templated":true}]}}