{"id":122,"date":"2026-01-18T08:35:26","date_gmt":"2026-01-18T08:35:26","guid":{"rendered":"https:\/\/pontualvagas.com.br\/?page_id=122"},"modified":"2026-01-18T08:35:27","modified_gmt":"2026-01-18T08:35:27","slug":"anvandarvillkor","status":"publish","type":"page","link":"https:\/\/pontualvagas.com.br\/sv\/anvandarvillkor\/","title":{"rendered":"Anv\u00e4ndarvillkor"},"content":{"rendered":"<p>Genom att bes\u00f6ka och anv\u00e4nda webbplatsen <strong>Punktliga lediga tj\u00e4nster<\/strong>Genom att g\u00f6ra det samtycker du till att f\u00f6lja och vara bunden av dessa villkor. <strong>Anv\u00e4ndarvillkor<\/strong>tillsammans med v\u00e5ra <strong>Integritetspolicy<\/strong>, som reglerar f\u00f6rh\u00e5llandet mellan <strong>Punktliga lediga tj\u00e4nster<\/strong> och anv\u00e4ndaren.<\/p>\n\n\n\n<p>Om du inte godk\u00e4nner n\u00e5gon del av dessa villkor rekommenderar vi att du <strong>anv\u00e4nd inte den h\u00e4r webbplatsen<\/strong>.<\/p>\n\n\n\n<h3 class=\"wp-block-heading\">Anv\u00e4ndning av webbplatsen<\/h3>\n\n\n\n<p>Inneh\u00e5llet som gjorts tillg\u00e4ngligt i <strong>Punktliga lediga tj\u00e4nster<\/strong> har ett syfte <strong>endast i informationssyfte<\/strong>, avsedd f\u00f6r presentation av applikationer, digitala tj\u00e4nster, tips och inneh\u00e5ll relaterat till m\u00f6jligheter, produktivitet och l\u00f6sningar f\u00f6r anv\u00e4ndning p\u00e5 mobila enheter.<\/p>\n\n\n\n<p>Informationen p\u00e5 denna webbplats kan komma att \u00e4ndras. <strong>\u00c4ndringar, uppdateringar eller borttagningar utan f\u00f6reg\u00e5ende meddelande.<\/strong>.<\/p>\n\n\n\n<h3 class=\"wp-block-heading\">Friskrivning fr\u00e5n garantier<\/h3>\n\n\n\n<p>Varken den <strong>Punktliga lediga tj\u00e4nster<\/strong>Varken vi eller tredje part erbjuder n\u00e5gra garantier f\u00f6r riktigheten, aktualiteten, prestandan, fullst\u00e4ndigheten eller l\u00e4mpligheten hos informationen, applikationerna eller materialet som presenteras p\u00e5 webbplatsen f\u00f6r n\u00e5got specifikt \u00e4ndam\u00e5l.<\/p>\n\n\n\n<p>Anv\u00e4ndningen av information, inneh\u00e5ll, applikationer eller material som g\u00f6rs tillg\u00e4ngligt p\u00e5 webbplatsen \u00e4r ditt ansvar. <strong>anv\u00e4ndarens fulla ansvar<\/strong>, som tar p\u00e5 sig alla risker som uppst\u00e5r vid denna anv\u00e4ndning.<\/p>\n\n\n\n<h3 class=\"wp-block-heading\">L\u00e4nkar till webbplatser och appar fr\u00e5n tredje part<\/h3>\n\n\n\n<p>DE <strong>Punktliga lediga tj\u00e4nster<\/strong> Kan inneh\u00e5lla l\u00e4nkar till webbplatser, plattformar eller appar fr\u00e5n tredje part. Dessa l\u00e4nkar tillhandah\u00e5lls enbart f\u00f6r anv\u00e4ndarens bekv\u00e4mlighet och f\u00f6r att ge ytterligare information.<\/p>\n\n\n\n<p>Vi har ingen kontroll \u00f6ver inneh\u00e5llet, policyerna eller driften av dessa externa webbplatser och applikationer, och ansvarar inte f\u00f6r n\u00e5gra skador, f\u00f6rluster eller problem som uppst\u00e5r till f\u00f6ljd av deras anv\u00e4ndning.<\/p>\n\n\n\n<h3 class=\"wp-block-heading\">Anv\u00e4ndaransvar<\/h3>\n\n\n\n<p>Genom att anv\u00e4nda denna webbplats samtycker anv\u00e4ndaren till:<\/p>\n\n\n\n<ul class=\"wp-block-list\">\n<li>Anv\u00e4nda inneh\u00e5llet p\u00e5 ett lagligt och etiskt s\u00e4tt;<\/li>\n\n\n\n<li>Delta inte i olaglig eller bedr\u00e4glig verksamhet, eller verksamhet som bryter mot g\u00e4llande lagstiftning;<\/li>\n\n\n\n<li>F\u00f6rs\u00f6k inte att skada, \u00f6verbelasta eller st\u00f6ra webbplatsens eller dess systems funktion.<\/li>\n<\/ul>\n\n\n\n<h3 class=\"wp-block-heading\">Immateriella r\u00e4ttigheter<\/h3>\n\n\n\n<p>Allt inneh\u00e5ll som finns i <strong>Punktliga lediga tj\u00e4nster<\/strong>Allt inneh\u00e5ll, inklusive texter, varum\u00e4rken, logotyper, bilder och layouter, \u00e4r skyddat av upphovsr\u00e4tt och immateriella r\u00e4ttigheter. Hel eller delvis reproduktion \u00e4r f\u00f6rbjuden utan f\u00f6reg\u00e5ende tillst\u00e5nd, f\u00f6rutom i den m\u00e5n det \u00e4r till\u00e5tet enligt lag.<\/p>\n\n\n\n<h3 class=\"wp-block-heading\">\u00c4ndringar av villkoren<\/h3>\n\n\n\n<p>DE <strong>Punktliga lediga tj\u00e4nster<\/strong> f\u00f6rbeh\u00e5ller sig r\u00e4tten att <strong>Dessa anv\u00e4ndarvillkor kan \u00e4ndras n\u00e4r som helst.<\/strong>utan f\u00f6reg\u00e5ende meddelande. Fortsatt anv\u00e4ndning av webbplatsen efter \u00e4ndringar inneb\u00e4r automatiskt godk\u00e4nnande av de nya villkoren.<\/p>\n\n\n\n<h3 class=\"wp-block-heading\">Godk\u00e4nnande av villkor<\/h3>\n\n\n\n<p>Genom att forts\u00e4tta surfa p\u00e5 webbplatsen <strong>Punktliga lediga tj\u00e4nster<\/strong>Genom att g\u00f6ra detta f\u00f6rs\u00e4krar anv\u00e4ndaren att de har l\u00e4st, f\u00f6rst\u00e5tt och helt godk\u00e4nner dessa Anv\u00e4ndarvillkor.<\/p>","protected":false},"excerpt":{"rendered":"<p>Ao acessar e utilizar o site Pontual Vagas, voc\u00ea concorda em cumprir e ficar vinculado aos presentes Termos de Uso, juntamente com a nossa Pol\u00edtica de Privacidade, que regulam o relacionamento entre o Pontual Vagas e o usu\u00e1rio. Caso voc\u00ea n\u00e3o concorde com qualquer parte destes termos, recomendamos que n\u00e3o utilize este site. Uso do [&hellip;]<\/p>","protected":false},"author":1,"featured_media":0,"parent":0,"menu_order":0,"comment_status":"closed","ping_status":"closed","template":"","meta":{"footnotes":""},"class_list":["post-122","page","type-page","status-publish"],"_links":{"self":[{"href":"https:\/\/pontualvagas.com.br\/sv\/wp-json\/wp\/v2\/pages\/122","targetHints":{"allow":["GET"]}}],"collection":[{"href":"https:\/\/pontualvagas.com.br\/sv\/wp-json\/wp\/v2\/pages"}],"about":[{"href":"https:\/\/pontualvagas.com.br\/sv\/wp-json\/wp\/v2\/types\/page"}],"author":[{"embeddable":true,"href":"https:\/\/pontualvagas.com.br\/sv\/wp-json\/wp\/v2\/users\/1"}],"replies":[{"embeddable":true,"href":"https:\/\/pontualvagas.com.br\/sv\/wp-json\/wp\/v2\/comments?post=122"}],"version-history":[{"count":1,"href":"https:\/\/pontualvagas.com.br\/sv\/wp-json\/wp\/v2\/pages\/122\/revisions"}],"predecessor-version":[{"id":123,"href":"https:\/\/pontualvagas.com.br\/sv\/wp-json\/wp\/v2\/pages\/122\/revisions\/123"}],"wp:attachment":[{"href":"https:\/\/pontualvagas.com.br\/sv\/wp-json\/wp\/v2\/media?parent=122"}],"curies":[{"name":"wp","href":"https:\/\/api.w.org\/{rel}","templated":true}]}}