{"id":120,"date":"2026-01-18T08:33:27","date_gmt":"2026-01-18T08:33:27","guid":{"rendered":"https:\/\/pontualvagas.com.br\/?page_id=120"},"modified":"2026-01-18T08:33:28","modified_gmt":"2026-01-18T08:33:28","slug":"integritetspolicy","status":"publish","type":"page","link":"https:\/\/pontualvagas.com.br\/sv\/integritetspolicy\/","title":{"rendered":"Integritetspolicy"},"content":{"rendered":"<p>Din integritet \u00e4r viktig f\u00f6r oss. Det \u00e4r v\u00e5r policy. <strong>Punktliga lediga tj\u00e4nster<\/strong> Vi respekterar din integritet g\u00e4llande all information vi kan komma att samla in fr\u00e5n dig p\u00e5 webbplatsen. <strong>Punktliga lediga tj\u00e4nster<\/strong>, s\u00e5v\u00e4l som p\u00e5 andra webbplatser som vi \u00e4ger och driver.<\/p>\n\n\n\n<p>Vi beg\u00e4r endast personuppgifter n\u00e4r vi verkligen beh\u00f6ver dem f\u00f6r att tillhandah\u00e5lla en tj\u00e4nst till anv\u00e4ndaren. Vi g\u00f6r det r\u00e4ttvist och lagligt, med din vetskap och ditt samtycke. Vi informerar dig ocks\u00e5 om varf\u00f6r vi samlar in denna information och hur den kommer att anv\u00e4ndas.<\/p>\n\n\n\n<p>Vi beh\u00e5ller endast insamlad information s\u00e5 l\u00e4nge som det \u00e4r n\u00f6dv\u00e4ndigt f\u00f6r att tillhandah\u00e5lla den beg\u00e4rda tj\u00e4nsten. N\u00e4r vi lagrar data anv\u00e4nder vi kommersiellt acceptabla metoder f\u00f6r att skydda dem mot f\u00f6rlust, st\u00f6ld, obeh\u00f6rig \u00e5tkomst, avsl\u00f6jande, kopiering, missbruk eller modifiering.<\/p>\n\n\n\n<p>Vi delar inte personligt identifierbar information offentligt eller med tredje part, f\u00f6rutom n\u00e4r det kr\u00e4vs enligt lag.<\/p>\n\n\n\n<p>DE <strong>Punktliga lediga tj\u00e4nster<\/strong> Detta kan inneh\u00e5lla l\u00e4nkar till externa webbplatser, applikationer eller tj\u00e4nster som inte drivs av oss. Observera att vi inte har n\u00e5gon kontroll \u00f6ver inneh\u00e5llet och praxisen p\u00e5 dessa webbplatser och kan inte h\u00e5llas ansvariga f\u00f6r deras respektive integritetspolicyer.<\/p>\n\n\n\n<p>Anv\u00e4ndaren kan avb\u00f6ja beg\u00e4ran om personuppgifter, med f\u00f6rst\u00e5else f\u00f6r att det kanske inte \u00e4r m\u00f6jligt att tillhandah\u00e5lla vissa av de \u00f6nskade tj\u00e4nsterna.<\/p>\n\n\n\n<p>Fortsatt anv\u00e4ndning av webbplatsen <strong>Punktliga lediga tj\u00e4nster<\/strong> Din feedback kommer att betraktas som ett godk\u00e4nnande av v\u00e5ra rutiner g\u00e4llande integritet och anv\u00e4ndning av personuppgifter. Om du har n\u00e5gra fr\u00e5gor om hur vi hanterar anv\u00e4ndardata, v\u00e4nligen kontakta oss via kontaktsidan.<\/p>\n\n\n\n<h2 class=\"wp-block-heading\">Pontual Vagas cookiepolicy<\/h2>\n\n\n\n<h3 class=\"wp-block-heading\">Vad \u00e4r kakor?<\/h3>\n\n\n\n<p>Som vanligt p\u00e5 n\u00e4stan alla professionella webbplatser anv\u00e4nder den h\u00e4r webbplatsen cookies, sm\u00e5 filer som lagras p\u00e5 din enhet, f\u00f6r att f\u00f6rb\u00e4ttra din webbupplevelse.<\/p>\n\n\n\n<p>Det h\u00e4r avsnittet f\u00f6rklarar vilken information cookies samlar in, hur vi anv\u00e4nder den och varf\u00f6r vi i vissa fall beh\u00f6ver lagra dem.<\/p>\n\n\n\n<h3 class=\"wp-block-heading\">Hur anv\u00e4nder vi cookies?<\/h3>\n\n\n\n<p>Vi anv\u00e4nder cookies av olika sk\u00e4l, bland annat:<\/p>\n\n\n\n<ul class=\"wp-block-list\">\n<li>F\u00f6r att s\u00e4kerst\u00e4lla att webbplatsen fungerar korrekt;<\/li>\n\n\n\n<li>F\u00f6rb\u00e4ttra anv\u00e4ndarupplevelsen;<\/li>\n\n\n\n<li>Analysera surfbeteende;<\/li>\n\n\n\n<li>Visa mer relevant inneh\u00e5ll och annonser.<\/li>\n<\/ul>\n\n\n\n<p>I de flesta fall finns det inga branschstandardalternativ f\u00f6r att inaktivera cookies utan att kompromissa med viktig webbplatsfunktionalitet. Det rekommenderas att l\u00e5ta cookies vara aktiverade om du \u00e4r os\u00e4ker p\u00e5 om du beh\u00f6ver dem eller inte.<\/p>\n\n\n\n<h3 class=\"wp-block-heading\">Inaktivera cookies<\/h3>\n\n\n\n<p>Du kan f\u00f6rhindra att cookies sparas genom att justera inst\u00e4llningarna i din webbl\u00e4sare. T\u00e4nk dock p\u00e5 att inaktivering av cookies kan p\u00e5verka funktionaliteten p\u00e5 denna och andra webbplatser som du bes\u00f6ker.<\/p>\n\n\n\n<h2 class=\"wp-block-heading\">Cookies vi anv\u00e4nder<\/h2>\n\n\n\n<h3 class=\"wp-block-heading\">Kontorelaterade cookies<\/h3>\n\n\n\n<p>Om en anv\u00e4ndare skapar ett konto (om till\u00e4mpligt) anv\u00e4nder vi cookies f\u00f6r att hantera registreringsprocessen och allm\u00e4n administration. Dessa cookies tas vanligtvis bort n\u00e4r kontot loggas ut.<\/p>\n\n\n\n<h3 class=\"wp-block-heading\">Inloggningsrelaterade cookies<\/h3>\n\n\n\n<p>Anv\u00e4nds f\u00f6r att p\u00e5minna anv\u00e4ndaren om att de \u00e4r inloggade, vilket undviker behovet av att logga in upprepade g\u00e5nger p\u00e5 varje sida. De tas bort efter utloggning.<\/p>\n\n\n\n<h3 class=\"wp-block-heading\">Cookies relaterade till e-postnyhetsbrev<\/h3>\n\n\n\n<p>Om webbplatsen erbjuder nyhetsbrevs- eller aviseringsregistrering kan cookies anv\u00e4ndas f\u00f6r att komma ih\u00e5g om anv\u00e4ndaren redan prenumererar.<\/p>\n\n\n\n<h3 class=\"wp-block-heading\">Formul\u00e4rrelaterade cookies<\/h3>\n\n\n\n<p>N\u00e4r en anv\u00e4ndare skickar in information via formul\u00e4r (t.ex. kontaktformul\u00e4r eller kommentarer) kan cookies anv\u00e4ndas f\u00f6r att komma ih\u00e5g anv\u00e4ndardata f\u00f6r framtida interaktioner.<\/p>\n\n\n\n<h3 class=\"wp-block-heading\">Webbplatspreferenscookies<\/h3>\n\n\n\n<p>Anv\u00e4nds f\u00f6r att lagra anv\u00e4ndarinst\u00e4llningar, vilket s\u00e4kerst\u00e4ller en personlig webbupplevelse.<\/p>\n\n\n\n<h2 class=\"wp-block-heading\">Tredjepartscookies<\/h2>\n\n\n\n<p>DE <strong>Punktliga lediga tj\u00e4nster<\/strong> Du kan anv\u00e4nda cookies fr\u00e5n betrodda tredje parter, inklusive men inte begr\u00e4nsat till:<\/p>\n\n\n\n<h3 class=\"wp-block-heading\">Google Analytics<\/h3>\n\n\n\n<p>Vi anv\u00e4nder Google Analytics f\u00f6r att f\u00f6rst\u00e5 hur anv\u00e4ndare anv\u00e4nder webbplatsen och f\u00f6r att f\u00f6rb\u00e4ttra webbupplevelsen. Dessa cookies kan sp\u00e5ra information som bes\u00f6kta sidor och tid som spenderats p\u00e5 webbplatsen.<\/p>\n\n\n\n<p>F\u00f6r mer information, v\u00e4nligen se den officiella Google Analytics-policyn.<\/p>\n\n\n\n<h3 class=\"wp-block-heading\">Reklam och int\u00e4ktsgenerering<\/h3>\n\n\n\n<p>Vi kan komma att anv\u00e4nda annonstj\u00e4nster (som Google AdSense) som anv\u00e4nder cookies f\u00f6r att visa annonser som \u00e4r relevanta f\u00f6r anv\u00e4ndaren baserat p\u00e5 tidigare bes\u00f6k p\u00e5 denna eller andra webbplatser.<\/p>\n\n\n\n<h2 class=\"wp-block-heading\">Anv\u00e4ndarengagemang<\/h2>\n\n\n\n<p>Anv\u00e4ndaren samtycker till att p\u00e5 l\u00e4mpligt s\u00e4tt anv\u00e4nda inneh\u00e5llet och informationen som tillhandah\u00e5lls av <strong>Punktliga lediga tj\u00e4nster<\/strong>, som \u00e5tar sig att:<\/p>\n\n\n\n<p>A) Att inte delta i olaglig verksamhet eller verksamhet som strider mot god tro och allm\u00e4n ordning;<br>B) Att inte sprida inneh\u00e5ll av rasistisk, fr\u00e4mlingsfientlig, diskriminerande eller olaglig karakt\u00e4r, eller inneh\u00e5ll som fr\u00e4mjar terrorism eller kr\u00e4nker m\u00e4nskliga r\u00e4ttigheter;<br>C) Att inte orsaka skada p\u00e5 de fysiska eller logiska systemen hos <strong>Punktliga lediga tj\u00e4nster<\/strong>fr\u00e5n dess leverant\u00f6rer eller tredje part, och inte heller sprida virus eller andra system som kan orsaka skada.<\/p>\n\n\n\n<h2 class=\"wp-block-heading\">Mer information<\/h2>\n\n\n\n<p>Vi hoppas att denna policy \u00e4r tydlig. Om du har n\u00e5gra fr\u00e5gor om anv\u00e4ndningen av cookies eller personuppgifter \u00e4r det generellt s\u00e4krare att l\u00e5ta cookies vara aktiverade f\u00f6r att s\u00e4kerst\u00e4lla att webbplatsens funktioner fungerar korrekt.<\/p>\n\n\n\n<p>Om du har n\u00e5gra fr\u00e5gor, v\u00e4nligen kontakta oss.<\/p>","protected":false},"excerpt":{"rendered":"<p>A sua privacidade \u00e9 importante para n\u00f3s. \u00c9 pol\u00edtica do Pontual Vagas respeitar a sua privacidade em rela\u00e7\u00e3o a qualquer informa\u00e7\u00e3o sua que possamos coletar no site Pontual Vagas, bem como em outros sites que possu\u00edmos e operamos. Solicitamos informa\u00e7\u00f5es pessoais apenas quando realmente precisamos delas para fornecer um servi\u00e7o ao usu\u00e1rio. Fazemos isso por [&hellip;]<\/p>","protected":false},"author":1,"featured_media":0,"parent":0,"menu_order":0,"comment_status":"closed","ping_status":"closed","template":"","meta":{"footnotes":""},"class_list":["post-120","page","type-page","status-publish"],"_links":{"self":[{"href":"https:\/\/pontualvagas.com.br\/sv\/wp-json\/wp\/v2\/pages\/120","targetHints":{"allow":["GET"]}}],"collection":[{"href":"https:\/\/pontualvagas.com.br\/sv\/wp-json\/wp\/v2\/pages"}],"about":[{"href":"https:\/\/pontualvagas.com.br\/sv\/wp-json\/wp\/v2\/types\/page"}],"author":[{"embeddable":true,"href":"https:\/\/pontualvagas.com.br\/sv\/wp-json\/wp\/v2\/users\/1"}],"replies":[{"embeddable":true,"href":"https:\/\/pontualvagas.com.br\/sv\/wp-json\/wp\/v2\/comments?post=120"}],"version-history":[{"count":1,"href":"https:\/\/pontualvagas.com.br\/sv\/wp-json\/wp\/v2\/pages\/120\/revisions"}],"predecessor-version":[{"id":121,"href":"https:\/\/pontualvagas.com.br\/sv\/wp-json\/wp\/v2\/pages\/120\/revisions\/121"}],"wp:attachment":[{"href":"https:\/\/pontualvagas.com.br\/sv\/wp-json\/wp\/v2\/media?parent=120"}],"curies":[{"name":"wp","href":"https:\/\/api.w.org\/{rel}","templated":true}]}}