{"id":118,"date":"2026-01-18T08:31:06","date_gmt":"2026-01-18T08:31:06","guid":{"rendered":"https:\/\/pontualvagas.com.br\/?page_id=118"},"modified":"2026-01-18T08:31:07","modified_gmt":"2026-01-18T08:31:07","slug":"ansvarsfriskrivning","status":"publish","type":"page","link":"https:\/\/pontualvagas.com.br\/sv\/ansvarsfriskrivning\/","title":{"rendered":"Ansvarsfriskrivning"},"content":{"rendered":"<p>Informationen som finns tillg\u00e4nglig p\u00e5 webbplatsen <strong>Punktliga lediga tj\u00e4nster<\/strong> ha karakt\u00e4r <strong>Endast i informationssyfte.<\/strong>V\u00e5rt m\u00e5l \u00e4r att presentera inneh\u00e5ll, analyser och rekommendationer f\u00f6r applikationer, tj\u00e4nster och verktyg som kan hj\u00e4lpa anv\u00e4ndare i deras s\u00f6kande efter m\u00f6jligheter, produktivitet och digitala l\u00f6sningar.<\/p>\n\n\n\n<h3 class=\"wp-block-heading\">Vi erbjuder inga garantier.<\/h3>\n\n\n\n<p>DE <strong>Punktliga lediga tj\u00e4nster<\/strong> <strong>garanterar inte<\/strong> Resultat, ekonomiska vinster, anst\u00e4llning, inkomst eller n\u00e5gon specifik typ av f\u00f6rdelar fr\u00e5n att anv\u00e4nda informationen, applikationerna eller tj\u00e4nsterna som n\u00e4mns p\u00e5 webbplatsen. Resultaten kan variera beroende p\u00e5 individuella, regionala och omst\u00e4ndighetsm\u00e4ssiga faktorer.<\/p>\n\n\n\n<h3 class=\"wp-block-heading\">Tredjepartsapplikationer och tj\u00e4nster<\/h3>\n\n\n\n<p>Webbplatsen kan inneh\u00e5lla l\u00e4nkar, rekommendationer eller omn\u00e4mnanden av <strong>tredjepartsapplikationer, plattformar och tj\u00e4nster<\/strong>Vi har ingen kontroll \u00f6ver driften, policyerna, priss\u00e4ttningen, tillg\u00e4ngligheten eller s\u00e4kerheten f\u00f6r dessa tj\u00e4nster. All interaktion, registrering eller anv\u00e4ndning sker p\u00e5 egen risk. <strong>anv\u00e4ndarens eget ansvar<\/strong>.<\/p>\n\n\n\n<p>Vi rekommenderar alltid att anv\u00e4ndaren:<\/p>\n\n\n\n<ul class=\"wp-block-list\">\n<li>L\u00e4s anv\u00e4ndarvillkoren och sekretesspolicyerna f\u00f6r apparna;<\/li>\n\n\n\n<li>Kolla recensioner p\u00e5 officiella appbutiker (Google Play, App Store);<\/li>\n\n\n\n<li>Analysera om tj\u00e4nsten uppfyller dina behov innan du anv\u00e4nder den.<\/li>\n<\/ul>\n\n\n\n<h3 class=\"wp-block-heading\">Friskrivning fr\u00e5n juridiskt och professionellt ansvar<\/h3>\n\n\n\n<p>Inneh\u00e5llet som publiceras p\u00e5 <strong>Punktliga lediga tj\u00e4nster<\/strong> <strong>Detta ers\u00e4tter inte professionell r\u00e5dgivning.<\/strong>Oavsett om det g\u00e4ller juridiska, ekonomiska, redovisnings-, arbets- eller tekniska fr\u00e5gor, s\u00f6k alltid en kvalificerad expert f\u00f6r viktiga beslut.<\/p>\n\n\n\n<h3 class=\"wp-block-heading\">Reklam och int\u00e4ktsgenerering<\/h3>\n\n\n\n<p>Webbplatsen <strong>Punktliga lediga tj\u00e4nster<\/strong> Det kan monetiseras genom:<\/p>\n\n\n\n<ul class=\"wp-block-list\">\n<li>Annonser (som Google AdSense);<\/li>\n\n\n\n<li>Sponsrade l\u00e4nkar;<\/li>\n\n\n\n<li>Partnerskap eller affiliateprogram.<\/li>\n<\/ul>\n\n\n\n<p>Det betyder att vi kan f\u00e5 provision n\u00e4r en anv\u00e4ndare klickar p\u00e5 annonser eller anv\u00e4nder vissa l\u00e4nkar. <strong>utan extra kostnad f\u00f6r anv\u00e4ndaren.<\/strong>Dessa partnerskap p\u00e5verkar inte v\u00e5r avsikt att erbjuda tydligt och relevant inneh\u00e5ll.<\/p>\n\n\n\n<h3 class=\"wp-block-heading\">Informationsuppdatering<\/h3>\n\n\n\n<p>Informationen p\u00e5 webbplatsen kan vara <strong>\u00e4ndras, uppdateras eller tas bort n\u00e4r som helst<\/strong>, utan f\u00f6reg\u00e5ende meddelande. Vi garanterar inte att allt inneh\u00e5ll alltid \u00e4r helt uppdaterat, eftersom appar och tj\u00e4nster kan \u00e4ndra sina regler ofta.<\/p>\n\n\n\n<h3 class=\"wp-block-heading\">Ansvarsbegr\u00e4nsning<\/h3>\n\n\n\n<p>DE <strong>Punktliga lediga tj\u00e4nster<\/strong> ansvarar inte f\u00f6r:<\/p>\n\n\n\n<ul class=\"wp-block-list\">\n<li>Ekonomiska f\u00f6rluster;<\/li>\n\n\n\n<li>Tekniska problem;<\/li>\n\n\n\n<li>Fel i tredjepartsapplikationer;<\/li>\n\n\n\n<li>Direkta eller indirekta skador till f\u00f6ljd av anv\u00e4ndning av information fr\u00e5n webbplatsen.<\/li>\n<\/ul>\n\n\n\n<p>Anv\u00e4ndning av webbplatsen inneb\u00e4r <strong>Fullt godk\u00e4nnande av denna ansvarsfriskrivning<\/strong>.<\/p>\n\n\n\n<h3 class=\"wp-block-heading\">Kontakta<\/h3>\n\n\n\n<p>Om du har n\u00e5gra fr\u00e5gor, f\u00f6rslag eller vill rapportera inneh\u00e5ll, v\u00e4nligen kontakta oss via webbplatsens kontaktsida.<\/p>","protected":false},"excerpt":{"rendered":"<p>As informa\u00e7\u00f5es disponibilizadas no site Pontual Vagas t\u00eam car\u00e1ter exclusivamente informativo. Nosso objetivo \u00e9 apresentar conte\u00fados, an\u00e1lises e indica\u00e7\u00f5es de aplicativos, servi\u00e7os e ferramentas que possam auxiliar usu\u00e1rios na busca por oportunidades, produtividade e solu\u00e7\u00f5es digitais. N\u00e3o oferecemos garantias O Pontual Vagas n\u00e3o garante resultados, ganhos financeiros, contrata\u00e7\u00f5es, rendimentos ou qualquer tipo de benef\u00edcio espec\u00edfico [&hellip;]<\/p>","protected":false},"author":1,"featured_media":0,"parent":0,"menu_order":0,"comment_status":"closed","ping_status":"closed","template":"","meta":{"footnotes":""},"class_list":["post-118","page","type-page","status-publish"],"_links":{"self":[{"href":"https:\/\/pontualvagas.com.br\/sv\/wp-json\/wp\/v2\/pages\/118","targetHints":{"allow":["GET"]}}],"collection":[{"href":"https:\/\/pontualvagas.com.br\/sv\/wp-json\/wp\/v2\/pages"}],"about":[{"href":"https:\/\/pontualvagas.com.br\/sv\/wp-json\/wp\/v2\/types\/page"}],"author":[{"embeddable":true,"href":"https:\/\/pontualvagas.com.br\/sv\/wp-json\/wp\/v2\/users\/1"}],"replies":[{"embeddable":true,"href":"https:\/\/pontualvagas.com.br\/sv\/wp-json\/wp\/v2\/comments?post=118"}],"version-history":[{"count":1,"href":"https:\/\/pontualvagas.com.br\/sv\/wp-json\/wp\/v2\/pages\/118\/revisions"}],"predecessor-version":[{"id":119,"href":"https:\/\/pontualvagas.com.br\/sv\/wp-json\/wp\/v2\/pages\/118\/revisions\/119"}],"wp:attachment":[{"href":"https:\/\/pontualvagas.com.br\/sv\/wp-json\/wp\/v2\/media?parent=118"}],"curies":[{"name":"wp","href":"https:\/\/api.w.org\/{rel}","templated":true}]}}