{"id":124,"date":"2026-01-18T08:36:06","date_gmt":"2026-01-18T08:36:06","guid":{"rendered":"https:\/\/pontualvagas.com.br\/?page_id=124"},"modified":"2026-01-18T08:36:07","modified_gmt":"2026-01-18T08:36:07","slug":"%d0%ba%d0%be%d0%bd%d1%82%d0%b0%d0%ba%d1%82","status":"publish","type":"page","link":"https:\/\/pontualvagas.com.br\/sr\/%d0%ba%d0%be%d0%bd%d1%82%d0%b0%d0%ba%d1%82\/","title":{"rendered":"\u041a\u043e\u043d\u0442\u0430\u043a\u0442"},"content":{"rendered":"<p>\u0414\u043e\u0431\u0440\u043e\u0434\u043e\u0448\u043b\u0438! \u041e\u0432\u043e \u0458\u0435 \u0437\u0432\u0430\u043d\u0438\u0447\u043d\u0430 \u043a\u043e\u043d\u0442\u0430\u043a\u0442 \u0441\u0442\u0440\u0430\u043d\u0438\u0446\u0430 \u0437\u0430 <strong>\u0422\u0430\u0447\u043d\u0430 \u0441\u043b\u043e\u0431\u043e\u0434\u043d\u0430 \u0440\u0430\u0434\u043d\u0430 \u043c\u0435\u0441\u0442\u0430<\/strong>\u041e\u0432\u0434\u0435 \u043d\u0430\u0441 \u043c\u043e\u0436\u0435\u0442\u0435 \u043a\u043e\u043d\u0442\u0430\u043a\u0442\u0438\u0440\u0430\u0442\u0438 \u0434\u0430 \u043f\u043e\u0441\u0442\u0430\u0432\u0438\u0442\u0435 \u043f\u0438\u0442\u0430\u045a\u0430, \u043f\u043e\u0448\u0430\u0459\u0435\u0442\u0435 \u043f\u0440\u0435\u0434\u043b\u043e\u0433\u0435, \u043f\u043e\u0434\u043d\u0435\u0441\u0435\u0442\u0435 \u0436\u0430\u043b\u0431\u0435 \u0438\u043b\u0438 \u0440\u0435\u0448\u0438\u0442\u0435 \u0431\u0438\u043b\u043e \u043a\u043e\u0458\u0438 \u0434\u0440\u0443\u0433\u0438 \u043f\u0440\u043e\u0431\u043b\u0435\u043c \u0443 \u0432\u0435\u0437\u0438 \u0441\u0430 \u043d\u0430\u0448\u043e\u043c \u0432\u0435\u0431 \u0441\u0442\u0440\u0430\u043d\u0438\u0446\u043e\u043c \u0438 \u0441\u0430\u0434\u0440\u0436\u0430\u0458\u0435\u043c \u043a\u043e\u0458\u0438 \u043e\u0431\u0458\u0430\u0432\u0459\u0443\u0458\u0435\u043c\u043e.<\/p>\n\n\n\n<p>\u041d\u0430\u0448 \u0446\u0438\u0459 \u0458\u0435 \u0434\u0430 \u043f\u043e\u043d\u0443\u0434\u0438\u043c\u043e \u043d\u0430\u0458\u0431\u043e\u0459\u0435 \u043c\u043e\u0433\u0443\u045b\u0435 \u043a\u043e\u0440\u0438\u0441\u043d\u0438\u0447\u043a\u043e \u0438\u0441\u043a\u0443\u0441\u0442\u0432\u043e, \u0437\u0430\u0442\u043e \u0432\u0435\u043e\u043c\u0430 \u0446\u0435\u043d\u0438\u043c\u043e \u0432\u0430\u0448\u0435 \u043f\u043e\u0432\u0440\u0430\u0442\u043d\u0435 \u0438\u043d\u0444\u043e\u0440\u043c\u0430\u0446\u0438\u0458\u0435. \u0410\u043a\u043e \u0438\u043c\u0430\u0442\u0435 \u0431\u0438\u043b\u043e \u043a\u0430\u043a\u0432\u0438\u0445 \u043f\u0438\u0442\u0430\u045a\u0430 \u043e \u0442\u043e\u043c\u0435 \u043a\u0430\u043a\u043e \u0441\u0430\u0458\u0442 \u0444\u0443\u043d\u043a\u0446\u0438\u043e\u043d\u0438\u0448\u0435, \u043a\u0430\u043a\u043e \u0434\u0430 \u043a\u043e\u0440\u0438\u0441\u0442\u0438\u0442\u0435 \u043f\u0440\u0435\u043f\u043e\u0440\u0443\u0447\u0435\u043d\u0435 \u0430\u043f\u043b\u0438\u043a\u0430\u0446\u0438\u0458\u0435 \u0438\u043b\u0438 \u043e \u043d\u0430\u0448\u0435\u043c \u0441\u0430\u0434\u0440\u0436\u0430\u0458\u0443, \u0441\u043b\u043e\u0431\u043e\u0434\u043d\u043e \u043d\u0430\u043c \u043f\u0438\u0448\u0438\u0442\u0435.<\/p>\n\n\n\n<p>\u0422\u0430\u043a\u043e\u0452\u0435 \u0441\u043c\u043e \u0443\u0432\u0435\u043a \u043e\u0442\u0432\u043e\u0440\u0435\u043d\u0438 \u0437\u0430 \u043f\u0440\u0435\u0434\u043b\u043e\u0433\u0435 \u0437\u0430 \u043f\u043e\u0431\u043e\u0459\u0448\u0430\u045a\u0435 \u0438 \u043a\u043e\u043d\u0441\u0442\u0440\u0443\u043a\u0442\u0438\u0432\u043d\u0435 \u043a\u0440\u0438\u0442\u0438\u043a\u0435. \u0412\u0430\u0448\u0435 \u043c\u0438\u0448\u0459\u0435\u045a\u0435 \u043d\u0430\u043c \u0458\u0435 \u043d\u0435\u043e\u043f\u0445\u043e\u0434\u043d\u043e \u0434\u0430 \u0431\u0438\u0441\u043c\u043e \u0441\u0435 \u0440\u0430\u0437\u0432\u0438\u0458\u0430\u043b\u0438, \u0438\u0441\u043f\u0440\u0430\u0432\u0459\u0430\u043b\u0438 \u0441\u0432\u0435 \u043f\u0440\u043e\u0431\u043b\u0435\u043c\u0435 \u0438 \u043f\u0440\u0443\u0436\u0430\u043b\u0438 \u0441\u0432\u0435 \u043a\u043e\u0440\u0438\u0441\u043d\u0438\u0458\u0435 \u0438 \u043f\u043e\u0443\u0437\u0434\u0430\u043d\u0438\u0458\u0435 \u0438\u043d\u0444\u043e\u0440\u043c\u0430\u0446\u0438\u0458\u0435.<\/p>\n\n\n\n<p>\u0414\u0430 \u0431\u0438\u0441\u0442\u0435 \u043d\u0430\u0441 \u043a\u043e\u043d\u0442\u0430\u043a\u0442\u0438\u0440\u0430\u043b\u0438, \u0458\u0435\u0434\u043d\u043e\u0441\u0442\u0430\u0432\u043d\u043e \u043f\u043e\u043f\u0443\u043d\u0438\u0442\u0435 \u043e\u0431\u0440\u0430\u0437\u0430\u0446 \u0434\u043e\u0441\u0442\u0443\u043f\u0430\u043d \u043d\u0430 \u043e\u0432\u043e\u0458 \u0441\u0442\u0440\u0430\u043d\u0438\u0446\u0438 \u0441\u0430 \u0432\u0430\u0448\u0438\u043c \u043f\u043e\u0434\u0430\u0446\u0438\u043c\u0430 \u0438 \u0432\u0430\u0448\u043e\u043c \u043f\u043e\u0440\u0443\u043a\u043e\u043c. \u041d\u0430\u0448 \u0442\u0438\u043c \u045b\u0435 \u0441\u0435 \u043f\u043e\u0442\u0440\u0443\u0434\u0438\u0442\u0438 \u0434\u0430 \u0432\u0430\u043c \u043e\u0434\u0433\u043e\u0432\u043e\u0440\u0438 \u0448\u0442\u043e \u0458\u0435 \u043f\u0440\u0435 \u043c\u043e\u0433\u0443\u045b\u0435.<\/p>\n\n\n\n<p>\u0425\u0432\u0430\u043b\u0430 \u0432\u0430\u043c \u043d\u0430 \u043f\u043e\u0441\u0435\u0442\u0438 <strong>\u0422\u0430\u0447\u043d\u0430 \u0441\u043b\u043e\u0431\u043e\u0434\u043d\u0430 \u0440\u0430\u0434\u043d\u0430 \u043c\u0435\u0441\u0442\u0430<\/strong> \u0418 \u0431\u0438\u045b\u0435 \u043d\u0430\u043c \u0434\u0440\u0430\u0433\u043e \u0434\u0430 \u043f\u0440\u0438\u043c\u0438\u043c\u043e \u0432\u0430\u0448\u0443 \u043f\u043e\u0440\u0443\u043a\u0443.<\/p>\n\n\n\n<p><strong>\u041a\u043e\u043d\u0442\u0430\u043a\u0442 \u0438\u043c\u0435\u0458\u043b:<\/strong><br>\ud83d\udce7 contato@pontualvagas.com.br<\/p>\n\n\n\n<p><\/p>","protected":false},"excerpt":{"rendered":"<p>Bem-vindo! Esta \u00e9 a p\u00e1gina oficial de contato do Pontual Vagas. Aqui voc\u00ea pode entrar em contato conosco para tirar d\u00favidas, enviar sugest\u00f5es, fazer reclama\u00e7\u00f5es ou tratar de qualquer outro assunto relacionado ao nosso site e aos conte\u00fados que publicamos. Nosso objetivo \u00e9 oferecer a melhor experi\u00eancia poss\u00edvel aos usu\u00e1rios, por isso valorizamos muito o [&hellip;]<\/p>","protected":false},"author":1,"featured_media":0,"parent":0,"menu_order":0,"comment_status":"closed","ping_status":"closed","template":"","meta":{"footnotes":""},"class_list":["post-124","page","type-page","status-publish"],"_links":{"self":[{"href":"https:\/\/pontualvagas.com.br\/sr\/wp-json\/wp\/v2\/pages\/124","targetHints":{"allow":["GET"]}}],"collection":[{"href":"https:\/\/pontualvagas.com.br\/sr\/wp-json\/wp\/v2\/pages"}],"about":[{"href":"https:\/\/pontualvagas.com.br\/sr\/wp-json\/wp\/v2\/types\/page"}],"author":[{"embeddable":true,"href":"https:\/\/pontualvagas.com.br\/sr\/wp-json\/wp\/v2\/users\/1"}],"replies":[{"embeddable":true,"href":"https:\/\/pontualvagas.com.br\/sr\/wp-json\/wp\/v2\/comments?post=124"}],"version-history":[{"count":1,"href":"https:\/\/pontualvagas.com.br\/sr\/wp-json\/wp\/v2\/pages\/124\/revisions"}],"predecessor-version":[{"id":125,"href":"https:\/\/pontualvagas.com.br\/sr\/wp-json\/wp\/v2\/pages\/124\/revisions\/125"}],"wp:attachment":[{"href":"https:\/\/pontualvagas.com.br\/sr\/wp-json\/wp\/v2\/media?parent=124"}],"curies":[{"name":"wp","href":"https:\/\/api.w.org\/{rel}","templated":true}]}}