{"id":124,"date":"2026-01-18T08:36:06","date_gmt":"2026-01-18T08:36:06","guid":{"rendered":"https:\/\/pontualvagas.com.br\/?page_id=124"},"modified":"2026-01-18T08:36:07","modified_gmt":"2026-01-18T08:36:07","slug":"contato","status":"publish","type":"page","link":"https:\/\/pontualvagas.com.br\/sl\/contato\/","title":{"rendered":"Kontakt"},"content":{"rendered":"<p>Bem-vindo! Esta \u00e9 a p\u00e1gina oficial de contato do <strong>To\u010dna prosta delovna mesta<\/strong>. Aqui voc\u00ea pode entrar em contato conosco para tirar d\u00favidas, enviar sugest\u00f5es, fazer reclama\u00e7\u00f5es ou tratar de qualquer outro assunto relacionado ao nosso site e aos conte\u00fados que publicamos.<\/p>\n\n\n\n<p>Nosso objetivo \u00e9 oferecer a melhor experi\u00eancia poss\u00edvel aos usu\u00e1rios, por isso valorizamos muito o seu feedback. Caso tenha alguma d\u00favida sobre o funcionamento do site, uso dos aplicativos indicados ou sobre nossos conte\u00fados, fique \u00e0 vontade para nos escrever.<\/p>\n\n\n\n<p>Tamb\u00e9m estamos sempre abertos a sugest\u00f5es de melhorias e cr\u00edticas construtivas. A sua opini\u00e3o \u00e9 essencial para que possamos evoluir, corrigir eventuais problemas e entregar informa\u00e7\u00f5es cada vez mais \u00fateis e confi\u00e1veis.<\/p>\n\n\n\n<p>Para entrar em contato, basta preencher o formul\u00e1rio dispon\u00edvel nesta p\u00e1gina com seus dados e sua mensagem. Nossa equipe far\u00e1 o poss\u00edvel para responder o mais r\u00e1pido poss\u00edvel.<\/p>\n\n\n\n<p>Agradecemos pela sua visita ao <strong>To\u010dna prosta delovna mesta<\/strong> e ficaremos felizes em receber sua mensagem.<\/p>\n\n\n\n<p><strong>E-mail para contato:<\/strong><br>\ud83d\udce7 contato@pontualvagas.com.br<\/p>\n\n\n\n<p><\/p>","protected":false},"excerpt":{"rendered":"<p>Bem-vindo! Esta \u00e9 a p\u00e1gina oficial de contato do Pontual Vagas. Aqui voc\u00ea pode entrar em contato conosco para tirar d\u00favidas, enviar sugest\u00f5es, fazer reclama\u00e7\u00f5es ou tratar de qualquer outro assunto relacionado ao nosso site e aos conte\u00fados que publicamos. Nosso objetivo \u00e9 oferecer a melhor experi\u00eancia poss\u00edvel aos usu\u00e1rios, por isso valorizamos muito o [&hellip;]<\/p>","protected":false},"author":1,"featured_media":0,"parent":0,"menu_order":0,"comment_status":"closed","ping_status":"closed","template":"","meta":{"footnotes":""},"class_list":["post-124","page","type-page","status-publish"],"_links":{"self":[{"href":"https:\/\/pontualvagas.com.br\/sl\/wp-json\/wp\/v2\/pages\/124","targetHints":{"allow":["GET"]}}],"collection":[{"href":"https:\/\/pontualvagas.com.br\/sl\/wp-json\/wp\/v2\/pages"}],"about":[{"href":"https:\/\/pontualvagas.com.br\/sl\/wp-json\/wp\/v2\/types\/page"}],"author":[{"embeddable":true,"href":"https:\/\/pontualvagas.com.br\/sl\/wp-json\/wp\/v2\/users\/1"}],"replies":[{"embeddable":true,"href":"https:\/\/pontualvagas.com.br\/sl\/wp-json\/wp\/v2\/comments?post=124"}],"version-history":[{"count":1,"href":"https:\/\/pontualvagas.com.br\/sl\/wp-json\/wp\/v2\/pages\/124\/revisions"}],"predecessor-version":[{"id":125,"href":"https:\/\/pontualvagas.com.br\/sl\/wp-json\/wp\/v2\/pages\/124\/revisions\/125"}],"wp:attachment":[{"href":"https:\/\/pontualvagas.com.br\/sl\/wp-json\/wp\/v2\/media?parent=124"}],"curies":[{"name":"wp","href":"https:\/\/api.w.org\/{rel}","templated":true}]}}