{"id":120,"date":"2026-01-18T08:33:27","date_gmt":"2026-01-18T08:33:27","guid":{"rendered":"https:\/\/pontualvagas.com.br\/?page_id=120"},"modified":"2026-01-18T08:33:28","modified_gmt":"2026-01-18T08:33:28","slug":"politica-de-privacidade","status":"publish","type":"page","link":"https:\/\/pontualvagas.com.br\/sl\/politica-de-privacidade\/","title":{"rendered":"Pravilnik o zasebnosti"},"content":{"rendered":"<p>A sua privacidade \u00e9 importante para n\u00f3s. \u00c9 pol\u00edtica do <strong>To\u010dna prosta delovna mesta<\/strong> respeitar a sua privacidade em rela\u00e7\u00e3o a qualquer informa\u00e7\u00e3o sua que possamos coletar no site <strong>To\u010dna prosta delovna mesta<\/strong>, bem como em outros sites que possu\u00edmos e operamos.<\/p>\n\n\n\n<p>Solicitamos informa\u00e7\u00f5es pessoais apenas quando realmente precisamos delas para fornecer um servi\u00e7o ao usu\u00e1rio. Fazemos isso por meios justos e legais, com o seu conhecimento e consentimento. Tamb\u00e9m informamos por que estamos coletando essas informa\u00e7\u00f5es e como elas ser\u00e3o utilizadas.<\/p>\n\n\n\n<p>Apenas retemos as informa\u00e7\u00f5es coletadas pelo tempo necess\u00e1rio para fornecer o servi\u00e7o solicitado. Quando armazenamos dados, utilizamos meios comercialmente aceit\u00e1veis para proteg\u00ea-los contra perdas, roubos, acesso n\u00e3o autorizado, divulga\u00e7\u00e3o, c\u00f3pia, uso ou modifica\u00e7\u00e3o indevida.<\/p>\n\n\n\n<p>N\u00e3o compartilhamos informa\u00e7\u00f5es de identifica\u00e7\u00e3o pessoal publicamente ou com terceiros, exceto quando exigido por lei.<\/p>\n\n\n\n<p>TA <strong>To\u010dna prosta delovna mesta<\/strong> pode conter links para sites, aplicativos ou servi\u00e7os externos que n\u00e3o s\u00e3o operados por n\u00f3s. Esteja ciente de que n\u00e3o temos controle sobre o conte\u00fado e as pr\u00e1ticas desses sites e n\u00e3o podemos nos responsabilizar por suas respectivas pol\u00edticas de privacidade.<\/p>\n\n\n\n<p>O usu\u00e1rio \u00e9 livre para recusar a solicita\u00e7\u00e3o de informa\u00e7\u00f5es pessoais, entendendo que talvez n\u00e3o seja poss\u00edvel fornecer alguns dos servi\u00e7os desejados.<\/p>\n\n\n\n<p>O uso continuado do site <strong>To\u010dna prosta delovna mesta<\/strong> ser\u00e1 considerado como aceita\u00e7\u00e3o de nossas pr\u00e1ticas relacionadas \u00e0 privacidade e ao uso de informa\u00e7\u00f5es pessoais. Caso tenha qualquer d\u00favida sobre como lidamos com dados do usu\u00e1rio, entre em contato conosco por meio da p\u00e1gina de contato.<\/p>\n\n\n\n<h2 class=\"wp-block-heading\">Pol\u00edtica de Cookies do Pontual Vagas<\/h2>\n\n\n\n<h3 class=\"wp-block-heading\">O que s\u00e3o cookies?<\/h3>\n\n\n\n<p>Como \u00e9 pr\u00e1tica comum em quase todos os sites profissionais, este site utiliza cookies, que s\u00e3o pequenos arquivos armazenados no seu dispositivo, com o objetivo de melhorar sua experi\u00eancia de navega\u00e7\u00e3o.<\/p>\n\n\n\n<p>Esta se\u00e7\u00e3o explica quais informa\u00e7\u00f5es os cookies coletam, como as utilizamos e por que, em alguns casos, precisamos armazen\u00e1-los.<\/p>\n\n\n\n<h3 class=\"wp-block-heading\">Como usamos os cookies?<\/h3>\n\n\n\n<p>Utilizamos cookies por diversos motivos, incluindo:<\/p>\n\n\n\n<ul class=\"wp-block-list\">\n<li>Garantir o funcionamento adequado do site;<\/li>\n\n\n\n<li>Melhorar a experi\u00eancia do usu\u00e1rio;<\/li>\n\n\n\n<li>Analisar o comportamento de navega\u00e7\u00e3o;<\/li>\n\n\n\n<li>Exibir conte\u00fados e an\u00fancios mais relevantes.<\/li>\n<\/ul>\n\n\n\n<p>Na maioria dos casos, n\u00e3o existem op\u00e7\u00f5es padr\u00e3o do setor para desativar cookies sem comprometer funcionalidades essenciais do site. Recomenda-se manter os cookies ativados caso n\u00e3o tenha certeza se precisa ou n\u00e3o deles.<\/p>\n\n\n\n<h3 class=\"wp-block-heading\">Desativar cookies<\/h3>\n\n\n\n<p>Voc\u00ea pode impedir a configura\u00e7\u00e3o de cookies ajustando as configura\u00e7\u00f5es do seu navegador. No entanto, esteja ciente de que a desativa\u00e7\u00e3o de cookies pode afetar a funcionalidade deste e de outros sites que voc\u00ea visita.<\/p>\n\n\n\n<h2 class=\"wp-block-heading\">Cookies que definimos<\/h2>\n\n\n\n<h3 class=\"wp-block-heading\">Cookies relacionados \u00e0 conta<\/h3>\n\n\n\n<p>Caso o usu\u00e1rio crie uma conta (se aplic\u00e1vel), utilizamos cookies para gerenciar o processo de cadastro e administra\u00e7\u00e3o geral. Esses cookies normalmente s\u00e3o removidos ao sair da conta.<\/p>\n\n\n\n<h3 class=\"wp-block-heading\">Cookies relacionados ao login<\/h3>\n\n\n\n<p>Utilizados para lembrar que o usu\u00e1rio est\u00e1 logado, evitando a necessidade de login repetido a cada p\u00e1gina. S\u00e3o removidos ap\u00f3s o logout.<\/p>\n\n\n\n<h3 class=\"wp-block-heading\">Cookies relacionados a boletins por e-mail<\/h3>\n\n\n\n<p>Se o site oferecer inscri\u00e7\u00e3o em newsletters ou notifica\u00e7\u00f5es, cookies podem ser usados para lembrar se o usu\u00e1rio j\u00e1 est\u00e1 inscrito.<\/p>\n\n\n\n<h3 class=\"wp-block-heading\">Cookies relacionados a formul\u00e1rios<\/h3>\n\n\n\n<p>Quando o usu\u00e1rio envia informa\u00e7\u00f5es por meio de formul\u00e1rios (como contato ou coment\u00e1rios), cookies podem ser utilizados para lembrar dados do usu\u00e1rio em intera\u00e7\u00f5es futuras.<\/p>\n\n\n\n<h3 class=\"wp-block-heading\">Cookies de prefer\u00eancias do site<\/h3>\n\n\n\n<p>Utilizados para armazenar prefer\u00eancias do usu\u00e1rio, garantindo uma experi\u00eancia personalizada durante a navega\u00e7\u00e3o.<\/p>\n\n\n\n<h2 class=\"wp-block-heading\">Cookies de Terceiros<\/h2>\n\n\n\n<p>TA <strong>To\u010dna prosta delovna mesta<\/strong> pode utilizar cookies de terceiros confi\u00e1veis, incluindo, mas n\u00e3o se limitando a:<\/p>\n\n\n\n<h3 class=\"wp-block-heading\">Google Analytics<\/h3>\n\n\n\n<p>Utilizamos o Google Analytics para entender como os usu\u00e1rios utilizam o site e para melhorar a experi\u00eancia de navega\u00e7\u00e3o. Esses cookies podem rastrear informa\u00e7\u00f5es como p\u00e1ginas visitadas e tempo de perman\u00eancia no site.<\/p>\n\n\n\n<p>Para mais informa\u00e7\u00f5es, consulte a pol\u00edtica oficial do Google Analytics.<\/p>\n\n\n\n<h3 class=\"wp-block-heading\">Publicidade e monetiza\u00e7\u00e3o<\/h3>\n\n\n\n<p>Podemos utilizar servi\u00e7os de publicidade (como Google AdSense) que utilizam cookies para exibir an\u00fancios relevantes ao usu\u00e1rio com base em visitas anteriores a este ou a outros sites.<\/p>\n\n\n\n<h2 class=\"wp-block-heading\">Compromisso do Usu\u00e1rio<\/h2>\n\n\n\n<p>O usu\u00e1rio se compromete a fazer uso adequado dos conte\u00fados e informa\u00e7\u00f5es oferecidos pelo <strong>To\u010dna prosta delovna mesta<\/strong>, comprometendo-se a:<\/p>\n\n\n\n<p>A) N\u00e3o se envolver em atividades ilegais ou contr\u00e1rias \u00e0 boa f\u00e9 e \u00e0 ordem p\u00fablica;<br>B) N\u00e3o divulgar conte\u00fado de natureza racista, xenof\u00f3bica, discriminat\u00f3ria, ilegal, de apologia ao terrorismo ou que viole direitos humanos;<br>C) N\u00e3o causar danos aos sistemas f\u00edsicos ou l\u00f3gicos do <strong>To\u010dna prosta delovna mesta<\/strong>, de seus fornecedores ou de terceiros, nem disseminar v\u00edrus ou outros sistemas capazes de causar danos.<\/p>\n\n\n\n<h2 class=\"wp-block-heading\">Mais informa\u00e7\u00f5es<\/h2>\n\n\n\n<p>Esperamos que esta pol\u00edtica esteja clara. Caso haja alguma d\u00favida sobre o uso de cookies ou dados pessoais, geralmente \u00e9 mais seguro manter os cookies ativados para garantir o funcionamento correto dos recursos do site.<\/p>\n\n\n\n<p>Em caso de d\u00favidas, entre em contato conosco.<\/p>","protected":false},"excerpt":{"rendered":"<p>A sua privacidade \u00e9 importante para n\u00f3s. \u00c9 pol\u00edtica do Pontual Vagas respeitar a sua privacidade em rela\u00e7\u00e3o a qualquer informa\u00e7\u00e3o sua que possamos coletar no site Pontual Vagas, bem como em outros sites que possu\u00edmos e operamos. Solicitamos informa\u00e7\u00f5es pessoais apenas quando realmente precisamos delas para fornecer um servi\u00e7o ao usu\u00e1rio. Fazemos isso por [&hellip;]<\/p>","protected":false},"author":1,"featured_media":0,"parent":0,"menu_order":0,"comment_status":"closed","ping_status":"closed","template":"","meta":{"footnotes":""},"class_list":["post-120","page","type-page","status-publish"],"_links":{"self":[{"href":"https:\/\/pontualvagas.com.br\/sl\/wp-json\/wp\/v2\/pages\/120","targetHints":{"allow":["GET"]}}],"collection":[{"href":"https:\/\/pontualvagas.com.br\/sl\/wp-json\/wp\/v2\/pages"}],"about":[{"href":"https:\/\/pontualvagas.com.br\/sl\/wp-json\/wp\/v2\/types\/page"}],"author":[{"embeddable":true,"href":"https:\/\/pontualvagas.com.br\/sl\/wp-json\/wp\/v2\/users\/1"}],"replies":[{"embeddable":true,"href":"https:\/\/pontualvagas.com.br\/sl\/wp-json\/wp\/v2\/comments?post=120"}],"version-history":[{"count":1,"href":"https:\/\/pontualvagas.com.br\/sl\/wp-json\/wp\/v2\/pages\/120\/revisions"}],"predecessor-version":[{"id":121,"href":"https:\/\/pontualvagas.com.br\/sl\/wp-json\/wp\/v2\/pages\/120\/revisions\/121"}],"wp:attachment":[{"href":"https:\/\/pontualvagas.com.br\/sl\/wp-json\/wp\/v2\/media?parent=120"}],"curies":[{"name":"wp","href":"https:\/\/api.w.org\/{rel}","templated":true}]}}