{"id":124,"date":"2026-01-18T08:36:06","date_gmt":"2026-01-18T08:36:06","guid":{"rendered":"https:\/\/pontualvagas.com.br\/?page_id=124"},"modified":"2026-01-18T08:36:07","modified_gmt":"2026-01-18T08:36:07","slug":"kontakt","status":"publish","type":"page","link":"https:\/\/pontualvagas.com.br\/sk\/kontakt\/","title":{"rendered":"Kontakt"},"content":{"rendered":"<p>Vitajte! Toto je ofici\u00e1lna kontaktn\u00e1 str\u00e1nka pre <strong>Presn\u00e9 vo\u013en\u00e9 miesta<\/strong>Tu n\u00e1s m\u00f4\u017eete kontaktova\u0165 a kl\u00e1s\u0165 ot\u00e1zky, posiela\u0165 n\u00e1vrhy, poda\u0165 s\u0165a\u017enosti alebo rie\u0161i\u0165 ak\u00fdko\u013evek in\u00fd probl\u00e9m s\u00favisiaci s na\u0161ou webovou str\u00e1nkou a obsahom, ktor\u00fd zverej\u0148ujeme.<\/p>\n\n\n\n<p>Na\u0161\u00edm cie\u013eom je pon\u00faknu\u0165 \u010do najlep\u0161\u00ed pou\u017e\u00edvate\u013esk\u00fd z\u00e1\u017eitok, preto si ve\u013emi cen\u00edme va\u0161u sp\u00e4tn\u00fa v\u00e4zbu. Ak m\u00e1te ak\u00e9ko\u013evek ot\u00e1zky t\u00fdkaj\u00face sa fungovania str\u00e1nky, pou\u017e\u00edvania odpor\u00fa\u010dan\u00fdch aplik\u00e1ci\u00ed alebo n\u00e1\u0161ho obsahu, nev\u00e1hajte n\u00e1m nap\u00edsa\u0165.<\/p>\n\n\n\n<p>Sme tie\u017e v\u017edy otvoren\u00ed n\u00e1vrhom na zlep\u0161enie a kon\u0161trukt\u00edvnej kritike. V\u00e1\u0161 n\u00e1zor je pre n\u00e1s nevyhnutn\u00fd, aby sme sa mohli vyv\u00edja\u0165, rie\u0161i\u0165 ak\u00e9ko\u013evek probl\u00e9my a poskytova\u0165 \u010doraz u\u017eito\u010dnej\u0161ie a spo\u013eahlivej\u0161ie inform\u00e1cie.<\/p>\n\n\n\n<p>Ak sa chcete s nami spoji\u0165, jednoducho vypl\u0148te formul\u00e1r na tejto str\u00e1nke s va\u0161imi \u00fadajmi a spr\u00e1vou. N\u00e1\u0161 t\u00edm sa bude sna\u017ei\u0165 odpoveda\u0165 \u010do najr\u00fdchlej\u0161ie.<\/p>\n\n\n\n<p>\u010eakujem za n\u00e1v\u0161tevu <strong>Presn\u00e9 vo\u013en\u00e9 miesta<\/strong> A radi prijmeme va\u0161u spr\u00e1vu.<\/p>\n\n\n\n<p><strong>Kontaktn\u00fd e-mail:<\/strong><br>\ud83d\udce7 contato@pontualvagas.com.br<\/p>\n\n\n\n<p><\/p>","protected":false},"excerpt":{"rendered":"<p>Bem-vindo! Esta \u00e9 a p\u00e1gina oficial de contato do Pontual Vagas. Aqui voc\u00ea pode entrar em contato conosco para tirar d\u00favidas, enviar sugest\u00f5es, fazer reclama\u00e7\u00f5es ou tratar de qualquer outro assunto relacionado ao nosso site e aos conte\u00fados que publicamos. Nosso objetivo \u00e9 oferecer a melhor experi\u00eancia poss\u00edvel aos usu\u00e1rios, por isso valorizamos muito o [&hellip;]<\/p>","protected":false},"author":1,"featured_media":0,"parent":0,"menu_order":0,"comment_status":"closed","ping_status":"closed","template":"","meta":{"footnotes":""},"class_list":["post-124","page","type-page","status-publish"],"_links":{"self":[{"href":"https:\/\/pontualvagas.com.br\/sk\/wp-json\/wp\/v2\/pages\/124","targetHints":{"allow":["GET"]}}],"collection":[{"href":"https:\/\/pontualvagas.com.br\/sk\/wp-json\/wp\/v2\/pages"}],"about":[{"href":"https:\/\/pontualvagas.com.br\/sk\/wp-json\/wp\/v2\/types\/page"}],"author":[{"embeddable":true,"href":"https:\/\/pontualvagas.com.br\/sk\/wp-json\/wp\/v2\/users\/1"}],"replies":[{"embeddable":true,"href":"https:\/\/pontualvagas.com.br\/sk\/wp-json\/wp\/v2\/comments?post=124"}],"version-history":[{"count":1,"href":"https:\/\/pontualvagas.com.br\/sk\/wp-json\/wp\/v2\/pages\/124\/revisions"}],"predecessor-version":[{"id":125,"href":"https:\/\/pontualvagas.com.br\/sk\/wp-json\/wp\/v2\/pages\/124\/revisions\/125"}],"wp:attachment":[{"href":"https:\/\/pontualvagas.com.br\/sk\/wp-json\/wp\/v2\/media?parent=124"}],"curies":[{"name":"wp","href":"https:\/\/api.w.org\/{rel}","templated":true}]}}