{"id":120,"date":"2026-01-18T08:33:27","date_gmt":"2026-01-18T08:33:27","guid":{"rendered":"https:\/\/pontualvagas.com.br\/?page_id=120"},"modified":"2026-01-18T08:33:28","modified_gmt":"2026-01-18T08:33:28","slug":"zasady-ochrany-osobnych-udajov","status":"publish","type":"page","link":"https:\/\/pontualvagas.com.br\/sk\/zasady-ochrany-osobnych-udajov\/","title":{"rendered":"Z\u00e1sady ochrany osobn\u00fdch \u00fadajov"},"content":{"rendered":"<p>Va\u0161e s\u00fakromie je pre n\u00e1s d\u00f4le\u017eit\u00e9. Je to na\u0161a politika. <strong>Presn\u00e9 vo\u013en\u00e9 miesta<\/strong> Budeme re\u0161pektova\u0165 va\u0161e s\u00fakromie, pokia\u013e ide o ak\u00e9ko\u013evek inform\u00e1cie, ktor\u00e9 od v\u00e1s m\u00f4\u017eeme zhroma\u017edi\u0165 na webovej str\u00e1nke. <strong>Presn\u00e9 vo\u013en\u00e9 miesta<\/strong>, ako aj na in\u00fdch webov\u00fdch str\u00e1nkach, ktor\u00e9 vlastn\u00edme a prev\u00e1dzkujeme.<\/p>\n\n\n\n<p>Osobn\u00e9 \u00fadaje po\u017eadujeme iba vtedy, ke\u010f ich skuto\u010dne potrebujeme na poskytnutie slu\u017eby pou\u017e\u00edvate\u013eovi. Rob\u00edme tak spravodlivo a z\u00e1konne, s va\u0161\u00edm vedom\u00edm a s\u00fahlasom. Taktie\u017e v\u00e1s informujeme, pre\u010do tieto inform\u00e1cie zhroma\u017e\u010fujeme a ako bud\u00fa pou\u017eit\u00e9.<\/p>\n\n\n\n<p>Zhroma\u017eden\u00e9 inform\u00e1cie uchov\u00e1vame len tak dlho, ako je potrebn\u00e9 na poskytnutie po\u017eadovanej slu\u017eby. Pri uchov\u00e1van\u00ed \u00fadajov pou\u017e\u00edvame komer\u010dne prijate\u013en\u00e9 prostriedky na ich ochranu pred stratou, kr\u00e1de\u017eou, neopr\u00e1vnen\u00fdm pr\u00edstupom, zverejnen\u00edm, kop\u00edrovan\u00edm, zneu\u017eit\u00edm alebo \u00fapravou.<\/p>\n\n\n\n<p>Osobn\u00e9 \u00fadaje nezdie\u013eame verejne ani s tret\u00edmi stranami, s v\u00fdnimkou pr\u00edpadov, ke\u010f to vy\u017eaduje z\u00e1kon.<\/p>\n\n\n\n<p>THE <strong>Presn\u00e9 vo\u013en\u00e9 miesta<\/strong> M\u00f4\u017ee to obsahova\u0165 odkazy na extern\u00e9 webov\u00e9 str\u00e1nky, aplik\u00e1cie alebo slu\u017eby, ktor\u00e9 neprev\u00e1dzkujeme. Upozor\u0148ujeme, \u017ee nem\u00e1me \u017eiadnu kontrolu nad obsahom a postupmi t\u00fdchto str\u00e1nok a nem\u00f4\u017eeme nies\u0165 zodpovednos\u0165 za ich pr\u00edslu\u0161n\u00e9 z\u00e1sady ochrany osobn\u00fdch \u00fadajov.<\/p>\n\n\n\n<p>Pou\u017e\u00edvate\u013e m\u00e1 pr\u00e1vo odmietnu\u0165 \u017eiados\u0165 o osobn\u00e9 \u00fadaje s vedom\u00edm, \u017ee niektor\u00e9 po\u017eadovan\u00e9 slu\u017eby nemus\u00ed by\u0165 mo\u017en\u00e9 poskytn\u00fa\u0165.<\/p>\n\n\n\n<p>Pokra\u010dovanie v pou\u017e\u00edvan\u00ed str\u00e1nky <strong>Presn\u00e9 vo\u013en\u00e9 miesta<\/strong> Va\u0161a sp\u00e4tn\u00e1 v\u00e4zba bude pova\u017eovan\u00e1 za s\u00fahlas s na\u0161imi postupmi t\u00fdkaj\u00facimi sa ochrany s\u00fakromia a pou\u017e\u00edvania osobn\u00fdch \u00fadajov. Ak m\u00e1te ak\u00e9ko\u013evek ot\u00e1zky t\u00fdkaj\u00face sa toho, ako naklad\u00e1me s \u00fadajmi pou\u017e\u00edvate\u013eov, kontaktujte n\u00e1s prostredn\u00edctvom kontaktnej str\u00e1nky.<\/p>\n\n\n\n<h2 class=\"wp-block-heading\">Z\u00e1sady pou\u017e\u00edvania s\u00faborov cookie spolo\u010dnosti Pontual Vagas<\/h2>\n\n\n\n<h3 class=\"wp-block-heading\">\u010co s\u00fa s\u00fabory cookie?<\/h3>\n\n\n\n<p>Ako je be\u017enou praxou na takmer v\u0161etk\u00fdch profesion\u00e1lnych webov\u00fdch str\u00e1nkach, aj t\u00e1to str\u00e1nka pou\u017e\u00edva s\u00fabory cookie, \u010do s\u00fa mal\u00e9 s\u00fabory ulo\u017een\u00e9 vo va\u0161om zariaden\u00ed, s cie\u013eom zlep\u0161i\u0165 v\u00e1\u0161 z\u00e1\u017eitok z prehliadania.<\/p>\n\n\n\n<p>T\u00e1to \u010das\u0165 vysvet\u013euje, ak\u00e9 inform\u00e1cie s\u00fabory cookie zhroma\u017e\u010fuj\u00fa, ako ich pou\u017e\u00edvame a pre\u010do ich v niektor\u00fdch pr\u00edpadoch mus\u00edme uklada\u0165.<\/p>\n\n\n\n<h3 class=\"wp-block-heading\">Ako pou\u017e\u00edvame s\u00fabory cookie?<\/h3>\n\n\n\n<p>S\u00fabory cookie pou\u017e\u00edvame z r\u00f4znych d\u00f4vodov, vr\u00e1tane:<\/p>\n\n\n\n<ul class=\"wp-block-list\">\n<li>Na zabezpe\u010denie spr\u00e1vneho fungovania webovej str\u00e1nky;<\/li>\n\n\n\n<li>Zlep\u0161i\u0165 pou\u017e\u00edvate\u013esk\u00fa sk\u00fasenos\u0165;<\/li>\n\n\n\n<li>Analyzova\u0165 spr\u00e1vanie pri prehliadan\u00ed;<\/li>\n\n\n\n<li>Zobrazujte relevantnej\u0161\u00ed obsah a reklamy.<\/li>\n<\/ul>\n\n\n\n<p>Vo v\u00e4\u010d\u0161ine pr\u00edpadov neexistuj\u00fa \u017eiadne \u0161tandardn\u00e9 mo\u017enosti na zak\u00e1zanie s\u00faborov cookie bez ohrozenia z\u00e1kladn\u00fdch funkci\u00ed webov\u00fdch str\u00e1nok. Odpor\u00fa\u010da sa ponecha\u0165 s\u00fabory cookie povolen\u00e9, ak si nie ste ist\u00ed, \u010di ich potrebujete alebo nie.<\/p>\n\n\n\n<h3 class=\"wp-block-heading\">Zak\u00e1za\u0165 s\u00fabory cookie<\/h3>\n\n\n\n<p>Ukladaniu s\u00faborov cookie m\u00f4\u017eete zabr\u00e1ni\u0165 \u00fapravou nastaven\u00ed vo va\u0161om prehliada\u010di. Upozor\u0148ujeme v\u0161ak, \u017ee vypnutie s\u00faborov cookie m\u00f4\u017ee ovplyvni\u0165 funk\u010dnos\u0165 tejto a in\u00fdch webov\u00fdch str\u00e1nok, ktor\u00e9 nav\u0161tevujete.<\/p>\n\n\n\n<h2 class=\"wp-block-heading\">S\u00fabory cookie, ktor\u00e9 nastavujeme<\/h2>\n\n\n\n<h3 class=\"wp-block-heading\">S\u00fabory cookie s\u00favisiace s \u00fa\u010dtom<\/h3>\n\n\n\n<p>Ak si pou\u017e\u00edvate\u013e vytvor\u00ed \u00fa\u010det (ak je to relevantn\u00e9), pou\u017e\u00edvame s\u00fabory cookie na spr\u00e1vu registra\u010dn\u00e9ho procesu a v\u0161eobecnej administr\u00e1cie. Tieto s\u00fabory cookie sa zvy\u010dajne odstr\u00e1nia po odhl\u00e1sen\u00ed z \u00fa\u010dtu.<\/p>\n\n\n\n<h3 class=\"wp-block-heading\">S\u00fabory cookie s\u00favisiace s prihl\u00e1sen\u00edm<\/h3>\n\n\n\n<p>Pou\u017e\u00edvaj\u00fa sa na pripomenutie pou\u017e\u00edvate\u013eovi, \u017ee je prihl\u00e1sen\u00fd, \u010d\u00edm sa predch\u00e1dza nutnosti opakovan\u00e9ho prihlasovania na ka\u017edej str\u00e1nke. Po odhl\u00e1sen\u00ed sa odstr\u00e1nia.<\/p>\n\n\n\n<h3 class=\"wp-block-heading\">S\u00fabory cookie s\u00favisiace s e-mailov\u00fdmi newslettermi<\/h3>\n\n\n\n<p>Ak webov\u00e1 str\u00e1nka pon\u00faka prihl\u00e1senie sa na odber noviniek alebo upozornen\u00ed, s\u00fabory cookie sa m\u00f4\u017eu pou\u017ei\u0165 na zapam\u00e4tanie si, \u010di je pou\u017e\u00edvate\u013e u\u017e prihl\u00e1sen\u00fd na odber.<\/p>\n\n\n\n<h3 class=\"wp-block-heading\">S\u00fabory cookie s\u00favisiace s formul\u00e1rmi<\/h3>\n\n\n\n<p>Ke\u010f pou\u017e\u00edvate\u013e odo\u0161le inform\u00e1cie prostredn\u00edctvom formul\u00e1rov (ako s\u00fa kontaktn\u00e9 formul\u00e1re alebo koment\u00e1re), s\u00fabory cookie sa m\u00f4\u017eu pou\u017ei\u0165 na zapam\u00e4tanie \u00fadajov pou\u017e\u00edvate\u013ea pre bud\u00face interakcie.<\/p>\n\n\n\n<h3 class=\"wp-block-heading\">S\u00fabory cookie preferenci\u00ed str\u00e1nok<\/h3>\n\n\n\n<p>Pou\u017e\u00edva sa na ukladanie pou\u017e\u00edvate\u013esk\u00fdch preferenci\u00ed, \u010d\u00edm sa zabezpe\u010d\u00ed prisp\u00f4soben\u00fd z\u00e1\u017eitok z prehliadania.<\/p>\n\n\n\n<h2 class=\"wp-block-heading\">S\u00fabory cookie tret\u00edch str\u00e1n<\/h2>\n\n\n\n<p>THE <strong>Presn\u00e9 vo\u013en\u00e9 miesta<\/strong> M\u00f4\u017eete pou\u017e\u00edva\u0165 s\u00fabory cookie od d\u00f4veryhodn\u00fdch tret\u00edch str\u00e1n, vr\u00e1tane, ale nie v\u00fdlu\u010dne:<\/p>\n\n\n\n<h3 class=\"wp-block-heading\">Google Analytics<\/h3>\n\n\n\n<p>Na pochopenie toho, ako pou\u017e\u00edvatelia pou\u017e\u00edvaj\u00fa str\u00e1nku, a na zlep\u0161enie z\u00e1\u017eitku z prehliadania pou\u017e\u00edvame slu\u017ebu Google Analytics. Tieto s\u00fabory cookie m\u00f4\u017eu sledova\u0165 inform\u00e1cie, ako s\u00fa nav\u0161t\u00edven\u00e9 str\u00e1nky a \u010das str\u00e1ven\u00fd na str\u00e1nke.<\/p>\n\n\n\n<p>Viac inform\u00e1ci\u00ed n\u00e1jdete v ofici\u00e1lnych z\u00e1sad\u00e1ch slu\u017eby Google Analytics.<\/p>\n\n\n\n<h3 class=\"wp-block-heading\">Reklama a monetiz\u00e1cia<\/h3>\n\n\n\n<p>M\u00f4\u017eeme pou\u017e\u00edva\u0165 reklamn\u00e9 slu\u017eby (ako napr\u00edklad Google AdSense), ktor\u00e9 pou\u017e\u00edvaj\u00fa s\u00fabory cookie na zobrazovanie rekl\u00e1m relevantn\u00fdch pre pou\u017e\u00edvate\u013ea na z\u00e1klade predch\u00e1dzaj\u00facich n\u00e1v\u0161tev tejto alebo in\u00fdch webov\u00fdch str\u00e1nok.<\/p>\n\n\n\n<h2 class=\"wp-block-heading\">Z\u00e1v\u00e4zok pou\u017e\u00edvate\u013ea<\/h2>\n\n\n\n<p>Pou\u017e\u00edvate\u013e s\u00fahlas\u00ed s vhodn\u00fdm pou\u017e\u00edvan\u00edm obsahu a inform\u00e1ci\u00ed poskytnut\u00fdch <strong>Presn\u00e9 vo\u013en\u00e9 miesta<\/strong>, pri\u010dom sa zav\u00e4zuje:<\/p>\n\n\n\n<p>A) Nezap\u00e1ja\u0165 sa do nez\u00e1konn\u00fdch \u010dinnost\u00ed alebo \u010dinnost\u00ed, ktor\u00e9 s\u00fa v rozpore s dobrou vierou a verejn\u00fdm poriadkom;<br>B) Ne\u0161\u00edri\u0165 obsah rasistickej, xenof\u00f3bnej, diskrimina\u010dnej, nez\u00e1konnej povahy alebo obsah, ktor\u00fd podporuje terorizmus alebo poru\u0161uje \u013eudsk\u00e9 pr\u00e1va;<br>C) Nesp\u00f4sobova\u0165 po\u0161kodenie fyzick\u00fdch alebo logick\u00fdch syst\u00e9mov <strong>Presn\u00e9 vo\u013en\u00e9 miesta<\/strong>od svojich dod\u00e1vate\u013eov alebo tret\u00edch str\u00e1n, ani \u0161\u00edri\u0165 v\u00edrusy alebo in\u00e9 syst\u00e9my, ktor\u00e9 by mohli sp\u00f4sobi\u0165 \u0161kodu.<\/p>\n\n\n\n<h2 class=\"wp-block-heading\">Viac inform\u00e1ci\u00ed<\/h2>\n\n\n\n<p>D\u00fafame, \u017ee tieto z\u00e1sady s\u00fa jasn\u00e9. Ak m\u00e1te ak\u00e9ko\u013evek ot\u00e1zky t\u00fdkaj\u00face sa pou\u017e\u00edvania s\u00faborov cookie alebo osobn\u00fdch \u00fadajov, vo v\u0161eobecnosti je bezpe\u010dnej\u0161ie ponecha\u0165 s\u00fabory cookie povolen\u00e9, aby sa zabezpe\u010dilo spr\u00e1vne fungovanie funkci\u00ed str\u00e1nky.<\/p>\n\n\n\n<p>Ak m\u00e1te ak\u00e9ko\u013evek ot\u00e1zky, kontaktujte n\u00e1s.<\/p>","protected":false},"excerpt":{"rendered":"<p>A sua privacidade \u00e9 importante para n\u00f3s. \u00c9 pol\u00edtica do Pontual Vagas respeitar a sua privacidade em rela\u00e7\u00e3o a qualquer informa\u00e7\u00e3o sua que possamos coletar no site Pontual Vagas, bem como em outros sites que possu\u00edmos e operamos. Solicitamos informa\u00e7\u00f5es pessoais apenas quando realmente precisamos delas para fornecer um servi\u00e7o ao usu\u00e1rio. Fazemos isso por [&hellip;]<\/p>","protected":false},"author":1,"featured_media":0,"parent":0,"menu_order":0,"comment_status":"closed","ping_status":"closed","template":"","meta":{"footnotes":""},"class_list":["post-120","page","type-page","status-publish"],"_links":{"self":[{"href":"https:\/\/pontualvagas.com.br\/sk\/wp-json\/wp\/v2\/pages\/120","targetHints":{"allow":["GET"]}}],"collection":[{"href":"https:\/\/pontualvagas.com.br\/sk\/wp-json\/wp\/v2\/pages"}],"about":[{"href":"https:\/\/pontualvagas.com.br\/sk\/wp-json\/wp\/v2\/types\/page"}],"author":[{"embeddable":true,"href":"https:\/\/pontualvagas.com.br\/sk\/wp-json\/wp\/v2\/users\/1"}],"replies":[{"embeddable":true,"href":"https:\/\/pontualvagas.com.br\/sk\/wp-json\/wp\/v2\/comments?post=120"}],"version-history":[{"count":1,"href":"https:\/\/pontualvagas.com.br\/sk\/wp-json\/wp\/v2\/pages\/120\/revisions"}],"predecessor-version":[{"id":121,"href":"https:\/\/pontualvagas.com.br\/sk\/wp-json\/wp\/v2\/pages\/120\/revisions\/121"}],"wp:attachment":[{"href":"https:\/\/pontualvagas.com.br\/sk\/wp-json\/wp\/v2\/media?parent=120"}],"curies":[{"name":"wp","href":"https:\/\/api.w.org\/{rel}","templated":true}]}}