{"id":124,"date":"2026-01-18T08:36:06","date_gmt":"2026-01-18T08:36:06","guid":{"rendered":"https:\/\/pontualvagas.com.br\/?page_id=124"},"modified":"2026-01-18T08:36:07","modified_gmt":"2026-01-18T08:36:07","slug":"contact","status":"publish","type":"page","link":"https:\/\/pontualvagas.com.br\/ro\/contact\/","title":{"rendered":"Contact"},"content":{"rendered":"<p>Bun venit! Aceasta este pagina oficial\u0103 de contact pentru <strong>Posturi vacante punctuale<\/strong>Aici ne pute\u021bi contacta pentru a adresa \u00eentreb\u0103ri, a trimite sugestii, a face reclama\u021bii sau a aborda orice alt\u0103 problem\u0103 legat\u0103 de site-ul nostru web \u0219i de con\u021binutul pe care \u00eel public\u0103m.<\/p>\n\n\n\n<p>Scopul nostru este s\u0103 oferim cea mai bun\u0103 experien\u021b\u0103 posibil\u0103 pentru utilizatori, a\u0219a c\u0103 apreciem foarte mult feedback-ul dumneavoastr\u0103. Dac\u0103 ave\u021bi \u00eentreb\u0103ri despre cum func\u021bioneaz\u0103 site-ul, cum s\u0103 utiliza\u021bi aplica\u021biile recomandate sau despre con\u021binutul nostru, v\u0103 rug\u0103m s\u0103 ne scrie\u021bi.<\/p>\n\n\n\n<p>De asemenea, suntem \u00eentotdeauna deschi\u0219i la sugestii de \u00eembun\u0103t\u0103\u021bire \u0219i critici constructive. Opinia dumneavoastr\u0103 este esen\u021bial\u0103 pentru ca noi s\u0103 evolu\u0103m, s\u0103 corect\u0103m orice probleme \u0219i s\u0103 oferim informa\u021bii din ce \u00een ce mai utile \u0219i mai fiabile.<\/p>\n\n\n\n<p>Pentru a ne contacta, completa\u021bi pur \u0219i simplu formularul disponibil pe aceast\u0103 pagin\u0103 cu datele \u0219i mesajul dumneavoastr\u0103. Echipa noastr\u0103 va face tot posibilul s\u0103 v\u0103 r\u0103spund\u0103 c\u00e2t mai repede posibil.<\/p>\n\n\n\n<p>V\u0103 mul\u021bumim pentru vizit\u0103 <strong>Posturi vacante punctuale<\/strong> \u0218i vom fi bucuro\u0219i s\u0103 primim mesajul dumneavoastr\u0103.<\/p>\n\n\n\n<p><strong>Adres\u0103 de e-mail de contact:<\/strong><br>\ud83d\udce7 contact@pontualvagas.com.br<\/p>\n\n\n\n<p><\/p>","protected":false},"excerpt":{"rendered":"<p>Bem-vindo! Esta \u00e9 a p\u00e1gina oficial de contato do Pontual Vagas. Aqui voc\u00ea pode entrar em contato conosco para tirar d\u00favidas, enviar sugest\u00f5es, fazer reclama\u00e7\u00f5es ou tratar de qualquer outro assunto relacionado ao nosso site e aos conte\u00fados que publicamos. Nosso objetivo \u00e9 oferecer a melhor experi\u00eancia poss\u00edvel aos usu\u00e1rios, por isso valorizamos muito o [&hellip;]<\/p>","protected":false},"author":1,"featured_media":0,"parent":0,"menu_order":0,"comment_status":"closed","ping_status":"closed","template":"","meta":{"footnotes":""},"class_list":["post-124","page","type-page","status-publish"],"_links":{"self":[{"href":"https:\/\/pontualvagas.com.br\/ro\/wp-json\/wp\/v2\/pages\/124","targetHints":{"allow":["GET"]}}],"collection":[{"href":"https:\/\/pontualvagas.com.br\/ro\/wp-json\/wp\/v2\/pages"}],"about":[{"href":"https:\/\/pontualvagas.com.br\/ro\/wp-json\/wp\/v2\/types\/page"}],"author":[{"embeddable":true,"href":"https:\/\/pontualvagas.com.br\/ro\/wp-json\/wp\/v2\/users\/1"}],"replies":[{"embeddable":true,"href":"https:\/\/pontualvagas.com.br\/ro\/wp-json\/wp\/v2\/comments?post=124"}],"version-history":[{"count":1,"href":"https:\/\/pontualvagas.com.br\/ro\/wp-json\/wp\/v2\/pages\/124\/revisions"}],"predecessor-version":[{"id":125,"href":"https:\/\/pontualvagas.com.br\/ro\/wp-json\/wp\/v2\/pages\/124\/revisions\/125"}],"wp:attachment":[{"href":"https:\/\/pontualvagas.com.br\/ro\/wp-json\/wp\/v2\/media?parent=124"}],"curies":[{"name":"wp","href":"https:\/\/api.w.org\/{rel}","templated":true}]}}