{"id":122,"date":"2026-01-18T08:35:26","date_gmt":"2026-01-18T08:35:26","guid":{"rendered":"https:\/\/pontualvagas.com.br\/?page_id=122"},"modified":"2026-01-18T08:35:27","modified_gmt":"2026-01-18T08:35:27","slug":"termeni-de-utilizare","status":"publish","type":"page","link":"https:\/\/pontualvagas.com.br\/ro\/termeni-de-utilizare\/","title":{"rendered":"Termeni de utilizare"},"content":{"rendered":"<p>Prin accesarea \u0219i utilizarea site-ului web <strong>Posturi vacante punctuale<\/strong>Proced\u00e2nd astfel, sunte\u021bi de acord s\u0103 respecta\u021bi \u0219i s\u0103 fi\u021bi obligat(\u0103) de ace\u0219ti termeni. <strong>Termeni de utilizare<\/strong>\u00eempreun\u0103 cu al nostru <strong>Politica de confiden\u021bialitate<\/strong>, care reglementeaz\u0103 rela\u021bia dintre <strong>Posturi vacante punctuale<\/strong> \u0219i utilizatorul.<\/p>\n\n\n\n<p>Dac\u0103 nu sunte\u021bi de acord cu vreo parte a acestor termeni, v\u0103 recomand\u0103m s\u0103 <strong>nu utiliza\u021bi acest site web<\/strong>.<\/p>\n\n\n\n<h3 class=\"wp-block-heading\">Utilizarea site-ului<\/h3>\n\n\n\n<p>Con\u021binutul pus la dispozi\u021bie \u00een <strong>Posturi vacante punctuale<\/strong> are un scop <strong>doar \u00een scop informativ<\/strong>, fiind destinat prezent\u0103rii de aplica\u021bii, servicii digitale, sfaturi \u0219i con\u021binut legat de oportunit\u0103\u021bi, productivitate \u0219i solu\u021bii pentru utilizare pe dispozitive mobile.<\/p>\n\n\n\n<p>Informa\u021biile de pe acest site web pot fi modificate. <strong>Modific\u0103ri, actualiz\u0103ri sau elimin\u0103ri f\u0103r\u0103 notificare prealabil\u0103.<\/strong>.<\/p>\n\n\n\n<h3 class=\"wp-block-heading\">Exonerare de garan\u021bii<\/h3>\n\n\n\n<p>Nici <strong>Posturi vacante punctuale<\/strong>Nici noi, nici ter\u021bii nu oferim nicio garan\u021bie cu privire la exactitatea, actualitatea, performan\u021ba, caracterul complet sau adecvarea informa\u021biilor, aplica\u021biilor sau materialelor prezentate pe site pentru niciun scop specific.<\/p>\n\n\n\n<p>Utilizarea oric\u0103rei informa\u021bii, con\u021binut, aplica\u021bie sau material pus la dispozi\u021bie pe site este responsabilitatea dumneavoastr\u0103. <strong>\u00eentreaga responsabilitate a utilizatorului<\/strong>, care \u00ee\u0219i asum\u0103 toate riscurile care decurg din aceast\u0103 utilizare.<\/p>\n\n\n\n<h3 class=\"wp-block-heading\">Linkuri c\u0103tre site-uri web \u0219i aplica\u021bii ter\u021be<\/h3>\n\n\n\n<p>THE <strong>Posturi vacante punctuale<\/strong> Poate con\u021bine linkuri c\u0103tre site-uri web, platforme sau aplica\u021bii ale unor ter\u021be p\u0103r\u021bi. Aceste linkuri sunt furnizate exclusiv pentru confortul utilizatorului \u0219i pentru a oferi informa\u021bii suplimentare.<\/p>\n\n\n\n<p>Nu avem control asupra con\u021binutului, politicilor sau func\u021bion\u0103rii acestor site-uri web \u0219i aplica\u021bii externe \u0219i nu suntem responsabili pentru daune, pierderi sau probleme care decurg din utilizarea lor.<\/p>\n\n\n\n<h3 class=\"wp-block-heading\">Responsabilitatea utilizatorului<\/h3>\n\n\n\n<p>Prin utilizarea acestui site web, utilizatorul este de acord s\u0103:<\/p>\n\n\n\n<ul class=\"wp-block-list\">\n<li>A utiliza con\u021binutul \u00eentr-un mod legal \u0219i etic;<\/li>\n\n\n\n<li>Nu v\u0103 implica\u021bi \u00een activit\u0103\u021bi ilegale sau frauduloase sau \u00een activit\u0103\u021bi care \u00eencalc\u0103 legisla\u021bia \u00een vigoare;<\/li>\n\n\n\n<li>Nu \u00eencerca\u021bi s\u0103 deteriora\u021bi, s\u0103 supra\u00eenc\u0103rca\u021bi sau s\u0103 interfera\u021bi cu func\u021bionarea site-ului web sau a sistemelor acestuia.<\/li>\n<\/ul>\n\n\n\n<h3 class=\"wp-block-heading\">Proprietate intelectual\u0103<\/h3>\n\n\n\n<p>Tot con\u021binutul prezent \u00een <strong>Posturi vacante punctuale<\/strong>\u00centregul con\u021binut, inclusiv texte, m\u0103rci comerciale, logo-uri, imagini \u0219i machete, este protejat de drepturi de autor \u0219i drepturi de proprietate intelectual\u0103. Reproducerea total\u0103 sau par\u021bial\u0103 este interzis\u0103 f\u0103r\u0103 autoriza\u021bie prealabil\u0103, cu excep\u021bia cazurilor permise de lege.<\/p>\n\n\n\n<h3 class=\"wp-block-heading\">Modific\u0103ri ale termenilor<\/h3>\n\n\n\n<p>THE <strong>Posturi vacante punctuale<\/strong> \u00ee\u0219i rezerv\u0103 dreptul de a <strong>Ace\u0219ti Termeni de Utilizare pot fi modifica\u021bi oric\u00e2nd.<\/strong>f\u0103r\u0103 notificare prealabil\u0103. Utilizarea \u00een continuare a site-ului dup\u0103 modific\u0103ri implic\u0103 acceptarea automat\u0103 a noilor termeni.<\/p>\n\n\n\n<h3 class=\"wp-block-heading\">Acceptarea termenilor<\/h3>\n\n\n\n<p>Prin continuarea navig\u0103rii pe site <strong>Posturi vacante punctuale<\/strong>Prin aceasta, utilizatorul declar\u0103 c\u0103 a citit, a \u00een\u021beles \u0219i este pe deplin de acord cu ace\u0219ti Termeni de Utilizare.<\/p>","protected":false},"excerpt":{"rendered":"<p>Ao acessar e utilizar o site Pontual Vagas, voc\u00ea concorda em cumprir e ficar vinculado aos presentes Termos de Uso, juntamente com a nossa Pol\u00edtica de Privacidade, que regulam o relacionamento entre o Pontual Vagas e o usu\u00e1rio. Caso voc\u00ea n\u00e3o concorde com qualquer parte destes termos, recomendamos que n\u00e3o utilize este site. Uso do [&hellip;]<\/p>","protected":false},"author":1,"featured_media":0,"parent":0,"menu_order":0,"comment_status":"closed","ping_status":"closed","template":"","meta":{"footnotes":""},"class_list":["post-122","page","type-page","status-publish"],"_links":{"self":[{"href":"https:\/\/pontualvagas.com.br\/ro\/wp-json\/wp\/v2\/pages\/122","targetHints":{"allow":["GET"]}}],"collection":[{"href":"https:\/\/pontualvagas.com.br\/ro\/wp-json\/wp\/v2\/pages"}],"about":[{"href":"https:\/\/pontualvagas.com.br\/ro\/wp-json\/wp\/v2\/types\/page"}],"author":[{"embeddable":true,"href":"https:\/\/pontualvagas.com.br\/ro\/wp-json\/wp\/v2\/users\/1"}],"replies":[{"embeddable":true,"href":"https:\/\/pontualvagas.com.br\/ro\/wp-json\/wp\/v2\/comments?post=122"}],"version-history":[{"count":1,"href":"https:\/\/pontualvagas.com.br\/ro\/wp-json\/wp\/v2\/pages\/122\/revisions"}],"predecessor-version":[{"id":123,"href":"https:\/\/pontualvagas.com.br\/ro\/wp-json\/wp\/v2\/pages\/122\/revisions\/123"}],"wp:attachment":[{"href":"https:\/\/pontualvagas.com.br\/ro\/wp-json\/wp\/v2\/media?parent=122"}],"curies":[{"name":"wp","href":"https:\/\/api.w.org\/{rel}","templated":true}]}}