{"id":120,"date":"2026-01-18T08:33:27","date_gmt":"2026-01-18T08:33:27","guid":{"rendered":"https:\/\/pontualvagas.com.br\/?page_id=120"},"modified":"2026-01-18T08:33:28","modified_gmt":"2026-01-18T08:33:28","slug":"politica-de-confidentialitate","status":"publish","type":"page","link":"https:\/\/pontualvagas.com.br\/ro\/politica-de-confidentialitate\/","title":{"rendered":"Politica de confiden\u021bialitate"},"content":{"rendered":"<p>Confiden\u021bialitatea dumneavoastr\u0103 este important\u0103 pentru noi. Aceasta este politica noastr\u0103. <strong>Posturi vacante punctuale<\/strong> Vom respecta confiden\u021bialitatea dumneavoastr\u0103 \u00een ceea ce prive\u0219te orice informa\u021bii pe care le-am putea colecta de la dumneavoastr\u0103 pe site. <strong>Posturi vacante punctuale<\/strong>, precum \u0219i pe alte site-uri web pe care le de\u021binem \u0219i le oper\u0103m.<\/p>\n\n\n\n<p>Solicit\u0103m informa\u021bii personale doar atunci c\u00e2nd avem cu adev\u0103rat nevoie de ele pentru a oferi un serviciu utilizatorului. Facem acest lucru \u00een mod corect \u0219i legal, cu cuno\u0219tin\u021ba \u0219i consim\u021b\u0103m\u00e2ntul dumneavoastr\u0103. De asemenea, v\u0103 inform\u0103m de ce colect\u0103m aceste informa\u021bii \u0219i cum vor fi utilizate.<\/p>\n\n\n\n<p>P\u0103str\u0103m informa\u021biile colectate doar at\u00e2t timp c\u00e2t este necesar pentru a furniza serviciul solicitat. Atunci c\u00e2nd stoc\u0103m date, folosim mijloace acceptabile din punct de vedere comercial pentru a le proteja \u00eempotriva pierderii, furtului, accesului neautorizat, divulg\u0103rii, copierii, utiliz\u0103rii necorespunz\u0103toare sau modific\u0103rii.<\/p>\n\n\n\n<p>Nu \u00eemp\u0103rt\u0103\u0219im informa\u021bii personale de identificare public sau cu ter\u021be p\u0103r\u021bi, cu excep\u021bia cazurilor \u00een care legea o impune.<\/p>\n\n\n\n<p>THE <strong>Posturi vacante punctuale<\/strong> Acestea pot con\u021bine linkuri c\u0103tre site-uri web, aplica\u021bii sau servicii externe care nu sunt operate de noi. V\u0103 rug\u0103m s\u0103 re\u021bine\u021bi c\u0103 nu avem control asupra con\u021binutului \u0219i practicilor acestor site-uri \u0219i nu putem fi tra\u0219i la r\u0103spundere pentru politicile lor de confiden\u021bialitate respective.<\/p>\n\n\n\n<p>Utilizatorul este liber s\u0103 refuze solicitarea de informa\u021bii personale, \u00een\u021beleg\u00e2nd c\u0103 este posibil s\u0103 nu i se poat\u0103 oferi unele dintre serviciile dorite.<\/p>\n\n\n\n<p>Utilizarea continu\u0103 a site-ului <strong>Posturi vacante punctuale<\/strong> Feedback-ul dumneavoastr\u0103 va fi considerat o acceptare a practicilor noastre privind confiden\u021bialitatea \u0219i utilizarea informa\u021biilor personale. Dac\u0103 ave\u021bi \u00eentreb\u0103ri despre modul \u00een care gestion\u0103m datele utilizatorilor, v\u0103 rug\u0103m s\u0103 ne contacta\u021bi prin intermediul paginii de contact.<\/p>\n\n\n\n<h2 class=\"wp-block-heading\">Politica privind cookie-urile Pontual Vagas<\/h2>\n\n\n\n<h3 class=\"wp-block-heading\">Ce sunt cookie-urile?<\/h3>\n\n\n\n<p>A\u0219a cum este o practic\u0103 obi\u0219nuit\u0103 pe aproape toate site-urile web profesionale, acest site folose\u0219te cookie-uri, care sunt fi\u0219iere mici stocate pe dispozitivul dvs., pentru a v\u0103 \u00eembun\u0103t\u0103\u021bi experien\u021ba de navigare.<\/p>\n\n\n\n<p>Aceast\u0103 sec\u021biune explic\u0103 ce informa\u021bii colecteaz\u0103 modulele cookie, cum le folosim \u0219i de ce, \u00een unele cazuri, trebuie s\u0103 le stoc\u0103m.<\/p>\n\n\n\n<h3 class=\"wp-block-heading\">Cum folosim cookie-urile?<\/h3>\n\n\n\n<p>Folosim cookie-uri din diverse motive, inclusiv:<\/p>\n\n\n\n<ul class=\"wp-block-list\">\n<li>Pentru a asigura buna func\u021bionare a site-ului web;<\/li>\n\n\n\n<li>\u00cembun\u0103t\u0103\u021bi\u021bi experien\u021ba utilizatorului;<\/li>\n\n\n\n<li>Analiza\u021bi comportamentul de navigare;<\/li>\n\n\n\n<li>Afi\u0219a\u021bi con\u021binut \u0219i reclame mai relevante.<\/li>\n<\/ul>\n\n\n\n<p>\u00cen majoritatea cazurilor, nu exist\u0103 op\u021biuni standard \u00een industrie pentru dezactivarea cookie-urilor f\u0103r\u0103 a compromite func\u021bionalitatea esen\u021bial\u0103 a site-ului web. Se recomand\u0103 s\u0103 p\u0103stra\u021bi cookie-urile activate dac\u0103 nu sunte\u021bi sigur dac\u0103 ave\u021bi nevoie de ele sau nu.<\/p>\n\n\n\n<h3 class=\"wp-block-heading\">Dezactiva\u021bi cookie-urile<\/h3>\n\n\n\n<p>Pute\u021bi \u00eempiedica setarea cookie-urilor prin ajustarea set\u0103rilor browserului dvs. Cu toate acestea, re\u021bine\u021bi c\u0103 dezactivarea cookie-urilor poate afecta func\u021bionalitatea acestui site web \u0219i a altor site-uri web pe care le vizita\u021bi.<\/p>\n\n\n\n<h2 class=\"wp-block-heading\">Cookie-urile pe care le set\u0103m<\/h2>\n\n\n\n<h3 class=\"wp-block-heading\">Cookie-uri legate de cont<\/h3>\n\n\n\n<p>Dac\u0103 un utilizator \u00ee\u0219i creeaz\u0103 un cont (dac\u0103 este cazul), folosim cookie-uri pentru a gestiona procesul de \u00eenregistrare \u0219i administrarea general\u0103. Aceste cookie-uri sunt de obicei eliminate la deconectarea contului.<\/p>\n\n\n\n<h3 class=\"wp-block-heading\">Cookie-uri legate de conectare<\/h3>\n\n\n\n<p>Folosite pentru a reaminti utilizatorului c\u0103 este autentificat, evit\u00e2nd necesitatea de a se autentifica \u00een mod repetat pe fiecare pagin\u0103. Acestea sunt eliminate dup\u0103 deconectare.<\/p>\n\n\n\n<h3 class=\"wp-block-heading\">Cookie-uri legate de newsletterele prin e-mail<\/h3>\n\n\n\n<p>Dac\u0103 site-ul web ofer\u0103 abonare la newsletter sau notific\u0103ri, cookie-urile pot fi utilizate pentru a re\u021bine dac\u0103 utilizatorul este deja abonat.<\/p>\n\n\n\n<h3 class=\"wp-block-heading\">Cookie-uri legate de formulare<\/h3>\n\n\n\n<p>C\u00e2nd un utilizator trimite informa\u021bii prin intermediul formularelor (cum ar fi formularele de contact sau comentariile), cookie-urile pot fi utilizate pentru a memora datele utilizatorului pentru interac\u021biuni viitoare.<\/p>\n\n\n\n<h3 class=\"wp-block-heading\">Cookie-uri pentru preferin\u021bele site-ului<\/h3>\n\n\n\n<p>Folosit pentru a stoca preferin\u021bele utilizatorului, asigur\u00e2nd o experien\u021b\u0103 de navigare personalizat\u0103.<\/p>\n\n\n\n<h2 class=\"wp-block-heading\">Cookie-uri ter\u021be<\/h2>\n\n\n\n<p>THE <strong>Posturi vacante punctuale<\/strong> Pute\u021bi utiliza cookie-uri de la ter\u021be p\u0103r\u021bi de \u00eencredere, inclusiv, dar f\u0103r\u0103 a se limita la:<\/p>\n\n\n\n<h3 class=\"wp-block-heading\">Google Analytics<\/h3>\n\n\n\n<p>Folosim Google Analytics pentru a \u00een\u021belege cum utilizeaz\u0103 utilizatorii site-ul \u0219i pentru a \u00eembun\u0103t\u0103\u021bi experien\u021ba de navigare. Aceste cookie-uri pot urm\u0103ri informa\u021bii precum paginile vizitate \u0219i timpul petrecut pe site.<\/p>\n\n\n\n<p>Pentru mai multe informa\u021bii, v\u0103 rug\u0103m s\u0103 consulta\u021bi politica oficial\u0103 Google Analytics.<\/p>\n\n\n\n<h3 class=\"wp-block-heading\">Publicitate \u0219i monetizare<\/h3>\n\n\n\n<p>Este posibil s\u0103 folosim servicii de publicitate (cum ar fi Google AdSense) care utilizeaz\u0103 cookie-uri pentru a afi\u0219a reclame relevante pentru utilizator pe baza vizitelor anterioare pe acest site web sau pe altele.<\/p>\n\n\n\n<h2 class=\"wp-block-heading\">Angajamentul utilizatorului<\/h2>\n\n\n\n<p>Utilizatorul este de acord s\u0103 utilizeze \u00een mod corespunz\u0103tor con\u021binutul \u0219i informa\u021biile furnizate de <strong>Posturi vacante punctuale<\/strong>, angaj\u00e2ndu-se s\u0103:<\/p>\n\n\n\n<p>A) S\u0103 nu se angajeze \u00een activit\u0103\u021bi ilegale sau contrare bunei-credin\u021be \u0219i ordinii publice;<br>B) S\u0103 nu disemineze con\u021binut cu caracter rasist, xenofob, discriminatoriu, ilegal sau care promoveaz\u0103 terorismul sau \u00eencalc\u0103 drepturile omului;<br>C) S\u0103 nu provoace daune sistemelor fizice sau logice ale <strong>Posturi vacante punctuale<\/strong>de la furnizorii s\u0103i sau de la ter\u021bi \u0219i nici nu va r\u0103sp\u00e2ndi viru\u0219i sau alte sisteme capabile s\u0103 provoace daune.<\/p>\n\n\n\n<h2 class=\"wp-block-heading\">Mai multe informa\u021bii<\/h2>\n\n\n\n<p>Sper\u0103m c\u0103 aceast\u0103 politic\u0103 este clar\u0103. Dac\u0103 ave\u021bi \u00eentreb\u0103ri despre utilizarea cookie-urilor sau a datelor cu caracter personal, este, \u00een general, mai sigur s\u0103 p\u0103stra\u021bi cookie-urile activate pentru a asigura func\u021bionarea corect\u0103 a func\u021biilor site-ului.<\/p>\n\n\n\n<p>Dac\u0103 ave\u021bi \u00eentreb\u0103ri, v\u0103 rug\u0103m s\u0103 ne contacta\u021bi.<\/p>","protected":false},"excerpt":{"rendered":"<p>A sua privacidade \u00e9 importante para n\u00f3s. \u00c9 pol\u00edtica do Pontual Vagas respeitar a sua privacidade em rela\u00e7\u00e3o a qualquer informa\u00e7\u00e3o sua que possamos coletar no site Pontual Vagas, bem como em outros sites que possu\u00edmos e operamos. Solicitamos informa\u00e7\u00f5es pessoais apenas quando realmente precisamos delas para fornecer um servi\u00e7o ao usu\u00e1rio. Fazemos isso por [&hellip;]<\/p>","protected":false},"author":1,"featured_media":0,"parent":0,"menu_order":0,"comment_status":"closed","ping_status":"closed","template":"","meta":{"footnotes":""},"class_list":["post-120","page","type-page","status-publish"],"_links":{"self":[{"href":"https:\/\/pontualvagas.com.br\/ro\/wp-json\/wp\/v2\/pages\/120","targetHints":{"allow":["GET"]}}],"collection":[{"href":"https:\/\/pontualvagas.com.br\/ro\/wp-json\/wp\/v2\/pages"}],"about":[{"href":"https:\/\/pontualvagas.com.br\/ro\/wp-json\/wp\/v2\/types\/page"}],"author":[{"embeddable":true,"href":"https:\/\/pontualvagas.com.br\/ro\/wp-json\/wp\/v2\/users\/1"}],"replies":[{"embeddable":true,"href":"https:\/\/pontualvagas.com.br\/ro\/wp-json\/wp\/v2\/comments?post=120"}],"version-history":[{"count":1,"href":"https:\/\/pontualvagas.com.br\/ro\/wp-json\/wp\/v2\/pages\/120\/revisions"}],"predecessor-version":[{"id":121,"href":"https:\/\/pontualvagas.com.br\/ro\/wp-json\/wp\/v2\/pages\/120\/revisions\/121"}],"wp:attachment":[{"href":"https:\/\/pontualvagas.com.br\/ro\/wp-json\/wp\/v2\/media?parent=120"}],"curies":[{"name":"wp","href":"https:\/\/api.w.org\/{rel}","templated":true}]}}