{"id":122,"date":"2026-01-18T08:35:26","date_gmt":"2026-01-18T08:35:26","guid":{"rendered":"https:\/\/pontualvagas.com.br\/?page_id=122"},"modified":"2026-01-18T08:35:27","modified_gmt":"2026-01-18T08:35:27","slug":"warunki-uzytkowania","status":"publish","type":"page","link":"https:\/\/pontualvagas.com.br\/pl\/warunki-uzytkowania\/","title":{"rendered":"Warunki korzystania"},"content":{"rendered":"<p>Uzyskuj\u0105c dost\u0119p do witryny i korzystaj\u0105c z niej <strong>Punktualne wakaty<\/strong>Dokonuj\u0105c tej czynno\u015bci, wyra\u017casz zgod\u0119 na przestrzeganie niniejszych warunk\u00f3w i jeste\u015b nimi zwi\u0105zany. <strong>Warunki korzystania<\/strong>razem z naszym <strong>Polityka prywatno\u015bci<\/strong>, kt\u00f3re reguluj\u0105 relacje mi\u0119dzy <strong>Punktualne wakaty<\/strong> i u\u017cytkownika.<\/p>\n\n\n\n<p>Je\u017celi nie zgadzasz si\u0119 z jak\u0105kolwiek cz\u0119\u015bci\u0105 niniejszych warunk\u00f3w, zalecamy <strong>nie korzystaj z tej witryny<\/strong>.<\/p>\n\n\n\n<h3 class=\"wp-block-heading\">Korzystanie ze strony<\/h3>\n\n\n\n<p>Tre\u015b\u0107 udost\u0119pniona w <strong>Punktualne wakaty<\/strong> ma cel <strong>wy\u0142\u0105cznie w celach informacyjnych<\/strong>, przeznaczony do prezentacji aplikacji, us\u0142ug cyfrowych, porad i tre\u015bci zwi\u0105zanych z mo\u017cliwo\u015bciami, produktywno\u015bci\u0105 i rozwi\u0105zaniami do wykorzystania na urz\u0105dzeniach mobilnych.<\/p>\n\n\n\n<p>Informacje zawarte na tej stronie internetowej mog\u0105 ulec zmianie. <strong>Zmiany, aktualizacje lub usuni\u0119cia bez wcze\u015bniejszego powiadomienia.<\/strong>.<\/p>\n\n\n\n<h3 class=\"wp-block-heading\">Zastrze\u017cenie dotycz\u0105ce gwarancji<\/h3>\n\n\n\n<p>Ani ten <strong>Punktualne wakaty<\/strong>Ani my, ani osoby trzecie nie udzielamy \u017cadnych gwarancji co do dok\u0142adno\u015bci, aktualno\u015bci, dzia\u0142ania, kompletno\u015bci ani przydatno\u015bci informacji, aplikacji lub materia\u0142\u00f3w prezentowanych na stronie internetowej do jakiegokolwiek konkretnego celu.<\/p>\n\n\n\n<p>Korzystanie z wszelkich informacji, tre\u015bci, aplikacji lub materia\u0142\u00f3w udost\u0119pnionych na stronie internetowej odbywa si\u0119 na Twoj\u0105 odpowiedzialno\u015b\u0107. <strong>pe\u0142na odpowiedzialno\u015b\u0107 u\u017cytkownika<\/strong>, kt\u00f3ra bierze na siebie wszelkie ryzyko wynikaj\u0105ce z takiego u\u017cytkowania.<\/p>\n\n\n\n<h3 class=\"wp-block-heading\">Linki do stron internetowych i aplikacji stron trzecich<\/h3>\n\n\n\n<p>THE <strong>Punktualne wakaty<\/strong> Mo\u017ce zawiera\u0107 linki do stron internetowych, platform lub aplikacji stron trzecich. Linki te s\u0105 udost\u0119pniane wy\u0142\u0105cznie dla wygody u\u017cytkownika i w celu dostarczenia dodatkowych informacji.<\/p>\n\n\n\n<p>Nie mamy kontroli nad tre\u015bci\u0105, polityk\u0105 ani funkcjonowaniem tych zewn\u0119trznych stron internetowych i aplikacji i nie ponosimy odpowiedzialno\u015bci za jakiekolwiek szkody, straty lub problemy wynikaj\u0105ce z ich u\u017cytkowania.<\/p>\n\n\n\n<h3 class=\"wp-block-heading\">Odpowiedzialno\u015b\u0107 u\u017cytkownika<\/h3>\n\n\n\n<p>Korzystaj\u0105c z tej witryny internetowej, u\u017cytkownik wyra\u017ca zgod\u0119 na:<\/p>\n\n\n\n<ul class=\"wp-block-list\">\n<li>U\u017cywaj tre\u015bci w spos\u00f3b zgodny z prawem i etyczny;<\/li>\n\n\n\n<li>Nie podejmuj dzia\u0142a\u0144 niezgodnych z prawem lub oszuka\u0144czych, ani dzia\u0142a\u0144 naruszaj\u0105cych obowi\u0105zuj\u0105ce przepisy prawa;<\/li>\n\n\n\n<li>Nie podejmuj pr\u00f3b uszkodzenia, przeci\u0105\u017cenia ani zak\u0142\u00f3cania dzia\u0142ania witryny lub jej system\u00f3w.<\/li>\n<\/ul>\n\n\n\n<h3 class=\"wp-block-heading\">W\u0142asno\u015b\u0107 intelektualna<\/h3>\n\n\n\n<p>Ca\u0142a zawarto\u015b\u0107 obecna w <strong>Punktualne wakaty<\/strong>Ca\u0142a tre\u015b\u0107, w tym teksty, znaki towarowe, logo, obrazy i uk\u0142ady graficzne, jest chroniona prawem autorskim i prawami w\u0142asno\u015bci intelektualnej. Powielanie ca\u0142o\u015bci lub cz\u0119\u015bci bez uprzedniej zgody jest zabronione, z wyj\u0105tkiem przypadk\u00f3w dozwolonych przez prawo.<\/p>\n\n\n\n<h3 class=\"wp-block-heading\">Zmiany w warunkach<\/h3>\n\n\n\n<p>THE <strong>Punktualne wakaty<\/strong> zastrzega sobie prawo do <strong>Niniejsze Warunki korzystania mog\u0105 zosta\u0107 zmienione w dowolnym momencie.<\/strong>bez uprzedniego powiadomienia. Dalsze korzystanie ze strony po wprowadzeniu zmian oznacza automatyczn\u0105 akceptacj\u0119 nowych warunk\u00f3w.<\/p>\n\n\n\n<h3 class=\"wp-block-heading\">Akceptacja warunk\u00f3w<\/h3>\n\n\n\n<p>Kontynuuj\u0105c przegl\u0105danie witryny <strong>Punktualne wakaty<\/strong>Dokonuj\u0105c tej czynno\u015bci, u\u017cytkownik o\u015bwiadcza, \u017ce przeczyta\u0142, zrozumia\u0142 i w pe\u0142ni akceptuje niniejsze Warunki korzystania.<\/p>","protected":false},"excerpt":{"rendered":"<p>Ao acessar e utilizar o site Pontual Vagas, voc\u00ea concorda em cumprir e ficar vinculado aos presentes Termos de Uso, juntamente com a nossa Pol\u00edtica de Privacidade, que regulam o relacionamento entre o Pontual Vagas e o usu\u00e1rio. Caso voc\u00ea n\u00e3o concorde com qualquer parte destes termos, recomendamos que n\u00e3o utilize este site. Uso do [&hellip;]<\/p>","protected":false},"author":1,"featured_media":0,"parent":0,"menu_order":0,"comment_status":"closed","ping_status":"closed","template":"","meta":{"footnotes":""},"class_list":["post-122","page","type-page","status-publish"],"_links":{"self":[{"href":"https:\/\/pontualvagas.com.br\/pl\/wp-json\/wp\/v2\/pages\/122","targetHints":{"allow":["GET"]}}],"collection":[{"href":"https:\/\/pontualvagas.com.br\/pl\/wp-json\/wp\/v2\/pages"}],"about":[{"href":"https:\/\/pontualvagas.com.br\/pl\/wp-json\/wp\/v2\/types\/page"}],"author":[{"embeddable":true,"href":"https:\/\/pontualvagas.com.br\/pl\/wp-json\/wp\/v2\/users\/1"}],"replies":[{"embeddable":true,"href":"https:\/\/pontualvagas.com.br\/pl\/wp-json\/wp\/v2\/comments?post=122"}],"version-history":[{"count":1,"href":"https:\/\/pontualvagas.com.br\/pl\/wp-json\/wp\/v2\/pages\/122\/revisions"}],"predecessor-version":[{"id":123,"href":"https:\/\/pontualvagas.com.br\/pl\/wp-json\/wp\/v2\/pages\/122\/revisions\/123"}],"wp:attachment":[{"href":"https:\/\/pontualvagas.com.br\/pl\/wp-json\/wp\/v2\/media?parent=122"}],"curies":[{"name":"wp","href":"https:\/\/api.w.org\/{rel}","templated":true}]}}