{"id":120,"date":"2026-01-18T08:33:27","date_gmt":"2026-01-18T08:33:27","guid":{"rendered":"https:\/\/pontualvagas.com.br\/?page_id=120"},"modified":"2026-01-18T08:33:28","modified_gmt":"2026-01-18T08:33:28","slug":"polityka-prywatnosci","status":"publish","type":"page","link":"https:\/\/pontualvagas.com.br\/pl\/polityka-prywatnosci\/","title":{"rendered":"Polityka prywatno\u015bci"},"content":{"rendered":"<p>Twoja prywatno\u015b\u0107 jest dla nas wa\u017cna. To nasza polityka. <strong>Punktualne wakaty<\/strong> Szanujemy Twoj\u0105 prywatno\u015b\u0107 w kontek\u015bcie wszelkich informacji, kt\u00f3re mo\u017cemy od Ciebie zebra\u0107 na stronie internetowej. <strong>Punktualne wakaty<\/strong>oraz na innych stronach internetowych, kt\u00f3re s\u0105 nasz\u0105 w\u0142asno\u015bci\u0105 i przez nas obs\u0142ugiwane.<\/p>\n\n\n\n<p>\u017b\u0105damy podania danych osobowych tylko wtedy, gdy jest to rzeczywi\u015bcie niezb\u0119dne do \u015bwiadczenia u\u017cytkownikowi us\u0142ugi. Robimy to uczciwie i zgodnie z prawem, za Twoj\u0105 wiedz\u0105 i zgod\u0105. Informujemy Ci\u0119 r\u00f3wnie\u017c, dlaczego gromadzimy te dane i jak b\u0119d\u0105 one wykorzystywane.<\/p>\n\n\n\n<p>Zebrane informacje przechowujemy tylko tak d\u0142ugo, jak jest to konieczne do \u015bwiadczenia \u017c\u0105danej us\u0142ugi. Przechowuj\u0105c dane, stosujemy komercyjnie akceptowalne \u015brodki ochrony przed utrat\u0105, kradzie\u017c\u0105, nieautoryzowanym dost\u0119pem, ujawnieniem, kopiowaniem, niew\u0142a\u015bciwym wykorzystaniem lub modyfikacj\u0105.<\/p>\n\n\n\n<p>Nie udost\u0119pniamy danych osobowych publicznie ani osobom trzecim, chyba \u017ce wymaga tego prawo.<\/p>\n\n\n\n<p>THE <strong>Punktualne wakaty<\/strong> Mog\u0105 one zawiera\u0107 linki do zewn\u0119trznych stron internetowych, aplikacji lub us\u0142ug, kt\u00f3re nie s\u0105 przez nas obs\u0142ugiwane. Nale\u017cy pami\u0119ta\u0107, \u017ce nie mamy kontroli nad tre\u015bci\u0105 ani praktykami stosowanymi na tych stronach i nie ponosimy odpowiedzialno\u015bci za ich polityk\u0119 prywatno\u015bci.<\/p>\n\n\n\n<p>U\u017cytkownik ma prawo odm\u00f3wi\u0107 podania danych osobowych, rozumiej\u0105c, \u017ce w takim przypadku \u015bwiadczenie niekt\u00f3rych \u017c\u0105danych us\u0142ug mo\u017ce okaza\u0107 si\u0119 niemo\u017cliwe.<\/p>\n\n\n\n<p>Dalsze korzystanie ze strony <strong>Punktualne wakaty<\/strong> Twoja opinia b\u0119dzie traktowana jako akceptacja naszych praktyk dotycz\u0105cych prywatno\u015bci i wykorzystywania danych osobowych. W przypadku pyta\u0144 dotycz\u0105cych sposobu przetwarzania danych u\u017cytkownik\u00f3w prosimy o kontakt za po\u015brednictwem strony kontaktowej.<\/p>\n\n\n\n<h2 class=\"wp-block-heading\">Polityka plik\u00f3w cookie Pontual Vagas<\/h2>\n\n\n\n<h3 class=\"wp-block-heading\">Czym s\u0105 pliki cookie?<\/h3>\n\n\n\n<p>Zgodnie z powszechn\u0105 praktyk\u0105 stosowan\u0105 na wi\u0119kszo\u015bci profesjonalnych stron internetowych, ta strona u\u017cywa plik\u00f3w cookie, czyli ma\u0142ych plik\u00f3w przechowywanych na Twoim urz\u0105dzeniu, w celu usprawnienia przegl\u0105dania witryny.<\/p>\n\n\n\n<p>W tej sekcji wyja\u015bniono, jakie informacje gromadz\u0105 pliki cookie, w jaki spos\u00f3b je wykorzystujemy i dlaczego w niekt\u00f3rych przypadkach musimy je przechowywa\u0107.<\/p>\n\n\n\n<h3 class=\"wp-block-heading\">Jak u\u017cywamy plik\u00f3w cookie?<\/h3>\n\n\n\n<p>Pliki cookie wykorzystujemy z r\u00f3\u017cnych powod\u00f3w, w tym:<\/p>\n\n\n\n<ul class=\"wp-block-list\">\n<li>Aby zapewni\u0107 prawid\u0142owe funkcjonowanie strony internetowej;<\/li>\n\n\n\n<li>Poprawa do\u015bwiadczenia u\u017cytkownika;<\/li>\n\n\n\n<li>Analizuj zachowanie przegl\u0105dania;<\/li>\n\n\n\n<li>Wy\u015bwietlaj bardziej trafne tre\u015bci i reklamy.<\/li>\n<\/ul>\n\n\n\n<p>W wi\u0119kszo\u015bci przypadk\u00f3w nie ma standardowych opcji bran\u017cowych umo\u017cliwiaj\u0105cych wy\u0142\u0105czenie plik\u00f3w cookie bez ograniczania podstawowych funkcji witryny. Zaleca si\u0119 pozostawienie plik\u00f3w cookie w\u0142\u0105czonych, je\u015bli nie masz pewno\u015bci, czy ich potrzebujesz.<\/p>\n\n\n\n<h3 class=\"wp-block-heading\">Wy\u0142\u0105cz pliki cookie<\/h3>\n\n\n\n<p>Mo\u017cesz zablokowa\u0107 zapisywanie plik\u00f3w cookie, zmieniaj\u0105c ustawienia swojej przegl\u0105darki. Pami\u0119taj jednak, \u017ce wy\u0142\u0105czenie plik\u00f3w cookie mo\u017ce wp\u0142yn\u0105\u0107 na funkcjonalno\u015b\u0107 tej i innych odwiedzanych przez Ciebie stron internetowych.<\/p>\n\n\n\n<h2 class=\"wp-block-heading\">Pliki cookie, kt\u00f3re ustawiamy<\/h2>\n\n\n\n<h3 class=\"wp-block-heading\">Pliki cookie zwi\u0105zane z kontem<\/h3>\n\n\n\n<p>Je\u015bli u\u017cytkownik utworzy konto (je\u015bli dotyczy), u\u017cywamy plik\u00f3w cookie do zarz\u0105dzania procesem rejestracji i og\u00f3lnym administrowaniem. Te pliki cookie s\u0105 zazwyczaj usuwane po wylogowaniu z konta.<\/p>\n\n\n\n<h3 class=\"wp-block-heading\">Pliki cookie zwi\u0105zane z logowaniem<\/h3>\n\n\n\n<p>S\u0142u\u017c\u0105 do przypominania u\u017cytkownikowi o zalogowaniu, co eliminuje konieczno\u015b\u0107 wielokrotnego logowania si\u0119 na ka\u017cdej stronie. S\u0105 usuwane po wylogowaniu.<\/p>\n\n\n\n<h3 class=\"wp-block-heading\">Pliki cookie zwi\u0105zane z biuletynami e-mail<\/h3>\n\n\n\n<p>Je\u015bli witryna internetowa oferuje mo\u017cliwo\u015b\u0107 zapisania si\u0119 na newsletter lub powiadomienia, pliki cookie mog\u0105 by\u0107 u\u017cywane do zapami\u0119tania, czy u\u017cytkownik jest ju\u017c zapisany.<\/p>\n\n\n\n<h3 class=\"wp-block-heading\">Pliki cookie zwi\u0105zane z formularzem<\/h3>\n\n\n\n<p>Gdy u\u017cytkownik przesy\u0142a informacje za po\u015brednictwem formularzy (takich jak formularze kontaktowe lub komentarze), pliki cookie mog\u0105 by\u0107 u\u017cywane do zapami\u0119tywania danych u\u017cytkownika na potrzeby przysz\u0142ych interakcji.<\/p>\n\n\n\n<h3 class=\"wp-block-heading\">Pliki cookie preferencji witryny<\/h3>\n\n\n\n<p>S\u0142u\u017cy do przechowywania preferencji u\u017cytkownika, zapewniaj\u0105c spersonalizowane przegl\u0105danie stron internetowych.<\/p>\n\n\n\n<h2 class=\"wp-block-heading\">Pliki cookie stron trzecich<\/h2>\n\n\n\n<p>THE <strong>Punktualne wakaty<\/strong> Mo\u017cesz u\u017cywa\u0107 plik\u00f3w cookie pochodz\u0105cych od zaufanych stron trzecich, w tym mi\u0119dzy innymi:<\/p>\n\n\n\n<h3 class=\"wp-block-heading\">Google Analytics<\/h3>\n\n\n\n<p>U\u017cywamy Google Analytics, aby zrozumie\u0107, w jaki spos\u00f3b u\u017cytkownicy korzystaj\u0105 z witryny i ulepszy\u0107 komfort przegl\u0105dania. Te pliki cookie mog\u0105 \u015bledzi\u0107 informacje, takie jak odwiedzane strony i czas sp\u0119dzony na stronie.<\/p>\n\n\n\n<p>Aby uzyska\u0107 wi\u0119cej informacji, zapoznaj si\u0119 z oficjaln\u0105 polityk\u0105 Google Analytics.<\/p>\n\n\n\n<h3 class=\"wp-block-heading\">Reklama i monetyzacja<\/h3>\n\n\n\n<p>Mo\u017cemy korzysta\u0107 z us\u0142ug reklamowych (takich jak Google AdSense), kt\u00f3re u\u017cywaj\u0105 plik\u00f3w cookie w celu wy\u015bwietlania reklam istotnych dla u\u017cytkownika na podstawie jego poprzednich wizyt na tej lub innych stronach internetowych.<\/p>\n\n\n\n<h2 class=\"wp-block-heading\">Zaanga\u017cowanie u\u017cytkownika<\/h2>\n\n\n\n<p>U\u017cytkownik wyra\u017ca zgod\u0119 na w\u0142a\u015bciwe wykorzystanie tre\u015bci i informacji udost\u0119pnionych przez <strong>Punktualne wakaty<\/strong>, zobowi\u0105zuj\u0105c si\u0119 do:<\/p>\n\n\n\n<p>A) nie anga\u017cowa\u0107 si\u0119 w dzia\u0142alno\u015b\u0107 niezgodn\u0105 z prawem lub z zasadami dobrej wiary i porz\u0105dkiem publicznym;<br>B) Nie rozpowszechnia\u0107 tre\u015bci o charakterze rasistowskim, ksenofobicznym, dyskryminacyjnym, niezgodnym z prawem lub promuj\u0105cych terroryzm lub naruszaj\u0105cych prawa cz\u0142owieka;<br>C) Nie powodowa\u0107 uszkodze\u0144 system\u00f3w fizycznych lub logicznych <strong>Punktualne wakaty<\/strong>od swoich dostawc\u00f3w lub os\u00f3b trzecich, ani nie rozpowszechnia\u0107 wirus\u00f3w lub innych system\u00f3w mog\u0105cych powodowa\u0107 szkody.<\/p>\n\n\n\n<h2 class=\"wp-block-heading\">Wi\u0119cej informacji<\/h2>\n\n\n\n<p>Mamy nadziej\u0119, \u017ce ta polityka jest jasna. Je\u015bli masz jakiekolwiek pytania dotycz\u0105ce korzystania z plik\u00f3w cookie lub danych osobowych, generalnie bezpieczniej jest pozostawi\u0107 pliki cookie w\u0142\u0105czone, aby zapewni\u0107 prawid\u0142owe dzia\u0142anie funkcji witryny.<\/p>\n\n\n\n<p>Je\u017celi masz jakie\u015b pytania, skontaktuj si\u0119 z nami.<\/p>","protected":false},"excerpt":{"rendered":"<p>A sua privacidade \u00e9 importante para n\u00f3s. \u00c9 pol\u00edtica do Pontual Vagas respeitar a sua privacidade em rela\u00e7\u00e3o a qualquer informa\u00e7\u00e3o sua que possamos coletar no site Pontual Vagas, bem como em outros sites que possu\u00edmos e operamos. Solicitamos informa\u00e7\u00f5es pessoais apenas quando realmente precisamos delas para fornecer um servi\u00e7o ao usu\u00e1rio. Fazemos isso por [&hellip;]<\/p>","protected":false},"author":1,"featured_media":0,"parent":0,"menu_order":0,"comment_status":"closed","ping_status":"closed","template":"","meta":{"footnotes":""},"class_list":["post-120","page","type-page","status-publish"],"_links":{"self":[{"href":"https:\/\/pontualvagas.com.br\/pl\/wp-json\/wp\/v2\/pages\/120","targetHints":{"allow":["GET"]}}],"collection":[{"href":"https:\/\/pontualvagas.com.br\/pl\/wp-json\/wp\/v2\/pages"}],"about":[{"href":"https:\/\/pontualvagas.com.br\/pl\/wp-json\/wp\/v2\/types\/page"}],"author":[{"embeddable":true,"href":"https:\/\/pontualvagas.com.br\/pl\/wp-json\/wp\/v2\/users\/1"}],"replies":[{"embeddable":true,"href":"https:\/\/pontualvagas.com.br\/pl\/wp-json\/wp\/v2\/comments?post=120"}],"version-history":[{"count":1,"href":"https:\/\/pontualvagas.com.br\/pl\/wp-json\/wp\/v2\/pages\/120\/revisions"}],"predecessor-version":[{"id":121,"href":"https:\/\/pontualvagas.com.br\/pl\/wp-json\/wp\/v2\/pages\/120\/revisions\/121"}],"wp:attachment":[{"href":"https:\/\/pontualvagas.com.br\/pl\/wp-json\/wp\/v2\/media?parent=120"}],"curies":[{"name":"wp","href":"https:\/\/api.w.org\/{rel}","templated":true}]}}