{"id":118,"date":"2026-01-18T08:31:06","date_gmt":"2026-01-18T08:31:06","guid":{"rendered":"https:\/\/pontualvagas.com.br\/?page_id=118"},"modified":"2026-01-18T08:31:07","modified_gmt":"2026-01-18T08:31:07","slug":"zastrzezenie","status":"publish","type":"page","link":"https:\/\/pontualvagas.com.br\/pl\/zastrzezenie\/","title":{"rendered":"Zastrze\u017cenie"},"content":{"rendered":"<p>Informacje dost\u0119pne na stronie internetowej <strong>Punktualne wakaty<\/strong> mie\u0107 charakter <strong>Tylko w celach informacyjnych.<\/strong>Naszym celem jest prezentowanie tre\u015bci, analiz i rekomendacji dotycz\u0105cych aplikacji, us\u0142ug i narz\u0119dzi, kt\u00f3re mog\u0105 pom\u00f3c u\u017cytkownikom w poszukiwaniu mo\u017cliwo\u015bci, produktywno\u015bci i rozwi\u0105za\u0144 cyfrowych.<\/p>\n\n\n\n<h3 class=\"wp-block-heading\">Nie udzielamy \u017cadnych gwarancji.<\/h3>\n\n\n\n<p>THE <strong>Punktualne wakaty<\/strong> <strong>nie gwarantuje<\/strong> Wyniki, zyski finansowe, zatrudnienie, doch\u00f3d lub jakikolwiek inny rodzaj korzy\u015bci wynikaj\u0105cych z korzystania z informacji, aplikacji lub us\u0142ug wymienionych na stronie internetowej. Wyniki mog\u0105 si\u0119 r\u00f3\u017cni\u0107 w zale\u017cno\u015bci od czynnik\u00f3w indywidualnych, regionalnych i okoliczno\u015bci.<\/p>\n\n\n\n<h3 class=\"wp-block-heading\">Aplikacje i us\u0142ugi stron trzecich<\/h3>\n\n\n\n<p>Witryna mo\u017ce zawiera\u0107 linki, rekomendacje lub wzmianki o: <strong>aplikacje, platformy i us\u0142ugi innych firm<\/strong>Nie mamy kontroli nad dzia\u0142aniem, polityk\u0105, cenami, dost\u0119pno\u015bci\u0105 ani bezpiecze\u0144stwem tych us\u0142ug. Ka\u017cda interakcja, rejestracja lub korzystanie z nich odbywa si\u0119 na Twoje w\u0142asne ryzyko. <strong>wy\u0142\u0105czna odpowiedzialno\u015b\u0107 u\u017cytkownika<\/strong>.<\/p>\n\n\n\n<p>Zawsze zalecamy u\u017cytkownikowi:<\/p>\n\n\n\n<ul class=\"wp-block-list\">\n<li>Przeczytaj warunki u\u017cytkowania i polityk\u0119 prywatno\u015bci aplikacji;<\/li>\n\n\n\n<li>Sprawd\u017a recenzje w oficjalnych sklepach z aplikacjami (Google Play, App Store);<\/li>\n\n\n\n<li>Zanim zaczniesz korzysta\u0107 z us\u0142ugi, przeanalizuj, czy spe\u0142nia ona Twoje potrzeby.<\/li>\n<\/ul>\n\n\n\n<h3 class=\"wp-block-heading\">Zastrze\u017cenie dotycz\u0105ce odpowiedzialno\u015bci prawnej i zawodowej<\/h3>\n\n\n\n<p>Tre\u015b\u0107 opublikowana na <strong>Punktualne wakaty<\/strong> <strong>Nie zast\u0119puje to profesjonalnej porady.<\/strong>Niezale\u017cnie od tego, czy chodzi o kwestie prawne, finansowe, ksi\u0119gowe, pracownicze czy techniczne, zawsze nale\u017cy szuka\u0107 wykwalifikowanego specjalisty przy podejmowaniu wa\u017cnych decyzji.<\/p>\n\n\n\n<h3 class=\"wp-block-heading\">Reklama i monetyzacja<\/h3>\n\n\n\n<p>Strona internetowa <strong>Punktualne wakaty<\/strong> Mo\u017cna go monetyzowa\u0107 poprzez:<\/p>\n\n\n\n<ul class=\"wp-block-list\">\n<li>Reklamy (takie jak Google AdSense);<\/li>\n\n\n\n<li>Linki sponsorowane;<\/li>\n\n\n\n<li>Partnerstwa lub programy partnerskie.<\/li>\n<\/ul>\n\n\n\n<p>Oznacza to, \u017ce mo\u017cemy otrzymywa\u0107 prowizje, gdy u\u017cytkownik kliknie na reklam\u0119 lub skorzysta z okre\u015blonych link\u00f3w. <strong>bez dodatkowych koszt\u00f3w dla u\u017cytkownika.<\/strong>Partnerstwa te nie maj\u0105 wp\u0142ywu na nasz\u0105 wol\u0119 oferowania jasnych i istotnych tre\u015bci.<\/p>\n\n\n\n<h3 class=\"wp-block-heading\">Aktualizacja informacji<\/h3>\n\n\n\n<p>Informacje na stronie internetowej mog\u0105 by\u0107 <strong>zmienione, zaktualizowane lub usuni\u0119te w dowolnym momencie<\/strong>, bez uprzedniego powiadomienia. Nie gwarantujemy, \u017ce wszystkie tre\u015bci s\u0105 zawsze w pe\u0142ni aktualne, poniewa\u017c aplikacje i us\u0142ugi mog\u0105 cz\u0119sto zmienia\u0107 swoje zasady.<\/p>\n\n\n\n<h3 class=\"wp-block-heading\">Ograniczenie odpowiedzialno\u015bci<\/h3>\n\n\n\n<p>THE <strong>Punktualne wakaty<\/strong> nie ponosi odpowiedzialno\u015bci za:<\/p>\n\n\n\n<ul class=\"wp-block-list\">\n<li>Straty finansowe;<\/li>\n\n\n\n<li>Problemy techniczne;<\/li>\n\n\n\n<li>Awarie aplikacji innych firm;<\/li>\n\n\n\n<li>Bezpo\u015brednie lub po\u015brednie szkody wynikaj\u0105ce z wykorzystania informacji zawartych na stronie internetowej.<\/li>\n<\/ul>\n\n\n\n<p>Korzystanie z serwisu oznacza <strong>Pe\u0142na akceptacja niniejszego zastrze\u017cenia<\/strong>.<\/p>\n\n\n\n<h3 class=\"wp-block-heading\">Kontakt<\/h3>\n\n\n\n<p>Je\u015bli masz jakiekolwiek pytania, sugestie lub chcesz zg\u0142osi\u0107 jak\u0105\u015b tre\u015b\u0107, skontaktuj si\u0119 z nami za po\u015brednictwem strony kontaktowej na stronie.<\/p>","protected":false},"excerpt":{"rendered":"<p>As informa\u00e7\u00f5es disponibilizadas no site Pontual Vagas t\u00eam car\u00e1ter exclusivamente informativo. Nosso objetivo \u00e9 apresentar conte\u00fados, an\u00e1lises e indica\u00e7\u00f5es de aplicativos, servi\u00e7os e ferramentas que possam auxiliar usu\u00e1rios na busca por oportunidades, produtividade e solu\u00e7\u00f5es digitais. N\u00e3o oferecemos garantias O Pontual Vagas n\u00e3o garante resultados, ganhos financeiros, contrata\u00e7\u00f5es, rendimentos ou qualquer tipo de benef\u00edcio espec\u00edfico [&hellip;]<\/p>","protected":false},"author":1,"featured_media":0,"parent":0,"menu_order":0,"comment_status":"closed","ping_status":"closed","template":"","meta":{"footnotes":""},"class_list":["post-118","page","type-page","status-publish"],"_links":{"self":[{"href":"https:\/\/pontualvagas.com.br\/pl\/wp-json\/wp\/v2\/pages\/118","targetHints":{"allow":["GET"]}}],"collection":[{"href":"https:\/\/pontualvagas.com.br\/pl\/wp-json\/wp\/v2\/pages"}],"about":[{"href":"https:\/\/pontualvagas.com.br\/pl\/wp-json\/wp\/v2\/types\/page"}],"author":[{"embeddable":true,"href":"https:\/\/pontualvagas.com.br\/pl\/wp-json\/wp\/v2\/users\/1"}],"replies":[{"embeddable":true,"href":"https:\/\/pontualvagas.com.br\/pl\/wp-json\/wp\/v2\/comments?post=118"}],"version-history":[{"count":1,"href":"https:\/\/pontualvagas.com.br\/pl\/wp-json\/wp\/v2\/pages\/118\/revisions"}],"predecessor-version":[{"id":119,"href":"https:\/\/pontualvagas.com.br\/pl\/wp-json\/wp\/v2\/pages\/118\/revisions\/119"}],"wp:attachment":[{"href":"https:\/\/pontualvagas.com.br\/pl\/wp-json\/wp\/v2\/media?parent=118"}],"curies":[{"name":"wp","href":"https:\/\/api.w.org\/{rel}","templated":true}]}}