{"id":124,"date":"2026-01-18T08:36:06","date_gmt":"2026-01-18T08:36:06","guid":{"rendered":"https:\/\/pontualvagas.com.br\/?page_id=124"},"modified":"2026-01-18T08:36:07","modified_gmt":"2026-01-18T08:36:07","slug":"contact","status":"publish","type":"page","link":"https:\/\/pontualvagas.com.br\/nl\/contact\/","title":{"rendered":"Contact"},"content":{"rendered":"<p>Welkom! Dit is de offici\u00eble contactpagina voor <strong>Punctuele vacatures<\/strong>Hier kunt u contact met ons opnemen om vragen te stellen, suggesties te doen, klachten in te dienen of andere zaken aan te kaarten die verband houden met onze website en de inhoud die we publiceren.<\/p>\n\n\n\n<p>Ons doel is om de best mogelijke gebruikerservaring te bieden, daarom stellen we uw feedback zeer op prijs. Als u vragen heeft over de werking van de website, het gebruik van de aanbevolen applicaties of over onze content, aarzel dan niet om contact met ons op te nemen.<\/p>\n\n\n\n<p>We staan altijd open voor suggesties ter verbetering en constructieve kritiek. Uw mening is essentieel voor ons om te groeien, problemen op te lossen en steeds nuttigere en betrouwbaardere informatie te leveren.<\/p>\n\n\n\n<p>Om contact met ons op te nemen, vult u eenvoudig het formulier op deze pagina in met uw gegevens en uw bericht. Ons team zal zijn best doen om zo snel mogelijk te reageren.<\/p>\n\n\n\n<p>Bedankt voor uw bezoek. <strong>Punctuele vacatures<\/strong> En we ontvangen uw bericht graag.<\/p>\n\n\n\n<p><strong>Contact e-mail:<\/strong><br>\ud83d\udce7 contact@pontualvagas.com.br<\/p>\n\n\n\n<p><\/p>","protected":false},"excerpt":{"rendered":"<p>Bem-vindo! Esta \u00e9 a p\u00e1gina oficial de contato do Pontual Vagas. Aqui voc\u00ea pode entrar em contato conosco para tirar d\u00favidas, enviar sugest\u00f5es, fazer reclama\u00e7\u00f5es ou tratar de qualquer outro assunto relacionado ao nosso site e aos conte\u00fados que publicamos. Nosso objetivo \u00e9 oferecer a melhor experi\u00eancia poss\u00edvel aos usu\u00e1rios, por isso valorizamos muito o [&hellip;]<\/p>","protected":false},"author":1,"featured_media":0,"parent":0,"menu_order":0,"comment_status":"closed","ping_status":"closed","template":"","meta":{"footnotes":""},"class_list":["post-124","page","type-page","status-publish"],"_links":{"self":[{"href":"https:\/\/pontualvagas.com.br\/nl\/wp-json\/wp\/v2\/pages\/124","targetHints":{"allow":["GET"]}}],"collection":[{"href":"https:\/\/pontualvagas.com.br\/nl\/wp-json\/wp\/v2\/pages"}],"about":[{"href":"https:\/\/pontualvagas.com.br\/nl\/wp-json\/wp\/v2\/types\/page"}],"author":[{"embeddable":true,"href":"https:\/\/pontualvagas.com.br\/nl\/wp-json\/wp\/v2\/users\/1"}],"replies":[{"embeddable":true,"href":"https:\/\/pontualvagas.com.br\/nl\/wp-json\/wp\/v2\/comments?post=124"}],"version-history":[{"count":1,"href":"https:\/\/pontualvagas.com.br\/nl\/wp-json\/wp\/v2\/pages\/124\/revisions"}],"predecessor-version":[{"id":125,"href":"https:\/\/pontualvagas.com.br\/nl\/wp-json\/wp\/v2\/pages\/124\/revisions\/125"}],"wp:attachment":[{"href":"https:\/\/pontualvagas.com.br\/nl\/wp-json\/wp\/v2\/media?parent=124"}],"curies":[{"name":"wp","href":"https:\/\/api.w.org\/{rel}","templated":true}]}}