{"id":122,"date":"2026-01-18T08:35:26","date_gmt":"2026-01-18T08:35:26","guid":{"rendered":"https:\/\/pontualvagas.com.br\/?page_id=122"},"modified":"2026-01-18T08:35:27","modified_gmt":"2026-01-18T08:35:27","slug":"gebruiksvoorwaarden","status":"publish","type":"page","link":"https:\/\/pontualvagas.com.br\/nl\/gebruiksvoorwaarden\/","title":{"rendered":"Gebruiksvoorwaarden"},"content":{"rendered":"<p>Door de website te bezoeken en te gebruiken <strong>Punctuele vacatures<\/strong>Door dit te doen, stemt u ermee in zich aan deze voorwaarden te houden en eraan gebonden te zijn. <strong>Gebruiksvoorwaarden<\/strong>samen met onze <strong>Privacybeleid<\/strong>die de relatie tussen de reguleren <strong>Punctuele vacatures<\/strong> en de gebruiker.<\/p>\n\n\n\n<p>Als u het niet eens bent met enig onderdeel van deze voorwaarden, raden wij u aan om <strong>Gebruik deze website niet.<\/strong>.<\/p>\n\n\n\n<h3 class=\"wp-block-heading\">Gebruik van de site<\/h3>\n\n\n\n<p>De inhoud die beschikbaar wordt gesteld in <strong>Punctuele vacatures<\/strong> heeft een doel <strong>Uitsluitend voor informatieve doeleinden.<\/strong>Het platform is bedoeld voor de presentatie van applicaties, digitale diensten, tips en content met betrekking tot kansen, productiviteit en oplossingen voor gebruik op mobiele apparaten.<\/p>\n\n\n\n<p>De informatie op deze website kan worden gewijzigd. <strong>Wijzigingen, updates of verwijderingen zonder voorafgaande kennisgeving.<\/strong>.<\/p>\n\n\n\n<h3 class=\"wp-block-heading\">Uitsluiting van garanties<\/h3>\n\n\n\n<p>Noch de <strong>Punctuele vacatures<\/strong>Noch wij, noch derden, geven enige garantie met betrekking tot de nauwkeurigheid, actualiteit, prestaties, volledigheid of geschiktheid van de informatie, toepassingen of materialen die op de website worden gepresenteerd voor enig specifiek doel.<\/p>\n\n\n\n<p>Het gebruik van alle informatie, inhoud, applicaties of materialen die op de website beschikbaar worden gesteld, is uw eigen verantwoordelijkheid. <strong>De gebruiker is volledig verantwoordelijk.<\/strong>, waarbij alle risico&#039;s die voortvloeien uit dit gebruik worden aanvaard.<\/p>\n\n\n\n<h3 class=\"wp-block-heading\">Links naar websites en applicaties van derden<\/h3>\n\n\n\n<p>DE <strong>Punctuele vacatures<\/strong> Deze pagina kan links bevatten naar websites, platforms of applicaties van derden. Deze links worden uitsluitend aangeboden voor het gemak van de gebruiker en om aanvullende informatie te verstrekken.<\/p>\n\n\n\n<p>Wij hebben geen controle over de inhoud, het beleid of de werking van deze externe websites en applicaties, en zijn niet verantwoordelijk voor schade, verliezen of problemen die voortvloeien uit het gebruik ervan.<\/p>\n\n\n\n<h3 class=\"wp-block-heading\">Verantwoordelijkheid van de gebruiker<\/h3>\n\n\n\n<p>Door deze website te gebruiken, gaat de gebruiker akkoord met:<\/p>\n\n\n\n<ul class=\"wp-block-list\">\n<li>Gebruik de inhoud op een wettige en ethische manier;<\/li>\n\n\n\n<li>Verricht geen illegale of frauduleuze activiteiten, noch activiteiten die in strijd zijn met de geldende wetgeving;<\/li>\n\n\n\n<li>Probeer de website of de bijbehorende systemen niet te beschadigen, te overbelasten of de werking ervan te verstoren.<\/li>\n<\/ul>\n\n\n\n<h3 class=\"wp-block-heading\">Intellectueel eigendom<\/h3>\n\n\n\n<p>Alle inhoud die aanwezig is in <strong>Punctuele vacatures<\/strong>Alle inhoud, inclusief teksten, handelsmerken, logo&#039;s, afbeeldingen en lay-outs, is beschermd door auteursrecht en intellectuele eigendomsrechten. Reproductie, geheel of gedeeltelijk, is verboden zonder voorafgaande toestemming, behalve voor zover wettelijk toegestaan.<\/p>\n\n\n\n<h3 class=\"wp-block-heading\">Wijzigingen in de voorwaarden<\/h3>\n\n\n\n<p>DE <strong>Punctuele vacatures<\/strong> behoudt zich het recht voor om <strong>Deze gebruiksvoorwaarden kunnen te allen tijde worden gewijzigd.<\/strong>Zonder voorafgaande kennisgeving. Voortgezet gebruik van de site na wijzigingen impliceert automatische acceptatie van de nieuwe voorwaarden.<\/p>\n\n\n\n<h3 class=\"wp-block-heading\">Aanvaarding van de voorwaarden<\/h3>\n\n\n\n<p>Door verder op de site te browsen <strong>Punctuele vacatures<\/strong>Door dit te doen, verklaart de gebruiker dat hij\/zij deze gebruiksvoorwaarden heeft gelezen, begrepen en volledig aanvaardt.<\/p>","protected":false},"excerpt":{"rendered":"<p>Ao acessar e utilizar o site Pontual Vagas, voc\u00ea concorda em cumprir e ficar vinculado aos presentes Termos de Uso, juntamente com a nossa Pol\u00edtica de Privacidade, que regulam o relacionamento entre o Pontual Vagas e o usu\u00e1rio. Caso voc\u00ea n\u00e3o concorde com qualquer parte destes termos, recomendamos que n\u00e3o utilize este site. Uso do [&hellip;]<\/p>","protected":false},"author":1,"featured_media":0,"parent":0,"menu_order":0,"comment_status":"closed","ping_status":"closed","template":"","meta":{"footnotes":""},"class_list":["post-122","page","type-page","status-publish"],"_links":{"self":[{"href":"https:\/\/pontualvagas.com.br\/nl\/wp-json\/wp\/v2\/pages\/122","targetHints":{"allow":["GET"]}}],"collection":[{"href":"https:\/\/pontualvagas.com.br\/nl\/wp-json\/wp\/v2\/pages"}],"about":[{"href":"https:\/\/pontualvagas.com.br\/nl\/wp-json\/wp\/v2\/types\/page"}],"author":[{"embeddable":true,"href":"https:\/\/pontualvagas.com.br\/nl\/wp-json\/wp\/v2\/users\/1"}],"replies":[{"embeddable":true,"href":"https:\/\/pontualvagas.com.br\/nl\/wp-json\/wp\/v2\/comments?post=122"}],"version-history":[{"count":1,"href":"https:\/\/pontualvagas.com.br\/nl\/wp-json\/wp\/v2\/pages\/122\/revisions"}],"predecessor-version":[{"id":123,"href":"https:\/\/pontualvagas.com.br\/nl\/wp-json\/wp\/v2\/pages\/122\/revisions\/123"}],"wp:attachment":[{"href":"https:\/\/pontualvagas.com.br\/nl\/wp-json\/wp\/v2\/media?parent=122"}],"curies":[{"name":"wp","href":"https:\/\/api.w.org\/{rel}","templated":true}]}}