{"id":118,"date":"2026-01-18T08:31:06","date_gmt":"2026-01-18T08:31:06","guid":{"rendered":"https:\/\/pontualvagas.com.br\/?page_id=118"},"modified":"2026-01-18T08:31:07","modified_gmt":"2026-01-18T08:31:07","slug":"vrijwaring","status":"publish","type":"page","link":"https:\/\/pontualvagas.com.br\/nl\/vrijwaring\/","title":{"rendered":"Vrijwaring"},"content":{"rendered":"<p>De informatie is beschikbaar op de website. <strong>Punctuele vacatures<\/strong> hebben karakter <strong>Uitsluitend ter informatie.<\/strong>Ons doel is om content, analyses en aanbevelingen te presenteren voor applicaties, diensten en tools die gebruikers kunnen helpen bij hun zoektocht naar kansen, productiviteit en digitale oplossingen.<\/p>\n\n\n\n<h3 class=\"wp-block-heading\">Wij geven geen garanties.<\/h3>\n\n\n\n<p>DE <strong>Punctuele vacatures<\/strong> <strong>garandeert niet<\/strong> Resultaten, financi\u00eble winst, aanwerving, inkomen of enig ander specifiek voordeel dat voortvloeit uit het gebruik van de informatie, applicaties of diensten die op de website worden vermeld. De resultaten kunnen vari\u00ebren afhankelijk van individuele, regionale en omstandigheidsfactoren.<\/p>\n\n\n\n<h3 class=\"wp-block-heading\">Applicaties en diensten van derden<\/h3>\n\n\n\n<p>De site kan links, aanbevelingen of vermeldingen bevatten van <strong>applicaties, platforms en diensten van derden<\/strong>Wij hebben geen controle over de werking, het beleid, de prijzen, de beschikbaarheid of de beveiliging van deze diensten. Elke interactie, registratie of gebruik is voor eigen risico. <strong>De gebruiker is hiervoor volledig verantwoordelijk.<\/strong>.<\/p>\n\n\n\n<p>Wij raden de gebruiker altijd aan om:<\/p>\n\n\n\n<ul class=\"wp-block-list\">\n<li>Lees de gebruiksvoorwaarden en het privacybeleid van de apps;<\/li>\n\n\n\n<li>Bekijk recensies in de offici\u00eble appwinkels (Google Play, App Store);<\/li>\n\n\n\n<li>Analyseer of de dienst aan uw behoeften voldoet voordat u er gebruik van maakt.<\/li>\n<\/ul>\n\n\n\n<h3 class=\"wp-block-heading\">Vrijwaring van wettelijke en professionele aansprakelijkheid<\/h3>\n\n\n\n<p>De inhoud die is gepubliceerd op <strong>Punctuele vacatures<\/strong> <strong>Dit vervangt geen professioneel advies.<\/strong>Of het nu gaat om juridische, financi\u00eble, boekhoudkundige, arbeidsrechtelijke of technische zaken, raadpleeg bij belangrijke beslissingen altijd een gekwalificeerde professional.<\/p>\n\n\n\n<h3 class=\"wp-block-heading\">Reclame en inkomsten genereren<\/h3>\n\n\n\n<p>De website <strong>Punctuele vacatures<\/strong> Het kan op verschillende manieren te gelde worden gemaakt:<\/p>\n\n\n\n<ul class=\"wp-block-list\">\n<li>Advertenties (zoals Google AdSense);<\/li>\n\n\n\n<li>Gesponsorde links;<\/li>\n\n\n\n<li>Partnerschappen of affiliateprogramma&#039;s.<\/li>\n<\/ul>\n\n\n\n<p>Dit betekent dat we commissies kunnen ontvangen wanneer een gebruiker op advertenties klikt of bepaalde links gebruikt. <strong>Zonder extra kosten voor de gebruiker.<\/strong>Deze partnerschappen hebben geen invloed op ons streven om duidelijke en relevante content aan te bieden.<\/p>\n\n\n\n<h3 class=\"wp-block-heading\">Informatie-update<\/h3>\n\n\n\n<p>De informatie op de website kan <strong>op elk moment gewijzigd, bijgewerkt of verwijderd.<\/strong>, zonder voorafgaande kennisgeving. We garanderen niet dat alle inhoud altijd volledig actueel is, aangezien apps en diensten hun regels regelmatig kunnen wijzigen.<\/p>\n\n\n\n<h3 class=\"wp-block-heading\">Beperking van aansprakelijkheid<\/h3>\n\n\n\n<p>DE <strong>Punctuele vacatures<\/strong> is niet verantwoordelijk voor:<\/p>\n\n\n\n<ul class=\"wp-block-list\">\n<li>Financi\u00eble verliezen;<\/li>\n\n\n\n<li>Technische problemen;<\/li>\n\n\n\n<li>Storingen in applicaties van derden;<\/li>\n\n\n\n<li>Directe of indirecte schade voortvloeiend uit het gebruik van informatie van de website.<\/li>\n<\/ul>\n\n\n\n<p>Het gebruik van de site impliceert <strong>Volledige acceptatie van deze disclaimer<\/strong>.<\/p>\n\n\n\n<h3 class=\"wp-block-heading\">Contact<\/h3>\n\n\n\n<p>Heeft u vragen, suggesties of wilt u iets melden over de inhoud? Neem dan contact met ons op via de contactpagina van de website.<\/p>","protected":false},"excerpt":{"rendered":"<p>As informa\u00e7\u00f5es disponibilizadas no site Pontual Vagas t\u00eam car\u00e1ter exclusivamente informativo. Nosso objetivo \u00e9 apresentar conte\u00fados, an\u00e1lises e indica\u00e7\u00f5es de aplicativos, servi\u00e7os e ferramentas que possam auxiliar usu\u00e1rios na busca por oportunidades, produtividade e solu\u00e7\u00f5es digitais. N\u00e3o oferecemos garantias O Pontual Vagas n\u00e3o garante resultados, ganhos financeiros, contrata\u00e7\u00f5es, rendimentos ou qualquer tipo de benef\u00edcio espec\u00edfico [&hellip;]<\/p>","protected":false},"author":1,"featured_media":0,"parent":0,"menu_order":0,"comment_status":"closed","ping_status":"closed","template":"","meta":{"footnotes":""},"class_list":["post-118","page","type-page","status-publish"],"_links":{"self":[{"href":"https:\/\/pontualvagas.com.br\/nl\/wp-json\/wp\/v2\/pages\/118","targetHints":{"allow":["GET"]}}],"collection":[{"href":"https:\/\/pontualvagas.com.br\/nl\/wp-json\/wp\/v2\/pages"}],"about":[{"href":"https:\/\/pontualvagas.com.br\/nl\/wp-json\/wp\/v2\/types\/page"}],"author":[{"embeddable":true,"href":"https:\/\/pontualvagas.com.br\/nl\/wp-json\/wp\/v2\/users\/1"}],"replies":[{"embeddable":true,"href":"https:\/\/pontualvagas.com.br\/nl\/wp-json\/wp\/v2\/comments?post=118"}],"version-history":[{"count":1,"href":"https:\/\/pontualvagas.com.br\/nl\/wp-json\/wp\/v2\/pages\/118\/revisions"}],"predecessor-version":[{"id":119,"href":"https:\/\/pontualvagas.com.br\/nl\/wp-json\/wp\/v2\/pages\/118\/revisions\/119"}],"wp:attachment":[{"href":"https:\/\/pontualvagas.com.br\/nl\/wp-json\/wp\/v2\/media?parent=118"}],"curies":[{"name":"wp","href":"https:\/\/api.w.org\/{rel}","templated":true}]}}