{"id":124,"date":"2026-01-18T08:36:06","date_gmt":"2026-01-18T08:36:06","guid":{"rendered":"https:\/\/pontualvagas.com.br\/?page_id=124"},"modified":"2026-01-18T08:36:07","modified_gmt":"2026-01-18T08:36:07","slug":"hubungi","status":"publish","type":"page","link":"https:\/\/pontualvagas.com.br\/ms\/hubungi\/","title":{"rendered":"Hubungi"},"content":{"rendered":"<p>Selamat datang! Ini ialah halaman hubungan rasmi untuk <strong>Kekosongan Tepat Masa<\/strong>Di sini anda boleh menghubungi kami untuk bertanya soalan, menghantar cadangan, membuat aduan atau menangani sebarang isu lain yang berkaitan dengan laman web kami dan kandungan yang kami terbitkan.<\/p>\n\n\n\n<p>Matlamat kami adalah untuk menawarkan pengalaman pengguna yang terbaik, jadi kami sangat menghargai maklum balas anda. Sekiranya anda mempunyai sebarang soalan tentang cara laman web ini berfungsi, cara menggunakan aplikasi yang disyorkan atau tentang kandungan kami, sila tulis kepada kami.<\/p>\n\n\n\n<p>Kami juga sentiasa terbuka kepada cadangan penambahbaikan dan kritikan yang membina. Pendapat anda adalah penting untuk kami berkembang, membetulkan sebarang masalah, dan menyampaikan maklumat yang semakin berguna dan boleh dipercayai.<\/p>\n\n\n\n<p>Untuk menghubungi kami, sila isi borang yang terdapat di halaman ini dengan butiran dan mesej anda. Pasukan kami akan berusaha sebaik mungkin untuk memberi maklum balas secepat mungkin.<\/p>\n\n\n\n<p>Terima kasih kerana melawat <strong>Kekosongan Tepat Masa<\/strong> Dan kami dengan senang hati akan menerima mesej anda.<\/p>\n\n\n\n<p><strong>Emel hubungan:<\/strong><br>\ud83d\udce7 contato@pontualvagas.com.br<\/p>\n\n\n\n<p><\/p>","protected":false},"excerpt":{"rendered":"<p>Bem-vindo! Esta \u00e9 a p\u00e1gina oficial de contato do Pontual Vagas. Aqui voc\u00ea pode entrar em contato conosco para tirar d\u00favidas, enviar sugest\u00f5es, fazer reclama\u00e7\u00f5es ou tratar de qualquer outro assunto relacionado ao nosso site e aos conte\u00fados que publicamos. Nosso objetivo \u00e9 oferecer a melhor experi\u00eancia poss\u00edvel aos usu\u00e1rios, por isso valorizamos muito o [&hellip;]<\/p>","protected":false},"author":1,"featured_media":0,"parent":0,"menu_order":0,"comment_status":"closed","ping_status":"closed","template":"","meta":{"footnotes":""},"class_list":["post-124","page","type-page","status-publish"],"_links":{"self":[{"href":"https:\/\/pontualvagas.com.br\/ms\/wp-json\/wp\/v2\/pages\/124","targetHints":{"allow":["GET"]}}],"collection":[{"href":"https:\/\/pontualvagas.com.br\/ms\/wp-json\/wp\/v2\/pages"}],"about":[{"href":"https:\/\/pontualvagas.com.br\/ms\/wp-json\/wp\/v2\/types\/page"}],"author":[{"embeddable":true,"href":"https:\/\/pontualvagas.com.br\/ms\/wp-json\/wp\/v2\/users\/1"}],"replies":[{"embeddable":true,"href":"https:\/\/pontualvagas.com.br\/ms\/wp-json\/wp\/v2\/comments?post=124"}],"version-history":[{"count":1,"href":"https:\/\/pontualvagas.com.br\/ms\/wp-json\/wp\/v2\/pages\/124\/revisions"}],"predecessor-version":[{"id":125,"href":"https:\/\/pontualvagas.com.br\/ms\/wp-json\/wp\/v2\/pages\/124\/revisions\/125"}],"wp:attachment":[{"href":"https:\/\/pontualvagas.com.br\/ms\/wp-json\/wp\/v2\/media?parent=124"}],"curies":[{"name":"wp","href":"https:\/\/api.w.org\/{rel}","templated":true}]}}