{"id":124,"date":"2026-01-18T08:36:06","date_gmt":"2026-01-18T08:36:06","guid":{"rendered":"https:\/\/pontualvagas.com.br\/?page_id=124"},"modified":"2026-01-18T08:36:07","modified_gmt":"2026-01-18T08:36:07","slug":"kontaktas","status":"publish","type":"page","link":"https:\/\/pontualvagas.com.br\/lt\/kontaktas\/","title":{"rendered":"Kontaktas"},"content":{"rendered":"<p>Sveiki atvyk\u0119! Tai oficialus kontakt\u0173 puslapis, skirtas <strong>Punktual\u016bs laisvi darbo pasi\u016blymai<\/strong>\u010cia galite susisiekti su mumis, jei norite u\u017eduoti klausim\u0173, pateikti pasi\u016blym\u0173, pateikti skund\u0173 ar i\u0161spr\u0119sti bet koki\u0105 kit\u0105 problem\u0105, susijusi\u0105 su m\u016bs\u0173 svetaine ir joje skelbiamu turiniu.<\/p>\n\n\n\n<p>M\u016bs\u0173 tikslas \u2013 pasi\u016blyti geriausi\u0105 \u012fmanom\u0105 naudotojo patirt\u012f, tod\u0117l labai vertiname j\u016bs\u0173 atsiliepimus. Jei turite klausim\u0173 apie tai, kaip veikia svetain\u0117, kaip naudotis rekomenduojamomis program\u0117l\u0117mis ar apie m\u016bs\u0173 turin\u012f, nedvejodami ra\u0161ykite mums.<\/p>\n\n\n\n<p>Taip pat visada esame atviri pasi\u016blymams d\u0117l tobul\u0117jimo ir konstruktyviai kritikai. J\u016bs\u0173 nuomon\u0117 mums labai svarbi, kad gal\u0117tume tobul\u0117ti, i\u0161taisyti problemas ir teikti vis naudingesn\u0119 bei patikimesn\u0119 informacij\u0105.<\/p>\n\n\n\n<p>Nor\u0117dami susisiekti, tiesiog u\u017epildykite \u0161iame puslapyje esan\u010di\u0105 form\u0105 su savo duomenimis ir \u017einute. M\u016bs\u0173 komanda pasistengs kuo grei\u010diau atsakyti.<\/p>\n\n\n\n<p>A\u010di\u016b, kad apsilank\u0117te <strong>Punktual\u016bs laisvi darbo pasi\u016blymai<\/strong> Ir mes mielai gausime j\u016bs\u0173 \u017einut\u0119.<\/p>\n\n\n\n<p><strong>Kontaktinis el. pa\u0161to adresas:<\/strong><br>\ud83d\udce7 susisiekite el. pa\u0161tu@pontualvagas.com.br<\/p>\n\n\n\n<p><\/p>","protected":false},"excerpt":{"rendered":"<p>Bem-vindo! Esta \u00e9 a p\u00e1gina oficial de contato do Pontual Vagas. Aqui voc\u00ea pode entrar em contato conosco para tirar d\u00favidas, enviar sugest\u00f5es, fazer reclama\u00e7\u00f5es ou tratar de qualquer outro assunto relacionado ao nosso site e aos conte\u00fados que publicamos. Nosso objetivo \u00e9 oferecer a melhor experi\u00eancia poss\u00edvel aos usu\u00e1rios, por isso valorizamos muito o [&hellip;]<\/p>","protected":false},"author":1,"featured_media":0,"parent":0,"menu_order":0,"comment_status":"closed","ping_status":"closed","template":"","meta":{"footnotes":""},"class_list":["post-124","page","type-page","status-publish"],"_links":{"self":[{"href":"https:\/\/pontualvagas.com.br\/lt\/wp-json\/wp\/v2\/pages\/124","targetHints":{"allow":["GET"]}}],"collection":[{"href":"https:\/\/pontualvagas.com.br\/lt\/wp-json\/wp\/v2\/pages"}],"about":[{"href":"https:\/\/pontualvagas.com.br\/lt\/wp-json\/wp\/v2\/types\/page"}],"author":[{"embeddable":true,"href":"https:\/\/pontualvagas.com.br\/lt\/wp-json\/wp\/v2\/users\/1"}],"replies":[{"embeddable":true,"href":"https:\/\/pontualvagas.com.br\/lt\/wp-json\/wp\/v2\/comments?post=124"}],"version-history":[{"count":1,"href":"https:\/\/pontualvagas.com.br\/lt\/wp-json\/wp\/v2\/pages\/124\/revisions"}],"predecessor-version":[{"id":125,"href":"https:\/\/pontualvagas.com.br\/lt\/wp-json\/wp\/v2\/pages\/124\/revisions\/125"}],"wp:attachment":[{"href":"https:\/\/pontualvagas.com.br\/lt\/wp-json\/wp\/v2\/media?parent=124"}],"curies":[{"name":"wp","href":"https:\/\/api.w.org\/{rel}","templated":true}]}}