{"id":122,"date":"2026-01-18T08:35:26","date_gmt":"2026-01-18T08:35:26","guid":{"rendered":"https:\/\/pontualvagas.com.br\/?page_id=122"},"modified":"2026-01-18T08:35:27","modified_gmt":"2026-01-18T08:35:27","slug":"naudojimo-salygos","status":"publish","type":"page","link":"https:\/\/pontualvagas.com.br\/lt\/naudojimo-salygos\/","title":{"rendered":"Naudojimo s\u0105lygos"},"content":{"rendered":"<p>Prisijungdami prie svetain\u0117s ir j\u0105 naudodami <strong>Punktual\u016bs laisvi darbo pasi\u016blymai<\/strong>Taip darydami, j\u016bs sutinkate laikytis \u0161i\u0173 s\u0105lyg\u0173 ir j\u0173 saistomi. <strong>Naudojimo s\u0105lygos<\/strong>kartu su m\u016bs\u0173 <strong>Privatumo politika<\/strong>, kurie reguliuoja santykius tarp <strong>Punktual\u016bs laisvi darbo pasi\u016blymai<\/strong> ir vartotojas.<\/p>\n\n\n\n<p>Jei nesutinkate su kuria nors \u0161i\u0173 s\u0105lyg\u0173 dalimi, rekomenduojame <strong>nesinaudokite \u0161ia svetaine<\/strong>.<\/p>\n\n\n\n<h3 class=\"wp-block-heading\">Svetain\u0117s naudojimas<\/h3>\n\n\n\n<p>Turinys, pateiktas svetain\u0117je <strong>Punktual\u016bs laisvi darbo pasi\u016blymai<\/strong> turi tiksl\u0105 <strong>tik informaciniais tikslais<\/strong>, skirtas programoms, skaitmenin\u0117ms paslaugoms, patarimams ir turiniui, susijusiam su galimyb\u0117mis, produktyvumu ir sprendimais, skirtais naudoti mobiliuosiuose \u012frenginiuose, pristatyti.<\/p>\n\n\n\n<p>\u0160ioje svetain\u0117je pateikta informacija gali b\u016bti kei\u010diama. <strong>Pakeitimai, atnaujinimai ar pa\u0161alinimai be i\u0161ankstinio \u012fsp\u0117jimo.<\/strong>.<\/p>\n\n\n\n<h3 class=\"wp-block-heading\">Garantij\u0173 atsisakymas<\/h3>\n\n\n\n<p>Nei vienas, nei kitas <strong>Punktual\u016bs laisvi darbo pasi\u016blymai<\/strong>Nei mes, nei tre\u010diosios \u0161alys neteikiame joki\u0173 garantij\u0173 d\u0117l svetain\u0117je pateiktos informacijos, program\u0173 ar med\u017eiag\u0173 tikslumo, savalaiki\u0161kumo, na\u0161umo, i\u0161samumo ar tinkamumo jokiam konkre\u010diam tikslui.<\/p>\n\n\n\n<p>Bet kokios informacijos, turinio, program\u0117l\u0117s ar med\u017eiagos, pateiktos svetain\u0117je, naudojimas yra j\u016bs\u0173 atsakomyb\u0117. <strong>visa naudotojo atsakomyb\u0117<\/strong>, kuri prisiima vis\u0105 su \u0161iuo naudojimu susijusi\u0105 rizik\u0105.<\/p>\n\n\n\n<h3 class=\"wp-block-heading\">Nuorodos \u012f tre\u010di\u0173j\u0173 \u0161ali\u0173 svetaines ir programas<\/h3>\n\n\n\n<p>THE <strong>Punktual\u016bs laisvi darbo pasi\u016blymai<\/strong> Gali b\u016bti nuorod\u0173 \u012f tre\u010di\u0173j\u0173 \u0161ali\u0173 svetaines, platformas ar programas. \u0160ios nuorodos pateikiamos tik vartotojo patogumui ir siekiant suteikti papildomos informacijos.<\/p>\n\n\n\n<p>Mes nekontroliuojame \u0161i\u0173 i\u0161orini\u0173 svetaini\u0173 ir program\u0173 turinio, politikos ar veikimo ir neatsakome u\u017e joki\u0105 \u017eal\u0105, nuostolius ar problemas, kylan\u010dias d\u0117l j\u0173 naudojimo.<\/p>\n\n\n\n<h3 class=\"wp-block-heading\">Vartotojo atsakomyb\u0117<\/h3>\n\n\n\n<p>Naudodamasis \u0161ia svetaine, vartotojas sutinka:<\/p>\n\n\n\n<ul class=\"wp-block-list\">\n<li>Naudoti turin\u012f teis\u0117tu ir eti\u0161ku b\u016bdu;<\/li>\n\n\n\n<li>Neu\u017esiimti neteis\u0117ta ar nes\u0105\u017eininga veikla arba veikla, kuri pa\u017eeid\u017eia galiojan\u010dius teis\u0117s aktus;<\/li>\n\n\n\n<li>Nebandykite sugadinti, perkrauti ar trukdyti svetain\u0117s ar jos sistem\u0173 veikimui.<\/li>\n<\/ul>\n\n\n\n<h3 class=\"wp-block-heading\">Intelektin\u0117 nuosavyb\u0117<\/h3>\n\n\n\n<p>Visas turinys, esantis <strong>Punktual\u016bs laisvi darbo pasi\u016blymai<\/strong>Visas turinys, \u012fskaitant tekstus, preki\u0173 \u017eenklus, logotipus, vaizdus ir i\u0161d\u0117stymus, yra saugomas autori\u0173 teisi\u0173 ir intelektin\u0117s nuosavyb\u0117s teisi\u0173. Visi\u0161kas ar dalinis atgaminimas draud\u017eiamas be i\u0161ankstinio leidimo, i\u0161skyrus atvejus, kai tai leid\u017eia \u012fstatymai.<\/p>\n\n\n\n<h3 class=\"wp-block-heading\">S\u0105lyg\u0173 pakeitimai<\/h3>\n\n\n\n<p>THE <strong>Punktual\u016bs laisvi darbo pasi\u016blymai<\/strong> pasilieka teis\u0119 <strong>\u0160ios Naudojimo s\u0105lygos gali b\u016bti bet kada kei\u010diamos.<\/strong>be i\u0161ankstinio \u012fsp\u0117jimo. Tolesnis svetain\u0117s naudojimas po pakeitim\u0173 rei\u0161kia automatin\u012f nauj\u0173 s\u0105lyg\u0173 sutikim\u0105.<\/p>\n\n\n\n<h3 class=\"wp-block-heading\">S\u0105lyg\u0173 pri\u0117mimas<\/h3>\n\n\n\n<p>Toliau nar\u0161ydami svetain\u0117je <strong>Punktual\u016bs laisvi darbo pasi\u016blymai<\/strong>Taip darydamas, vartotojas parei\u0161kia, kad perskait\u0117, suprato ir visi\u0161kai sutinka su \u0161iomis Naudojimo s\u0105lygomis.<\/p>","protected":false},"excerpt":{"rendered":"<p>Ao acessar e utilizar o site Pontual Vagas, voc\u00ea concorda em cumprir e ficar vinculado aos presentes Termos de Uso, juntamente com a nossa Pol\u00edtica de Privacidade, que regulam o relacionamento entre o Pontual Vagas e o usu\u00e1rio. Caso voc\u00ea n\u00e3o concorde com qualquer parte destes termos, recomendamos que n\u00e3o utilize este site. Uso do [&hellip;]<\/p>","protected":false},"author":1,"featured_media":0,"parent":0,"menu_order":0,"comment_status":"closed","ping_status":"closed","template":"","meta":{"footnotes":""},"class_list":["post-122","page","type-page","status-publish"],"_links":{"self":[{"href":"https:\/\/pontualvagas.com.br\/lt\/wp-json\/wp\/v2\/pages\/122","targetHints":{"allow":["GET"]}}],"collection":[{"href":"https:\/\/pontualvagas.com.br\/lt\/wp-json\/wp\/v2\/pages"}],"about":[{"href":"https:\/\/pontualvagas.com.br\/lt\/wp-json\/wp\/v2\/types\/page"}],"author":[{"embeddable":true,"href":"https:\/\/pontualvagas.com.br\/lt\/wp-json\/wp\/v2\/users\/1"}],"replies":[{"embeddable":true,"href":"https:\/\/pontualvagas.com.br\/lt\/wp-json\/wp\/v2\/comments?post=122"}],"version-history":[{"count":1,"href":"https:\/\/pontualvagas.com.br\/lt\/wp-json\/wp\/v2\/pages\/122\/revisions"}],"predecessor-version":[{"id":123,"href":"https:\/\/pontualvagas.com.br\/lt\/wp-json\/wp\/v2\/pages\/122\/revisions\/123"}],"wp:attachment":[{"href":"https:\/\/pontualvagas.com.br\/lt\/wp-json\/wp\/v2\/media?parent=122"}],"curies":[{"name":"wp","href":"https:\/\/api.w.org\/{rel}","templated":true}]}}