{"id":120,"date":"2026-01-18T08:33:27","date_gmt":"2026-01-18T08:33:27","guid":{"rendered":"https:\/\/pontualvagas.com.br\/?page_id=120"},"modified":"2026-01-18T08:33:28","modified_gmt":"2026-01-18T08:33:28","slug":"privatumo-politika","status":"publish","type":"page","link":"https:\/\/pontualvagas.com.br\/lt\/privatumo-politika\/","title":{"rendered":"Privatumo politika"},"content":{"rendered":"<p>J\u016bs\u0173 privatumas mums svarbus. Tai m\u016bs\u0173 politika. <strong>Punktual\u016bs laisvi darbo pasi\u016blymai<\/strong> Gerbsime j\u016bs\u0173 privatum\u0105, susijus\u012f su bet kokia informacija, kuri\u0105 galime rinkti i\u0161 j\u016bs\u0173 svetain\u0117je. <strong>Punktual\u016bs laisvi darbo pasi\u016blymai<\/strong>, taip pat kitose m\u016bs\u0173 valdomose ir m\u016bs\u0173 valdomose svetain\u0117se.<\/p>\n\n\n\n<p>Asmenin\u0117s informacijos pra\u0161ome tik tada, kai jos tikrai reikia norint suteikti paslaug\u0105 vartotojui. Tai darome s\u0105\u017einingai ir teis\u0117tai, jums \u017einant ir gavus j\u016bs\u0173 sutikim\u0105. Taip pat informuojame jus, kod\u0117l renkame \u0161i\u0105 informacij\u0105 ir kaip ji bus naudojama.<\/p>\n\n\n\n<p>Surinkt\u0105 informacij\u0105 saugome tik tiek laiko, kiek reikia pra\u0161omai paslaugai teikti. Saugodami duomenis, naudojame komerci\u0161kai priimtinas priemones, kad apsaugotume juos nuo praradimo, vagyst\u0117s, neteis\u0117tos prieigos, atskleidimo, kopijavimo, netinkamo naudojimo ar pakeitimo.<\/p>\n\n\n\n<p>Mes vie\u0161ai ar su tre\u010diosiomis \u0161alimis nesidalijame asmenine informacija, i\u0161skyrus atvejus, kai to reikalauja \u012fstatymai.<\/p>\n\n\n\n<p>THE <strong>Punktual\u016bs laisvi darbo pasi\u016blymai<\/strong> \u010cia gali b\u016bti nuorod\u0173 \u012f i\u0161orines svetaines, programas ar paslaugas, kuri\u0173 mes nevaldome. Atkreipkite d\u0117mes\u012f, kad mes nekontroliuojame \u0161i\u0173 svetaini\u0173 turinio ir praktikos ir negalime b\u016bti laikomi atsakingais u\u017e j\u0173 atitinkam\u0105 privatumo politik\u0105.<\/p>\n\n\n\n<p>Vartotojas gali atsisakyti pra\u0161ymo pateikti asmenin\u0119 informacij\u0105, suprasdamas, kad gali b\u016bti ne\u012fmanoma suteikti kai kuri\u0173 pageidaujam\u0173 paslaug\u0173.<\/p>\n\n\n\n<p>Tolesnis svetain\u0117s naudojimas <strong>Punktual\u016bs laisvi darbo pasi\u016blymai<\/strong> J\u016bs\u0173 atsiliepimas bus laikomas m\u016bs\u0173 privatumo ir asmenin\u0117s informacijos naudojimo praktikos sutikimu. Jei turite klausim\u0173 apie tai, kaip tvarkome naudotoj\u0173 duomenis, susisiekite su mumis per kontakt\u0173 puslap\u012f.<\/p>\n\n\n\n<h2 class=\"wp-block-heading\">\u201ePontual Vagas\u201c slapuk\u0173 politika<\/h2>\n\n\n\n<h3 class=\"wp-block-heading\">Kas yra slapukai?<\/h3>\n\n\n\n<p>Kaip \u012fprasta beveik visose profesionaliose svetain\u0117se, \u0161i svetain\u0117 naudoja slapukus \u2013 ma\u017eus failus, saugomus j\u016bs\u0173 \u012frenginyje, kad pagerint\u0173 j\u016bs\u0173 nar\u0161ymo patirt\u012f.<\/p>\n\n\n\n<p>\u0160iame skyriuje paai\u0161kinama, koki\u0105 informacij\u0105 renka slapukai, kaip mes j\u0105 naudojame ir kod\u0117l kai kuriais atvejais turime j\u0105 saugoti.<\/p>\n\n\n\n<h3 class=\"wp-block-heading\">Kaip mes naudojame slapukus?<\/h3>\n\n\n\n<p>Slapukus naudojame d\u0117l \u012fvairi\u0173 prie\u017eas\u010di\u0173, \u012fskaitant:<\/p>\n\n\n\n<ul class=\"wp-block-list\">\n<li>Siekiant u\u017etikrinti tinkam\u0105 svetain\u0117s veikim\u0105;<\/li>\n\n\n\n<li>Pagerinti naudotojo patirt\u012f;<\/li>\n\n\n\n<li>Analizuoti nar\u0161ymo elgsen\u0105;<\/li>\n\n\n\n<li>Rodykite aktualesn\u012f turin\u012f ir skelbimus.<\/li>\n<\/ul>\n\n\n\n<p>Daugeliu atvej\u0173 n\u0117ra standartini\u0173 pramon\u0117s standart\u0173, kaip i\u0161jungti slapukus nepakenkiant esmin\u0117ms svetain\u0117s funkcijoms. Rekomenduojama palikti slapukus \u012fjungtus, jei nesate tikri, ar jums j\u0173 reikia, ar ne.<\/p>\n\n\n\n<h3 class=\"wp-block-heading\">I\u0161jungti slapukus<\/h3>\n\n\n\n<p>Galite neleisti nustatyti slapuk\u0173, pakeisdami savo nar\u0161ykl\u0117s nustatymus. Ta\u010diau atminkite, kad slapuk\u0173 i\u0161jungimas gali paveikti \u0161ios ir kit\u0173 j\u016bs\u0173 lankom\u0173 svetaini\u0173 veikim\u0105.<\/p>\n\n\n\n<h2 class=\"wp-block-heading\">M\u016bs\u0173 nustatyti slapukai<\/h2>\n\n\n\n<h3 class=\"wp-block-heading\">Su paskyra susij\u0119 slapukai<\/h3>\n\n\n\n<p>Jei vartotojas sukuria paskyr\u0105 (jei taikoma), mes naudojame slapukus registracijos procesui ir bendram administravimui valdyti. \u0160ie slapukai paprastai pa\u0161alinami, kai atsijungiama nuo paskyros.<\/p>\n\n\n\n<h3 class=\"wp-block-heading\">Su prisijungimu susij\u0119 slapukai<\/h3>\n\n\n\n<p>Naudojami priminti vartotojui, kad jis yra prisijung\u0119s, ir i\u0161vengti b\u016btinyb\u0117s prisijungti pakartotinai kiekviename puslapyje. Jie pa\u0161alinami atsijungus.<\/p>\n\n\n\n<h3 class=\"wp-block-heading\">Su el. pa\u0161to naujienlai\u0161kiais susij\u0119 slapukai<\/h3>\n\n\n\n<p>Jei svetain\u0117 si\u016blo prenumeruoti naujienlai\u0161k\u012f ar prane\u0161imus, slapukai gali b\u016bti naudojami siekiant prisiminti, ar vartotojas jau yra u\u017esiprenumerav\u0119s.<\/p>\n\n\n\n<h3 class=\"wp-block-heading\">Su formomis susij\u0119 slapukai<\/h3>\n\n\n\n<p>Kai vartotojas pateikia informacij\u0105 per formas (pvz., kontaktines formas ar komentarus), slapukai gali b\u016bti naudojami vartotojo duomenims \u012fsiminti b\u016bsimai s\u0105veikai.<\/p>\n\n\n\n<h3 class=\"wp-block-heading\">Svetain\u0117s nuostat\u0173 slapukai<\/h3>\n\n\n\n<p>Naudojamas vartotojo nuostatoms i\u0161saugoti, u\u017etikrinant suasmenint\u0105 nar\u0161ymo patirt\u012f.<\/p>\n\n\n\n<h2 class=\"wp-block-heading\">Tre\u010di\u0173j\u0173 \u0161ali\u0173 slapukai<\/h2>\n\n\n\n<p>THE <strong>Punktual\u016bs laisvi darbo pasi\u016blymai<\/strong> Galite naudoti patikim\u0173 tre\u010di\u0173j\u0173 \u0161ali\u0173 slapukus, \u012fskaitant, bet neapsiribojant:<\/p>\n\n\n\n<h3 class=\"wp-block-heading\">\u201eGoogle Analytics\u201c<\/h3>\n\n\n\n<p>Siekdami suprasti, kaip vartotojai naudojasi svetaine, ir pagerinti nar\u0161ymo patirt\u012f, naudojame \u201eGoogle Analytics\u201c. \u0160ie slapukai gali sekti toki\u0105 informacij\u0105 kaip aplankyti puslapiai ir svetain\u0117je praleistas laikas.<\/p>\n\n\n\n<p>Daugiau informacijos rasite oficialioje \u201eGoogle Analytics\u201c politikoje.<\/p>\n\n\n\n<h3 class=\"wp-block-heading\">Reklama ir pajam\u0173 gavimas<\/h3>\n\n\n\n<p>Mes galime naudoti reklamos paslaugas (pvz., \u201eGoogle AdSense\u201c), kurios naudoja slapukus, kad rodyt\u0173 vartotojui aktualius skelbimus, pagr\u012fstus ankstesniais apsilankymais \u0161ioje ar kitose svetain\u0117se.<\/p>\n\n\n\n<h2 class=\"wp-block-heading\">Vartotojo \u012fsipareigojimas<\/h2>\n\n\n\n<p>Vartotojas sutinka tinkamai naudoti pateikt\u0105 turin\u012f ir informacij\u0105 <strong>Punktual\u016bs laisvi darbo pasi\u016blymai<\/strong>, \u012fsipareigodamas:<\/p>\n\n\n\n<p>A) Neu\u017esiimti neteis\u0117ta veikla ar veikla, prie\u0161taraujan\u010dia s\u0105\u017einingumui ir vie\u0161ajai tvarkai;<br>B) Neplatinti rasistinio, ksenofobinio, diskriminacinio, neteis\u0117to pob\u016bd\u017eio turinio arba turinio, kuris skatina terorizm\u0105 ar pa\u017eeid\u017eia \u017emogaus teises;<br>C) Nepa\u017eeisti fizini\u0173 ar logini\u0173 sistem\u0173 <strong>Punktual\u016bs laisvi darbo pasi\u016blymai<\/strong>i\u0161 savo tiek\u0117j\u0173 ar tre\u010di\u0173j\u0173 \u0161ali\u0173, taip pat neplatinti virus\u0173 ar kit\u0173 sistem\u0173, galin\u010di\u0173 sukelti \u017eal\u0105.<\/p>\n\n\n\n<h2 class=\"wp-block-heading\">Daugiau informacijos<\/h2>\n\n\n\n<p>Tikim\u0117s, kad \u0161i politika yra ai\u0161ki. Jei turite klausim\u0173 apie slapuk\u0173 ar asmens duomen\u0173 naudojim\u0105, paprastai saugiau palikti slapukus \u012fjungtus, kad b\u016bt\u0173 u\u017etikrintas tinkamas svetain\u0117s funkcij\u0173 veikimas.<\/p>\n\n\n\n<p>Jei turite klausim\u0173, susisiekite su mumis.<\/p>","protected":false},"excerpt":{"rendered":"<p>A sua privacidade \u00e9 importante para n\u00f3s. \u00c9 pol\u00edtica do Pontual Vagas respeitar a sua privacidade em rela\u00e7\u00e3o a qualquer informa\u00e7\u00e3o sua que possamos coletar no site Pontual Vagas, bem como em outros sites que possu\u00edmos e operamos. Solicitamos informa\u00e7\u00f5es pessoais apenas quando realmente precisamos delas para fornecer um servi\u00e7o ao usu\u00e1rio. Fazemos isso por [&hellip;]<\/p>","protected":false},"author":1,"featured_media":0,"parent":0,"menu_order":0,"comment_status":"closed","ping_status":"closed","template":"","meta":{"footnotes":""},"class_list":["post-120","page","type-page","status-publish"],"_links":{"self":[{"href":"https:\/\/pontualvagas.com.br\/lt\/wp-json\/wp\/v2\/pages\/120","targetHints":{"allow":["GET"]}}],"collection":[{"href":"https:\/\/pontualvagas.com.br\/lt\/wp-json\/wp\/v2\/pages"}],"about":[{"href":"https:\/\/pontualvagas.com.br\/lt\/wp-json\/wp\/v2\/types\/page"}],"author":[{"embeddable":true,"href":"https:\/\/pontualvagas.com.br\/lt\/wp-json\/wp\/v2\/users\/1"}],"replies":[{"embeddable":true,"href":"https:\/\/pontualvagas.com.br\/lt\/wp-json\/wp\/v2\/comments?post=120"}],"version-history":[{"count":1,"href":"https:\/\/pontualvagas.com.br\/lt\/wp-json\/wp\/v2\/pages\/120\/revisions"}],"predecessor-version":[{"id":121,"href":"https:\/\/pontualvagas.com.br\/lt\/wp-json\/wp\/v2\/pages\/120\/revisions\/121"}],"wp:attachment":[{"href":"https:\/\/pontualvagas.com.br\/lt\/wp-json\/wp\/v2\/media?parent=120"}],"curies":[{"name":"wp","href":"https:\/\/api.w.org\/{rel}","templated":true}]}}