{"id":118,"date":"2026-01-18T08:31:06","date_gmt":"2026-01-18T08:31:06","guid":{"rendered":"https:\/\/pontualvagas.com.br\/?page_id=118"},"modified":"2026-01-18T08:31:07","modified_gmt":"2026-01-18T08:31:07","slug":"atsakomybes-apribojimas","status":"publish","type":"page","link":"https:\/\/pontualvagas.com.br\/lt\/atsakomybes-apribojimas\/","title":{"rendered":"Atsakomyb\u0117s apribojimas"},"content":{"rendered":"<p>Svetain\u0117je pateikta informacija <strong>Punktual\u016bs laisvi darbo pasi\u016blymai<\/strong> tur\u0117ti charakter\u012f <strong>Tik informaciniais tikslais.<\/strong>M\u016bs\u0173 tikslas \u2013 pateikti turin\u012f, analizes ir rekomendacijas programoms, paslaugoms ir \u012frankiams, kurie gali pad\u0117ti vartotojams ie\u0161koti galimybi\u0173, produktyvumo ir skaitmenini\u0173 sprendim\u0173.<\/p>\n\n\n\n<h3 class=\"wp-block-heading\">Mes nesuteikiame joki\u0173 garantij\u0173.<\/h3>\n\n\n\n<p>THE <strong>Punktual\u016bs laisvi darbo pasi\u016blymai<\/strong> <strong>negarantuoja<\/strong> Rezultatai, finansin\u0117 nauda, \u012fdarbinimas, pajamos ar bet kokia konkreti nauda, gauta naudojantis svetain\u0117je nurodyta informacija, programomis ar paslaugomis. Rezultatai gali skirtis priklausomai nuo individuali\u0173, regionini\u0173 ir aplinkybi\u0173 veiksni\u0173.<\/p>\n\n\n\n<h3 class=\"wp-block-heading\">Tre\u010di\u0173j\u0173 \u0161ali\u0173 programos ir paslaugos<\/h3>\n\n\n\n<p>Svetain\u0117je gali b\u016bti nuorod\u0173, rekomendacij\u0173 ar pamin\u0117jim\u0173 apie <strong>tre\u010di\u0173j\u0173 \u0161ali\u0173 programos, platformos ir paslaugos<\/strong>Mes nekontroliuojame \u0161i\u0173 paslaug\u0173 veikimo, politikos, kainodaros, prieinamumo ar saugumo. Bet kokia s\u0105veika, registracija ar naudojimasis jomis yra j\u016bs\u0173 pa\u010di\u0173 rizika. <strong>vien tik naudotojo atsakomyb\u0117<\/strong>.<\/p>\n\n\n\n<p>Visada rekomenduojame vartotojui:<\/p>\n\n\n\n<ul class=\"wp-block-list\">\n<li>Perskaitykite program\u0117li\u0173 naudojimo s\u0105lygas ir privatumo politik\u0105;<\/li>\n\n\n\n<li>Per\u017ei\u016br\u0117kite atsiliepimus oficialiose program\u0117li\u0173 parduotuv\u0117se (\u201eGoogle Play\u201c, \u201eApp Store\u201c);<\/li>\n\n\n\n<li>Prie\u0161 naudodamiesi paslauga, i\u0161analizuokite, ar ji atitinka j\u016bs\u0173 poreikius.<\/li>\n<\/ul>\n\n\n\n<h3 class=\"wp-block-heading\">Teisin\u0117s ir profesin\u0117s atsakomyb\u0117s atsisakymas<\/h3>\n\n\n\n<p>Turinys, paskelbtas svetain\u0117je <strong>Punktual\u016bs laisvi darbo pasi\u016blymai<\/strong> <strong>Tai nepakei\u010dia profesionalios konsultacijos.<\/strong>Nesvarbu, ar tai teisiniai, finansiniai, apskaitos, darbo ar techniniai klausimai, svarbiems sprendimams visada kreipkit\u0117s \u012f kvalifikuot\u0105 specialist\u0105.<\/p>\n\n\n\n<h3 class=\"wp-block-heading\">Reklama ir pajam\u0173 gavimas<\/h3>\n\n\n\n<p>Svetain\u0117 <strong>Punktual\u016bs laisvi darbo pasi\u016blymai<\/strong> Galima u\u017esidirbti pinig\u0173 \u0161iais b\u016bdais:<\/p>\n\n\n\n<ul class=\"wp-block-list\">\n<li>Reklamos (pvz., \u201eGoogle AdSense\u201c);<\/li>\n\n\n\n<li>R\u0117m\u0117j\u0173 nuorodos;<\/li>\n\n\n\n<li>Partneryst\u0117s arba filial\u0173 programos.<\/li>\n<\/ul>\n\n\n\n<p>Tai rei\u0161kia, kad galime gauti komisinius, kai vartotojas spusteli skelbimus arba naudoja tam tikras nuorodas. <strong>be joki\u0173 papildom\u0173 i\u0161laid\u0173 vartotojui.<\/strong>\u0160ios partneryst\u0117s neturi \u012ftakos m\u016bs\u0173 ketinimui si\u016blyti ai\u0161k\u0173 ir aktual\u0173 turin\u012f.<\/p>\n\n\n\n<h3 class=\"wp-block-heading\">Informacijos atnaujinimas<\/h3>\n\n\n\n<p>Svetain\u0117je pateikta informacija gali b\u016bti <strong>bet kuriuo metu pakeisti, atnaujinti ar pa\u0161alinti<\/strong>, be i\u0161ankstinio \u012fsp\u0117jimo. Mes negarantuojame, kad visas turinys visada yra visi\u0161kai atnaujintas, nes program\u0117l\u0117s ir paslaugos gali da\u017enai keisti savo taisykles.<\/p>\n\n\n\n<h3 class=\"wp-block-heading\">Atsakomyb\u0117s apribojimas<\/h3>\n\n\n\n<p>THE <strong>Punktual\u016bs laisvi darbo pasi\u016blymai<\/strong> neatsako u\u017e:<\/p>\n\n\n\n<ul class=\"wp-block-list\">\n<li>Finansiniai nuostoliai;<\/li>\n\n\n\n<li>Technin\u0117s problemos;<\/li>\n\n\n\n<li>Tre\u010di\u0173j\u0173 \u0161ali\u0173 program\u0173 gedimai;<\/li>\n\n\n\n<li>Tiesiogin\u0117 ar netiesiogin\u0117 \u017eala, atsiradusi d\u0117l informacijos i\u0161 svetain\u0117s naudojimo.<\/li>\n<\/ul>\n\n\n\n<p>Svetain\u0117s naudojimas rei\u0161kia <strong>Visi\u0161kas \u0161io atsakomyb\u0117s apribojimo sutikimas<\/strong>.<\/p>\n\n\n\n<h3 class=\"wp-block-heading\">Kontaktas<\/h3>\n\n\n\n<p>Jei turite klausim\u0173, pasi\u016blym\u0173 ar nor\u0117tum\u0117te prane\u0161ti apie bet kok\u012f turin\u012f, susisiekite su mumis per svetain\u0117s kontakt\u0173 puslap\u012f.<\/p>","protected":false},"excerpt":{"rendered":"<p>As informa\u00e7\u00f5es disponibilizadas no site Pontual Vagas t\u00eam car\u00e1ter exclusivamente informativo. Nosso objetivo \u00e9 apresentar conte\u00fados, an\u00e1lises e indica\u00e7\u00f5es de aplicativos, servi\u00e7os e ferramentas que possam auxiliar usu\u00e1rios na busca por oportunidades, produtividade e solu\u00e7\u00f5es digitais. N\u00e3o oferecemos garantias O Pontual Vagas n\u00e3o garante resultados, ganhos financeiros, contrata\u00e7\u00f5es, rendimentos ou qualquer tipo de benef\u00edcio espec\u00edfico [&hellip;]<\/p>","protected":false},"author":1,"featured_media":0,"parent":0,"menu_order":0,"comment_status":"closed","ping_status":"closed","template":"","meta":{"footnotes":""},"class_list":["post-118","page","type-page","status-publish"],"_links":{"self":[{"href":"https:\/\/pontualvagas.com.br\/lt\/wp-json\/wp\/v2\/pages\/118","targetHints":{"allow":["GET"]}}],"collection":[{"href":"https:\/\/pontualvagas.com.br\/lt\/wp-json\/wp\/v2\/pages"}],"about":[{"href":"https:\/\/pontualvagas.com.br\/lt\/wp-json\/wp\/v2\/types\/page"}],"author":[{"embeddable":true,"href":"https:\/\/pontualvagas.com.br\/lt\/wp-json\/wp\/v2\/users\/1"}],"replies":[{"embeddable":true,"href":"https:\/\/pontualvagas.com.br\/lt\/wp-json\/wp\/v2\/comments?post=118"}],"version-history":[{"count":1,"href":"https:\/\/pontualvagas.com.br\/lt\/wp-json\/wp\/v2\/pages\/118\/revisions"}],"predecessor-version":[{"id":119,"href":"https:\/\/pontualvagas.com.br\/lt\/wp-json\/wp\/v2\/pages\/118\/revisions\/119"}],"wp:attachment":[{"href":"https:\/\/pontualvagas.com.br\/lt\/wp-json\/wp\/v2\/media?parent=118"}],"curies":[{"name":"wp","href":"https:\/\/api.w.org\/{rel}","templated":true}]}}