{"id":122,"date":"2026-01-18T08:35:26","date_gmt":"2026-01-18T08:35:26","guid":{"rendered":"https:\/\/pontualvagas.com.br\/?page_id=122"},"modified":"2026-01-18T08:35:27","modified_gmt":"2026-01-18T08:35:27","slug":"%ec%9d%b4%ec%9a%a9%ec%95%bd%ea%b4%80","status":"publish","type":"page","link":"https:\/\/pontualvagas.com.br\/ko\/%ec%9d%b4%ec%9a%a9%ec%95%bd%ea%b4%80\/","title":{"rendered":"\uc774\uc6a9\uc57d\uad00"},"content":{"rendered":"<p>\uc6f9\uc0ac\uc774\ud2b8\uc5d0 \uc811\uc18d\ud558\uace0 \uc774\uc6a9\ud568\uc73c\ub85c\uc368 <strong>\uc2dc\uac04 \uc5c4\uc218 \ucc44\uc6a9 \uacf5\uace0<\/strong>\uc774\ub807\uac8c \ud568\uc73c\ub85c\uc368 \uadc0\ud558\ub294 \ubcf8 \uc57d\uad00\uc744 \uc900\uc218\ud558\uace0 \uc774\uc5d0 \uad6c\uc18d\ub418\ub294 \ub370 \ub3d9\uc758\ud558\uac8c \ub429\ub2c8\ub2e4. <strong>\uc774\uc6a9\uc57d\uad00<\/strong>\uc6b0\ub9ac\uc758 \uac83\uacfc \ud568\uaed8 <strong>\uac1c\uc778\uc815\ubcf4 \ubcf4\ud638\uc815\ucc45<\/strong>\uc774\ub294 ~ \uc0ac\uc774\uc758 \uad00\uacc4\ub97c \uaddc\uc815\ud569\ub2c8\ub2e4. <strong>\uc2dc\uac04 \uc5c4\uc218 \ucc44\uc6a9 \uacf5\uace0<\/strong> \uadf8\ub9ac\uace0 \uc0ac\uc6a9\uc790.<\/p>\n\n\n\n<p>\ubcf8 \uc57d\uad00\uc758 \uc5b4\ub5a4 \ubd80\ubd84\uc5d0\ub3c4 \ub3d9\uc758\ud558\uc9c0 \uc54a\uc73c\uc2dc\ub294 \uacbd\uc6b0, \ub2e4\uc74c\uc744 \uad8c\uc7a5\ud569\ub2c8\ub2e4. <strong>\uc774 \uc6f9\uc0ac\uc774\ud2b8\ub97c \uc0ac\uc6a9\ud558\uc9c0 \ub9c8\uc138\uc694<\/strong>.<\/p>\n\n\n\n<h3 class=\"wp-block-heading\">\uc0ac\uc774\ud2b8 \uc774\uc6a9<\/h3>\n\n\n\n<p>\uc81c\uacf5\ub418\ub294 \ucf58\ud150\uce20\ub294 \ub2e4\uc74c\uacfc \uac19\uc2b5\ub2c8\ub2e4. <strong>\uc2dc\uac04 \uc5c4\uc218 \ucc44\uc6a9 \uacf5\uace0<\/strong> \ubaa9\uc801\uc774 \uc788\ub2e4 <strong>\uc815\ubcf4 \uc81c\uacf5 \ubaa9\uc801\uc73c\ub85c\ub9cc \uc0ac\uc6a9\ub429\ub2c8\ub2e4.<\/strong>\uc774\ub294 \ubaa8\ubc14\uc77c \uae30\uae30\uc5d0\uc11c \uc0ac\uc6a9\ud560 \uc218 \uc788\ub294 \uae30\ud68c, \uc0dd\uc0b0\uc131 \ubc0f \uc194\ub8e8\uc158\uacfc \uad00\ub828\ub41c \uc560\ud50c\ub9ac\ucf00\uc774\uc158, \ub514\uc9c0\ud138 \uc11c\ube44\uc2a4, \ud301 \ubc0f \ucf58\ud150\uce20\ub97c \uc18c\uac1c\ud558\uae30 \uc704\ud55c \uac83\uc785\ub2c8\ub2e4.<\/p>\n\n\n\n<p>\uc774 \uc6f9\uc0ac\uc774\ud2b8\uc758 \uc815\ubcf4\ub294 \ubcc0\uacbd\ub420 \uc218 \uc788\uc2b5\ub2c8\ub2e4. <strong>\uc0ac\uc804 \uace0\uc9c0 \uc5c6\uc774 \ubcc0\uacbd, \uc5c5\ub370\uc774\ud2b8 \ub610\ub294 \uc0ad\uc81c\ub420 \uc218 \uc788\uc2b5\ub2c8\ub2e4.<\/strong>.<\/p>\n\n\n\n<h3 class=\"wp-block-heading\">\ubcf4\uc99d \uba74\ucc45 \uc870\ud56d<\/h3>\n\n\n\n<p>\ub458 \ub2e4 \uc544\ub2c8\ub2e4 <strong>\uc2dc\uac04 \uc5c4\uc218 \ucc44\uc6a9 \uacf5\uace0<\/strong>\ub2f9\uc0ac \ub610\ub294 \uc81c3\uc790\ub294 \uc6f9\uc0ac\uc774\ud2b8\uc5d0 \uc81c\uc2dc\ub41c \uc815\ubcf4, \uc560\ud50c\ub9ac\ucf00\uc774\uc158 \ub610\ub294 \uc790\ub8cc\uc758 \uc815\ud655\uc131, \uc2dc\uc758\uc131, \uc131\ub2a5, \uc644\uc804\uc131 \ub610\ub294 \ud2b9\uc815 \ubaa9\uc801\uc5d0 \ub300\ud55c \uc801\ud569\uc131\uc5d0 \ub300\ud574 \uc5b4\ub5a0\ud55c \ubcf4\uc99d\ub3c4 \uc81c\uacf5\ud558\uc9c0 \uc54a\uc2b5\ub2c8\ub2e4.<\/p>\n\n\n\n<p>\uc774 \uc6f9\uc0ac\uc774\ud2b8\uc5d0 \uc81c\uacf5\ub41c \ubaa8\ub4e0 \uc815\ubcf4, \ucf58\ud150\uce20, \uc560\ud50c\ub9ac\ucf00\uc774\uc158 \ub610\ub294 \uc790\ub8cc\uc758 \uc0ac\uc6a9\uc5d0 \ub300\ud55c \ucc45\uc784\uc740 \uc0ac\uc6a9\uc790\uc5d0\uac8c \uc788\uc2b5\ub2c8\ub2e4. <strong>\uc0ac\uc6a9\uc790\uc758 \uc804\uc801\uc778 \ucc45\uc784<\/strong>\uc774\ub294 \ud574\ub2f9 \uc0ac\uc6a9\uc73c\ub85c \uc778\ud574 \ubc1c\uc0dd\ud558\ub294 \ubaa8\ub4e0 \uc704\ud5d8\uc744 \uac10\uc218\ud558\ub294 \uac83\uc744 \uc758\ubbf8\ud569\ub2c8\ub2e4.<\/p>\n\n\n\n<h3 class=\"wp-block-heading\">\ud0c0\uc0ac \uc6f9\uc0ac\uc774\ud2b8 \ubc0f \uc560\ud50c\ub9ac\ucf00\uc774\uc158 \ub9c1\ud06c<\/h3>\n\n\n\n<p>\uadf8\ub9cc\ud07c <strong>\uc2dc\uac04 \uc5c4\uc218 \ucc44\uc6a9 \uacf5\uace0<\/strong> \uc774 \ud398\uc774\uc9c0\uc5d0\ub294 \ud0c0\uc0ac \uc6f9\uc0ac\uc774\ud2b8, \ud50c\ub7ab\ud3fc \ub610\ub294 \uc560\ud50c\ub9ac\ucf00\uc774\uc158\uc5d0 \ub300\ud55c \ub9c1\ud06c\uac00 \ud3ec\ud568\ub420 \uc218 \uc788\uc2b5\ub2c8\ub2e4. \uc774\ub7ec\ud55c \ub9c1\ud06c\ub294 \uc0ac\uc6a9\uc790\uc758 \ud3b8\uc758\ub97c \uc704\ud574 \ucd94\uac00 \uc815\ubcf4\ub97c \uc81c\uacf5\ud558\uae30 \uc704\ud55c \ubaa9\uc801\uc73c\ub85c\ub9cc \uc81c\uacf5\ub429\ub2c8\ub2e4.<\/p>\n\n\n\n<p>\ub2f9\uc0ac\ub294 \uc774\ub7ec\ud55c \uc678\ubd80 \uc6f9\uc0ac\uc774\ud2b8 \ubc0f \uc560\ud50c\ub9ac\ucf00\uc774\uc158\uc758 \ucf58\ud150\uce20, \uc815\ucc45 \ub610\ub294 \uc6b4\uc601\uc5d0 \ub300\ud574 \uc5b4\ub5a0\ud55c \ud1b5\uc81c\uad8c\ub3c4 \uac16\uace0 \uc788\uc9c0 \uc54a\uc73c\uba70, \ud574\ub2f9 \uc6f9\uc0ac\uc774\ud2b8 \ubc0f \uc560\ud50c\ub9ac\ucf00\uc774\uc158\uc758 \uc0ac\uc6a9\uc73c\ub85c \uc778\ud574 \ubc1c\uc0dd\ud558\ub294 \uc190\ud574, \uc190\uc2e4 \ub610\ub294 \ubb38\uc81c\uc5d0 \ub300\ud574 \ucc45\uc784\uc744 \uc9c0\uc9c0 \uc54a\uc2b5\ub2c8\ub2e4.<\/p>\n\n\n\n<h3 class=\"wp-block-heading\">\uc0ac\uc6a9\uc790 \ucc45\uc784<\/h3>\n\n\n\n<p>\uc774 \uc6f9\uc0ac\uc774\ud2b8\ub97c \uc774\uc6a9\ud568\uc73c\ub85c\uc368 \uc0ac\uc6a9\uc790\ub294 \ub2e4\uc74c \uc0ac\ud56d\uc5d0 \ub3d9\uc758\ud569\ub2c8\ub2e4.<\/p>\n\n\n\n<ul class=\"wp-block-list\">\n<li>\ucf58\ud150\uce20\ub97c \ud569\ubc95\uc801\uc774\uace0 \uc724\ub9ac\uc801\uc778 \ubc29\uc2dd\uc73c\ub85c \uc0ac\uc6a9\ud558\uc2ed\uc2dc\uc624.<\/li>\n\n\n\n<li>\ubd88\ubc95\uc801\uc774\uac70\ub098 \uc0ac\uae30\uc801\uc778 \ud589\uc704, \ub610\ub294 \ud604\ud589 \ubc95\ub960\uc744 \uc704\ubc18\ud558\ub294 \ud589\uc704\uc5d0 \uac00\ub2f4\ud558\uc9c0 \ub9c8\uc2ed\uc2dc\uc624.<\/li>\n\n\n\n<li>\uc6f9\uc0ac\uc774\ud2b8 \ub610\ub294 \uadf8 \uc2dc\uc2a4\ud15c\uc744 \uc190\uc0c1\uc2dc\ud0a4\uac70\ub098, \uacfc\ubd80\ud558\ub97c \uac78\uac70\ub098, \uc791\ub3d9\uc744 \ubc29\ud574\ud558\ub824\ub294 \uc2dc\ub3c4\ub97c \ud558\uc9c0 \ub9c8\uc2ed\uc2dc\uc624.<\/li>\n<\/ul>\n\n\n\n<h3 class=\"wp-block-heading\">\uc9c0\uc801 \uc7ac\uc0b0\uad8c<\/h3>\n\n\n\n<p>\ubaa8\ub4e0 \ucf58\ud150\uce20\uac00 \uc5ec\uae30\uc5d0 \uc788\uc2b5\ub2c8\ub2e4 <strong>\uc2dc\uac04 \uc5c4\uc218 \ucc44\uc6a9 \uacf5\uace0<\/strong>\ubcf8\ubb38, \uc0c1\ud45c, \ub85c\uace0, \uc774\ubbf8\uc9c0 \ubc0f \ub808\uc774\uc544\uc6c3\uc744 \ud3ec\ud568\ud55c \ubaa8\ub4e0 \ucf58\ud150\uce20\ub294 \uc800\uc791\uad8c \ubc0f \uc9c0\uc801 \uc7ac\uc0b0\uad8c\uc73c\ub85c \ubcf4\ud638\ub429\ub2c8\ub2e4. \ubc95\ub960\uc5d0\uc11c \ud5c8\uc6a9\ub41c \uacbd\uc6b0\ub97c \uc81c\uc678\ud558\uace0, \uc0ac\uc804 \ud5c8\uac00 \uc5c6\uc774 \uc804\uccb4 \ub610\ub294 \uc77c\ubd80\ub97c \ubcf5\uc81c\ud558\ub294 \uac83\uc740 \uae08\uc9c0\ub429\ub2c8\ub2e4.<\/p>\n\n\n\n<h3 class=\"wp-block-heading\">\uc57d\uad00 \ubcc0\uacbd<\/h3>\n\n\n\n<p>\uadf8\ub9cc\ud07c <strong>\uc2dc\uac04 \uc5c4\uc218 \ucc44\uc6a9 \uacf5\uace0<\/strong> \ub2e4\uc74c\uacfc \uac19\uc740 \uad8c\ub9ac\ub97c \ubcf4\uc720\ud569\ub2c8\ub2e4. <strong>\ubcf8 \uc774\uc6a9\uc57d\uad00\uc740 \uc5b8\uc81c\ub4e0\uc9c0 \uc218\uc815\ub420 \uc218 \uc788\uc2b5\ub2c8\ub2e4.<\/strong>\uc0ac\uc804 \uace0\uc9c0 \uc5c6\uc774 \ubcc0\uacbd\ub420 \uc218 \uc788\uc2b5\ub2c8\ub2e4. \ubcc0\uacbd \ud6c4\uc5d0\ub3c4 \uc0ac\uc774\ud2b8\ub97c \uacc4\uc18d \uc774\uc6a9\ud558\ub294 \uac83\uc740 \uc0c8\ub85c\uc6b4 \uc57d\uad00\uc5d0 \uc790\ub3d9\uc73c\ub85c \ub3d9\uc758\ud558\ub294 \uac83\uc73c\ub85c \uac04\uc8fc\ub429\ub2c8\ub2e4.<\/p>\n\n\n\n<h3 class=\"wp-block-heading\">\uc57d\uad00 \ub3d9\uc758<\/h3>\n\n\n\n<p>\uc0ac\uc774\ud2b8\ub97c \uacc4\uc18d \ud0d0\uc0c9\ud558\uc2dc\uba74 <strong>\uc2dc\uac04 \uc5c4\uc218 \ucc44\uc6a9 \uacf5\uace0<\/strong>\uc774\ub85c\uc368 \uc0ac\uc6a9\uc790\ub294 \ubcf8 \uc774\uc6a9\uc57d\uad00\uc744 \uc77d\uace0 \uc774\ud574\ud588\uc73c\uba70 \uc804\uc801\uc73c\ub85c \ub3d9\uc758\ud568\uc744 \uc120\uc5b8\ud569\ub2c8\ub2e4.<\/p>","protected":false},"excerpt":{"rendered":"<p>Ao acessar e utilizar o site Pontual Vagas, voc\u00ea concorda em cumprir e ficar vinculado aos presentes Termos de Uso, juntamente com a nossa Pol\u00edtica de Privacidade, que regulam o relacionamento entre o Pontual Vagas e o usu\u00e1rio. Caso voc\u00ea n\u00e3o concorde com qualquer parte destes termos, recomendamos que n\u00e3o utilize este site. Uso do [&hellip;]<\/p>","protected":false},"author":1,"featured_media":0,"parent":0,"menu_order":0,"comment_status":"closed","ping_status":"closed","template":"","meta":{"footnotes":""},"class_list":["post-122","page","type-page","status-publish"],"_links":{"self":[{"href":"https:\/\/pontualvagas.com.br\/ko\/wp-json\/wp\/v2\/pages\/122","targetHints":{"allow":["GET"]}}],"collection":[{"href":"https:\/\/pontualvagas.com.br\/ko\/wp-json\/wp\/v2\/pages"}],"about":[{"href":"https:\/\/pontualvagas.com.br\/ko\/wp-json\/wp\/v2\/types\/page"}],"author":[{"embeddable":true,"href":"https:\/\/pontualvagas.com.br\/ko\/wp-json\/wp\/v2\/users\/1"}],"replies":[{"embeddable":true,"href":"https:\/\/pontualvagas.com.br\/ko\/wp-json\/wp\/v2\/comments?post=122"}],"version-history":[{"count":1,"href":"https:\/\/pontualvagas.com.br\/ko\/wp-json\/wp\/v2\/pages\/122\/revisions"}],"predecessor-version":[{"id":123,"href":"https:\/\/pontualvagas.com.br\/ko\/wp-json\/wp\/v2\/pages\/122\/revisions\/123"}],"wp:attachment":[{"href":"https:\/\/pontualvagas.com.br\/ko\/wp-json\/wp\/v2\/media?parent=122"}],"curies":[{"name":"wp","href":"https:\/\/api.w.org\/{rel}","templated":true}]}}