{"id":120,"date":"2026-01-18T08:33:27","date_gmt":"2026-01-18T08:33:27","guid":{"rendered":"https:\/\/pontualvagas.com.br\/?page_id=120"},"modified":"2026-01-18T08:33:28","modified_gmt":"2026-01-18T08:33:28","slug":"%ea%b0%9c%ec%9d%b8%ec%a0%95%eb%b3%b4-%eb%b3%b4%ed%98%b8%ec%a0%95%ec%b1%85","status":"publish","type":"page","link":"https:\/\/pontualvagas.com.br\/ko\/%ea%b0%9c%ec%9d%b8%ec%a0%95%eb%b3%b4-%eb%b3%b4%ed%98%b8%ec%a0%95%ec%b1%85\/","title":{"rendered":"\uac1c\uc778\uc815\ubcf4 \ubcf4\ud638\uc815\ucc45"},"content":{"rendered":"<p>\uc800\ud76c\ub294 \uace0\uac1d\ub2d8\uc758 \uac1c\uc778\uc815\ubcf4 \ubcf4\ud638\ub97c \uc911\uc694\ud558\uac8c \uc0dd\uac01\ud558\uba70, \uc774\ub97c \uc815\ucc45\uc73c\ub85c \uc0bc\uace0 \uc788\uc2b5\ub2c8\ub2e4. <strong>\uc2dc\uac04 \uc5c4\uc218 \ucc44\uc6a9 \uacf5\uace0<\/strong> \uc800\ud76c\ub294 \uc6f9\uc0ac\uc774\ud2b8\uc5d0\uc11c \uc218\uc9d1\ud558\ub294 \ubaa8\ub4e0 \uc815\ubcf4\uc5d0 \ub300\ud574 \uadc0\ud558\uc758 \uac1c\uc778\uc815\ubcf4\ub97c \uc874\uc911\ud560 \uac83\uc785\ub2c8\ub2e4. <strong>\uc2dc\uac04 \uc5c4\uc218 \ucc44\uc6a9 \uacf5\uace0<\/strong>\uc774\ub294 \ub2f9\uc0ac\uac00 \uc18c\uc720\ud558\uace0 \uc6b4\uc601\ud558\ub294 \ub2e4\ub978 \uc6f9\uc0ac\uc774\ud2b8\uc5d0\uc11c\ub3c4 \ub9c8\ucc2c\uac00\uc9c0\uc785\ub2c8\ub2e4.<\/p>\n\n\n\n<p>\uc800\ud76c\ub294 \uc0ac\uc6a9\uc790\uc5d0\uac8c \uc11c\ube44\uc2a4\ub97c \uc81c\uacf5\ud558\ub294 \ub370 \uc815\ub9d0 \ud544\uc694\ud55c \uacbd\uc6b0\uc5d0\ub9cc \uac1c\uc778 \uc815\ubcf4\ub97c \uc694\uccad\ud569\ub2c8\ub2e4. \uc774\ub7ec\ud55c \uc815\ubcf4 \uc218\uc9d1\uc740 \uacf5\uc815\ud558\uace0 \ud569\ubc95\uc801\uc778 \ubc29\uc2dd\uc73c\ub85c \uc774\ub8e8\uc5b4\uc9c0\uba70, \uc0ac\uc6a9\uc790\uc758 \ub3d9\uc758\ub97c \uc5bb\uc740 \ud6c4\uc5d0 \uc9c4\ud589\ub429\ub2c8\ub2e4. \ub610\ud55c, \uc815\ubcf4 \uc218\uc9d1 \uc774\uc720\uc640 \uc0ac\uc6a9 \ubaa9\uc801\uc5d0 \ub300\ud574 \uc0ac\uc6a9\uc790\uc5d0\uac8c \uc54c\ub824\ub4dc\ub9bd\ub2c8\ub2e4.<\/p>\n\n\n\n<p>\uc218\uc9d1\ub41c \uc815\ubcf4\ub294 \uc694\uccad\ud558\uc2e0 \uc11c\ube44\uc2a4\ub97c \uc81c\uacf5\ud558\ub294 \ub370 \ud544\uc694\ud55c \uae30\uac04 \ub3d9\uc548\ub9cc \ubcf4\uad00\ud569\ub2c8\ub2e4. \ub370\uc774\ud130 \uc800\uc7a5 \uc2dc, \uc190\uc2e4, \ub3c4\ub09c, \ubb34\ub2e8 \uc811\uadfc, \uacf5\uac1c, \ubcf5\uc0ac, \uc624\uc6a9 \ub610\ub294 \uc218\uc815\uc73c\ub85c\ubd80\ud130 \ub370\uc774\ud130\ub97c \ubcf4\ud638\ud558\uae30 \uc704\ud574 \uc0c1\uc5c5\uc801\uc73c\ub85c \ud5c8\uc6a9\ub418\ub294 \uc218\uc900\uc758 \ubcf4\uc548 \uc870\uce58\ub97c \ucde8\ud569\ub2c8\ub2e4.<\/p>\n\n\n\n<p>\ubc95\ub960\uc5d0 \uc758\ud574 \uc694\uad6c\ub418\ub294 \uacbd\uc6b0\ub97c \uc81c\uc678\ud558\uace0\ub294 \uac1c\uc778 \uc2dd\ubcc4 \uc815\ubcf4\ub97c \uacf5\uac1c\uc801\uc73c\ub85c \ub610\ub294 \uc81c3\uc790\uc640 \uacf5\uc720\ud558\uc9c0 \uc54a\uc2b5\ub2c8\ub2e4.<\/p>\n\n\n\n<p>\uadf8\ub9cc\ud07c <strong>\uc2dc\uac04 \uc5c4\uc218 \ucc44\uc6a9 \uacf5\uace0<\/strong> \uc774 \ud398\uc774\uc9c0\uc5d0\ub294 \ub2f9\uc0ac\uac00 \uc6b4\uc601\ud558\uc9c0 \uc54a\ub294 \uc678\ubd80 \uc6f9\uc0ac\uc774\ud2b8, \uc560\ud50c\ub9ac\ucf00\uc774\uc158 \ub610\ub294 \uc11c\ube44\uc2a4 \ub9c1\ud06c\uac00 \ud3ec\ud568\ub420 \uc218 \uc788\uc2b5\ub2c8\ub2e4. \ub2f9\uc0ac\ub294 \uc774\ub7ec\ud55c \uc0ac\uc774\ud2b8\uc758 \ucf58\ud150\uce20 \ubc0f \uc6b4\uc601 \ubc29\uc2dd\uc5d0 \ub300\ud574 \ud1b5\uc81c\ud560 \uc218 \uc5c6\uc73c\uba70, \ud574\ub2f9 \uc0ac\uc774\ud2b8\uc758 \uac1c\uc778\uc815\ubcf4 \ubcf4\ud638\uc815\ucc45\uc5d0 \ub300\ud574 \ucc45\uc784\uc744 \uc9c0\uc9c0 \uc54a\uc2b5\ub2c8\ub2e4.<\/p>\n\n\n\n<p>\uc0ac\uc6a9\uc790\ub294 \uac1c\uc778 \uc815\ubcf4 \uc81c\uacf5 \uc694\uccad\uc744 \uac70\ubd80\ud560 \uc218 \uc788\uc73c\uba70, \uc774 \uacbd\uc6b0 \uc6d0\ud558\ub294 \uc77c\ubd80 \uc11c\ube44\uc2a4\ub97c \uc81c\uacf5\ubc1b\uc9c0 \ubabb\ud560 \uc218\ub3c4 \uc788\uc74c\uc744 \uc774\ud574\ud574\uc57c \ud569\ub2c8\ub2e4.<\/p>\n\n\n\n<p>\uc0ac\uc774\ud2b8\uc758 \uc9c0\uc18d\uc801\uc778 \uc0ac\uc6a9 <strong>\uc2dc\uac04 \uc5c4\uc218 \ucc44\uc6a9 \uacf5\uace0<\/strong> \uadc0\ud558\uc758 \ud53c\ub4dc\ubc31\uc740 \uac1c\uc778\uc815\ubcf4 \ubcf4\ud638 \ubc0f \uac1c\uc778\uc815\ubcf4 \uc774\uc6a9\uc5d0 \uad00\ud55c \ub2f9\uc0ac\uc758 \uc815\ucc45\uc5d0 \ub300\ud55c \ub3d9\uc758\ub85c \uac04\uc8fc\ub429\ub2c8\ub2e4. \uc0ac\uc6a9\uc790 \ub370\uc774\ud130 \ucc98\ub9ac \ubc29\uc2dd\uc5d0 \ub300\ud55c \ubb38\uc758 \uc0ac\ud56d\uc740 \ubb38\uc758 \ud398\uc774\uc9c0\ub97c \ud1b5\ud574 \uc5f0\ub77d\ud574 \uc8fc\uc2dc\uae30 \ubc14\ub78d\ub2c8\ub2e4.<\/p>\n\n\n\n<h2 class=\"wp-block-heading\">\ud3f0\ud22c\uc54c \ubc14\uac00\uc2a4 \ucfe0\ud0a4 \uc815\ucc45<\/h2>\n\n\n\n<h3 class=\"wp-block-heading\">\ucfe0\ud0a4\ub780 \ubb34\uc5c7\uc778\uac00\uc694?<\/h3>\n\n\n\n<p>\uac70\uc758 \ubaa8\ub4e0 \uc804\ubb38 \uc6f9\uc0ac\uc774\ud2b8\uc5d0\uc11c \ud754\ud788 \ubcfc \uc218 \uc788\ub4ef\uc774, \uc774 \uc0ac\uc774\ud2b8\ub294 \uc0ac\uc6a9\uc790\uc758 \ube0c\ub77c\uc6b0\uc9d5 \uacbd\ud5d8\uc744 \uac1c\uc120\ud558\uae30 \uc704\ud574 \ucfe0\ud0a4(\uc0ac\uc6a9\uc790 \uae30\uae30\uc5d0 \uc800\uc7a5\ub418\ub294 \uc791\uc740 \ud30c\uc77c)\ub97c \uc0ac\uc6a9\ud569\ub2c8\ub2e4.<\/p>\n\n\n\n<p>\uc774 \uc139\uc158\uc5d0\uc11c\ub294 \ucfe0\ud0a4\uac00 \uc218\uc9d1\ud558\ub294 \uc815\ubcf4, \ud574\ub2f9 \uc815\ubcf4\uc758 \uc0ac\uc6a9 \ubc29\ubc95, \uadf8\ub9ac\uace0 \uacbd\uc6b0\uc5d0 \ub530\ub77c \ucfe0\ud0a4\ub97c \uc800\uc7a5\ud574\uc57c \ud558\ub294 \uc774\uc720\uc5d0 \ub300\ud574 \uc124\uba85\ud569\ub2c8\ub2e4.<\/p>\n\n\n\n<h3 class=\"wp-block-heading\">\ucfe0\ud0a4\ub294 \uc5b4\ub5bb\uac8c \uc0ac\uc6a9\ub418\ub098\uc694?<\/h3>\n\n\n\n<p>\ub2f9\uc0ac\ub294 \ub2e4\uc74c\uacfc \uac19\uc740 \ub2e4\uc591\ud55c \uc774\uc720\ub85c \ucfe0\ud0a4\ub97c \uc0ac\uc6a9\ud569\ub2c8\ub2e4.<\/p>\n\n\n\n<ul class=\"wp-block-list\">\n<li>\uc6f9\uc0ac\uc774\ud2b8\uac00 \uc815\uc0c1\uc801\uc73c\ub85c \uc791\ub3d9\ud558\ub3c4\ub85d \ud558\uae30 \uc704\ud574;<\/li>\n\n\n\n<li>\uc0ac\uc6a9\uc790 \uacbd\ud5d8\uc744 \uac1c\uc120\ud558\uc138\uc694.<\/li>\n\n\n\n<li>\ube0c\ub77c\uc6b0\uc9d5 \ud589\ub3d9\uc744 \ubd84\uc11d\ud569\ub2c8\ub2e4.<\/li>\n\n\n\n<li>\ub354\uc6b1 \uad00\ub828\uc131 \ub192\uc740 \ucf58\ud150\uce20\uc640 \uad11\uace0\ub97c \ud45c\uc2dc\ud569\ub2c8\ub2e4.<\/li>\n<\/ul>\n\n\n\n<p>\ub300\ubd80\ubd84\uc758 \uacbd\uc6b0, \uc6f9\uc0ac\uc774\ud2b8\uc758 \ud544\uc218 \uae30\ub2a5\uc744 \uc190\uc0c1\uc2dc\ud0a4\uc9c0 \uc54a\uace0 \ucfe0\ud0a4\ub97c \ube44\ud65c\uc131\ud654\ud560 \uc218 \uc788\ub294 \uc5c5\uacc4 \ud45c\uc900 \uc635\uc158\uc740 \uc5c6\uc2b5\ub2c8\ub2e4. \ucfe0\ud0a4\uac00 \ud544\uc694\ud55c\uc9c0 \uc5ec\ubd80\uac00 \ud655\uc2e4\ud558\uc9c0 \uc54a\uc740 \uacbd\uc6b0 \ucfe0\ud0a4\ub97c \ud65c\uc131\ud654 \uc0c1\ud0dc\ub85c \uc720\uc9c0\ud558\ub294 \uac83\uc774 \uc88b\uc2b5\ub2c8\ub2e4.<\/p>\n\n\n\n<h3 class=\"wp-block-heading\">\ucfe0\ud0a4 \uc0ac\uc6a9 \uc548 \ud568<\/h3>\n\n\n\n<p>\ube0c\ub77c\uc6b0\uc800 \uc124\uc815\uc744 \uc870\uc815\ud558\uc5ec \ucfe0\ud0a4 \uc124\uc815\uc744 \ucc28\ub2e8\ud560 \uc218 \uc788\uc2b5\ub2c8\ub2e4. \ud558\uc9c0\ub9cc \ucfe0\ud0a4\ub97c \ube44\ud65c\uc131\ud654\ud558\uba74 \uc774 \uc6f9\uc0ac\uc774\ud2b8\ubfd0\ub9cc \uc544\ub2c8\ub77c \ubc29\ubb38\ud558\ub294 \ub2e4\ub978 \uc6f9\uc0ac\uc774\ud2b8\uc758 \uae30\ub2a5\uc5d0\ub3c4 \uc601\ud5a5\uc744 \ubbf8\uce60 \uc218 \uc788\ub2e4\ub294 \uc810\uc5d0 \uc720\uc758\ud558\uc2ed\uc2dc\uc624.<\/p>\n\n\n\n<h2 class=\"wp-block-heading\">\uc800\ud76c\uac00 \uc124\uc815\ud55c \ucfe0\ud0a4<\/h2>\n\n\n\n<h3 class=\"wp-block-heading\">\uacc4\uc815 \uad00\ub828 \ucfe0\ud0a4<\/h3>\n\n\n\n<p>\uc0ac\uc6a9\uc790\uac00 \uacc4\uc815\uc744 \uc0dd\uc131\ud558\ub294 \uacbd\uc6b0(\ud574\ub2f9\ub418\ub294 \uacbd\uc6b0), \ub4f1\ub85d \uc808\ucc28 \ubc0f \uc77c\ubc18\uc801\uc778 \uad00\ub9ac\ub97c \uc704\ud574 \ucfe0\ud0a4\ub97c \uc0ac\uc6a9\ud569\ub2c8\ub2e4. \uc774\ub7ec\ud55c \ucfe0\ud0a4\ub294 \uc77c\ubc18\uc801\uc73c\ub85c \uacc4\uc815\uc5d0\uc11c \ub85c\uadf8\uc544\uc6c3\ud558\uba74 \uc0ad\uc81c\ub429\ub2c8\ub2e4.<\/p>\n\n\n\n<h3 class=\"wp-block-heading\">\ub85c\uadf8\uc778 \uad00\ub828 \ucfe0\ud0a4<\/h3>\n\n\n\n<p>\uc0ac\uc6a9\uc790\uac00 \ub85c\uadf8\uc778\ub418\uc5b4 \uc788\uc74c\uc744 \uc54c\ub824\uc8fc\uc5b4 \uac01 \ud398\uc774\uc9c0\uc5d0\uc11c \ubc18\ubcf5\uc801\uc73c\ub85c \ub85c\uadf8\uc778\ud574\uc57c \ud558\ub294 \ubc88\uac70\ub85c\uc6c0\uc744 \uc904\uc5ec\uc90d\ub2c8\ub2e4. \ub85c\uadf8\uc544\uc6c3\ud558\uba74 \uc0ac\ub77c\uc9d1\ub2c8\ub2e4.<\/p>\n\n\n\n<h3 class=\"wp-block-heading\">\uc774\uba54\uc77c \ub274\uc2a4\ub808\ud130 \uad00\ub828 \ucfe0\ud0a4<\/h3>\n\n\n\n<p>\uc6f9\uc0ac\uc774\ud2b8\uc5d0\uc11c \ub274\uc2a4\ub808\ud130 \ub610\ub294 \uc54c\ub9bc \uad6c\ub3c5 \uc2e0\uccad \uae30\ub2a5\uc744 \uc81c\uacf5\ud558\ub294 \uacbd\uc6b0, \uc0ac\uc6a9\uc790\uac00 \uc774\ubbf8 \uad6c\ub3c5\ud588\ub294\uc9c0 \uc5ec\ubd80\ub97c \uae30\uc5b5\ud558\uae30 \uc704\ud574 \ucfe0\ud0a4\uac00 \uc0ac\uc6a9\ub420 \uc218 \uc788\uc2b5\ub2c8\ub2e4.<\/p>\n\n\n\n<h3 class=\"wp-block-heading\">\uc591\uc2dd \uad00\ub828 \ucfe0\ud0a4<\/h3>\n\n\n\n<p>\uc0ac\uc6a9\uc790\uac00 \uc591\uc2dd(\uc608: \ubb38\uc758 \uc591\uc2dd \ub610\ub294 \ub313\uae00 \uc591\uc2dd)\uc744 \ud1b5\ud574 \uc815\ubcf4\ub97c \uc81c\ucd9c\ud560 \ub54c, \ud5a5\ud6c4 \uc0c1\ud638 \uc791\uc6a9\uc744 \uc704\ud574 \uc0ac\uc6a9\uc790 \ub370\uc774\ud130\ub97c \uae30\uc5b5\ud558\ub294 \ub370 \ucfe0\ud0a4\uac00 \uc0ac\uc6a9\ub420 \uc218 \uc788\uc2b5\ub2c8\ub2e4.<\/p>\n\n\n\n<h3 class=\"wp-block-heading\">\uc0ac\uc774\ud2b8 \ud658\uacbd\uc124\uc815 \ucfe0\ud0a4<\/h3>\n\n\n\n<p>\uc0ac\uc6a9\uc790 \ud658\uacbd\uc124\uc815\uc744 \uc800\uc7a5\ud558\uc5ec \uac1c\uc778\ud654\ub41c \ube0c\ub77c\uc6b0\uc9d5 \ud658\uacbd\uc744 \uc81c\uacf5\ud558\ub294 \ub370 \uc0ac\uc6a9\ub429\ub2c8\ub2e4.<\/p>\n\n\n\n<h2 class=\"wp-block-heading\">\ud0c0\uc0ac \ucfe0\ud0a4<\/h2>\n\n\n\n<p>\uadf8\ub9cc\ud07c <strong>\uc2dc\uac04 \uc5c4\uc218 \ucc44\uc6a9 \uacf5\uace0<\/strong> \uadc0\ud558\ub294 \ub2e4\uc74c\uc744 \ud3ec\ud568\ud558\ub418 \uc774\uc5d0 \uad6d\ud55c\ub418\uc9c0 \uc54a\ub294 \uc2e0\ub8b0\ud560 \uc218 \uc788\ub294 \uc81c3\uc790\ub85c\ubd80\ud130 \ucfe0\ud0a4\ub97c \uc0ac\uc6a9\ud560 \uc218 \uc788\uc2b5\ub2c8\ub2e4.<\/p>\n\n\n\n<h3 class=\"wp-block-heading\">\uad6c\uae00 \uc560\ub110\ub9ac\ud2f1\uc2a4<\/h3>\n\n\n\n<p>\uc800\ud76c\ub294 \uc0ac\uc6a9\uc790\ub4e4\uc774 \uc0ac\uc774\ud2b8\ub97c \uc5b4\ub5bb\uac8c \uc774\uc6a9\ud558\ub294\uc9c0 \ud30c\uc545\ud558\uace0 \ube0c\ub77c\uc6b0\uc9d5 \uacbd\ud5d8\uc744 \uac1c\uc120\ud558\uae30 \uc704\ud574 Google Analytics\ub97c \uc0ac\uc6a9\ud569\ub2c8\ub2e4. \uc774\ub7ec\ud55c \ucfe0\ud0a4\ub294 \ubc29\ubb38\ud55c \ud398\uc774\uc9c0 \ubc0f \uc0ac\uc774\ud2b8 \uccb4\ub958 \uc2dc\uac04\uacfc \uac19\uc740 \uc815\ubcf4\ub97c \ucd94\uc801\ud560 \uc218 \uc788\uc2b5\ub2c8\ub2e4.<\/p>\n\n\n\n<p>\uc790\uc138\ud55c \ub0b4\uc6a9\uc740 \uad6c\uae00 \uc560\ub110\ub9ac\ud2f1\uc2a4 \uacf5\uc2dd \uc815\ucc45\uc744 \ucc38\uc870\ud558\uc2ed\uc2dc\uc624.<\/p>\n\n\n\n<h3 class=\"wp-block-heading\">\uad11\uace0 \ubc0f \uc218\uc775 \ucc3d\ucd9c<\/h3>\n\n\n\n<p>\ub2f9\uc0ac\ub294 \uc0ac\uc6a9\uc790\uc758 \uc774\uc804 \uc6f9\uc0ac\uc774\ud2b8 \ubc29\ubb38 \uae30\ub85d\uc744 \uae30\ubc18\uc73c\ub85c \uc0ac\uc6a9\uc790\uc5d0\uac8c \uad00\ub828\uc131 \uc788\ub294 \uad11\uace0\ub97c \ud45c\uc2dc\ud558\uae30 \uc704\ud574 \ucfe0\ud0a4\ub97c \uc0ac\uc6a9\ud558\ub294 \uad11\uace0 \uc11c\ube44\uc2a4(\uc608: Google AdSense)\ub97c \uc774\uc6a9\ud560 \uc218 \uc788\uc2b5\ub2c8\ub2e4.<\/p>\n\n\n\n<h2 class=\"wp-block-heading\">\uc0ac\uc6a9\uc790 \ucc38\uc5ec<\/h2>\n\n\n\n<p>\uc0ac\uc6a9\uc790\ub294 \ub2f9\uc0ac\uac00 \uc81c\uacf5\ud558\ub294 \ucf58\ud150\uce20 \ubc0f \uc815\ubcf4\ub97c \uc801\uc808\ud558\uac8c \uc0ac\uc6a9\ud560 \uac83\uc5d0 \ub3d9\uc758\ud569\ub2c8\ub2e4. <strong>\uc2dc\uac04 \uc5c4\uc218 \ucc44\uc6a9 \uacf5\uace0<\/strong>\ub2e4\uc74c\uacfc \uac19\uc774 \uc57d\uc18d\ud569\ub2c8\ub2e4:<\/p>\n\n\n\n<p>A) \ubd88\ubc95\uc801\uc778 \ud65c\ub3d9\uc774\ub098 \uc2e0\uc758\uc131\uc2e4 \ubc0f \uacf5\uacf5\uc9c8\uc11c\uc5d0 \ubc18\ud558\ub294 \ud65c\ub3d9\uc5d0 \uad00\uc5ec\ud558\uc9c0 \uc54a\uc744 \uac83;<br>B) \uc778\uc885\ucc28\ubcc4\uc801, \uc678\uad6d\uc778 \ud610\uc624\uc801, \ucc28\ubcc4\uc801, \ubd88\ubc95\uc801\uc778 \ub0b4\uc6a9 \ub610\ub294 \ud14c\ub7ec\ub97c \uc870\uc7a5\ud558\uac70\ub098 \uc778\uad8c\uc744 \uce68\ud574\ud558\ub294 \ub0b4\uc6a9\uc744 \uc720\ud3ec\ud558\uc9c0 \uc54a\ub294\ub2e4.<br>C) \ubb3c\ub9ac\uc801 \ub610\ub294 \ub17c\ub9ac\uc801 \uc2dc\uc2a4\ud15c\uc5d0 \uc190\uc0c1\uc744 \uc785\ud788\uc9c0 \uc54a\uc544\uc57c \ud568 <strong>\uc2dc\uac04 \uc5c4\uc218 \ucc44\uc6a9 \uacf5\uace0<\/strong>\uacf5\uae09\uc5c5\uccb4 \ub610\ub294 \uc81c3\uc790\ub85c\ubd80\ud130 \uc815\ubcf4\ub97c \uc785\uc218\ud558\uac70\ub098, \ubc14\uc774\ub7ec\uc2a4 \ub610\ub294 \uae30\ud0c0 \uc190\uc0c1\uc744 \ucd08\ub798\ud560 \uc218 \uc788\ub294 \uc2dc\uc2a4\ud15c\uc744 \uc720\ud3ec\ud558\uc9c0 \uc54a\uc2b5\ub2c8\ub2e4.<\/p>\n\n\n\n<h2 class=\"wp-block-heading\">\ub354 \uc790\uc138\ud55c \uc815\ubcf4<\/h2>\n\n\n\n<p>\uc774 \uc815\ucc45\uc774 \uba85\ud655\ud558\uac8c \uc774\ud574\ub418\uc168\uae30\ub97c \ubc14\ub78d\ub2c8\ub2e4. \ucfe0\ud0a4 \ub610\ub294 \uac1c\uc778 \ub370\uc774\ud130 \uc0ac\uc6a9\uc5d0 \ub300\ud574 \uad81\uae08\ud55c \uc810\uc774 \uc788\uc73c\uc2dc\uba74, \uc0ac\uc774\ud2b8 \uae30\ub2a5\uc774 \uc81c\ub300\ub85c \uc791\ub3d9\ud558\ub3c4\ub85d \ucfe0\ud0a4\ub97c \ud65c\uc131\ud654 \uc0c1\ud0dc\ub85c \uc720\uc9c0\ud558\ub294 \uac83\uc774 \uc77c\ubc18\uc801\uc73c\ub85c \ub354 \uc548\uc804\ud569\ub2c8\ub2e4.<\/p>\n\n\n\n<p>\uad81\uae08\ud55c \uc810\uc774 \uc788\uc73c\uc2dc\uba74 \uc5b8\uc81c\ub4e0\uc9c0 \ubb38\uc758\ud574 \uc8fc\uc138\uc694.<\/p>","protected":false},"excerpt":{"rendered":"<p>A sua privacidade \u00e9 importante para n\u00f3s. \u00c9 pol\u00edtica do Pontual Vagas respeitar a sua privacidade em rela\u00e7\u00e3o a qualquer informa\u00e7\u00e3o sua que possamos coletar no site Pontual Vagas, bem como em outros sites que possu\u00edmos e operamos. Solicitamos informa\u00e7\u00f5es pessoais apenas quando realmente precisamos delas para fornecer um servi\u00e7o ao usu\u00e1rio. Fazemos isso por [&hellip;]<\/p>","protected":false},"author":1,"featured_media":0,"parent":0,"menu_order":0,"comment_status":"closed","ping_status":"closed","template":"","meta":{"footnotes":""},"class_list":["post-120","page","type-page","status-publish"],"_links":{"self":[{"href":"https:\/\/pontualvagas.com.br\/ko\/wp-json\/wp\/v2\/pages\/120","targetHints":{"allow":["GET"]}}],"collection":[{"href":"https:\/\/pontualvagas.com.br\/ko\/wp-json\/wp\/v2\/pages"}],"about":[{"href":"https:\/\/pontualvagas.com.br\/ko\/wp-json\/wp\/v2\/types\/page"}],"author":[{"embeddable":true,"href":"https:\/\/pontualvagas.com.br\/ko\/wp-json\/wp\/v2\/users\/1"}],"replies":[{"embeddable":true,"href":"https:\/\/pontualvagas.com.br\/ko\/wp-json\/wp\/v2\/comments?post=120"}],"version-history":[{"count":1,"href":"https:\/\/pontualvagas.com.br\/ko\/wp-json\/wp\/v2\/pages\/120\/revisions"}],"predecessor-version":[{"id":121,"href":"https:\/\/pontualvagas.com.br\/ko\/wp-json\/wp\/v2\/pages\/120\/revisions\/121"}],"wp:attachment":[{"href":"https:\/\/pontualvagas.com.br\/ko\/wp-json\/wp\/v2\/media?parent=120"}],"curies":[{"name":"wp","href":"https:\/\/api.w.org\/{rel}","templated":true}]}}