{"id":118,"date":"2026-01-18T08:31:06","date_gmt":"2026-01-18T08:31:06","guid":{"rendered":"https:\/\/pontualvagas.com.br\/?page_id=118"},"modified":"2026-01-18T08:31:07","modified_gmt":"2026-01-18T08:31:07","slug":"%e5%85%8d%e8%b2%ac%e4%ba%8b%e9%a0%85","status":"publish","type":"page","link":"https:\/\/pontualvagas.com.br\/ja\/%e5%85%8d%e8%b2%ac%e4%ba%8b%e9%a0%85\/","title":{"rendered":"\u514d\u8cac\u4e8b\u9805"},"content":{"rendered":"<p>\u30a6\u30a7\u30d6\u30b5\u30a4\u30c8\u306b\u63b2\u8f09\u3055\u308c\u3066\u3044\u308b\u60c5\u5831 <strong>\u6642\u9593\u53b3\u5b88\u306e\u7a7a\u5e2d<\/strong> \u6027\u683c\u304c\u3042\u308b <strong>\u60c5\u5831\u63d0\u4f9b\u306e\u307f\u3092\u76ee\u7684\u3068\u3057\u3066\u3044\u307e\u3059\u3002<\/strong>\u79c1\u305f\u3061\u306e\u76ee\u6a19\u306f\u3001\u30e6\u30fc\u30b6\u30fc\u304c\u6a5f\u4f1a\u3001\u751f\u7523\u6027\u3001\u30c7\u30b8\u30bf\u30eb \u30bd\u30ea\u30e5\u30fc\u30b7\u30e7\u30f3\u3092\u63a2\u3059\u969b\u306b\u5f79\u7acb\u3064\u30a2\u30d7\u30ea\u30b1\u30fc\u30b7\u30e7\u30f3\u3001\u30b5\u30fc\u30d3\u30b9\u3001\u30c4\u30fc\u30eb\u306b\u95a2\u3059\u308b\u30b3\u30f3\u30c6\u30f3\u30c4\u3001\u5206\u6790\u3001\u63a8\u5968\u4e8b\u9805\u3092\u63d0\u793a\u3059\u308b\u3053\u3068\u3067\u3059\u3002<\/p>\n\n\n\n<h3 class=\"wp-block-heading\">\u4fdd\u8a3c\u306f\u4e00\u5207\u3054\u3056\u3044\u307e\u305b\u3093\u3002<\/h3>\n\n\n\n<p>\u30b6 <strong>\u6642\u9593\u53b3\u5b88\u306e\u7a7a\u5e2d<\/strong> <strong>\u4fdd\u8a3c\u3059\u308b\u3082\u306e\u3067\u306f\u3042\u308a\u307e\u305b\u3093<\/strong> \u672c\u30a6\u30a7\u30d6\u30b5\u30a4\u30c8\u306b\u8a18\u8f09\u3055\u308c\u3066\u3044\u308b\u60c5\u5831\u3001\u30a2\u30d7\u30ea\u30b1\u30fc\u30b7\u30e7\u30f3\u3001\u307e\u305f\u306f\u30b5\u30fc\u30d3\u30b9\u3092\u4f7f\u7528\u3059\u308b\u3053\u3068\u3067\u5f97\u3089\u308c\u308b\u6210\u679c\u3001\u91d1\u92ad\u7684\u5229\u76ca\u3001\u96c7\u7528\u3001\u53ce\u5165\u3001\u307e\u305f\u306f\u305d\u306e\u4ed6\u306e\u7279\u5b9a\u306e\u7a2e\u985e\u306e\u5229\u76ca\u3002\u6210\u679c\u306f\u500b\u4eba\u3001\u5730\u57df\u3001\u304a\u3088\u3073\u72b6\u6cc1\u8981\u56e0\u306b\u3088\u3063\u3066\u7570\u306a\u308b\u5834\u5408\u304c\u3042\u308a\u307e\u3059\u3002<\/p>\n\n\n\n<h3 class=\"wp-block-heading\">\u30b5\u30fc\u30c9\u30d1\u30fc\u30c6\u30a3\u306e\u30a2\u30d7\u30ea\u30b1\u30fc\u30b7\u30e7\u30f3\u3068\u30b5\u30fc\u30d3\u30b9<\/h3>\n\n\n\n<p>\u3053\u306e\u30b5\u30a4\u30c8\u306b\u306f\u3001\u4ee5\u4e0b\u306e\u30ea\u30f3\u30af\u3001\u63a8\u5968\u4e8b\u9805\u3001\u307e\u305f\u306f\u8a00\u53ca\u304c\u542b\u307e\u308c\u3066\u3044\u308b\u5834\u5408\u304c\u3042\u308a\u307e\u3059\u3002 <strong>\u30b5\u30fc\u30c9\u30d1\u30fc\u30c6\u30a3\u306e\u30a2\u30d7\u30ea\u30b1\u30fc\u30b7\u30e7\u30f3\u3001\u30d7\u30e9\u30c3\u30c8\u30d5\u30a9\u30fc\u30e0\u3001\u30b5\u30fc\u30d3\u30b9<\/strong>\u3053\u308c\u3089\u306e\u30b5\u30fc\u30d3\u30b9\u306e\u904b\u55b6\u3001\u30dd\u30ea\u30b7\u30fc\u3001\u4fa1\u683c\u3001\u53ef\u7528\u6027\u3001\u30bb\u30ad\u30e5\u30ea\u30c6\u30a3\u306b\u3064\u3044\u3066\u3001\u5f53\u793e\u306f\u4e00\u5207\u7ba1\u7406\u6a29\u3092\u6709\u3057\u307e\u305b\u3093\u3002\u3053\u308c\u3089\u306e\u30b5\u30fc\u30d3\u30b9\u306b\u95a2\u3059\u308b\u3042\u3089\u3086\u308b\u3084\u308a\u53d6\u308a\u3001\u767b\u9332\u3001\u307e\u305f\u306f\u4f7f\u7528\u306f\u3001\u304a\u5ba2\u69d8\u3054\u81ea\u8eab\u306e\u8cac\u4efb\u3067\u884c\u3063\u3066\u3044\u305f\u3060\u304d\u307e\u3059\u3002 <strong>\u30e6\u30fc\u30b6\u30fc\u306e\u5358\u72ec\u306e\u8cac\u4efb<\/strong>.<\/p>\n\n\n\n<p>\u30e6\u30fc\u30b6\u30fc\u306b\u306f\u3001\u5e38\u306b\u6b21\u306e\u3053\u3068\u3092\u304a\u52e7\u3081\u3057\u307e\u3059\u3002<\/p>\n\n\n\n<ul class=\"wp-block-list\">\n<li>\u30a2\u30d7\u30ea\u306e\u5229\u7528\u898f\u7d04\u3068\u30d7\u30e9\u30a4\u30d0\u30b7\u30fc\u30dd\u30ea\u30b7\u30fc\u3092\u304a\u8aad\u307f\u304f\u3060\u3055\u3044\u3002<\/li>\n\n\n\n<li>\u516c\u5f0f\u30a2\u30d7\u30ea\u30b9\u30c8\u30a2\uff08Google Play\u3001App Store\uff09\u306e\u30ec\u30d3\u30e5\u30fc\u3092\u78ba\u8a8d\u3057\u307e\u3059\u3002<\/li>\n\n\n\n<li>\u30b5\u30fc\u30d3\u30b9\u3092\u4f7f\u7528\u3059\u308b\u524d\u306b\u3001\u305d\u308c\u304c\u30cb\u30fc\u30ba\u3092\u6e80\u305f\u3057\u3066\u3044\u308b\u304b\u3069\u3046\u304b\u3092\u5206\u6790\u3057\u307e\u3059\u3002<\/li>\n<\/ul>\n\n\n\n<h3 class=\"wp-block-heading\">\u6cd5\u7684\u304a\u3088\u3073\u5c02\u9580\u7684\u8cac\u4efb\u306e\u514d\u8cac<\/h3>\n\n\n\n<p>\u516c\u958b\u3055\u308c\u305f\u30b3\u30f3\u30c6\u30f3\u30c4 <strong>\u6642\u9593\u53b3\u5b88\u306e\u7a7a\u5e2d<\/strong> <strong>\u3053\u308c\u306f\u5c02\u9580\u5bb6\u306e\u30a2\u30c9\u30d0\u30a4\u30b9\u306b\u4ee3\u308f\u308b\u3082\u306e\u3067\u306f\u3042\u308a\u307e\u305b\u3093\u3002<\/strong>\u6cd5\u5f8b\u3001\u8ca1\u52d9\u3001\u4f1a\u8a08\u3001\u52b4\u50cd\u3001\u6280\u8853\u306a\u3069\u3001\u91cd\u8981\u306a\u6c7a\u5b9a\u3092\u4e0b\u3059\u969b\u306b\u306f\u5fc5\u305a\u8cc7\u683c\u306e\u3042\u308b\u5c02\u9580\u5bb6\u306b\u76f8\u8ac7\u3057\u3066\u304f\u3060\u3055\u3044\u3002<\/p>\n\n\n\n<h3 class=\"wp-block-heading\">\u5e83\u544a\u3068\u53ce\u76ca\u5316<\/h3>\n\n\n\n<p>\u30a6\u30a7\u30d6\u30b5\u30a4\u30c8 <strong>\u6642\u9593\u53b3\u5b88\u306e\u7a7a\u5e2d<\/strong> \u4ee5\u4e0b\u306e\u65b9\u6cd5\u3067\u53ce\u76ca\u5316\u3067\u304d\u307e\u3059:<\/p>\n\n\n\n<ul class=\"wp-block-list\">\n<li>\u5e83\u544a\uff08Google AdSense \u306a\u3069\uff09<\/li>\n\n\n\n<li>\u30b9\u30dd\u30f3\u30b5\u30fc\u30ea\u30f3\u30af<\/li>\n\n\n\n<li>\u30d1\u30fc\u30c8\u30ca\u30fc\u30b7\u30c3\u30d7\u307e\u305f\u306f\u30a2\u30d5\u30a3\u30ea\u30a8\u30a4\u30c8 \u30d7\u30ed\u30b0\u30e9\u30e0\u3002<\/li>\n<\/ul>\n\n\n\n<p>\u3064\u307e\u308a\u3001\u30e6\u30fc\u30b6\u30fc\u304c\u5e83\u544a\u3092\u30af\u30ea\u30c3\u30af\u3057\u305f\u308a\u3001\u7279\u5b9a\u306e\u30ea\u30f3\u30af\u3092\u4f7f\u7528\u3057\u305f\u308a\u3059\u308b\u3068\u3001\u624b\u6570\u6599\u3092\u53d7\u3051\u53d6\u308b\u3053\u3068\u304c\u3067\u304d\u307e\u3059\u3002 <strong>\u30e6\u30fc\u30b6\u30fc\u306b\u8ffd\u52a0\u8cbb\u7528\u306f\u304b\u304b\u308a\u307e\u305b\u3093\u3002<\/strong>\u3053\u308c\u3089\u306e\u30d1\u30fc\u30c8\u30ca\u30fc\u30b7\u30c3\u30d7\u306f\u3001\u660e\u78ba\u3067\u95a2\u9023\u6027\u306e\u3042\u308b\u30b3\u30f3\u30c6\u30f3\u30c4\u3092\u63d0\u4f9b\u3059\u308b\u3068\u3044\u3046\u5f53\u793e\u306e\u610f\u56f3\u306b\u5f71\u97ff\u3092\u4e0e\u3048\u308b\u3082\u306e\u3067\u306f\u3042\u308a\u307e\u305b\u3093\u3002<\/p>\n\n\n\n<h3 class=\"wp-block-heading\">\u60c5\u5831\u66f4\u65b0<\/h3>\n\n\n\n<p>\u30a6\u30a7\u30d6\u30b5\u30a4\u30c8\u4e0a\u306e\u60c5\u5831\u306f <strong>\u3044\u3064\u3067\u3082\u5909\u66f4\u3001\u66f4\u65b0\u3001\u524a\u9664\u3055\u308c\u308b\u53ef\u80fd\u6027\u304c\u3042\u308a\u307e\u3059<\/strong>\u4e88\u544a\u306a\u304f\u5909\u66f4\u3055\u308c\u308b\u5834\u5408\u304c\u3042\u308a\u307e\u3059\u3002\u30a2\u30d7\u30ea\u3084\u30b5\u30fc\u30d3\u30b9\u306e\u30eb\u30fc\u30eb\u306f\u983b\u7e41\u306b\u5909\u66f4\u3055\u308c\u308b\u53ef\u80fd\u6027\u304c\u3042\u308b\u305f\u3081\u3001\u3059\u3079\u3066\u306e\u30b3\u30f3\u30c6\u30f3\u30c4\u304c\u5e38\u306b\u6700\u65b0\u306e\u3082\u306e\u3067\u3042\u308b\u3053\u3068\u3092\u4fdd\u8a3c\u3059\u308b\u3082\u306e\u3067\u306f\u3042\u308a\u307e\u305b\u3093\u3002<\/p>\n\n\n\n<h3 class=\"wp-block-heading\">\u8cac\u4efb\u306e\u5236\u9650<\/h3>\n\n\n\n<p>\u30b6 <strong>\u6642\u9593\u53b3\u5b88\u306e\u7a7a\u5e2d<\/strong> \u4ee5\u4e0b\u306e\u4e8b\u9805\u306b\u3064\u3044\u3066\u306f\u8cac\u4efb\u3092\u8ca0\u3044\u307e\u305b\u3093\u3002<\/p>\n\n\n\n<ul class=\"wp-block-list\">\n<li>\u7d4c\u6e08\u7684\u640d\u5931;<\/li>\n\n\n\n<li>\u6280\u8853\u7684\u306a\u554f\u984c;<\/li>\n\n\n\n<li>\u30b5\u30fc\u30c9\u30d1\u30fc\u30c6\u30a3 \u30a2\u30d7\u30ea\u30b1\u30fc\u30b7\u30e7\u30f3\u306e\u969c\u5bb3\u3002<\/li>\n\n\n\n<li>\u30a6\u30a7\u30d6\u30b5\u30a4\u30c8\u306e\u60c5\u5831\u306e\u4f7f\u7528\u304b\u3089\u751f\u3058\u308b\u76f4\u63a5\u7684\u307e\u305f\u306f\u9593\u63a5\u7684\u306a\u640d\u5bb3\u3002<\/li>\n<\/ul>\n\n\n\n<p>\u5f53\u30b5\u30a4\u30c8\u306e\u5229\u7528\u306f <strong>\u3053\u306e\u514d\u8cac\u4e8b\u9805\u3092\u5b8c\u5168\u306b\u627f\u8afe\u3059\u308b<\/strong>.<\/p>\n\n\n\n<h3 class=\"wp-block-heading\">\u63a5\u89e6<\/h3>\n\n\n\n<p>\u3054\u8cea\u554f\u3084\u3054\u63d0\u6848\u3001\u3042\u308b\u3044\u306f\u30b3\u30f3\u30c6\u30f3\u30c4\u306e\u5831\u544a\u304c\u3042\u308a\u307e\u3057\u305f\u3089\u3001\u30a6\u30a7\u30d6\u30b5\u30a4\u30c8\u306e\u304a\u554f\u3044\u5408\u308f\u305b\u30da\u30fc\u30b8\u304b\u3089\u3054\u9023\u7d61\u304f\u3060\u3055\u3044\u3002<\/p>","protected":false},"excerpt":{"rendered":"<p>As informa\u00e7\u00f5es disponibilizadas no site Pontual Vagas t\u00eam car\u00e1ter exclusivamente informativo. Nosso objetivo \u00e9 apresentar conte\u00fados, an\u00e1lises e indica\u00e7\u00f5es de aplicativos, servi\u00e7os e ferramentas que possam auxiliar usu\u00e1rios na busca por oportunidades, produtividade e solu\u00e7\u00f5es digitais. N\u00e3o oferecemos garantias O Pontual Vagas n\u00e3o garante resultados, ganhos financeiros, contrata\u00e7\u00f5es, rendimentos ou qualquer tipo de benef\u00edcio espec\u00edfico a partir do uso das informa\u00e7\u00f5es, aplicativos ou servi\u00e7os mencionados no site. Resultados podem variar de acordo com fatores individuais, regionais e circunstanciais. Aplicativos e servi\u00e7os de terceiros O site pode conter links, recomenda\u00e7\u00f5es ou men\u00e7\u00f5es a aplicativos, plataformas e servi\u00e7os de terceiros. N\u00e3o temos controle sobre o funcionamento, pol\u00edticas, pre\u00e7os, disponibilidade ou seguran\u00e7a desses [&hellip;]<\/p>","protected":false},"author":1,"featured_media":0,"parent":0,"menu_order":0,"comment_status":"closed","ping_status":"closed","template":"","meta":{"footnotes":""},"class_list":["post-118","page","type-page","status-publish"],"_links":{"self":[{"href":"https:\/\/pontualvagas.com.br\/ja\/wp-json\/wp\/v2\/pages\/118","targetHints":{"allow":["GET"]}}],"collection":[{"href":"https:\/\/pontualvagas.com.br\/ja\/wp-json\/wp\/v2\/pages"}],"about":[{"href":"https:\/\/pontualvagas.com.br\/ja\/wp-json\/wp\/v2\/types\/page"}],"author":[{"embeddable":true,"href":"https:\/\/pontualvagas.com.br\/ja\/wp-json\/wp\/v2\/users\/1"}],"replies":[{"embeddable":true,"href":"https:\/\/pontualvagas.com.br\/ja\/wp-json\/wp\/v2\/comments?post=118"}],"version-history":[{"count":1,"href":"https:\/\/pontualvagas.com.br\/ja\/wp-json\/wp\/v2\/pages\/118\/revisions"}],"predecessor-version":[{"id":119,"href":"https:\/\/pontualvagas.com.br\/ja\/wp-json\/wp\/v2\/pages\/118\/revisions\/119"}],"wp:attachment":[{"href":"https:\/\/pontualvagas.com.br\/ja\/wp-json\/wp\/v2\/media?parent=118"}],"curies":[{"name":"wp","href":"https:\/\/api.w.org\/{rel}","templated":true}]}}