{"id":122,"date":"2026-01-18T08:35:26","date_gmt":"2026-01-18T08:35:26","guid":{"rendered":"https:\/\/pontualvagas.com.br\/?page_id=122"},"modified":"2026-01-18T08:35:27","modified_gmt":"2026-01-18T08:35:27","slug":"termini-di-utilizzo","status":"publish","type":"page","link":"https:\/\/pontualvagas.com.br\/it\/termini-di-utilizzo\/","title":{"rendered":"Termini di utilizzo"},"content":{"rendered":"<p>Accedendo e utilizzando il sito web <strong>Posti vacanti puntuali<\/strong>Cos\u00ec facendo, accetti di rispettare e di essere vincolato dai presenti termini. <strong>Termini di utilizzo<\/strong>insieme al nostro <strong>politica sulla riservatezza<\/strong>, che regolano il rapporto tra <strong>Posti vacanti puntuali<\/strong> e l&#039;utente.<\/p>\n\n\n\n<p>Se non sei d&#039;accordo con una qualsiasi parte di questi termini, ti consigliamo di <strong>non utilizzare questo sito web<\/strong>.<\/p>\n\n\n\n<h3 class=\"wp-block-heading\">Utilizzo del sito<\/h3>\n\n\n\n<p>Il contenuto reso disponibile in <strong>Posti vacanti puntuali<\/strong> ha uno scopo <strong>solo a scopo informativo<\/strong>, destinato alla presentazione di applicazioni, servizi digitali, suggerimenti e contenuti relativi a opportunit\u00e0, produttivit\u00e0 e soluzioni per l&#039;utilizzo su dispositivi mobili.<\/p>\n\n\n\n<p>Le informazioni contenute in questo sito web sono soggette a modifiche. <strong>Modifiche, aggiornamenti o rimozioni senza preavviso.<\/strong>.<\/p>\n\n\n\n<h3 class=\"wp-block-heading\">Esclusione di garanzia<\/h3>\n\n\n\n<p>N\u00e9 il <strong>Posti vacanti puntuali<\/strong>N\u00e9 noi n\u00e9 terze parti offriamo alcuna garanzia circa l&#039;accuratezza, la tempestivit\u00e0, le prestazioni, la completezza o l&#039;idoneit\u00e0 delle informazioni, delle applicazioni o dei materiali presentati sul sito web per uno scopo specifico.<\/p>\n\n\n\n<p>L&#039;uso di qualsiasi informazione, contenuto, applicazione o materiale reso disponibile sul sito web \u00e8 sotto la tua responsabilit\u00e0. <strong>piena responsabilit\u00e0 dell&#039;utente<\/strong>, che si assume tutti i rischi derivanti da tale utilizzo.<\/p>\n\n\n\n<h3 class=\"wp-block-heading\">Collegamenti a siti Web e applicazioni di terze parti<\/h3>\n\n\n\n<p>IL <strong>Posti vacanti puntuali<\/strong> Potrebbe contenere link a siti web, piattaforme o applicazioni di terze parti. Questi link sono forniti esclusivamente per comodit\u00e0 dell&#039;utente e per fornire informazioni aggiuntive.<\/p>\n\n\n\n<p>Non abbiamo alcun controllo sul contenuto, sulle politiche o sul funzionamento di questi siti web e applicazioni esterni e non siamo responsabili per eventuali danni, perdite o problemi derivanti dal loro utilizzo.<\/p>\n\n\n\n<h3 class=\"wp-block-heading\">Responsabilit\u00e0 dell&#039;utente<\/h3>\n\n\n\n<p>Utilizzando questo sito web, l&#039;utente accetta di:<\/p>\n\n\n\n<ul class=\"wp-block-list\">\n<li>Utilizzare il contenuto in modo lecito ed etico;<\/li>\n\n\n\n<li>Non intraprendere attivit\u00e0 illegali o fraudolente, o attivit\u00e0 che violano la legislazione vigente;<\/li>\n\n\n\n<li>Non tentare di danneggiare, sovraccaricare o interferire con il funzionamento del sito web o dei suoi sistemi.<\/li>\n<\/ul>\n\n\n\n<h3 class=\"wp-block-heading\">Propriet\u00e0 intellettuale<\/h3>\n\n\n\n<p>Tutti i contenuti presenti in <strong>Posti vacanti puntuali<\/strong>Tutti i contenuti, inclusi testi, marchi, loghi, immagini e layout, sono protetti da copyright e diritti di propriet\u00e0 intellettuale. La riproduzione totale o parziale \u00e8 vietata senza previa autorizzazione, salvo quanto consentito dalla legge.<\/p>\n\n\n\n<h3 class=\"wp-block-heading\">Modifiche ai termini<\/h3>\n\n\n\n<p>IL <strong>Posti vacanti puntuali<\/strong> si riserva il diritto di <strong>Le presenti Condizioni d&#039;uso possono essere modificate in qualsiasi momento.<\/strong>senza preavviso. L&#039;uso continuato del sito dopo le modifiche implica l&#039;accettazione automatica dei nuovi termini.<\/p>\n\n\n\n<h3 class=\"wp-block-heading\">Accettazione dei termini<\/h3>\n\n\n\n<p>Continuando a navigare nel sito <strong>Posti vacanti puntuali<\/strong>Cos\u00ec facendo, l&#039;utente dichiara di aver letto, compreso e accettato integralmente i presenti Termini di utilizzo.<\/p>","protected":false},"excerpt":{"rendered":"<p>Ao acessar e utilizar o site Pontual Vagas, voc\u00ea concorda em cumprir e ficar vinculado aos presentes Termos de Uso, juntamente com a nossa Pol\u00edtica de Privacidade, que regulam o relacionamento entre o Pontual Vagas e o usu\u00e1rio. Caso voc\u00ea n\u00e3o concorde com qualquer parte destes termos, recomendamos que n\u00e3o utilize este site. Uso do [&hellip;]<\/p>","protected":false},"author":1,"featured_media":0,"parent":0,"menu_order":0,"comment_status":"closed","ping_status":"closed","template":"","meta":{"footnotes":""},"class_list":["post-122","page","type-page","status-publish"],"_links":{"self":[{"href":"https:\/\/pontualvagas.com.br\/it\/wp-json\/wp\/v2\/pages\/122","targetHints":{"allow":["GET"]}}],"collection":[{"href":"https:\/\/pontualvagas.com.br\/it\/wp-json\/wp\/v2\/pages"}],"about":[{"href":"https:\/\/pontualvagas.com.br\/it\/wp-json\/wp\/v2\/types\/page"}],"author":[{"embeddable":true,"href":"https:\/\/pontualvagas.com.br\/it\/wp-json\/wp\/v2\/users\/1"}],"replies":[{"embeddable":true,"href":"https:\/\/pontualvagas.com.br\/it\/wp-json\/wp\/v2\/comments?post=122"}],"version-history":[{"count":1,"href":"https:\/\/pontualvagas.com.br\/it\/wp-json\/wp\/v2\/pages\/122\/revisions"}],"predecessor-version":[{"id":123,"href":"https:\/\/pontualvagas.com.br\/it\/wp-json\/wp\/v2\/pages\/122\/revisions\/123"}],"wp:attachment":[{"href":"https:\/\/pontualvagas.com.br\/it\/wp-json\/wp\/v2\/media?parent=122"}],"curies":[{"name":"wp","href":"https:\/\/api.w.org\/{rel}","templated":true}]}}