{"id":120,"date":"2026-01-18T08:33:27","date_gmt":"2026-01-18T08:33:27","guid":{"rendered":"https:\/\/pontualvagas.com.br\/?page_id=120"},"modified":"2026-01-18T08:33:28","modified_gmt":"2026-01-18T08:33:28","slug":"politica-sulla-riservatezza","status":"publish","type":"page","link":"https:\/\/pontualvagas.com.br\/it\/politica-sulla-riservatezza\/","title":{"rendered":"politica sulla riservatezza"},"content":{"rendered":"<p>La tua privacy \u00e8 importante per noi. \u00c8 la nostra politica. <strong>Posti vacanti puntuali<\/strong> Rispetteremo la tua privacy per quanto riguarda qualsiasi informazione che potremmo raccogliere da te sul sito web. <strong>Posti vacanti puntuali<\/strong>, nonch\u00e9 su altri siti web di nostra propriet\u00e0 e da noi gestiti.<\/p>\n\n\n\n<p>Richiediamo informazioni personali solo quando ne abbiamo realmente bisogno per fornire un servizio all&#039;utente. Lo facciamo in modo equo e lecito, con la tua conoscenza e il tuo consenso. Ti informiamo inoltre sul motivo per cui raccogliamo queste informazioni e su come verranno utilizzate.<\/p>\n\n\n\n<p>Conserviamo le informazioni raccolte solo per il tempo necessario a fornire il servizio richiesto. Quando conserviamo i dati, utilizziamo mezzi commercialmente accettabili per proteggerli da perdita, furto, accesso non autorizzato, divulgazione, copia, uso improprio o modifica.<\/p>\n\n\n\n<p>Non condividiamo informazioni personali identificabili pubblicamente o con terze parti, salvo quando richiesto dalla legge.<\/p>\n\n\n\n<p>IL <strong>Posti vacanti puntuali<\/strong> Potrebbe contenere link a siti web, applicazioni o servizi esterni non gestiti da noi. Si prega di notare che non abbiamo alcun controllo sul contenuto e sulle pratiche di questi siti e non possiamo essere ritenuti responsabili delle rispettive informative sulla privacy.<\/p>\n\n\n\n<p>L&#039;utente \u00e8 libero di rifiutare la richiesta di informazioni personali, fermo restando che potrebbe non essere possibile fornire alcuni dei servizi desiderati.<\/p>\n\n\n\n<p>Utilizzo continuato del sito <strong>Posti vacanti puntuali<\/strong> Il tuo feedback sar\u00e0 considerato come accettazione delle nostre pratiche in materia di privacy e trattamento dei dati personali. Per qualsiasi domanda su come gestiamo i dati degli utenti, contattaci tramite la pagina dei contatti.<\/p>\n\n\n\n<h2 class=\"wp-block-heading\">Politica sui cookie di Pontual Vagas<\/h2>\n\n\n\n<h3 class=\"wp-block-heading\">Cosa sono i cookie?<\/h3>\n\n\n\n<p>Come prassi comune su quasi tutti i siti web professionali, questo sito utilizza i cookie, ovvero piccoli file memorizzati sul tuo dispositivo, per migliorare la tua esperienza di navigazione.<\/p>\n\n\n\n<p>Questa sezione spiega quali informazioni raccolgono i cookie, come le utilizziamo e perch\u00e9, in alcuni casi, dobbiamo memorizzarle.<\/p>\n\n\n\n<h3 class=\"wp-block-heading\">Come utilizziamo i cookie?<\/h3>\n\n\n\n<p>Utilizziamo i cookie per vari motivi, tra cui:<\/p>\n\n\n\n<ul class=\"wp-block-list\">\n<li>Per garantire il corretto funzionamento del sito web;<\/li>\n\n\n\n<li>Migliorare l&#039;esperienza dell&#039;utente;<\/li>\n\n\n\n<li>Analizzare il comportamento di navigazione;<\/li>\n\n\n\n<li>Visualizza contenuti e annunci pi\u00f9 pertinenti.<\/li>\n<\/ul>\n\n\n\n<p>Nella maggior parte dei casi, non esistono opzioni standard di settore per disabilitare i cookie senza compromettere le funzionalit\u00e0 essenziali del sito web. Si consiglia di mantenere i cookie abilitati se non si \u00e8 sicuri di averne bisogno o meno.<\/p>\n\n\n\n<h3 class=\"wp-block-heading\">Disabilitare i cookie<\/h3>\n\n\n\n<p>\u00c8 possibile impedire l&#039;installazione dei cookie modificando le impostazioni del browser. Tuttavia, tieni presente che la disabilitazione dei cookie potrebbe influire sulla funzionalit\u00e0 di questo e di altri siti web che visiti.<\/p>\n\n\n\n<h2 class=\"wp-block-heading\">Cookie che impostiamo<\/h2>\n\n\n\n<h3 class=\"wp-block-heading\">Cookie relativi all&#039;account<\/h3>\n\n\n\n<p>Se un utente crea un account (se applicabile), utilizziamo i cookie per gestire il processo di registrazione e l&#039;amministrazione generale. Questi cookie vengono solitamente rimossi quando si esce dall&#039;account.<\/p>\n\n\n\n<h3 class=\"wp-block-heading\">Cookie relativi all&#039;accesso<\/h3>\n\n\n\n<p>Utilizzati per ricordare all&#039;utente che ha effettuato l&#039;accesso, evitando di doverlo fare ripetutamente su ogni pagina. Vengono rimossi dopo la disconnessione.<\/p>\n\n\n\n<h3 class=\"wp-block-heading\">Cookie relativi alle newsletter via email<\/h3>\n\n\n\n<p>Se il sito web offre la possibilit\u00e0 di registrarsi alla newsletter o alle notifiche, i cookie potrebbero essere utilizzati per ricordare se l&#039;utente \u00e8 gi\u00e0 iscritto.<\/p>\n\n\n\n<h3 class=\"wp-block-heading\">Cookie relativi ai moduli<\/h3>\n\n\n\n<p>Quando un utente invia informazioni tramite moduli (ad esempio moduli di contatto o commenti), i cookie potrebbero essere utilizzati per ricordare i dati dell&#039;utente per interazioni future.<\/p>\n\n\n\n<h3 class=\"wp-block-heading\">Cookie di preferenza del sito<\/h3>\n\n\n\n<p>Utilizzato per memorizzare le preferenze dell&#039;utente, garantendo un&#039;esperienza di navigazione personalizzata.<\/p>\n\n\n\n<h2 class=\"wp-block-heading\">Cookie di terze parti<\/h2>\n\n\n\n<p>IL <strong>Posti vacanti puntuali<\/strong> \u00c8 possibile utilizzare cookie di terze parti affidabili, tra cui, a titolo esemplificativo ma non esaustivo:<\/p>\n\n\n\n<h3 class=\"wp-block-heading\">Google Analytics<\/h3>\n\n\n\n<p>Utilizziamo Google Analytics per capire come gli utenti utilizzano il sito e per migliorare l&#039;esperienza di navigazione. Questi cookie possono tracciare informazioni come le pagine visitate e il tempo trascorso sul sito.<\/p>\n\n\n\n<p>Per maggiori informazioni, consulta la policy ufficiale di Google Analytics.<\/p>\n\n\n\n<h3 class=\"wp-block-heading\">Pubblicit\u00e0 e monetizzazione<\/h3>\n\n\n\n<p>Potremmo utilizzare servizi pubblicitari (come Google AdSense) che utilizzano cookie per mostrare annunci pubblicitari pertinenti all&#039;utente in base alle visite precedenti a questo o ad altri siti web.<\/p>\n\n\n\n<h2 class=\"wp-block-heading\">Impegno dell&#039;utente<\/h2>\n\n\n\n<p>L&#039;utente si impegna a fare un uso appropriato dei contenuti e delle informazioni fornite da <strong>Posti vacanti puntuali<\/strong>, impegnandosi a:<\/p>\n\n\n\n<p>A) Non intraprendere attivit\u00e0 illegali o contrarie alla buona fede e all&#039;ordine pubblico;<br>B) Non diffondere contenuti di natura razzista, xenofoba, discriminatoria, illegale, che promuovano il terrorismo o violino i diritti umani;<br>C) Non causare danni ai sistemi fisici o logici di <strong>Posti vacanti puntuali<\/strong>dai propri fornitori o da terzi, n\u00e9 diffondere virus o altri sistemi in grado di causare danni.<\/p>\n\n\n\n<h2 class=\"wp-block-heading\">Ulteriori informazioni<\/h2>\n\n\n\n<p>Ci auguriamo che questa politica sia chiara. In caso di domande sull&#039;uso dei cookie o dei dati personali, \u00e8 generalmente pi\u00f9 sicuro mantenere i cookie abilitati per garantire il corretto funzionamento delle funzionalit\u00e0 del sito.<\/p>\n\n\n\n<p>Per qualsiasi domanda, non esitate a contattarci.<\/p>","protected":false},"excerpt":{"rendered":"<p>A sua privacidade \u00e9 importante para n\u00f3s. \u00c9 pol\u00edtica do Pontual Vagas respeitar a sua privacidade em rela\u00e7\u00e3o a qualquer informa\u00e7\u00e3o sua que possamos coletar no site Pontual Vagas, bem como em outros sites que possu\u00edmos e operamos. Solicitamos informa\u00e7\u00f5es pessoais apenas quando realmente precisamos delas para fornecer um servi\u00e7o ao usu\u00e1rio. Fazemos isso por [&hellip;]<\/p>","protected":false},"author":1,"featured_media":0,"parent":0,"menu_order":0,"comment_status":"closed","ping_status":"closed","template":"","meta":{"footnotes":""},"class_list":["post-120","page","type-page","status-publish"],"_links":{"self":[{"href":"https:\/\/pontualvagas.com.br\/it\/wp-json\/wp\/v2\/pages\/120","targetHints":{"allow":["GET"]}}],"collection":[{"href":"https:\/\/pontualvagas.com.br\/it\/wp-json\/wp\/v2\/pages"}],"about":[{"href":"https:\/\/pontualvagas.com.br\/it\/wp-json\/wp\/v2\/types\/page"}],"author":[{"embeddable":true,"href":"https:\/\/pontualvagas.com.br\/it\/wp-json\/wp\/v2\/users\/1"}],"replies":[{"embeddable":true,"href":"https:\/\/pontualvagas.com.br\/it\/wp-json\/wp\/v2\/comments?post=120"}],"version-history":[{"count":1,"href":"https:\/\/pontualvagas.com.br\/it\/wp-json\/wp\/v2\/pages\/120\/revisions"}],"predecessor-version":[{"id":121,"href":"https:\/\/pontualvagas.com.br\/it\/wp-json\/wp\/v2\/pages\/120\/revisions\/121"}],"wp:attachment":[{"href":"https:\/\/pontualvagas.com.br\/it\/wp-json\/wp\/v2\/media?parent=120"}],"curies":[{"name":"wp","href":"https:\/\/api.w.org\/{rel}","templated":true}]}}