{"id":122,"date":"2026-01-18T08:35:26","date_gmt":"2026-01-18T08:35:26","guid":{"rendered":"https:\/\/pontualvagas.com.br\/?page_id=122"},"modified":"2026-01-18T08:35:27","modified_gmt":"2026-01-18T08:35:27","slug":"felhasznalasi-feltetelek","status":"publish","type":"page","link":"https:\/\/pontualvagas.com.br\/hu\/felhasznalasi-feltetelek\/","title":{"rendered":"Felhaszn\u00e1l\u00e1si felt\u00e9telek"},"content":{"rendered":"<p>A weboldal el\u00e9r\u00e9s\u00e9vel \u00e9s haszn\u00e1lat\u00e1val <strong>Pontos \u00e1ll\u00e1saj\u00e1nlatok<\/strong>Ezzel \u00d6n beleegyezik, hogy betartja \u00e9s mag\u00e1ra n\u00e9zve k\u00f6telez\u0151nek ismeri el ezeket a felt\u00e9teleket. <strong>Felhaszn\u00e1l\u00e1si felt\u00e9telek<\/strong>egy\u00fctt a mi\u00e9nkkel <strong>Adatv\u00e9delmi ir\u00e1nyelvek<\/strong>, amelyek szab\u00e1lyozz\u00e1k a k\u00f6z\u00f6tti kapcsolatot <strong>Pontos \u00e1ll\u00e1saj\u00e1nlatok<\/strong> \u00e9s a felhaszn\u00e1l\u00f3.<\/p>\n\n\n\n<p>Ha nem \u00e9rt egyet a jelen felt\u00e9telek b\u00e1rmely r\u00e9sz\u00e9vel, javasoljuk, hogy <strong>ne haszn\u00e1ld ezt a weboldalt<\/strong>.<\/p>\n\n\n\n<h3 class=\"wp-block-heading\">A weboldal haszn\u00e1lata<\/h3>\n\n\n\n<p>A tartalom el\u00e9rhet\u0151v\u00e9 v\u00e1lt <strong>Pontos \u00e1ll\u00e1saj\u00e1nlatok<\/strong> van c\u00e9lja <strong>csak t\u00e1j\u00e9koztat\u00e1si c\u00e9lokat szolg\u00e1l<\/strong>, amely mobil eszk\u00f6z\u00f6k\u00f6n haszn\u00e1lhat\u00f3 lehet\u0151s\u00e9gekkel, termel\u00e9kenys\u00e9ggel \u00e9s megold\u00e1sokkal kapcsolatos alkalmaz\u00e1sok, digit\u00e1lis szolg\u00e1ltat\u00e1sok, tippek \u00e9s tartalmak bemutat\u00e1s\u00e1ra szolg\u00e1l.<\/p>\n\n\n\n<p>A weboldalon tal\u00e1lhat\u00f3 inform\u00e1ci\u00f3k v\u00e1ltozhatnak. <strong>V\u00e1ltoztat\u00e1sok, friss\u00edt\u00e9sek vagy elt\u00e1vol\u00edt\u00e1sok el\u0151zetes \u00e9rtes\u00edt\u00e9s n\u00e9lk\u00fcl.<\/strong>.<\/p>\n\n\n\n<h3 class=\"wp-block-heading\">Garanci\u00e1k kiz\u00e1r\u00e1sa<\/h3>\n\n\n\n<p>Sem a <strong>Pontos \u00e1ll\u00e1saj\u00e1nlatok<\/strong>Sem mi, sem harmadik felek nem v\u00e1llalnak garanci\u00e1t a weboldalon bemutatott inform\u00e1ci\u00f3k, alkalmaz\u00e1sok vagy anyagok pontoss\u00e1g\u00e1ra, id\u0151szer\u0171s\u00e9g\u00e9re, teljes\u00edtm\u00e9ny\u00e9re, teljess\u00e9g\u00e9re vagy b\u00e1rmilyen konkr\u00e9t c\u00e9lra val\u00f3 alkalmass\u00e1g\u00e1ra vonatkoz\u00f3an.<\/p>\n\n\n\n<p>A weboldalon el\u00e9rhet\u0151v\u00e9 tett b\u00e1rmilyen inform\u00e1ci\u00f3, tartalom, alkalmaz\u00e1s vagy anyag haszn\u00e1lata az \u00d6n felel\u0151ss\u00e9ge. <strong>a felhaszn\u00e1l\u00f3 teljes felel\u0151ss\u00e9ge<\/strong>, amely \u00e1tv\u00e1llalja az ebb\u0151l a haszn\u00e1latb\u00f3l ered\u0151 \u00f6sszes kock\u00e1zatot.<\/p>\n\n\n\n<h3 class=\"wp-block-heading\">Harmadik f\u00e9l webhelyeire \u00e9s alkalmaz\u00e1saira mutat\u00f3 linkek<\/h3>\n\n\n\n<p>A <strong>Pontos \u00e1ll\u00e1saj\u00e1nlatok<\/strong> Tartalmazhat harmadik f\u00e9l webhelyeire, platformjaira vagy alkalmaz\u00e1saira mutat\u00f3 hivatkoz\u00e1sokat. Ezeket a hivatkoz\u00e1sokat kiz\u00e1r\u00f3lag a felhaszn\u00e1l\u00f3 k\u00e9nyelme \u00e9s tov\u00e1bbi inform\u00e1ci\u00f3k ny\u00fajt\u00e1sa c\u00e9lj\u00e1b\u00f3l biztos\u00edtjuk.<\/p>\n\n\n\n<p>Nincs befoly\u00e1sunk ezen k\u00fcls\u0151 weboldalak \u00e9s alkalmaz\u00e1sok tartalm\u00e1ra, ir\u00e1nyelveire vagy m\u0171k\u00f6d\u00e9s\u00e9re, \u00e9s nem v\u00e1llalunk felel\u0151ss\u00e9get a haszn\u00e1latukb\u00f3l ered\u0151 k\u00e1rok\u00e9rt, vesztes\u00e9gek\u00e9rt vagy probl\u00e9m\u00e1k\u00e9rt.<\/p>\n\n\n\n<h3 class=\"wp-block-heading\">Felhaszn\u00e1l\u00f3i felel\u0151ss\u00e9g<\/h3>\n\n\n\n<p>A weboldal haszn\u00e1lat\u00e1val a felhaszn\u00e1l\u00f3 beleegyezik a k\u00f6vetkez\u0151kbe:<\/p>\n\n\n\n<ul class=\"wp-block-list\">\n<li>A tartalmat jogszer\u0171en \u00e9s etikusan haszn\u00e1lja;<\/li>\n\n\n\n<li>Ne vegyen r\u00e9szt illeg\u00e1lis vagy csal\u00e1rd tev\u00e9kenys\u00e9gekben, illetve olyan tev\u00e9kenys\u00e9gekben, amelyek s\u00e9rtik a hat\u00e1lyos jogszab\u00e1lyokat;<\/li>\n\n\n\n<li>Ne pr\u00f3b\u00e1lja meg k\u00e1ros\u00edtani, t\u00falterhelni vagy megzavarni a weboldal vagy annak rendszereinek m\u0171k\u00f6d\u00e9s\u00e9t.<\/li>\n<\/ul>\n\n\n\n<h3 class=\"wp-block-heading\">Szellemi tulajdon<\/h3>\n\n\n\n<p>Az \u00f6sszes jelenl\u00e9v\u0151 tartalom <strong>Pontos \u00e1ll\u00e1saj\u00e1nlatok<\/strong>Minden tartalom, bele\u00e9rtve a sz\u00f6vegeket, v\u00e9djegyeket, log\u00f3kat, k\u00e9peket \u00e9s elrendez\u00e9seket, szerz\u0151i jog \u00e9s szellemi tulajdonjogok v\u00e9delme alatt \u00e1ll. A teljes vagy r\u00e9szleges sokszoros\u00edt\u00e1s el\u0151zetes enged\u00e9ly n\u00e9lk\u00fcl tilos, kiv\u00e9ve, ha azt t\u00f6rv\u00e9ny enged\u00e9lyezi.<\/p>\n\n\n\n<h3 class=\"wp-block-heading\">A felt\u00e9telek v\u00e1ltoz\u00e1sai<\/h3>\n\n\n\n<p>A <strong>Pontos \u00e1ll\u00e1saj\u00e1nlatok<\/strong> fenntartja a jogot, hogy <strong>Jelen Felhaszn\u00e1l\u00e1si Felt\u00e9telek b\u00e1rmikor m\u00f3dosulhatnak.<\/strong>el\u0151zetes \u00e9rtes\u00edt\u00e9s n\u00e9lk\u00fcl. A webhely tov\u00e1bbi haszn\u00e1lata a v\u00e1ltoztat\u00e1sok ut\u00e1n az \u00faj felt\u00e9telek automatikus elfogad\u00e1s\u00e1t jelenti.<\/p>\n\n\n\n<h3 class=\"wp-block-heading\">A felt\u00e9telek elfogad\u00e1sa<\/h3>\n\n\n\n<p>A webhely b\u00f6ng\u00e9sz\u00e9s\u00e9nek folytat\u00e1s\u00e1val <strong>Pontos \u00e1ll\u00e1saj\u00e1nlatok<\/strong>Ezzel a felhaszn\u00e1l\u00f3 kijelenti, hogy elolvasta, meg\u00e9rtette \u00e9s teljes m\u00e9rt\u00e9kben elfogadja ezeket a Felhaszn\u00e1l\u00e1si Felt\u00e9teleket.<\/p>","protected":false},"excerpt":{"rendered":"<p>Ao acessar e utilizar o site Pontual Vagas, voc\u00ea concorda em cumprir e ficar vinculado aos presentes Termos de Uso, juntamente com a nossa Pol\u00edtica de Privacidade, que regulam o relacionamento entre o Pontual Vagas e o usu\u00e1rio. Caso voc\u00ea n\u00e3o concorde com qualquer parte destes termos, recomendamos que n\u00e3o utilize este site. Uso do [&hellip;]<\/p>","protected":false},"author":1,"featured_media":0,"parent":0,"menu_order":0,"comment_status":"closed","ping_status":"closed","template":"","meta":{"footnotes":""},"class_list":["post-122","page","type-page","status-publish"],"_links":{"self":[{"href":"https:\/\/pontualvagas.com.br\/hu\/wp-json\/wp\/v2\/pages\/122","targetHints":{"allow":["GET"]}}],"collection":[{"href":"https:\/\/pontualvagas.com.br\/hu\/wp-json\/wp\/v2\/pages"}],"about":[{"href":"https:\/\/pontualvagas.com.br\/hu\/wp-json\/wp\/v2\/types\/page"}],"author":[{"embeddable":true,"href":"https:\/\/pontualvagas.com.br\/hu\/wp-json\/wp\/v2\/users\/1"}],"replies":[{"embeddable":true,"href":"https:\/\/pontualvagas.com.br\/hu\/wp-json\/wp\/v2\/comments?post=122"}],"version-history":[{"count":1,"href":"https:\/\/pontualvagas.com.br\/hu\/wp-json\/wp\/v2\/pages\/122\/revisions"}],"predecessor-version":[{"id":123,"href":"https:\/\/pontualvagas.com.br\/hu\/wp-json\/wp\/v2\/pages\/122\/revisions\/123"}],"wp:attachment":[{"href":"https:\/\/pontualvagas.com.br\/hu\/wp-json\/wp\/v2\/media?parent=122"}],"curies":[{"name":"wp","href":"https:\/\/api.w.org\/{rel}","templated":true}]}}