{"id":122,"date":"2026-01-18T08:35:26","date_gmt":"2026-01-18T08:35:26","guid":{"rendered":"https:\/\/pontualvagas.com.br\/?page_id=122"},"modified":"2026-01-18T08:35:27","modified_gmt":"2026-01-18T08:35:27","slug":"uvjeti-koristenja","status":"publish","type":"page","link":"https:\/\/pontualvagas.com.br\/hr\/uvjeti-koristenja\/","title":{"rendered":"Uvjeti kori\u0161tenja"},"content":{"rendered":"<p>Pristupom i kori\u0161tenjem web stranice <strong>To\u010dna slobodna radna mjesta<\/strong>Time pristajete na po\u0161tivanje ovih uvjeta i da vas oni obvezuju. <strong>Uvjeti kori\u0161tenja<\/strong>zajedno s na\u0161im <strong>Pravila o privatnosti<\/strong>, koji reguliraju odnos izme\u0111u <strong>To\u010dna slobodna radna mjesta<\/strong> i korisnik.<\/p>\n\n\n\n<p>Ako se ne sla\u017eete s bilo kojim dijelom ovih uvjeta, preporu\u010dujemo da <strong>nemojte koristiti ovu web stranicu<\/strong>.<\/p>\n\n\n\n<h3 class=\"wp-block-heading\">Kori\u0161tenje stranice<\/h3>\n\n\n\n<p>Sadr\u017eaj koji je dostupan u <strong>To\u010dna slobodna radna mjesta<\/strong> ima svrhu <strong>samo u informativne svrhe<\/strong>, a namijenjen je prezentaciji aplikacija, digitalnih usluga, savjeta i sadr\u017eaja vezanih uz prilike, produktivnost i rje\u0161enja za kori\u0161tenje na mobilnim ure\u0111ajima.<\/p>\n\n\n\n<p>Informacije na ovoj web stranici podlo\u017ene su promjenama. <strong>Promjene, a\u017euriranja ili uklanjanja bez prethodne najave.<\/strong>.<\/p>\n\n\n\n<h3 class=\"wp-block-heading\">Odricanje od jamstava<\/h3>\n\n\n\n<p>Niti <strong>To\u010dna slobodna radna mjesta<\/strong>Ni mi, ni tre\u0107e strane, ne nudimo nikakva jamstva u pogledu to\u010dnosti, pravovremenosti, performansi, potpunosti ili prikladnosti informacija, aplikacija ili materijala predstavljenih na web stranici za bilo koju odre\u0111enu svrhu.<\/p>\n\n\n\n<p>Kori\u0161tenje bilo koje informacije, sadr\u017eaja, aplikacije ili materijala dostupnog na web stranici je va\u0161a odgovornost. <strong>puna odgovornost korisnika<\/strong>, koji preuzima sve rizike koji proizlaze iz ove upotrebe.<\/p>\n\n\n\n<h3 class=\"wp-block-heading\">Linkovi na web-stranice i aplikacije tre\u0107ih strana<\/h3>\n\n\n\n<p>THE <strong>To\u010dna slobodna radna mjesta<\/strong> Mo\u017ee sadr\u017eavati poveznice na web-stranice, platforme ili aplikacije tre\u0107ih strana. Ove poveznice pru\u017eaju se isklju\u010divo radi prakti\u010dnosti korisnika i dodatnih informacija.<\/p>\n\n\n\n<p>Nemamo kontrolu nad sadr\u017eajem, pravilima ili radom ovih vanjskih web stranica i aplikacija te nismo odgovorni za bilo kakvu \u0161tetu, gubitke ili probleme koji proizlaze iz njihove upotrebe.<\/p>\n\n\n\n<h3 class=\"wp-block-heading\">Odgovornost korisnika<\/h3>\n\n\n\n<p>Kori\u0161tenjem ove web stranice korisnik pristaje na:<\/p>\n\n\n\n<ul class=\"wp-block-list\">\n<li>Koristite sadr\u017eaj na zakonit i eti\u010dan na\u010din;<\/li>\n\n\n\n<li>Ne upu\u0161tajte se u nezakonite ili prijevarne aktivnosti ili aktivnosti koje kr\u0161e va\u017ee\u0107e zakone;<\/li>\n\n\n\n<li>Ne poku\u0161avajte o\u0161tetiti, preopteretiti ili ometati rad web stranice ili njezinih sustava.<\/li>\n<\/ul>\n\n\n\n<h3 class=\"wp-block-heading\">Intelektualno vlasni\u0161tvo<\/h3>\n\n\n\n<p>Sav sadr\u017eaj prisutan u <strong>To\u010dna slobodna radna mjesta<\/strong>Sav sadr\u017eaj, uklju\u010duju\u0107i tekstove, za\u0161titne znakove, logotipe, slike i rasporede, za\u0161ti\u0107en je autorskim pravima i pravima intelektualnog vlasni\u0161tva. Potpuna ili djelomi\u010dna reprodukcija zabranjena je bez prethodnog odobrenja, osim ako to nije dopu\u0161teno zakonom.<\/p>\n\n\n\n<h3 class=\"wp-block-heading\">Promjene uvjeta<\/h3>\n\n\n\n<p>THE <strong>To\u010dna slobodna radna mjesta<\/strong> zadr\u017eava pravo da <strong>Ovi Uvjeti kori\u0161tenja mogu se izmijeniti u bilo kojem trenutku.<\/strong>bez prethodne najave. Nastavak kori\u0161tenja stranice nakon promjena podrazumijeva automatsko prihva\u0107anje novih uvjeta.<\/p>\n\n\n\n<h3 class=\"wp-block-heading\">Prihva\u0107anje uvjeta<\/h3>\n\n\n\n<p>Nastavkom pregledavanja stranice <strong>To\u010dna slobodna radna mjesta<\/strong>Time korisnik izjavljuje da je pro\u010ditao, razumio i u potpunosti se sla\u017ee s ovim Uvjetima kori\u0161tenja.<\/p>","protected":false},"excerpt":{"rendered":"<p>Ao acessar e utilizar o site Pontual Vagas, voc\u00ea concorda em cumprir e ficar vinculado aos presentes Termos de Uso, juntamente com a nossa Pol\u00edtica de Privacidade, que regulam o relacionamento entre o Pontual Vagas e o usu\u00e1rio. Caso voc\u00ea n\u00e3o concorde com qualquer parte destes termos, recomendamos que n\u00e3o utilize este site. Uso do [&hellip;]<\/p>","protected":false},"author":1,"featured_media":0,"parent":0,"menu_order":0,"comment_status":"closed","ping_status":"closed","template":"","meta":{"footnotes":""},"class_list":["post-122","page","type-page","status-publish"],"_links":{"self":[{"href":"https:\/\/pontualvagas.com.br\/hr\/wp-json\/wp\/v2\/pages\/122","targetHints":{"allow":["GET"]}}],"collection":[{"href":"https:\/\/pontualvagas.com.br\/hr\/wp-json\/wp\/v2\/pages"}],"about":[{"href":"https:\/\/pontualvagas.com.br\/hr\/wp-json\/wp\/v2\/types\/page"}],"author":[{"embeddable":true,"href":"https:\/\/pontualvagas.com.br\/hr\/wp-json\/wp\/v2\/users\/1"}],"replies":[{"embeddable":true,"href":"https:\/\/pontualvagas.com.br\/hr\/wp-json\/wp\/v2\/comments?post=122"}],"version-history":[{"count":1,"href":"https:\/\/pontualvagas.com.br\/hr\/wp-json\/wp\/v2\/pages\/122\/revisions"}],"predecessor-version":[{"id":123,"href":"https:\/\/pontualvagas.com.br\/hr\/wp-json\/wp\/v2\/pages\/122\/revisions\/123"}],"wp:attachment":[{"href":"https:\/\/pontualvagas.com.br\/hr\/wp-json\/wp\/v2\/media?parent=122"}],"curies":[{"name":"wp","href":"https:\/\/api.w.org\/{rel}","templated":true}]}}