{"id":120,"date":"2026-01-18T08:33:27","date_gmt":"2026-01-18T08:33:27","guid":{"rendered":"https:\/\/pontualvagas.com.br\/?page_id=120"},"modified":"2026-01-18T08:33:28","modified_gmt":"2026-01-18T08:33:28","slug":"pravila-o-privatnosti","status":"publish","type":"page","link":"https:\/\/pontualvagas.com.br\/hr\/pravila-o-privatnosti\/","title":{"rendered":"Pravila o privatnosti"},"content":{"rendered":"<p>Va\u0161a privatnost nam je va\u017ena. To je na\u0161a politika. <strong>To\u010dna slobodna radna mjesta<\/strong> Po\u0161tovat \u0107emo va\u0161u privatnost u vezi sa svim informacijama koje mo\u017eemo prikupiti od vas na web stranici. <strong>To\u010dna slobodna radna mjesta<\/strong>, kao i na drugim web stranicama koje posjedujemo i kojima upravljamo.<\/p>\n\n\n\n<p>Osobne podatke tra\u017eimo samo kada su nam zaista potrebni za pru\u017eanje usluge korisniku. To \u010dinimo po\u0161teno i zakonito, uz va\u0161e znanje i pristanak. Tako\u0111er vas obavje\u0161tavamo za\u0161to prikupljamo te podatke i kako \u0107e se koristiti.<\/p>\n\n\n\n<p>Prikupljene podatke \u010duvamo samo onoliko dugo koliko je potrebno za pru\u017eanje tra\u017eene usluge. Prilikom pohrane podataka koristimo komercijalno prihvatljiva sredstva kako bismo ih za\u0161titili od gubitka, kra\u0111e, neovla\u0161tenog pristupa, otkrivanja, kopiranja, zlouporabe ili izmjene.<\/p>\n\n\n\n<p>Ne dijelimo osobne podatke javno ili s tre\u0107im stranama, osim kada je to zakonom propisano.<\/p>\n\n\n\n<p>THE <strong>To\u010dna slobodna radna mjesta<\/strong> Ovo mo\u017ee sadr\u017eavati poveznice na vanjske web-stranice, aplikacije ili usluge kojima ne upravljamo mi. Imajte na umu da nemamo kontrolu nad sadr\u017eajem i praksama tih stranica i ne mo\u017eemo biti odgovorni za njihove odgovaraju\u0107e politike privatnosti.<\/p>\n\n\n\n<p>Korisnik mo\u017ee slobodno odbiti zahtjev za osobnim podacima, uz razumijevanje da mo\u017eda ne\u0107e biti mogu\u0107e pru\u017eiti neke od \u017eeljenih usluga.<\/p>\n\n\n\n<p>Nastavak kori\u0161tenja stranice <strong>To\u010dna slobodna radna mjesta<\/strong> Va\u0161e povratne informacije smatrat \u0107e se prihva\u0107anjem na\u0161ih praksi u vezi s privatno\u0161\u0107u i kori\u0161tenjem osobnih podataka. Ako imate bilo kakvih pitanja o tome kako postupamo s korisni\u010dkim podacima, kontaktirajte nas putem stranice za kontakt.<\/p>\n\n\n\n<h2 class=\"wp-block-heading\">Pravila o kola\u010di\u0107ima tvrtke Pontual Vagas<\/h2>\n\n\n\n<h3 class=\"wp-block-heading\">\u0160to su kola\u010di\u0107i?<\/h3>\n\n\n\n<p>Kao \u0161to je uobi\u010dajena praksa na gotovo svim profesionalnim web stranicama, ova stranica koristi kola\u010di\u0107e, male datoteke pohranjene na va\u0161em ure\u0111aju, kako bi pobolj\u0161ala va\u0161e iskustvo pregledavanja.<\/p>\n\n\n\n<p>Ovaj odjeljak obja\u0161njava koje podatke kola\u010di\u0107i prikupljaju, kako ih koristimo i za\u0161to ih u nekim slu\u010dajevima trebamo pohraniti.<\/p>\n\n\n\n<h3 class=\"wp-block-heading\">Kako koristimo kola\u010di\u0107e?<\/h3>\n\n\n\n<p>Kola\u010di\u0107e koristimo iz razli\u010ditih razloga, uklju\u010duju\u0107i:<\/p>\n\n\n\n<ul class=\"wp-block-list\">\n<li>Kako bi se osiguralo pravilno funkcioniranje web stranice;<\/li>\n\n\n\n<li>Pobolj\u0161ajte korisni\u010dko iskustvo;<\/li>\n\n\n\n<li>Analizirajte pona\u0161anje pregledavanja;<\/li>\n\n\n\n<li>Prikazujte relevantniji sadr\u017eaj i oglase.<\/li>\n<\/ul>\n\n\n\n<p>U ve\u0107ini slu\u010dajeva ne postoje standardne opcije u industriji za onemogu\u0107avanje kola\u010di\u0107a bez ugro\u017eavanja bitnih funkcionalnosti web stranice. Preporu\u010duje se da kola\u010di\u0107i ostanu omogu\u0107eni ako niste sigurni trebaju li vam ili ne.<\/p>\n\n\n\n<h3 class=\"wp-block-heading\">Onemogu\u0107i kola\u010di\u0107e<\/h3>\n\n\n\n<p>Postavljanje kola\u010di\u0107a mo\u017eete sprije\u010diti pode\u0161avanjem postavki u svom pregledniku. Me\u0111utim, imajte na umu da onemogu\u0107avanje kola\u010di\u0107a mo\u017ee utjecati na funkcionalnost ove i drugih web-stranica koje posje\u0107ujete.<\/p>\n\n\n\n<h2 class=\"wp-block-heading\">Kola\u010di\u0107i koje postavljamo<\/h2>\n\n\n\n<h3 class=\"wp-block-heading\">Kola\u010di\u0107i povezani s ra\u010dunom<\/h3>\n\n\n\n<p>Ako korisnik kreira ra\u010dun (ako je primjenjivo), koristimo kola\u010di\u0107e za upravljanje postupkom registracije i op\u0107om administracijom. Ovi kola\u010di\u0107i se obi\u010dno uklanjaju kada se ra\u010dun odjavi.<\/p>\n\n\n\n<h3 class=\"wp-block-heading\">Kola\u010di\u0107i povezani s prijavom<\/h3>\n\n\n\n<p>Koristi se za podsje\u0107anje korisnika da je prijavljen, izbjegavaju\u0107i potrebu za ponovljenom prijavom na svakoj stranici. Uklanjaju se nakon odjave.<\/p>\n\n\n\n<h3 class=\"wp-block-heading\">Kola\u010di\u0107i povezani s e-mail biltenima<\/h3>\n\n\n\n<p>Ako web-stranica nudi prijavu na bilten ili obavijesti, kola\u010di\u0107i se mogu koristiti kako bi se zapamtilo je li korisnik ve\u0107 pretpla\u0107en.<\/p>\n\n\n\n<h3 class=\"wp-block-heading\">Kola\u010di\u0107i povezani s obrascima<\/h3>\n\n\n\n<p>Kada korisnik po\u0161alje podatke putem obrazaca (kao \u0161to su kontaktni obrasci ili komentari), kola\u010di\u0107i se mogu koristiti za pam\u0107enje korisni\u010dkih podataka za budu\u0107e interakcije.<\/p>\n\n\n\n<h3 class=\"wp-block-heading\">Kola\u010di\u0107i postavki web-mjesta<\/h3>\n\n\n\n<p>Koristi se za pohranjivanje korisni\u010dkih postavki, osiguravaju\u0107i personalizirano iskustvo pregledavanja.<\/p>\n\n\n\n<h2 class=\"wp-block-heading\">Kola\u010di\u0107i tre\u0107ih strana<\/h2>\n\n\n\n<p>THE <strong>To\u010dna slobodna radna mjesta<\/strong> Mo\u017eete koristiti kola\u010di\u0107e od pouzdanih tre\u0107ih strana, uklju\u010duju\u0107i, ali ne ograni\u010davaju\u0107i se na:<\/p>\n\n\n\n<h3 class=\"wp-block-heading\">Google Analytics<\/h3>\n\n\n\n<p>Koristimo Google Analytics kako bismo razumjeli kako korisnici koriste stranicu i pobolj\u0161ali iskustvo pregledavanja. Ovi kola\u010di\u0107i mogu pratiti informacije kao \u0161to su posje\u0107ene stranice i vrijeme provedeno na stranici.<\/p>\n\n\n\n<p>Za vi\u0161e informacija pogledajte slu\u017ebenu politiku Google Analyticsa.<\/p>\n\n\n\n<h3 class=\"wp-block-heading\">Ogla\u0161avanje i monetizacija<\/h3>\n\n\n\n<p>Mo\u017eemo koristiti reklamne usluge (kao \u0161to je Google AdSense) koje koriste kola\u010di\u0107e za prikazivanje oglasa relevantnih za korisnika na temelju prethodnih posjeta ovoj ili drugim web stranicama.<\/p>\n\n\n\n<h2 class=\"wp-block-heading\">Obveza korisnika<\/h2>\n\n\n\n<p>Korisnik se sla\u017ee da \u0107e na odgovaraju\u0107i na\u010din koristiti sadr\u017eaj i informacije koje pru\u017ea <strong>To\u010dna slobodna radna mjesta<\/strong>, obvezuju\u0107i se na:<\/p>\n\n\n\n<p>A) Ne baviti se nezakonitim aktivnostima ili aktivnostima suprotnim dobroj vjeri i javnom redu;<br>B) Ne \u0161iriti sadr\u017eaj rasisti\u010dke, ksenofobne, diskriminiraju\u0107e, nezakonite prirode ili sadr\u017eaj koji poti\u010de terorizam ili kr\u0161i ljudska prava;<br>C) Ne smije uzrokovati \u0161tetu fizi\u010dkim ili logi\u010dkim sustavima <strong>To\u010dna slobodna radna mjesta<\/strong>od svojih dobavlja\u010da ili tre\u0107ih strana, niti \u0161iriti viruse ili druge sustave koji mogu uzrokovati \u0161tetu.<\/p>\n\n\n\n<h2 class=\"wp-block-heading\">Vi\u0161e informacija<\/h2>\n\n\n\n<p>Nadamo se da je ova politika jasna. Ako imate bilo kakvih pitanja o kori\u0161tenju kola\u010di\u0107a ili osobnih podataka, op\u0107enito je sigurnije ostaviti kola\u010di\u0107e omogu\u0107ene kako bi se osiguralo pravilno funkcioniranje zna\u010dajki web-mjesta.<\/p>\n\n\n\n<p>Ako imate bilo kakvih pitanja, slobodno nas kontaktirajte.<\/p>","protected":false},"excerpt":{"rendered":"<p>A sua privacidade \u00e9 importante para n\u00f3s. \u00c9 pol\u00edtica do Pontual Vagas respeitar a sua privacidade em rela\u00e7\u00e3o a qualquer informa\u00e7\u00e3o sua que possamos coletar no site Pontual Vagas, bem como em outros sites que possu\u00edmos e operamos. Solicitamos informa\u00e7\u00f5es pessoais apenas quando realmente precisamos delas para fornecer um servi\u00e7o ao usu\u00e1rio. Fazemos isso por [&hellip;]<\/p>","protected":false},"author":1,"featured_media":0,"parent":0,"menu_order":0,"comment_status":"closed","ping_status":"closed","template":"","meta":{"footnotes":""},"class_list":["post-120","page","type-page","status-publish"],"_links":{"self":[{"href":"https:\/\/pontualvagas.com.br\/hr\/wp-json\/wp\/v2\/pages\/120","targetHints":{"allow":["GET"]}}],"collection":[{"href":"https:\/\/pontualvagas.com.br\/hr\/wp-json\/wp\/v2\/pages"}],"about":[{"href":"https:\/\/pontualvagas.com.br\/hr\/wp-json\/wp\/v2\/types\/page"}],"author":[{"embeddable":true,"href":"https:\/\/pontualvagas.com.br\/hr\/wp-json\/wp\/v2\/users\/1"}],"replies":[{"embeddable":true,"href":"https:\/\/pontualvagas.com.br\/hr\/wp-json\/wp\/v2\/comments?post=120"}],"version-history":[{"count":1,"href":"https:\/\/pontualvagas.com.br\/hr\/wp-json\/wp\/v2\/pages\/120\/revisions"}],"predecessor-version":[{"id":121,"href":"https:\/\/pontualvagas.com.br\/hr\/wp-json\/wp\/v2\/pages\/120\/revisions\/121"}],"wp:attachment":[{"href":"https:\/\/pontualvagas.com.br\/hr\/wp-json\/wp\/v2\/media?parent=120"}],"curies":[{"name":"wp","href":"https:\/\/api.w.org\/{rel}","templated":true}]}}