{"id":118,"date":"2026-01-18T08:31:06","date_gmt":"2026-01-18T08:31:06","guid":{"rendered":"https:\/\/pontualvagas.com.br\/?page_id=118"},"modified":"2026-01-18T08:31:07","modified_gmt":"2026-01-18T08:31:07","slug":"%e0%a4%85%e0%a4%b8%e0%a5%8d%e0%a4%b5%e0%a5%80%e0%a4%95%e0%a4%b0%e0%a4%a3","status":"publish","type":"page","link":"https:\/\/pontualvagas.com.br\/hi\/%e0%a4%85%e0%a4%b8%e0%a5%8d%e0%a4%b5%e0%a5%80%e0%a4%95%e0%a4%b0%e0%a4%a3\/","title":{"rendered":"\u0905\u0938\u094d\u0935\u0940\u0915\u0930\u0923"},"content":{"rendered":"<p>\u0935\u0947\u092c\u0938\u093e\u0907\u091f \u092a\u0930 \u0909\u092a\u0932\u092c\u094d\u0927 \u091c\u093e\u0928\u0915\u093e\u0930\u0940 <strong>\u0938\u092e\u092f\u092c\u0926\u094d\u0927 \u0930\u093f\u0915\u094d\u0924\u093f\u092f\u093e\u0902<\/strong> \u091a\u0930\u093f\u0924\u094d\u0930 \u0939\u094b\u0928\u093e <strong>\u0915\u0947\u0935\u0932 \u0938\u0942\u091a\u0928\u093e\u0924\u094d\u092e\u0915 \u0909\u0926\u094d\u0926\u0947\u0936\u094d\u092f\u094b\u0902 \u0915\u0947 \u0932\u093f\u090f\u0964<\/strong>\u0939\u092e\u093e\u0930\u093e \u0932\u0915\u094d\u0937\u094d\u092f \u0909\u0928 \u0905\u0928\u0941\u092a\u094d\u0930\u092f\u094b\u0917\u094b\u0902, \u0938\u0947\u0935\u093e\u0913\u0902 \u0914\u0930 \u0909\u092a\u0915\u0930\u0923\u094b\u0902 \u0915\u0947 \u0932\u093f\u090f \u0938\u093e\u092e\u0917\u094d\u0930\u0940, \u0935\u093f\u0936\u094d\u0932\u0947\u0937\u0923 \u0914\u0930 \u0905\u0928\u0941\u0936\u0902\u0938\u093e\u090f\u0902 \u092a\u094d\u0930\u0938\u094d\u0924\u0941\u0924 \u0915\u0930\u0928\u093e \u0939\u0948 \u091c\u094b \u0909\u092a\u092f\u094b\u0917\u0915\u0930\u094d\u0924\u093e\u0913\u0902 \u0915\u094b \u0905\u0935\u0938\u0930\u094b\u0902, \u0909\u0924\u094d\u092a\u093e\u0926\u0915\u0924\u093e \u0914\u0930 \u0921\u093f\u091c\u093f\u091f\u0932 \u0938\u092e\u093e\u0927\u093e\u0928\u094b\u0902 \u0915\u0940 \u0916\u094b\u091c \u092e\u0947\u0902 \u092e\u0926\u0926 \u0915\u0930 \u0938\u0915\u0947\u0902\u0964<\/p>\n\n\n\n<h3 class=\"wp-block-heading\">\u0939\u092e \u0915\u094b\u0908 \u0917\u093e\u0930\u0902\u091f\u0940 \u0928\u0939\u0940\u0902 \u0926\u0947\u0924\u0947\u0964<\/h3>\n\n\n\n<p>O <strong>\u0938\u092e\u092f\u092c\u0926\u094d\u0927 \u0930\u093f\u0915\u094d\u0924\u093f\u092f\u093e\u0902<\/strong> <strong>\u0917\u093e\u0930\u0902\u091f\u0940 \u0928\u0939\u0940\u0902 \u0926\u0947\u0924\u093e<\/strong> \u0935\u0947\u092c\u0938\u093e\u0907\u091f \u092a\u0930 \u0926\u0940 \u0917\u0908 \u091c\u093e\u0928\u0915\u093e\u0930\u0940, \u090f\u092a\u094d\u0932\u093f\u0915\u0947\u0936\u0928 \u092f\u093e \u0938\u0947\u0935\u093e\u0913\u0902 \u0915\u0947 \u0909\u092a\u092f\u094b\u0917 \u0938\u0947 \u092a\u094d\u0930\u093e\u092a\u094d\u0924 \u0939\u094b\u0928\u0947 \u0935\u093e\u0932\u0947 \u092a\u0930\u093f\u0923\u093e\u092e, \u0935\u093f\u0924\u094d\u0924\u0940\u092f \u0932\u093e\u092d, \u0930\u094b\u091c\u0917\u093e\u0930, \u0906\u092f \u092f\u093e \u0915\u093f\u0938\u0940 \u092d\u0940 \u0935\u093f\u0936\u093f\u0937\u094d\u091f \u092a\u094d\u0930\u0915\u093e\u0930 \u0915\u093e \u0932\u093e\u092d\u0964 \u092a\u0930\u093f\u0923\u093e\u092e \u0935\u094d\u092f\u0915\u094d\u0924\u093f\u0917\u0924, \u0915\u094d\u0937\u0947\u0924\u094d\u0930\u0940\u092f \u0914\u0930 \u092a\u0930\u093f\u0938\u094d\u0925\u093f\u0924\u093f\u091c\u0928\u094d\u092f \u0915\u093e\u0930\u0915\u094b\u0902 \u0915\u0947 \u0906\u0927\u093e\u0930 \u092a\u0930 \u092d\u093f\u0928\u094d\u0928 \u0939\u094b \u0938\u0915\u0924\u0947 \u0939\u0948\u0902\u0964<\/p>\n\n\n\n<h3 class=\"wp-block-heading\">\u0924\u0943\u0924\u0940\u092f-\u092a\u0915\u094d\u0937 \u090f\u092a\u094d\u0932\u093f\u0915\u0947\u0936\u0928 \u0914\u0930 \u0938\u0947\u0935\u093e\u090f\u0902<\/h3>\n\n\n\n<p>\u0907\u0938 \u0938\u093e\u0907\u091f \u092e\u0947\u0902 \u0932\u093f\u0902\u0915, \u0905\u0928\u0941\u0936\u0902\u0938\u093e\u090f\u0902 \u092f\u093e \u0909\u0932\u094d\u0932\u0947\u0916 \u0936\u093e\u092e\u093f\u0932 \u0939\u094b \u0938\u0915\u0924\u0947 \u0939\u0948\u0902\u0964 <strong>\u0924\u0943\u0924\u0940\u092f-\u092a\u0915\u094d\u0937 \u0905\u0928\u0941\u092a\u094d\u0930\u092f\u094b\u0917, \u092a\u094d\u0932\u0947\u091f\u092b\u093c\u0949\u0930\u094d\u092e \u0914\u0930 \u0938\u0947\u0935\u093e\u090f\u0901<\/strong>\u0907\u0928 \u0938\u0947\u0935\u093e\u0913\u0902 \u0915\u0947 \u0938\u0902\u091a\u093e\u0932\u0928, \u0928\u0940\u0924\u093f\u092f\u094b\u0902, \u092e\u0942\u0932\u094d\u092f \u0928\u093f\u0930\u094d\u0927\u093e\u0930\u0923, \u0909\u092a\u0932\u092c\u094d\u0927\u0924\u093e \u092f\u093e \u0938\u0941\u0930\u0915\u094d\u0937\u093e \u092a\u0930 \u0939\u092e\u093e\u0930\u093e \u0915\u094b\u0908 \u0928\u093f\u092f\u0902\u0924\u094d\u0930\u0923 \u0928\u0939\u0940\u0902 \u0939\u0948\u0964 \u0915\u093f\u0938\u0940 \u092d\u0940 \u092a\u094d\u0930\u0915\u093e\u0930 \u0915\u0940 \u092c\u093e\u0924\u091a\u0940\u0924, \u092a\u0902\u091c\u0940\u0915\u0930\u0923 \u092f\u093e \u0909\u092a\u092f\u094b\u0917 \u0906\u092a\u0915\u0947 \u0905\u092a\u0928\u0947 \u091c\u094b\u0916\u093f\u092e \u092a\u0930 \u0939\u0948\u0964 <strong>\u0909\u092a\u092f\u094b\u0917\u0915\u0930\u094d\u0924\u093e \u0915\u0940 \u090f\u0915\u092e\u093e\u0924\u094d\u0930 \u091c\u093f\u092e\u094d\u092e\u0947\u0926\u093e\u0930\u0940<\/strong>.<\/p>\n\n\n\n<p>\u0939\u092e \u0939\u092e\u0947\u0936\u093e \u0909\u092a\u092f\u094b\u0917\u0915\u0930\u094d\u0924\u093e \u0915\u094b \u0938\u0932\u093e\u0939 \u0926\u0947\u0924\u0947 \u0939\u0948\u0902 \u0915\u093f:<\/p>\n\n\n\n<ul class=\"wp-block-list\">\n<li>\u0910\u092a\u094d\u0938 \u0915\u0947 \u0909\u092a\u092f\u094b\u0917 \u0915\u0940 \u0936\u0930\u094d\u0924\u0947\u0902 \u0914\u0930 \u0917\u094b\u092a\u0928\u0940\u092f\u0924\u093e \u0928\u0940\u0924\u093f\u092f\u093e\u0902 \u092a\u0922\u093c\u0947\u0902;<\/li>\n\n\n\n<li>\u0906\u0927\u093f\u0915\u093e\u0930\u093f\u0915 \u0910\u092a \u0938\u094d\u091f\u094b\u0930 (\u0917\u0942\u0917\u0932 \u092a\u094d\u0932\u0947, \u0910\u092a \u0938\u094d\u091f\u094b\u0930) \u092a\u0930 \u0938\u092e\u0940\u0915\u094d\u0937\u093e\u090f\u0902 \u0926\u0947\u0916\u0947\u0902;<\/li>\n\n\n\n<li>\u0938\u0947\u0935\u093e \u0915\u093e \u0909\u092a\u092f\u094b\u0917 \u0915\u0930\u0928\u0947 \u0938\u0947 \u092a\u0939\u0932\u0947 \u0935\u093f\u0936\u094d\u0932\u0947\u0937\u0923 \u0915\u0930\u0947\u0902 \u0915\u093f \u0915\u094d\u092f\u093e \u092f\u0939 \u0906\u092a\u0915\u0940 \u0906\u0935\u0936\u094d\u092f\u0915\u0924\u093e\u0913\u0902 \u0915\u094b \u092a\u0942\u0930\u093e \u0915\u0930\u0924\u0940 \u0939\u0948\u0964<\/li>\n<\/ul>\n\n\n\n<h3 class=\"wp-block-heading\">\u0915\u093e\u0928\u0942\u0928\u0940 \u0914\u0930 \u0935\u094d\u092f\u093e\u0935\u0938\u093e\u092f\u093f\u0915 \u0926\u093e\u092f\u093f\u0924\u094d\u0935 \u0938\u0947 \u091b\u0942\u091f<\/h3>\n\n\n\n<p>\u092a\u094d\u0930\u0915\u093e\u0936\u093f\u0924 \u0938\u093e\u092e\u0917\u094d\u0930\u0940 <strong>\u0938\u092e\u092f\u092c\u0926\u094d\u0927 \u0930\u093f\u0915\u094d\u0924\u093f\u092f\u093e\u0902<\/strong> <strong>\u092f\u0939 \u092a\u0947\u0936\u0947\u0935\u0930 \u0938\u0932\u093e\u0939 \u0915\u093e \u0935\u093f\u0915\u0932\u094d\u092a \u0928\u0939\u0940\u0902 \u0939\u0948\u0964<\/strong>\u091a\u093e\u0939\u0947 \u0935\u0939 \u0915\u093e\u0928\u0942\u0928\u0940, \u0935\u093f\u0924\u094d\u0924\u0940\u092f, \u0932\u0947\u0916\u093e\u0902\u0915\u0928, \u0936\u094d\u0930\u092e \u092f\u093e \u0924\u0915\u0928\u0940\u0915\u0940 \u092e\u093e\u092e\u0932\u0947 \u0939\u094b\u0902, \u092e\u0939\u0924\u094d\u0935\u092a\u0942\u0930\u094d\u0923 \u0928\u093f\u0930\u094d\u0923\u092f\u094b\u0902 \u0915\u0947 \u0932\u093f\u090f \u0939\u092e\u0947\u0936\u093e \u090f\u0915 \u092f\u094b\u0917\u094d\u092f \u092a\u0947\u0936\u0947\u0935\u0930 \u0915\u0940 \u0938\u0932\u093e\u0939 \u0932\u0947\u0902\u0964<\/p>\n\n\n\n<h3 class=\"wp-block-heading\">\u0935\u093f\u091c\u094d\u091e\u093e\u092a\u0928 \u0914\u0930 \u092e\u0941\u0926\u094d\u0930\u0940\u0915\u0930\u0923<\/h3>\n\n\n\n<p>\u0935\u0947\u092c\u0938\u093e\u0907\u091f <strong>\u0938\u092e\u092f\u092c\u0926\u094d\u0927 \u0930\u093f\u0915\u094d\u0924\u093f\u092f\u093e\u0902<\/strong> \u0907\u0938\u0947 \u0928\u093f\u092e\u094d\u0928\u0932\u093f\u0916\u093f\u0924 \u0924\u0930\u0940\u0915\u094b\u0902 \u0938\u0947 \u092d\u0941\u0928\u093e\u092f\u093e \u091c\u093e \u0938\u0915\u0924\u093e \u0939\u0948:<\/p>\n\n\n\n<ul class=\"wp-block-list\">\n<li>\u0935\u093f\u091c\u094d\u091e\u093e\u092a\u0928 (\u091c\u0948\u0938\u0947 \u0917\u0942\u0917\u0932 \u090f\u0921\u0938\u0947\u0902\u0938);<\/li>\n\n\n\n<li>\u092a\u094d\u0930\u093e\u092f\u094b\u091c\u093f\u0924 \u0915\u0921\u093c\u0940;<\/li>\n\n\n\n<li>\u0938\u093e\u091d\u0947\u0926\u093e\u0930\u0940 \u092f\u093e \u0938\u0902\u092c\u0926\u094d\u0927 \u0915\u093e\u0930\u094d\u092f\u0915\u094d\u0930\u092e\u0964<\/li>\n<\/ul>\n\n\n\n<p>\u0907\u0938\u0915\u093e \u092e\u0924\u0932\u092c \u0939\u0948 \u0915\u093f \u091c\u092c \u0915\u094b\u0908 \u0909\u092a\u092f\u094b\u0917\u0915\u0930\u094d\u0924\u093e \u0935\u093f\u091c\u094d\u091e\u093e\u092a\u0928\u094b\u0902 \u092a\u0930 \u0915\u094d\u0932\u093f\u0915 \u0915\u0930\u0924\u093e \u0939\u0948 \u092f\u093e \u0915\u0941\u091b \u0928\u093f\u0936\u094d\u091a\u093f\u0924 \u0932\u093f\u0902\u0915 \u0915\u093e \u0909\u092a\u092f\u094b\u0917 \u0915\u0930\u0924\u093e \u0939\u0948 \u0924\u094b \u0939\u092e\u0947\u0902 \u0915\u092e\u0940\u0936\u0928 \u092e\u093f\u0932 \u0938\u0915\u0924\u093e \u0939\u0948\u0964 <strong>\u0909\u092a\u092f\u094b\u0917\u0915\u0930\u094d\u0924\u093e \u0915\u094b \u0915\u094b\u0908 \u0905\u0924\u093f\u0930\u093f\u0915\u094d\u0924 \u0932\u093e\u0917\u0924 \u0928\u0939\u0940\u0902 \u0926\u0947\u0928\u0940 \u0939\u094b\u0917\u0940\u0964<\/strong>\u092f\u0947 \u0938\u093e\u091d\u0947\u0926\u093e\u0930\u093f\u092f\u093e\u0902 \u0938\u094d\u092a\u0937\u094d\u091f \u0914\u0930 \u092a\u094d\u0930\u093e\u0938\u0902\u0917\u093f\u0915 \u0938\u093e\u092e\u0917\u094d\u0930\u0940 \u092a\u094d\u0930\u0926\u093e\u0928 \u0915\u0930\u0928\u0947 \u0915\u0947 \u0939\u092e\u093e\u0930\u0947 \u0907\u0930\u093e\u0926\u0947 \u0915\u094b \u092a\u094d\u0930\u092d\u093e\u0935\u093f\u0924 \u0928\u0939\u0940\u0902 \u0915\u0930\u0924\u0940 \u0939\u0948\u0902\u0964<\/p>\n\n\n\n<h3 class=\"wp-block-heading\">\u0938\u0942\u091a\u0928\u093e \u0905\u0926\u094d\u092f\u0924\u0928<\/h3>\n\n\n\n<p>\u0935\u0947\u092c\u0938\u093e\u0907\u091f \u092a\u0930 \u0926\u0940 \u0917\u0908 \u091c\u093e\u0928\u0915\u093e\u0930\u0940 <strong>\u0915\u093f\u0938\u0940 \u092d\u0940 \u0938\u092e\u092f \u092c\u0926\u0932\u093e, \u0905\u092a\u0921\u0947\u091f \u0915\u093f\u092f\u093e \u092f\u093e \u0939\u091f\u093e\u092f\u093e \u091c\u093e \u0938\u0915\u0924\u093e \u0939\u0948<\/strong>\u092c\u093f\u0928\u093e \u0915\u093f\u0938\u0940 \u092a\u0942\u0930\u094d\u0935 \u0938\u0942\u091a\u0928\u093e \u0915\u0947\u0964 \u0939\u092e \u092f\u0939 \u0917\u093e\u0930\u0902\u091f\u0940 \u0928\u0939\u0940\u0902 \u0926\u0947\u0924\u0947 \u0915\u093f \u0938\u092d\u0940 \u0938\u093e\u092e\u0917\u094d\u0930\u0940 \u0939\u092e\u0947\u0936\u093e \u092a\u0942\u0930\u0940 \u0924\u0930\u0939 \u0938\u0947 \u0905\u0926\u094d\u092f\u0924\u0928 \u0930\u0939\u0947\u0917\u0940, \u0915\u094d\u092f\u094b\u0902\u0915\u093f \u0910\u092a\u094d\u0938 \u0914\u0930 \u0938\u0947\u0935\u093e\u090f\u0902 \u0905\u092a\u0928\u0947 \u0928\u093f\u092f\u092e\u094b\u0902 \u092e\u0947\u0902 \u0905\u0915\u094d\u0938\u0930 \u092c\u0926\u0932\u093e\u0935 \u0915\u0930 \u0938\u0915\u0924\u0940 \u0939\u0948\u0902\u0964<\/p>\n\n\n\n<h3 class=\"wp-block-heading\">\u0926\u093e\u092f\u093f\u0924\u094d\u0935 \u0915\u0940 \u0938\u0940\u092e\u093e<\/h3>\n\n\n\n<p>O <strong>\u0938\u092e\u092f\u092c\u0926\u094d\u0927 \u0930\u093f\u0915\u094d\u0924\u093f\u092f\u093e\u0902<\/strong> \u0907\u0938\u0915\u0947 \u0932\u093f\u090f \u091c\u093f\u092e\u094d\u092e\u0947\u0926\u093e\u0930 \u0928\u0939\u0940\u0902 \u0939\u0948:<\/p>\n\n\n\n<ul class=\"wp-block-list\">\n<li>\u0935\u093f\u0924\u094d\u0924\u0940\u092f \u0918\u093e\u091f\u093e;<\/li>\n\n\n\n<li>\u0924\u0915\u0928\u0940\u0915\u0940 \u0938\u092e\u0938\u094d\u092f\u093e\u090f\u0902;<\/li>\n\n\n\n<li>\u0924\u0943\u0924\u0940\u092f-\u092a\u0915\u094d\u0937 \u0905\u0928\u0941\u092a\u094d\u0930\u092f\u094b\u0917 \u0935\u093f\u092b\u0932\u0924\u093e\u090f\u0901;<\/li>\n\n\n\n<li>\u0935\u0947\u092c\u0938\u093e\u0907\u091f \u0938\u0947 \u092a\u094d\u0930\u093e\u092a\u094d\u0924 \u091c\u093e\u0928\u0915\u093e\u0930\u0940 \u0915\u0947 \u0909\u092a\u092f\u094b\u0917 \u0938\u0947 \u0939\u094b\u0928\u0947 \u0935\u093e\u0932\u0940 \u092a\u094d\u0930\u0924\u094d\u092f\u0915\u094d\u0937 \u092f\u093e \u0905\u092a\u094d\u0930\u0924\u094d\u092f\u0915\u094d\u0937 \u0915\u094d\u0937\u0924\u093f\u0964<\/li>\n<\/ul>\n\n\n\n<p>\u0938\u093e\u0907\u091f \u0915\u093e \u0909\u092a\u092f\u094b\u0917 \u0915\u0930\u0928\u0947 \u0915\u093e \u0924\u093e\u0924\u094d\u092a\u0930\u094d\u092f \u0939\u0948 <strong>\u0907\u0938 \u0905\u0938\u094d\u0935\u0940\u0915\u0930\u0923 \u0915\u0940 \u092a\u0942\u0930\u094d\u0923 \u0938\u094d\u0935\u0940\u0915\u0943\u0924\u093f<\/strong>.<\/p>\n\n\n\n<h3 class=\"wp-block-heading\">\u0938\u0902\u092a\u0930\u094d\u0915<\/h3>\n\n\n\n<p>\u092f\u0926\u093f \u0906\u092a\u0915\u0947 \u0915\u094b\u0908 \u092a\u094d\u0930\u0936\u094d\u0928, \u0938\u0941\u091d\u093e\u0935 \u0939\u0948\u0902 \u092f\u093e \u0906\u092a \u0915\u093f\u0938\u0940 \u0938\u093e\u092e\u0917\u094d\u0930\u0940 \u0915\u0940 \u0930\u093f\u092a\u094b\u0930\u094d\u091f \u0915\u0930\u0928\u093e \u091a\u093e\u0939\u0924\u0947 \u0939\u0948\u0902, \u0924\u094b \u0915\u0943\u092a\u092f\u093e \u0935\u0947\u092c\u0938\u093e\u0907\u091f \u0915\u0947 \u0938\u0902\u092a\u0930\u094d\u0915 \u092a\u0943\u0937\u094d\u0920 \u0915\u0947 \u092e\u093e\u0927\u094d\u092f\u092e \u0938\u0947 \u0939\u092e\u0938\u0947 \u0938\u0902\u092a\u0930\u094d\u0915 \u0915\u0930\u0947\u0902\u0964<\/p>","protected":false},"excerpt":{"rendered":"<p>As informa\u00e7\u00f5es disponibilizadas no site Pontual Vagas t\u00eam car\u00e1ter exclusivamente informativo. Nosso objetivo \u00e9 apresentar conte\u00fados, an\u00e1lises e indica\u00e7\u00f5es de aplicativos, servi\u00e7os e ferramentas que possam auxiliar usu\u00e1rios na busca por oportunidades, produtividade e solu\u00e7\u00f5es digitais. N\u00e3o oferecemos garantias O Pontual Vagas n\u00e3o garante resultados, ganhos financeiros, contrata\u00e7\u00f5es, rendimentos ou qualquer tipo de benef\u00edcio espec\u00edfico [&hellip;]<\/p>","protected":false},"author":1,"featured_media":0,"parent":0,"menu_order":0,"comment_status":"closed","ping_status":"closed","template":"","meta":{"footnotes":""},"class_list":["post-118","page","type-page","status-publish"],"_links":{"self":[{"href":"https:\/\/pontualvagas.com.br\/hi\/wp-json\/wp\/v2\/pages\/118","targetHints":{"allow":["GET"]}}],"collection":[{"href":"https:\/\/pontualvagas.com.br\/hi\/wp-json\/wp\/v2\/pages"}],"about":[{"href":"https:\/\/pontualvagas.com.br\/hi\/wp-json\/wp\/v2\/types\/page"}],"author":[{"embeddable":true,"href":"https:\/\/pontualvagas.com.br\/hi\/wp-json\/wp\/v2\/users\/1"}],"replies":[{"embeddable":true,"href":"https:\/\/pontualvagas.com.br\/hi\/wp-json\/wp\/v2\/comments?post=118"}],"version-history":[{"count":1,"href":"https:\/\/pontualvagas.com.br\/hi\/wp-json\/wp\/v2\/pages\/118\/revisions"}],"predecessor-version":[{"id":119,"href":"https:\/\/pontualvagas.com.br\/hi\/wp-json\/wp\/v2\/pages\/118\/revisions\/119"}],"wp:attachment":[{"href":"https:\/\/pontualvagas.com.br\/hi\/wp-json\/wp\/v2\/media?parent=118"}],"curies":[{"name":"wp","href":"https:\/\/api.w.org\/{rel}","templated":true}]}}