{"id":124,"date":"2026-01-18T08:36:06","date_gmt":"2026-01-18T08:36:06","guid":{"rendered":"https:\/\/pontualvagas.com.br\/?page_id=124"},"modified":"2026-01-18T08:36:07","modified_gmt":"2026-01-18T08:36:07","slug":"contact","status":"publish","type":"page","link":"https:\/\/pontualvagas.com.br\/fr\/contact\/","title":{"rendered":"Contact"},"content":{"rendered":"<p>Bienvenue ! Ceci est la page de contact officielle de <strong>Postes vacants ponctuels<\/strong>Vous pouvez nous contacter ici pour poser des questions, nous faire part de suggestions, formuler des r\u00e9clamations ou aborder tout autre probl\u00e8me li\u00e9 \u00e0 notre site web et au contenu que nous publions.<\/p>\n\n\n\n<p>Notre objectif est de vous offrir la meilleure exp\u00e9rience utilisateur possible\u00a0; c\u2019est pourquoi vos commentaires sont tr\u00e8s importants pour nous. Si vous avez des questions sur le fonctionnement du site, l\u2019utilisation des applications recommand\u00e9es ou notre contenu, n\u2019h\u00e9sitez pas \u00e0 nous \u00e9crire.<\/p>\n\n\n\n<p>Nous sommes toujours ouverts aux suggestions d&#039;am\u00e9lioration et aux critiques constructives. Votre avis est essentiel pour nous permettre d&#039;\u00e9voluer, de corriger les probl\u00e8mes et de fournir des informations toujours plus utiles et fiables.<\/p>\n\n\n\n<p>Pour nous contacter, il vous suffit de remplir le formulaire disponible sur cette page avec vos coordonn\u00e9es et votre message. Notre \u00e9quipe fera son possible pour vous r\u00e9pondre dans les plus brefs d\u00e9lais.<\/p>\n\n\n\n<p>Merci de votre visite <strong>Postes vacants ponctuels<\/strong> Nous serons ravis de recevoir votre message.<\/p>\n\n\n\n<p><strong>Adresse \u00e9lectronique de contact\u00a0:<\/strong><br>\ud83d\udce7 contato@pontualvagas.com.br<\/p>\n\n\n\n<p><\/p>","protected":false},"excerpt":{"rendered":"<p>Bem-vindo! Esta \u00e9 a p\u00e1gina oficial de contato do Pontual Vagas. Aqui voc\u00ea pode entrar em contato conosco para tirar d\u00favidas, enviar sugest\u00f5es, fazer reclama\u00e7\u00f5es ou tratar de qualquer outro assunto relacionado ao nosso site e aos conte\u00fados que publicamos. Nosso objetivo \u00e9 oferecer a melhor experi\u00eancia poss\u00edvel aos usu\u00e1rios, por isso valorizamos muito o [&hellip;]<\/p>","protected":false},"author":1,"featured_media":0,"parent":0,"menu_order":0,"comment_status":"closed","ping_status":"closed","template":"","meta":{"footnotes":""},"class_list":["post-124","page","type-page","status-publish"],"_links":{"self":[{"href":"https:\/\/pontualvagas.com.br\/fr\/wp-json\/wp\/v2\/pages\/124","targetHints":{"allow":["GET"]}}],"collection":[{"href":"https:\/\/pontualvagas.com.br\/fr\/wp-json\/wp\/v2\/pages"}],"about":[{"href":"https:\/\/pontualvagas.com.br\/fr\/wp-json\/wp\/v2\/types\/page"}],"author":[{"embeddable":true,"href":"https:\/\/pontualvagas.com.br\/fr\/wp-json\/wp\/v2\/users\/1"}],"replies":[{"embeddable":true,"href":"https:\/\/pontualvagas.com.br\/fr\/wp-json\/wp\/v2\/comments?post=124"}],"version-history":[{"count":1,"href":"https:\/\/pontualvagas.com.br\/fr\/wp-json\/wp\/v2\/pages\/124\/revisions"}],"predecessor-version":[{"id":125,"href":"https:\/\/pontualvagas.com.br\/fr\/wp-json\/wp\/v2\/pages\/124\/revisions\/125"}],"wp:attachment":[{"href":"https:\/\/pontualvagas.com.br\/fr\/wp-json\/wp\/v2\/media?parent=124"}],"curies":[{"name":"wp","href":"https:\/\/api.w.org\/{rel}","templated":true}]}}