{"id":122,"date":"2026-01-18T08:35:26","date_gmt":"2026-01-18T08:35:26","guid":{"rendered":"https:\/\/pontualvagas.com.br\/?page_id=122"},"modified":"2026-01-18T08:35:27","modified_gmt":"2026-01-18T08:35:27","slug":"conditions-dutilisation","status":"publish","type":"page","link":"https:\/\/pontualvagas.com.br\/fr\/conditions-dutilisation\/","title":{"rendered":"Conditions d&#039;utilisation"},"content":{"rendered":"<p>En acc\u00e9dant au site web et en l&#039;utilisant <strong>Postes vacants ponctuels<\/strong>Ce faisant, vous acceptez de vous conformer aux pr\u00e9sentes conditions et d&#039;\u00eatre li\u00e9 par elles. <strong>Conditions d&#039;utilisation<\/strong>ensemble avec notre <strong>politique de confidentialit\u00e9<\/strong>, qui r\u00e9gulent la relation entre les <strong>Postes vacants ponctuels<\/strong> et l&#039;utilisateur.<\/p>\n\n\n\n<p>Si vous n&#039;\u00eates pas d&#039;accord avec une quelconque partie de ces conditions, nous vous recommandons de <strong>n&#039;utilisez pas ce site web<\/strong>.<\/p>\n\n\n\n<h3 class=\"wp-block-heading\">Utilisation du site<\/h3>\n\n\n\n<p>Le contenu mis \u00e0 disposition dans <strong>Postes vacants ponctuels<\/strong> a un but <strong>\u00e0 titre informatif seulement<\/strong>, \u00e9tant destin\u00e9 \u00e0 la pr\u00e9sentation d&#039;applications, de services num\u00e9riques, de conseils et de contenus relatifs aux opportunit\u00e9s, \u00e0 la productivit\u00e9 et aux solutions pour une utilisation sur appareils mobiles.<\/p>\n\n\n\n<p>Les informations contenues sur ce site web sont susceptibles d&#039;\u00eatre modifi\u00e9es. <strong>Modifications, mises \u00e0 jour ou suppressions sans pr\u00e9avis.<\/strong>.<\/p>\n\n\n\n<h3 class=\"wp-block-heading\">Exclusion de garanties<\/h3>\n\n\n\n<p>Ni le <strong>Postes vacants ponctuels<\/strong>Ni nous, ni des tiers, n&#039;offrons de garanties quant \u00e0 l&#039;exactitude, l&#039;actualit\u00e9, la performance, l&#039;exhaustivit\u00e9 ou l&#039;ad\u00e9quation des informations, applications ou documents pr\u00e9sent\u00e9s sur le site Web \u00e0 un usage particulier.<\/p>\n\n\n\n<p>L&#039;utilisation de toute information, contenu, application ou mat\u00e9riel mis \u00e0 disposition sur le site web rel\u00e8ve de votre responsabilit\u00e9. <strong>l&#039;enti\u00e8re responsabilit\u00e9 de l&#039;utilisateur<\/strong>, qui assume tous les risques li\u00e9s \u00e0 cette utilisation.<\/p>\n\n\n\n<h3 class=\"wp-block-heading\">Liens vers des sites web et des applications tiers<\/h3>\n\n\n\n<p>LE <strong>Postes vacants ponctuels<\/strong> Ce site peut contenir des liens vers des sites web, plateformes ou applications tiers. Ces liens sont fournis uniquement pour la commodit\u00e9 de l&#039;utilisateur et pour lui apporter des informations compl\u00e9mentaires.<\/p>\n\n\n\n<p>Nous n&#039;exer\u00e7ons aucun contr\u00f4le sur le contenu, les politiques ou le fonctionnement de ces sites web et applications externes, et nous ne sommes pas responsables des dommages, pertes ou probl\u00e8mes d\u00e9coulant de leur utilisation.<\/p>\n\n\n\n<h3 class=\"wp-block-heading\">Responsabilit\u00e9 de l&#039;utilisateur<\/h3>\n\n\n\n<p>En utilisant ce site web, l&#039;utilisateur accepte\u00a0:<\/p>\n\n\n\n<ul class=\"wp-block-list\">\n<li>Utilisez le contenu de mani\u00e8re l\u00e9gale et \u00e9thique ;<\/li>\n\n\n\n<li>Ne vous livrez pas \u00e0 des activit\u00e9s ill\u00e9gales ou frauduleuses, ni \u00e0 des activit\u00e9s qui enfreignent la l\u00e9gislation en vigueur\u00a0;<\/li>\n\n\n\n<li>Ne tentez pas d&#039;endommager, de surcharger ou de perturber le fonctionnement du site web ou de ses syst\u00e8mes.<\/li>\n<\/ul>\n\n\n\n<h3 class=\"wp-block-heading\">propri\u00e9t\u00e9 intellectuelle<\/h3>\n\n\n\n<p>Tout le contenu pr\u00e9sent dans <strong>Postes vacants ponctuels<\/strong>L\u2019ensemble du contenu, y compris les textes, marques, logos, images et mises en page, est prot\u00e9g\u00e9 par le droit d\u2019auteur et les droits de propri\u00e9t\u00e9 intellectuelle. Toute reproduction, m\u00eame partielle, est interdite sans autorisation pr\u00e9alable, sauf dans les cas pr\u00e9vus par la loi.<\/p>\n\n\n\n<h3 class=\"wp-block-heading\">Modifications des conditions<\/h3>\n\n\n\n<p>LE <strong>Postes vacants ponctuels<\/strong> se r\u00e9serve le droit de <strong>Les pr\u00e9sentes conditions d&#039;utilisation peuvent \u00eatre modifi\u00e9es \u00e0 tout moment.<\/strong>sans pr\u00e9avis. La poursuite de l&#039;utilisation du site apr\u00e8s modification implique l&#039;acceptation automatique des nouvelles conditions.<\/p>\n\n\n\n<h3 class=\"wp-block-heading\">Acceptation des conditions<\/h3>\n\n\n\n<p>En continuant \u00e0 naviguer sur le site <strong>Postes vacants ponctuels<\/strong>Ce faisant, l&#039;utilisateur d\u00e9clare avoir lu, compris et accept\u00e9 sans r\u00e9serve les pr\u00e9sentes conditions d&#039;utilisation.<\/p>","protected":false},"excerpt":{"rendered":"<p>Ao acessar e utilizar o site Pontual Vagas, voc\u00ea concorda em cumprir e ficar vinculado aos presentes Termos de Uso, juntamente com a nossa Pol\u00edtica de Privacidade, que regulam o relacionamento entre o Pontual Vagas e o usu\u00e1rio. Caso voc\u00ea n\u00e3o concorde com qualquer parte destes termos, recomendamos que n\u00e3o utilize este site. Uso do [&hellip;]<\/p>","protected":false},"author":1,"featured_media":0,"parent":0,"menu_order":0,"comment_status":"closed","ping_status":"closed","template":"","meta":{"footnotes":""},"class_list":["post-122","page","type-page","status-publish"],"_links":{"self":[{"href":"https:\/\/pontualvagas.com.br\/fr\/wp-json\/wp\/v2\/pages\/122","targetHints":{"allow":["GET"]}}],"collection":[{"href":"https:\/\/pontualvagas.com.br\/fr\/wp-json\/wp\/v2\/pages"}],"about":[{"href":"https:\/\/pontualvagas.com.br\/fr\/wp-json\/wp\/v2\/types\/page"}],"author":[{"embeddable":true,"href":"https:\/\/pontualvagas.com.br\/fr\/wp-json\/wp\/v2\/users\/1"}],"replies":[{"embeddable":true,"href":"https:\/\/pontualvagas.com.br\/fr\/wp-json\/wp\/v2\/comments?post=122"}],"version-history":[{"count":1,"href":"https:\/\/pontualvagas.com.br\/fr\/wp-json\/wp\/v2\/pages\/122\/revisions"}],"predecessor-version":[{"id":123,"href":"https:\/\/pontualvagas.com.br\/fr\/wp-json\/wp\/v2\/pages\/122\/revisions\/123"}],"wp:attachment":[{"href":"https:\/\/pontualvagas.com.br\/fr\/wp-json\/wp\/v2\/media?parent=122"}],"curies":[{"name":"wp","href":"https:\/\/api.w.org\/{rel}","templated":true}]}}