{"id":120,"date":"2026-01-18T08:33:27","date_gmt":"2026-01-18T08:33:27","guid":{"rendered":"https:\/\/pontualvagas.com.br\/?page_id=120"},"modified":"2026-01-18T08:33:28","modified_gmt":"2026-01-18T08:33:28","slug":"politique-de-confidentialite","status":"publish","type":"page","link":"https:\/\/pontualvagas.com.br\/fr\/politique-de-confidentialite\/","title":{"rendered":"politique de confidentialit\u00e9"},"content":{"rendered":"<p>Le respect de votre vie priv\u00e9e est important pour nous. C&#039;est notre politique. <strong>Postes vacants ponctuels<\/strong> Nous respecterons votre vie priv\u00e9e concernant toute information que nous pourrions recueillir aupr\u00e8s de vous sur le site web. <strong>Postes vacants ponctuels<\/strong>, ainsi que sur d&#039;autres sites web que nous poss\u00e9dons et exploitons.<\/p>\n\n\n\n<p>Nous ne demandons des renseignements personnels que lorsque cela est strictement n\u00e9cessaire pour vous fournir un service. Nous agissons de mani\u00e8re loyale et licite, avec votre consentement \u00e9clair\u00e9. Nous vous informons \u00e9galement des raisons pour lesquelles nous recueillons ces renseignements et de la mani\u00e8re dont ils seront utilis\u00e9s.<\/p>\n\n\n\n<p>Nous ne conservons les informations collect\u00e9es que le temps n\u00e9cessaire \u00e0 la fourniture du service demand\u00e9. Lors du stockage des donn\u00e9es, nous utilisons des moyens commercialement acceptables pour les prot\u00e9ger contre la perte, le vol, l&#039;acc\u00e8s non autoris\u00e9, la divulgation, la copie, l&#039;utilisation abusive ou la modification.<\/p>\n\n\n\n<p>Nous ne partageons pas publiquement ni avec des tiers les informations permettant d&#039;identifier une personne, sauf lorsque la loi l&#039;exige.<\/p>\n\n\n\n<p>LE <strong>Postes vacants ponctuels<\/strong> Ce site peut contenir des liens vers des sites web, applications ou services externes qui ne sont pas exploit\u00e9s par nous. Veuillez noter que nous n&#039;avons aucun contr\u00f4le sur le contenu et les pratiques de ces sites et que nous ne pouvons \u00eatre tenus responsables de leurs politiques de confidentialit\u00e9 respectives.<\/p>\n\n\n\n<p>L\u2019utilisateur est libre de refuser la demande de renseignements personnels, \u00e9tant entendu que cela pourrait emp\u00eacher la fourniture de certains services souhait\u00e9s.<\/p>\n\n\n\n<p>L&#039;utilisation continue du site <strong>Postes vacants ponctuels<\/strong> Vos commentaires seront consid\u00e9r\u00e9s comme une acceptation de nos pratiques en mati\u00e8re de confidentialit\u00e9 et d&#039;utilisation des donn\u00e9es personnelles. Pour toute question concernant le traitement de vos donn\u00e9es, veuillez nous contacter via la page de contact.<\/p>\n\n\n\n<h2 class=\"wp-block-heading\">Politique de cookies de Pontual Vagas<\/h2>\n\n\n\n<h3 class=\"wp-block-heading\">Que sont les cookies ?<\/h3>\n\n\n\n<p>Comme c&#039;est le cas sur la quasi-totalit\u00e9 des sites web professionnels, ce site utilise des cookies, qui sont de petits fichiers stock\u00e9s sur votre appareil, afin d&#039;am\u00e9liorer votre exp\u00e9rience de navigation.<\/p>\n\n\n\n<p>Cette section explique quelles informations les cookies collectent, comment nous les utilisons et pourquoi, dans certains cas, nous devons les stocker.<\/p>\n\n\n\n<h3 class=\"wp-block-heading\">Comment utilisons-nous les cookies ?<\/h3>\n\n\n\n<p>Nous utilisons des cookies pour diverses raisons, notamment\u00a0:<\/p>\n\n\n\n<ul class=\"wp-block-list\">\n<li>Pour assurer le bon fonctionnement du site web ;<\/li>\n\n\n\n<li>Am\u00e9liorer l&#039;exp\u00e9rience utilisateur\u00a0;<\/li>\n\n\n\n<li>Analyser le comportement de navigation\u00a0;<\/li>\n\n\n\n<li>Afficher un contenu et des publicit\u00e9s plus pertinents.<\/li>\n<\/ul>\n\n\n\n<p>Dans la plupart des cas, il n&#039;existe pas d&#039;options standard pour d\u00e9sactiver les cookies sans compromettre le fonctionnement essentiel du site web. Il est recommand\u00e9 de les laisser activ\u00e9s si vous n&#039;\u00eates pas certain de leur utilit\u00e9.<\/p>\n\n\n\n<h3 class=\"wp-block-heading\">D\u00e9sactiver les cookies<\/h3>\n\n\n\n<p>Vous pouvez emp\u00eacher l&#039;installation de cookies en modifiant les param\u00e8tres de votre navigateur. Toutefois, sachez que la d\u00e9sactivation des cookies peut affecter le fonctionnement de ce site web et d&#039;autres sites que vous consultez.<\/p>\n\n\n\n<h2 class=\"wp-block-heading\">Cookies que nous utilisons<\/h2>\n\n\n\n<h3 class=\"wp-block-heading\">Cookies li\u00e9s au compte<\/h3>\n\n\n\n<p>Si un utilisateur cr\u00e9e un compte (le cas \u00e9ch\u00e9ant), nous utilisons des cookies pour g\u00e9rer le processus d&#039;inscription et l&#039;administration g\u00e9n\u00e9rale. Ces cookies sont g\u00e9n\u00e9ralement supprim\u00e9s lorsque l&#039;utilisateur se d\u00e9connecte.<\/p>\n\n\n\n<h3 class=\"wp-block-heading\">cookies li\u00e9s \u00e0 la connexion<\/h3>\n\n\n\n<p>Ces messages servent \u00e0 rappeler \u00e0 l&#039;utilisateur qu&#039;il est connect\u00e9, \u00e9vitant ainsi de devoir se reconnecter \u00e0 chaque page. Ils disparaissent apr\u00e8s la d\u00e9connexion.<\/p>\n\n\n\n<h3 class=\"wp-block-heading\">Cookies li\u00e9s aux newsletters par e-mail<\/h3>\n\n\n\n<p>Si le site web propose une inscription \u00e0 une newsletter ou \u00e0 des notifications, des cookies peuvent \u00eatre utilis\u00e9s pour m\u00e9moriser si l&#039;utilisateur est d\u00e9j\u00e0 abonn\u00e9.<\/p>\n\n\n\n<h3 class=\"wp-block-heading\">Cookies li\u00e9s aux formulaires<\/h3>\n\n\n\n<p>Lorsqu&#039;un utilisateur soumet des informations via des formulaires (tels que des formulaires de contact ou des commentaires), des cookies peuvent \u00eatre utilis\u00e9s pour m\u00e9moriser les donn\u00e9es de l&#039;utilisateur en vue d&#039;interactions futures.<\/p>\n\n\n\n<h3 class=\"wp-block-heading\">Cookies de pr\u00e9f\u00e9rence du site<\/h3>\n\n\n\n<p>Utilis\u00e9 pour enregistrer les pr\u00e9f\u00e9rences de l&#039;utilisateur, garantissant ainsi une exp\u00e9rience de navigation personnalis\u00e9e.<\/p>\n\n\n\n<h2 class=\"wp-block-heading\">Cookies tiers<\/h2>\n\n\n\n<p>LE <strong>Postes vacants ponctuels<\/strong> Vous pouvez utiliser des cookies provenant de tiers de confiance, notamment\u00a0:<\/p>\n\n\n\n<h3 class=\"wp-block-heading\">Google Analytics<\/h3>\n\n\n\n<p>Nous utilisons Google Analytics pour comprendre comment les utilisateurs utilisent le site et pour am\u00e9liorer leur exp\u00e9rience de navigation. Ces cookies peuvent suivre des informations telles que les pages visit\u00e9es et le temps pass\u00e9 sur le site.<\/p>\n\n\n\n<p>Pour plus d&#039;informations, veuillez consulter la politique officielle de Google Analytics.<\/p>\n\n\n\n<h3 class=\"wp-block-heading\">Publicit\u00e9 et mon\u00e9tisation<\/h3>\n\n\n\n<p>Nous pouvons utiliser des services publicitaires (tels que Google AdSense) qui utilisent des cookies pour afficher des publicit\u00e9s pertinentes pour l&#039;utilisateur en fonction de ses visites pr\u00e9c\u00e9dentes sur ce site ou d&#039;autres sites web.<\/p>\n\n\n\n<h2 class=\"wp-block-heading\">Engagement de l&#039;utilisateur<\/h2>\n\n\n\n<p>L&#039;utilisateur s&#039;engage \u00e0 faire un usage appropri\u00e9 du contenu et des informations fournis par <strong>Postes vacants ponctuels<\/strong>, s&#039;engageant \u00e0 :<\/p>\n\n\n\n<p>A) Ne pas se livrer \u00e0 des activit\u00e9s ill\u00e9gales ou \u00e0 des activit\u00e9s contraires \u00e0 la bonne foi et \u00e0 l\u2019ordre public ;<br>B) Ne pas diffuser de contenu \u00e0 caract\u00e8re raciste, x\u00e9nophobe, discriminatoire, ill\u00e9gal, ou qui promeut le terrorisme ou viole les droits de l\u2019homme ;<br>C) Ne pas causer de dommages aux syst\u00e8mes physiques ou logiques de <strong>Postes vacants ponctuels<\/strong>ni de ses fournisseurs ou de tiers, ni de diffuser de virus ou d&#039;autres syst\u00e8mes susceptibles de causer des dommages.<\/p>\n\n\n\n<h2 class=\"wp-block-heading\">Plus d&#039;informations<\/h2>\n\n\n\n<p>Nous esp\u00e9rons que cette politique est claire. Si vous avez des questions concernant l&#039;utilisation des cookies ou de vos donn\u00e9es personnelles, il est g\u00e9n\u00e9ralement plus s\u00fbr de laisser les cookies activ\u00e9s afin de garantir le bon fonctionnement des fonctionnalit\u00e9s du site.<\/p>\n\n\n\n<p>Si vous avez des questions, veuillez nous contacter.<\/p>","protected":false},"excerpt":{"rendered":"<p>A sua privacidade \u00e9 importante para n\u00f3s. \u00c9 pol\u00edtica do Pontual Vagas respeitar a sua privacidade em rela\u00e7\u00e3o a qualquer informa\u00e7\u00e3o sua que possamos coletar no site Pontual Vagas, bem como em outros sites que possu\u00edmos e operamos. Solicitamos informa\u00e7\u00f5es pessoais apenas quando realmente precisamos delas para fornecer um servi\u00e7o ao usu\u00e1rio. Fazemos isso por [&hellip;]<\/p>","protected":false},"author":1,"featured_media":0,"parent":0,"menu_order":0,"comment_status":"closed","ping_status":"closed","template":"","meta":{"footnotes":""},"class_list":["post-120","page","type-page","status-publish"],"_links":{"self":[{"href":"https:\/\/pontualvagas.com.br\/fr\/wp-json\/wp\/v2\/pages\/120","targetHints":{"allow":["GET"]}}],"collection":[{"href":"https:\/\/pontualvagas.com.br\/fr\/wp-json\/wp\/v2\/pages"}],"about":[{"href":"https:\/\/pontualvagas.com.br\/fr\/wp-json\/wp\/v2\/types\/page"}],"author":[{"embeddable":true,"href":"https:\/\/pontualvagas.com.br\/fr\/wp-json\/wp\/v2\/users\/1"}],"replies":[{"embeddable":true,"href":"https:\/\/pontualvagas.com.br\/fr\/wp-json\/wp\/v2\/comments?post=120"}],"version-history":[{"count":1,"href":"https:\/\/pontualvagas.com.br\/fr\/wp-json\/wp\/v2\/pages\/120\/revisions"}],"predecessor-version":[{"id":121,"href":"https:\/\/pontualvagas.com.br\/fr\/wp-json\/wp\/v2\/pages\/120\/revisions\/121"}],"wp:attachment":[{"href":"https:\/\/pontualvagas.com.br\/fr\/wp-json\/wp\/v2\/media?parent=120"}],"curies":[{"name":"wp","href":"https:\/\/api.w.org\/{rel}","templated":true}]}}