{"id":118,"date":"2026-01-18T08:31:06","date_gmt":"2026-01-18T08:31:06","guid":{"rendered":"https:\/\/pontualvagas.com.br\/?page_id=118"},"modified":"2026-01-18T08:31:07","modified_gmt":"2026-01-18T08:31:07","slug":"clause-de-non-responsabilite","status":"publish","type":"page","link":"https:\/\/pontualvagas.com.br\/fr\/clause-de-non-responsabilite\/","title":{"rendered":"Clause de non-responsabilit\u00e9"},"content":{"rendered":"<p>Les informations disponibles sur le site web <strong>Postes vacants ponctuels<\/strong> avoir du caract\u00e8re <strong>\u00c0 titre informatif seulement.<\/strong>Notre objectif est de pr\u00e9senter du contenu, des analyses et des recommandations concernant les applications, les services et les outils susceptibles d&#039;aider les utilisateurs dans leur recherche d&#039;opportunit\u00e9s, de productivit\u00e9 et de solutions num\u00e9riques.<\/p>\n\n\n\n<h3 class=\"wp-block-heading\">Nous n&#039;offrons aucune garantie.<\/h3>\n\n\n\n<p>LE <strong>Postes vacants ponctuels<\/strong> <strong>ne garantit pas<\/strong> Les r\u00e9sultats, gains financiers, embauches, revenus ou tout autre avantage d\u00e9coulant de l&#039;utilisation des informations, applications ou services mentionn\u00e9s sur le site web ne sont pas garantis. Les r\u00e9sultats peuvent varier en fonction de facteurs individuels, r\u00e9gionaux et circonstanciels.<\/p>\n\n\n\n<h3 class=\"wp-block-heading\">Applications et services tiers<\/h3>\n\n\n\n<p>Le site peut contenir des liens, des recommandations ou des mentions de <strong>applications, plateformes et services tiers<\/strong>Nous n&#039;exer\u00e7ons aucun contr\u00f4le sur le fonctionnement, les politiques, les prix, la disponibilit\u00e9 ou la s\u00e9curit\u00e9 de ces services. Toute interaction, inscription ou utilisation se fait \u00e0 vos propres risques. <strong>la seule responsabilit\u00e9 de l&#039;utilisateur<\/strong>.<\/p>\n\n\n\n<p>Nous recommandons toujours \u00e0 l&#039;utilisateur\u00a0:<\/p>\n\n\n\n<ul class=\"wp-block-list\">\n<li>Lisez les conditions d&#039;utilisation et les politiques de confidentialit\u00e9 des applications\u00a0;<\/li>\n\n\n\n<li>Consultez les avis sur les boutiques d&#039;applications officielles (Google Play, App Store)\u00a0;<\/li>\n\n\n\n<li>Avant d&#039;utiliser un service, analysez s&#039;il r\u00e9pond \u00e0 vos besoins.<\/li>\n<\/ul>\n\n\n\n<h3 class=\"wp-block-heading\">Clause de non-responsabilit\u00e9 l\u00e9gale et professionnelle<\/h3>\n\n\n\n<p>Le contenu publi\u00e9 sur <strong>Postes vacants ponctuels<\/strong> <strong>Ceci ne remplace pas les conseils d&#039;un professionnel.<\/strong>Qu&#039;il s&#039;agisse de questions juridiques, financi\u00e8res, comptables, de droit du travail ou techniques, consultez toujours un professionnel qualifi\u00e9 pour les d\u00e9cisions importantes.<\/p>\n\n\n\n<h3 class=\"wp-block-heading\">Publicit\u00e9 et mon\u00e9tisation<\/h3>\n\n\n\n<p>Le site web <strong>Postes vacants ponctuels<\/strong> Il peut \u00eatre mon\u00e9tis\u00e9 gr\u00e2ce \u00e0\u00a0:<\/p>\n\n\n\n<ul class=\"wp-block-list\">\n<li>Publicit\u00e9s (telles que Google AdSense) ;<\/li>\n\n\n\n<li>Liens sponsoris\u00e9s\u00a0;<\/li>\n\n\n\n<li>Partenariats ou programmes d&#039;affiliation.<\/li>\n<\/ul>\n\n\n\n<p>Cela signifie que nous pouvons percevoir des commissions lorsqu&#039;un utilisateur clique sur des publicit\u00e9s ou utilise certains liens. <strong>sans frais suppl\u00e9mentaires pour l&#039;utilisateur.<\/strong>Ces partenariats n&#039;influencent en rien notre volont\u00e9 de proposer un contenu clair et pertinent.<\/p>\n\n\n\n<h3 class=\"wp-block-heading\">Mise \u00e0 jour des informations<\/h3>\n\n\n\n<p>Les informations pr\u00e9sentes sur le site web peuvent \u00eatre <strong>modifi\u00e9, mis \u00e0 jour ou supprim\u00e9 \u00e0 tout moment<\/strong>Nous nous r\u00e9servons le droit de modifier le contenu sans pr\u00e9avis. Nous ne pouvons garantir que ce contenu soit toujours parfaitement \u00e0 jour, car les applications et les services peuvent modifier fr\u00e9quemment leurs r\u00e8gles.<\/p>\n\n\n\n<h3 class=\"wp-block-heading\">Limitation de responsabilit\u00e9<\/h3>\n\n\n\n<p>LE <strong>Postes vacants ponctuels<\/strong> n&#039;est pas responsable de :<\/p>\n\n\n\n<ul class=\"wp-block-list\">\n<li>Pertes financi\u00e8res ;<\/li>\n\n\n\n<li>Probl\u00e8mes techniques ;<\/li>\n\n\n\n<li>D\u00e9faillances des applications tierces\u00a0;<\/li>\n\n\n\n<li>Dommages directs ou indirects r\u00e9sultant de l&#039;utilisation des informations provenant du site web.<\/li>\n<\/ul>\n\n\n\n<p>L&#039;utilisation du site implique <strong>Acceptation int\u00e9grale de cette clause de non-responsabilit\u00e9<\/strong>.<\/p>\n\n\n\n<h3 class=\"wp-block-heading\">Contact<\/h3>\n\n\n\n<p>Si vous avez des questions, des suggestions ou souhaitez signaler un contenu, veuillez nous contacter via la page de contact du site web.<\/p>","protected":false},"excerpt":{"rendered":"<p>As informa\u00e7\u00f5es disponibilizadas no site Pontual Vagas t\u00eam car\u00e1ter exclusivamente informativo. Nosso objetivo \u00e9 apresentar conte\u00fados, an\u00e1lises e indica\u00e7\u00f5es de aplicativos, servi\u00e7os e ferramentas que possam auxiliar usu\u00e1rios na busca por oportunidades, produtividade e solu\u00e7\u00f5es digitais. N\u00e3o oferecemos garantias O Pontual Vagas n\u00e3o garante resultados, ganhos financeiros, contrata\u00e7\u00f5es, rendimentos ou qualquer tipo de benef\u00edcio espec\u00edfico [&hellip;]<\/p>","protected":false},"author":1,"featured_media":0,"parent":0,"menu_order":0,"comment_status":"closed","ping_status":"closed","template":"","meta":{"footnotes":""},"class_list":["post-118","page","type-page","status-publish"],"_links":{"self":[{"href":"https:\/\/pontualvagas.com.br\/fr\/wp-json\/wp\/v2\/pages\/118","targetHints":{"allow":["GET"]}}],"collection":[{"href":"https:\/\/pontualvagas.com.br\/fr\/wp-json\/wp\/v2\/pages"}],"about":[{"href":"https:\/\/pontualvagas.com.br\/fr\/wp-json\/wp\/v2\/types\/page"}],"author":[{"embeddable":true,"href":"https:\/\/pontualvagas.com.br\/fr\/wp-json\/wp\/v2\/users\/1"}],"replies":[{"embeddable":true,"href":"https:\/\/pontualvagas.com.br\/fr\/wp-json\/wp\/v2\/comments?post=118"}],"version-history":[{"count":1,"href":"https:\/\/pontualvagas.com.br\/fr\/wp-json\/wp\/v2\/pages\/118\/revisions"}],"predecessor-version":[{"id":119,"href":"https:\/\/pontualvagas.com.br\/fr\/wp-json\/wp\/v2\/pages\/118\/revisions\/119"}],"wp:attachment":[{"href":"https:\/\/pontualvagas.com.br\/fr\/wp-json\/wp\/v2\/media?parent=118"}],"curies":[{"name":"wp","href":"https:\/\/api.w.org\/{rel}","templated":true}]}}