{"id":120,"date":"2026-01-18T08:33:27","date_gmt":"2026-01-18T08:33:27","guid":{"rendered":"https:\/\/pontualvagas.com.br\/?page_id=120"},"modified":"2026-01-18T08:33:28","modified_gmt":"2026-01-18T08:33:28","slug":"politica-de-privacidad","status":"publish","type":"page","link":"https:\/\/pontualvagas.com.br\/es\/politica-de-privacidad\/","title":{"rendered":"pol\u00edtica de privacidad"},"content":{"rendered":"<p>Su privacidad es importante para nosotros. Es nuestra pol\u00edtica. <strong>Vacantes puntuales<\/strong> Respetaremos su privacidad con respecto a cualquier informaci\u00f3n que podamos recopilar de usted en el sitio web. <strong>Vacantes puntuales<\/strong>, as\u00ed como en otros sitios web que poseemos y operamos.<\/p>\n\n\n\n<p>Solo solicitamos informaci\u00f3n personal cuando realmente la necesitamos para prestar un servicio al usuario. Lo hacemos de forma justa y legal, con su conocimiento y consentimiento. Tambi\u00e9n le informamos por qu\u00e9 recopilamos esta informaci\u00f3n y c\u00f3mo la utilizaremos.<\/p>\n\n\n\n<p>Solo conservamos la informaci\u00f3n recopilada el tiempo necesario para prestar el servicio solicitado. Al almacenar datos, utilizamos medios comercialmente aceptables para protegerlos contra p\u00e9rdida, robo, acceso no autorizado, divulgaci\u00f3n, copia, uso indebido o modificaci\u00f3n.<\/p>\n\n\n\n<p>No compartimos informaci\u00f3n de identificaci\u00f3n personal p\u00fablicamente ni con terceros, excepto cuando lo exige la ley.<\/p>\n\n\n\n<p>EL <strong>Vacantes puntuales<\/strong> Esto puede contener enlaces a sitios web, aplicaciones o servicios externos que no operamos. Tenga en cuenta que no tenemos control sobre el contenido ni las pr\u00e1cticas de estos sitios y no nos hacemos responsables de sus respectivas pol\u00edticas de privacidad.<\/p>\n\n\n\n<p>El usuario es libre de rechazar la solicitud de informaci\u00f3n personal, entendiendo que puede que no sea posible proporcionar algunos de los servicios deseados.<\/p>\n\n\n\n<p>Uso continuado del sitio <strong>Vacantes puntuales<\/strong> Sus comentarios se considerar\u00e1n una aceptaci\u00f3n de nuestras pr\u00e1cticas de privacidad y uso de informaci\u00f3n personal. Si tiene alguna pregunta sobre c\u00f3mo gestionamos los datos de los usuarios, cont\u00e1ctenos a trav\u00e9s de la p\u00e1gina de contacto.<\/p>\n\n\n\n<h2 class=\"wp-block-heading\">Pol\u00edtica de cookies de Pontual Vagas<\/h2>\n\n\n\n<h3 class=\"wp-block-heading\">\u00bfQu\u00e9 son las cookies?<\/h3>\n\n\n\n<p>Como es pr\u00e1ctica com\u00fan en casi todos los sitios web profesionales, este sitio utiliza cookies, que son peque\u00f1os archivos que se almacenan en su dispositivo, para mejorar su experiencia de navegaci\u00f3n.<\/p>\n\n\n\n<p>Esta secci\u00f3n explica qu\u00e9 informaci\u00f3n recopilan las cookies, c\u00f3mo la usamos y por qu\u00e9, en algunos casos, necesitamos almacenarlas.<\/p>\n\n\n\n<h3 class=\"wp-block-heading\">\u00bfC\u00f3mo utilizamos las cookies?<\/h3>\n\n\n\n<p>Utilizamos cookies por diversos motivos, entre ellos:<\/p>\n\n\n\n<ul class=\"wp-block-list\">\n<li>Para garantizar el correcto funcionamiento del sitio web;<\/li>\n\n\n\n<li>Mejorar la experiencia del usuario;<\/li>\n\n\n\n<li>Analizar el comportamiento de navegaci\u00f3n;<\/li>\n\n\n\n<li>Mostrar contenido y anuncios m\u00e1s relevantes.<\/li>\n<\/ul>\n\n\n\n<p>En la mayor\u00eda de los casos, no existen opciones est\u00e1ndar en la industria para deshabilitar las cookies sin comprometer la funcionalidad esencial del sitio web. Se recomienda mantener las cookies habilitadas si no est\u00e1 seguro de si las necesita.<\/p>\n\n\n\n<h3 class=\"wp-block-heading\">Deshabilitar cookies<\/h3>\n\n\n\n<p>Puede evitar la instalaci\u00f3n de cookies configurando su navegador. Sin embargo, tenga en cuenta que deshabilitarlas puede afectar la funcionalidad de este y otros sitios web que visite.<\/p>\n\n\n\n<h2 class=\"wp-block-heading\">Cookies que configuramos<\/h2>\n\n\n\n<h3 class=\"wp-block-heading\">Cookies relacionadas con la cuenta<\/h3>\n\n\n\n<p>Si un usuario crea una cuenta (si corresponde), utilizamos cookies para gestionar el proceso de registro y la administraci\u00f3n general. Estas cookies suelen eliminarse al cerrar la sesi\u00f3n.<\/p>\n\n\n\n<h3 class=\"wp-block-heading\">Cookies relacionadas con el inicio de sesi\u00f3n<\/h3>\n\n\n\n<p>Se utilizan para recordar al usuario que ha iniciado sesi\u00f3n, evitando que tenga que iniciar sesi\u00f3n repetidamente en cada p\u00e1gina. Se eliminan al cerrar sesi\u00f3n.<\/p>\n\n\n\n<h3 class=\"wp-block-heading\">Cookies relacionadas con los boletines informativos por correo electr\u00f3nico<\/h3>\n\n\n\n<p>Si el sitio web ofrece suscripci\u00f3n a boletines informativos o notificaciones, se pueden utilizar cookies para recordar si el usuario ya est\u00e1 suscrito.<\/p>\n\n\n\n<h3 class=\"wp-block-heading\">Cookies relacionadas con formularios<\/h3>\n\n\n\n<p>Cuando un usuario env\u00eda informaci\u00f3n a trav\u00e9s de formularios (como formularios de contacto o comentarios), se pueden utilizar cookies para recordar los datos del usuario para futuras interacciones.<\/p>\n\n\n\n<h3 class=\"wp-block-heading\">Cookies de preferencias del sitio<\/h3>\n\n\n\n<p>Se utiliza para almacenar las preferencias del usuario, garantizando una experiencia de navegaci\u00f3n personalizada.<\/p>\n\n\n\n<h2 class=\"wp-block-heading\">Cookies de terceros<\/h2>\n\n\n\n<p>EL <strong>Vacantes puntuales<\/strong> Puede utilizar cookies de terceros de confianza, incluidos, entre otros:<\/p>\n\n\n\n<h3 class=\"wp-block-heading\">Google Analytics<\/h3>\n\n\n\n<p>Utilizamos Google Analytics para comprender c\u00f3mo los usuarios utilizan el sitio y mejorar su experiencia de navegaci\u00f3n. Estas cookies pueden registrar informaci\u00f3n como las p\u00e1ginas visitadas y el tiempo de permanencia en el sitio.<\/p>\n\n\n\n<p>Para obtener m\u00e1s informaci\u00f3n, consulte la pol\u00edtica oficial de Google Analytics.<\/p>\n\n\n\n<h3 class=\"wp-block-heading\">Publicidad y monetizaci\u00f3n<\/h3>\n\n\n\n<p>Podemos utilizar servicios de publicidad (como Google AdSense) que utilizan cookies para mostrar anuncios relevantes para el usuario en funci\u00f3n de visitas anteriores a este u otros sitios web.<\/p>\n\n\n\n<h2 class=\"wp-block-heading\">Compromiso del usuario<\/h2>\n\n\n\n<p>El usuario se compromete a hacer un uso adecuado de los contenidos e informaci\u00f3n facilitada por <strong>Vacantes puntuales<\/strong>, comprometi\u00e9ndose a:<\/p>\n\n\n\n<p>A) No incurrir en actividades il\u00edcitas o contrarias a la buena fe y al orden p\u00fablico;<br>B) No difundir contenidos de car\u00e1cter racista, xen\u00f3fobo, discriminatorio, ilegal, de apolog\u00eda del terrorismo o atentatorio contra los derechos humanos;<br>C) No provocar da\u00f1os en los sistemas f\u00edsicos o l\u00f3gicos de <strong>Vacantes puntuales<\/strong>de sus proveedores o de terceros, ni difundir virus u otros sistemas capaces de provocar da\u00f1os.<\/p>\n\n\n\n<h2 class=\"wp-block-heading\">M\u00e1s informaci\u00f3n<\/h2>\n\n\n\n<p>Esperamos que esta pol\u00edtica sea clara. Si tiene alguna pregunta sobre el uso de cookies o datos personales, generalmente es m\u00e1s seguro mantener las cookies habilitadas para garantizar el correcto funcionamiento de las funciones del sitio.<\/p>\n\n\n\n<p>Si tiene alguna pregunta, p\u00f3ngase en contacto con nosotros.<\/p>","protected":false},"excerpt":{"rendered":"<p>A sua privacidade \u00e9 importante para n\u00f3s. \u00c9 pol\u00edtica do Pontual Vagas respeitar a sua privacidade em rela\u00e7\u00e3o a qualquer informa\u00e7\u00e3o sua que possamos coletar no site Pontual Vagas, bem como em outros sites que possu\u00edmos e operamos. Solicitamos informa\u00e7\u00f5es pessoais apenas quando realmente precisamos delas para fornecer um servi\u00e7o ao usu\u00e1rio. Fazemos isso por [&hellip;]<\/p>","protected":false},"author":1,"featured_media":0,"parent":0,"menu_order":0,"comment_status":"closed","ping_status":"closed","template":"","meta":{"footnotes":""},"class_list":["post-120","page","type-page","status-publish"],"_links":{"self":[{"href":"https:\/\/pontualvagas.com.br\/es\/wp-json\/wp\/v2\/pages\/120","targetHints":{"allow":["GET"]}}],"collection":[{"href":"https:\/\/pontualvagas.com.br\/es\/wp-json\/wp\/v2\/pages"}],"about":[{"href":"https:\/\/pontualvagas.com.br\/es\/wp-json\/wp\/v2\/types\/page"}],"author":[{"embeddable":true,"href":"https:\/\/pontualvagas.com.br\/es\/wp-json\/wp\/v2\/users\/1"}],"replies":[{"embeddable":true,"href":"https:\/\/pontualvagas.com.br\/es\/wp-json\/wp\/v2\/comments?post=120"}],"version-history":[{"count":1,"href":"https:\/\/pontualvagas.com.br\/es\/wp-json\/wp\/v2\/pages\/120\/revisions"}],"predecessor-version":[{"id":121,"href":"https:\/\/pontualvagas.com.br\/es\/wp-json\/wp\/v2\/pages\/120\/revisions\/121"}],"wp:attachment":[{"href":"https:\/\/pontualvagas.com.br\/es\/wp-json\/wp\/v2\/media?parent=120"}],"curies":[{"name":"wp","href":"https:\/\/api.w.org\/{rel}","templated":true}]}}