{"id":120,"date":"2026-01-18T08:33:27","date_gmt":"2026-01-18T08:33:27","guid":{"rendered":"https:\/\/pontualvagas.com.br\/?page_id=120"},"modified":"2026-01-18T08:33:28","modified_gmt":"2026-01-18T08:33:28","slug":"datenschutzrichtlinie","status":"publish","type":"page","link":"https:\/\/pontualvagas.com.br\/de\/datenschutzrichtlinie\/","title":{"rendered":"Datenschutzrichtlinie"},"content":{"rendered":"<p>Ihre Privatsph\u00e4re ist uns wichtig. Das ist unsere Unternehmensrichtlinie. <strong>P\u00fcnktliche Stellenangebote<\/strong> Wir respektieren Ihre Privatsph\u00e4re hinsichtlich aller Informationen, die wir von Ihnen auf der Website erfassen. <strong>P\u00fcnktliche Stellenangebote<\/strong>sowie auf anderen Webseiten, die uns geh\u00f6ren und von uns betrieben werden.<\/p>\n\n\n\n<p>Wir erfragen personenbezogene Daten nur dann, wenn diese unbedingt erforderlich sind, um Ihnen eine Dienstleistung anbieten zu k\u00f6nnen. Dies geschieht fair und rechtm\u00e4\u00dfig, mit Ihrem Wissen und Ihrer Einwilligung. Wir informieren Sie au\u00dferdem dar\u00fcber, warum wir diese Daten erheben und wie sie verwendet werden.<\/p>\n\n\n\n<p>Wir speichern die erhobenen Daten nur so lange, wie es f\u00fcr die Erbringung der angeforderten Dienstleistung erforderlich ist. Bei der Datenspeicherung setzen wir branchen\u00fcbliche Ma\u00dfnahmen ein, um die Daten vor Verlust, Diebstahl, unbefugtem Zugriff, Offenlegung, Kopieren, Missbrauch oder Ver\u00e4nderung zu sch\u00fctzen.<\/p>\n\n\n\n<p>Wir geben personenbezogene Daten weder \u00f6ffentlich noch an Dritte weiter, es sei denn, dies ist gesetzlich vorgeschrieben.<\/p>\n\n\n\n<p>DER <strong>P\u00fcnktliche Stellenangebote<\/strong> Diese Seite kann Links zu externen Websites, Anwendungen oder Diensten enthalten, die nicht von uns betrieben werden. Bitte beachten Sie, dass wir keinen Einfluss auf die Inhalte und Praktiken dieser Seiten haben und f\u00fcr deren Datenschutzrichtlinien nicht verantwortlich gemacht werden k\u00f6nnen.<\/p>\n\n\n\n<p>Dem Nutzer steht es frei, die Angabe pers\u00f6nlicher Daten abzulehnen, wobei er sich dar\u00fcber im Klaren ist, dass es dann m\u00f6glicherweise nicht m\u00f6glich ist, einige der gew\u00fcnschten Dienstleistungen zu erbringen.<\/p>\n\n\n\n<p>Fortsetzung der Nutzung der Website <strong>P\u00fcnktliche Stellenangebote<\/strong> Ihr Feedback gilt als Zustimmung zu unseren Datenschutzpraktiken und der Verwendung personenbezogener Daten. Bei Fragen zum Umgang mit Nutzerdaten kontaktieren Sie uns bitte \u00fcber die Kontaktseite.<\/p>\n\n\n\n<h2 class=\"wp-block-heading\">Pontual Vagas Cookie-Richtlinie<\/h2>\n\n\n\n<h3 class=\"wp-block-heading\">Was sind Cookies?<\/h3>\n\n\n\n<p>Wie auf fast allen professionellen Websites \u00fcblich, verwendet auch diese Website Cookies, kleine Dateien, die auf Ihrem Ger\u00e4t gespeichert werden, um Ihr Surferlebnis zu verbessern.<\/p>\n\n\n\n<p>In diesem Abschnitt wird erl\u00e4utert, welche Informationen Cookies sammeln, wie wir diese verwenden und warum wir sie in manchen F\u00e4llen speichern m\u00fcssen.<\/p>\n\n\n\n<h3 class=\"wp-block-heading\">Wie verwenden wir Cookies?<\/h3>\n\n\n\n<p>Wir verwenden Cookies aus verschiedenen Gr\u00fcnden, unter anderem:<\/p>\n\n\n\n<ul class=\"wp-block-list\">\n<li>Um das ordnungsgem\u00e4\u00dfe Funktionieren der Website zu gew\u00e4hrleisten;<\/li>\n\n\n\n<li>Verbesserung der Benutzererfahrung;<\/li>\n\n\n\n<li>Analyse des Surfverhaltens;<\/li>\n\n\n\n<li>Relevantere Inhalte und Anzeigen anzeigen.<\/li>\n<\/ul>\n\n\n\n<p>In den meisten F\u00e4llen gibt es keine branchen\u00fcblichen Optionen, Cookies zu deaktivieren, ohne die grundlegende Funktionalit\u00e4t der Website zu beeintr\u00e4chtigen. Es wird empfohlen, Cookies aktiviert zu lassen, wenn Sie sich nicht sicher sind, ob Sie sie ben\u00f6tigen.<\/p>\n\n\n\n<h3 class=\"wp-block-heading\">Cookies deaktivieren<\/h3>\n\n\n\n<p>Sie k\u00f6nnen das Setzen von Cookies verhindern, indem Sie die Einstellungen Ihres Browsers anpassen. Beachten Sie jedoch, dass die Deaktivierung von Cookies die Funktionalit\u00e4t dieser und anderer von Ihnen besuchter Websites beeintr\u00e4chtigen kann.<\/p>\n\n\n\n<h2 class=\"wp-block-heading\">Cookies, die wir setzen<\/h2>\n\n\n\n<h3 class=\"wp-block-heading\">Kontobezogene Cookies<\/h3>\n\n\n\n<p>Wenn ein Nutzer ein Konto erstellt (sofern zutreffend), verwenden wir Cookies, um den Registrierungsprozess und die allgemeine Verwaltung zu steuern. Diese Cookies werden in der Regel gel\u00f6scht, wenn das Konto abgemeldet wird.<\/p>\n\n\n\n<h3 class=\"wp-block-heading\">Login-bezogene Cookies<\/h3>\n\n\n\n<p>Dient dazu, den Benutzer daran zu erinnern, dass er angemeldet ist, sodass er sich nicht auf jeder Seite erneut anmelden muss. Sie werden nach dem Abmelden entfernt.<\/p>\n\n\n\n<h3 class=\"wp-block-heading\">Cookies im Zusammenhang mit E-Mail-Newslettern<\/h3>\n\n\n\n<p>Wenn die Website die Anmeldung zu Newslettern oder Benachrichtigungen anbietet, k\u00f6nnen Cookies verwendet werden, um sich zu merken, ob der Benutzer bereits angemeldet ist.<\/p>\n\n\n\n<h3 class=\"wp-block-heading\">Formularbezogene Cookies<\/h3>\n\n\n\n<p>Wenn ein Benutzer Informationen \u00fcber Formulare (z. B. Kontaktformulare oder Kommentarformulare) \u00fcbermittelt, k\u00f6nnen Cookies verwendet werden, um Benutzerdaten f\u00fcr zuk\u00fcnftige Interaktionen zu speichern.<\/p>\n\n\n\n<h3 class=\"wp-block-heading\">Cookies f\u00fcr Website-Einstellungen<\/h3>\n\n\n\n<p>Dient zur Speicherung von Benutzereinstellungen und gew\u00e4hrleistet so ein personalisiertes Browsererlebnis.<\/p>\n\n\n\n<h2 class=\"wp-block-heading\">Cookies von Drittanbietern<\/h2>\n\n\n\n<p>DER <strong>P\u00fcnktliche Stellenangebote<\/strong> Sie k\u00f6nnen Cookies von vertrauensw\u00fcrdigen Drittanbietern verwenden, einschlie\u00dflich, aber nicht beschr\u00e4nkt auf:<\/p>\n\n\n\n<h3 class=\"wp-block-heading\">Google Analytics<\/h3>\n\n\n\n<p>Wir nutzen Google Analytics, um zu verstehen, wie Nutzer die Website verwenden und um das Nutzererlebnis zu verbessern. Diese Cookies k\u00f6nnen Informationen wie besuchte Seiten und die Verweildauer auf der Website erfassen.<\/p>\n\n\n\n<p>Weitere Informationen finden Sie in den offiziellen Richtlinien von Google Analytics.<\/p>\n\n\n\n<h3 class=\"wp-block-heading\">Werbung und Monetarisierung<\/h3>\n\n\n\n<p>Wir verwenden m\u00f6glicherweise Werbedienste (wie z. B. Google AdSense), die Cookies verwenden, um dem Nutzer auf Grundlage seiner vorherigen Besuche auf dieser oder anderen Websites relevante Anzeigen anzuzeigen.<\/p>\n\n\n\n<h2 class=\"wp-block-heading\">Nutzerverpflichtung<\/h2>\n\n\n\n<p>Der Nutzer verpflichtet sich zur angemessenen Nutzung der bereitgestellten Inhalte und Informationen. <strong>P\u00fcnktliche Stellenangebote<\/strong>, sich verpflichten zu:<\/p>\n\n\n\n<p>A) Sich nicht an illegalen Aktivit\u00e4ten oder Aktivit\u00e4ten zu beteiligen, die gegen Treu und Glauben und die \u00f6ffentliche Ordnung versto\u00dfen;<br>B) Es ist verboten, Inhalte zu verbreiten, die rassistischer, fremdenfeindlicher, diskriminierender oder illegaler Natur sind oder die den Terrorismus f\u00f6rdern oder die Menschenrechte verletzen;<br>C) Keine Sch\u00e4den an den physischen oder logischen Systemen von <strong>P\u00fcnktliche Stellenangebote<\/strong>von seinen Lieferanten oder Dritten, noch Viren oder andere Systeme zu verbreiten, die Schaden verursachen k\u00f6nnen.<\/p>\n\n\n\n<h2 class=\"wp-block-heading\">Weitere Informationen<\/h2>\n\n\n\n<p>Wir hoffen, diese Richtlinie ist verst\u00e4ndlich. Sollten Sie Fragen zur Verwendung von Cookies oder personenbezogenen Daten haben, empfehlen wir Ihnen, Cookies aktiviert zu lassen, um die einwandfreie Funktion der Website zu gew\u00e4hrleisten.<\/p>\n\n\n\n<p>Bei Fragen kontaktieren Sie uns bitte.<\/p>","protected":false},"excerpt":{"rendered":"<p>A sua privacidade \u00e9 importante para n\u00f3s. \u00c9 pol\u00edtica do Pontual Vagas respeitar a sua privacidade em rela\u00e7\u00e3o a qualquer informa\u00e7\u00e3o sua que possamos coletar no site Pontual Vagas, bem como em outros sites que possu\u00edmos e operamos. Solicitamos informa\u00e7\u00f5es pessoais apenas quando realmente precisamos delas para fornecer um servi\u00e7o ao usu\u00e1rio. Fazemos isso por [&hellip;]<\/p>","protected":false},"author":1,"featured_media":0,"parent":0,"menu_order":0,"comment_status":"closed","ping_status":"closed","template":"","meta":{"footnotes":""},"class_list":["post-120","page","type-page","status-publish"],"_links":{"self":[{"href":"https:\/\/pontualvagas.com.br\/de\/wp-json\/wp\/v2\/pages\/120","targetHints":{"allow":["GET"]}}],"collection":[{"href":"https:\/\/pontualvagas.com.br\/de\/wp-json\/wp\/v2\/pages"}],"about":[{"href":"https:\/\/pontualvagas.com.br\/de\/wp-json\/wp\/v2\/types\/page"}],"author":[{"embeddable":true,"href":"https:\/\/pontualvagas.com.br\/de\/wp-json\/wp\/v2\/users\/1"}],"replies":[{"embeddable":true,"href":"https:\/\/pontualvagas.com.br\/de\/wp-json\/wp\/v2\/comments?post=120"}],"version-history":[{"count":1,"href":"https:\/\/pontualvagas.com.br\/de\/wp-json\/wp\/v2\/pages\/120\/revisions"}],"predecessor-version":[{"id":121,"href":"https:\/\/pontualvagas.com.br\/de\/wp-json\/wp\/v2\/pages\/120\/revisions\/121"}],"wp:attachment":[{"href":"https:\/\/pontualvagas.com.br\/de\/wp-json\/wp\/v2\/media?parent=120"}],"curies":[{"name":"wp","href":"https:\/\/api.w.org\/{rel}","templated":true}]}}