{"id":124,"date":"2026-01-18T08:36:06","date_gmt":"2026-01-18T08:36:06","guid":{"rendered":"https:\/\/pontualvagas.com.br\/?page_id=124"},"modified":"2026-01-18T08:36:07","modified_gmt":"2026-01-18T08:36:07","slug":"kontakt","status":"publish","type":"page","link":"https:\/\/pontualvagas.com.br\/cs\/kontakt\/","title":{"rendered":"Kontakt"},"content":{"rendered":"<p>V\u00edtejte! Toto je ofici\u00e1ln\u00ed kontaktn\u00ed str\u00e1nka pro <strong>V\u010dasn\u00e1 voln\u00e1 m\u00edsta<\/strong>Zde n\u00e1s m\u016f\u017eete kontaktovat s dotazy, n\u00e1vrhy, st\u00ed\u017enostmi nebo s jak\u00fdmkoli jin\u00fdm probl\u00e9mem t\u00fdkaj\u00edc\u00edm se na\u0161ich webov\u00fdch str\u00e1nek a obsahu, kter\u00fd zve\u0159ej\u0148ujeme.<\/p>\n\n\n\n<p>Na\u0161\u00edm c\u00edlem je nab\u00eddnout co nejlep\u0161\u00ed u\u017eivatelsk\u00fd z\u00e1\u017eitek, proto si velmi cen\u00edme va\u0161\u00ed zp\u011btn\u00e9 vazby. Pokud m\u00e1te jak\u00e9koli dotazy ohledn\u011b fungov\u00e1n\u00ed webu, pou\u017e\u00edv\u00e1n\u00ed doporu\u010den\u00fdch aplikac\u00ed nebo ohledn\u011b na\u0161eho obsahu, nev\u00e1hejte n\u00e1m napsat.<\/p>\n\n\n\n<p>Jsme tak\u00e9 v\u017edy otev\u0159eni n\u00e1vrh\u016fm na zlep\u0161en\u00ed a konstruktivn\u00ed kritice. V\u00e1\u0161 n\u00e1zor je pro n\u00e1s nezbytn\u00fd k tomu, abychom se mohli d\u00e1le rozv\u00edjet, \u0159e\u0161it p\u0159\u00edpadn\u00e9 probl\u00e9my a poskytovat st\u00e1le u\u017eite\u010dn\u011bj\u0161\u00ed a spolehliv\u011bj\u0161\u00ed informace.<\/p>\n\n\n\n<p>Chcete-li n\u00e1s kontaktovat, jednodu\u0161e vypl\u0148te formul\u00e1\u0159 na t\u00e9to str\u00e1nce s va\u0161imi \u00fadaji a zpr\u00e1vou. N\u00e1\u0161 t\u00fdm se bude sna\u017eit odpov\u011bd\u011bt co nejrychleji.<\/p>\n\n\n\n<p>D\u011bkujeme za n\u00e1v\u0161t\u011bvu <strong>V\u010dasn\u00e1 voln\u00e1 m\u00edsta<\/strong> A r\u00e1di p\u0159ijmeme va\u0161i zpr\u00e1vu.<\/p>\n\n\n\n<p><strong>Kontaktn\u00ed e-mail:<\/strong><br>\ud83d\udce7 contato@pontualvagas.com.br<\/p>\n\n\n\n<p><\/p>","protected":false},"excerpt":{"rendered":"<p>Bem-vindo! Esta \u00e9 a p\u00e1gina oficial de contato do Pontual Vagas. Aqui voc\u00ea pode entrar em contato conosco para tirar d\u00favidas, enviar sugest\u00f5es, fazer reclama\u00e7\u00f5es ou tratar de qualquer outro assunto relacionado ao nosso site e aos conte\u00fados que publicamos. Nosso objetivo \u00e9 oferecer a melhor experi\u00eancia poss\u00edvel aos usu\u00e1rios, por isso valorizamos muito o [&hellip;]<\/p>","protected":false},"author":1,"featured_media":0,"parent":0,"menu_order":0,"comment_status":"closed","ping_status":"closed","template":"","meta":{"footnotes":""},"class_list":["post-124","page","type-page","status-publish"],"_links":{"self":[{"href":"https:\/\/pontualvagas.com.br\/cs\/wp-json\/wp\/v2\/pages\/124","targetHints":{"allow":["GET"]}}],"collection":[{"href":"https:\/\/pontualvagas.com.br\/cs\/wp-json\/wp\/v2\/pages"}],"about":[{"href":"https:\/\/pontualvagas.com.br\/cs\/wp-json\/wp\/v2\/types\/page"}],"author":[{"embeddable":true,"href":"https:\/\/pontualvagas.com.br\/cs\/wp-json\/wp\/v2\/users\/1"}],"replies":[{"embeddable":true,"href":"https:\/\/pontualvagas.com.br\/cs\/wp-json\/wp\/v2\/comments?post=124"}],"version-history":[{"count":1,"href":"https:\/\/pontualvagas.com.br\/cs\/wp-json\/wp\/v2\/pages\/124\/revisions"}],"predecessor-version":[{"id":125,"href":"https:\/\/pontualvagas.com.br\/cs\/wp-json\/wp\/v2\/pages\/124\/revisions\/125"}],"wp:attachment":[{"href":"https:\/\/pontualvagas.com.br\/cs\/wp-json\/wp\/v2\/media?parent=124"}],"curies":[{"name":"wp","href":"https:\/\/api.w.org\/{rel}","templated":true}]}}