{"id":122,"date":"2026-01-18T08:35:26","date_gmt":"2026-01-18T08:35:26","guid":{"rendered":"https:\/\/pontualvagas.com.br\/?page_id=122"},"modified":"2026-01-18T08:35:27","modified_gmt":"2026-01-18T08:35:27","slug":"podminky-pouziti","status":"publish","type":"page","link":"https:\/\/pontualvagas.com.br\/cs\/podminky-pouziti\/","title":{"rendered":"Podm\u00ednky pou\u017eit\u00ed"},"content":{"rendered":"<p>P\u0159\u00edstupem na webov\u00e9 str\u00e1nky a jejich pou\u017e\u00edv\u00e1n\u00edm <strong>V\u010dasn\u00e1 voln\u00e1 m\u00edsta<\/strong>T\u00edmto souhlas\u00edte s t\u00edm, \u017ee budete tyto podm\u00ednky dodr\u017eovat a budete jimi v\u00e1z\u00e1ni. <strong>Podm\u00ednky pou\u017eit\u00ed<\/strong>spole\u010dn\u011b s na\u0161imi <strong>Z\u00e1sady ochrany osobn\u00edch \u00fadaj\u016f<\/strong>, kter\u00e9 upravuj\u00ed vztah mezi <strong>V\u010dasn\u00e1 voln\u00e1 m\u00edsta<\/strong> a u\u017eivatel.<\/p>\n\n\n\n<p>Pokud s n\u011bkterou \u010d\u00e1st\u00ed t\u011bchto podm\u00ednek nesouhlas\u00edte, doporu\u010dujeme v\u00e1m <strong>nepou\u017e\u00edvejte tuto webovou str\u00e1nku<\/strong>.<\/p>\n\n\n\n<h3 class=\"wp-block-heading\">Pou\u017e\u00edv\u00e1n\u00ed str\u00e1nek<\/h3>\n\n\n\n<p>Obsah zp\u0159\u00edstupn\u011bn\u00fd v <strong>V\u010dasn\u00e1 voln\u00e1 m\u00edsta<\/strong> m\u00e1 \u00fa\u010del <strong>pouze pro informa\u010dn\u00ed \u00fa\u010dely<\/strong>, kter\u00e9 jsou ur\u010deny pro prezentaci aplikac\u00ed, digit\u00e1ln\u00edch slu\u017eeb, tip\u016f a obsahu t\u00fdkaj\u00edc\u00edho se p\u0159\u00edle\u017eitost\u00ed, produktivity a \u0159e\u0161en\u00ed pro pou\u017eit\u00ed na mobiln\u00edch za\u0159\u00edzen\u00edch.<\/p>\n\n\n\n<p>Informace na t\u011bchto webov\u00fdch str\u00e1nk\u00e1ch se mohou zm\u011bnit. <strong>Zm\u011bny, aktualizace nebo odstran\u011bn\u00ed bez p\u0159edchoz\u00edho upozorn\u011bn\u00ed.<\/strong>.<\/p>\n\n\n\n<h3 class=\"wp-block-heading\">Z\u0159eknut\u00ed se z\u00e1ruk<\/h3>\n\n\n\n<p>Ani ten <strong>V\u010dasn\u00e1 voln\u00e1 m\u00edsta<\/strong>Ani my, ani t\u0159et\u00ed strany neposkytujeme \u017e\u00e1dn\u00e9 z\u00e1ruky ohledn\u011b p\u0159esnosti, aktu\u00e1lnosti, funk\u010dnosti, \u00faplnosti nebo vhodnosti informac\u00ed, aplikac\u00ed nebo materi\u00e1l\u016f prezentovan\u00fdch na webov\u00fdch str\u00e1nk\u00e1ch pro jak\u00fdkoli konkr\u00e9tn\u00ed \u00fa\u010del.<\/p>\n\n\n\n<p>Pou\u017eit\u00ed jak\u00fdchkoli informac\u00ed, obsahu, aplikace nebo materi\u00e1l\u016f dostupn\u00fdch na webov\u00fdch str\u00e1nk\u00e1ch je na va\u0161\u00ed odpov\u011bdnosti. <strong>pln\u00e1 odpov\u011bdnost u\u017eivatele<\/strong>, kter\u00e1 p\u0159eb\u00edr\u00e1 ve\u0161ker\u00e1 rizika vypl\u00fdvaj\u00edc\u00ed z tohoto pou\u017eit\u00ed.<\/p>\n\n\n\n<h3 class=\"wp-block-heading\">Odkazy na webov\u00e9 str\u00e1nky a aplikace t\u0159et\u00edch stran<\/h3>\n\n\n\n<p>THE <strong>V\u010dasn\u00e1 voln\u00e1 m\u00edsta<\/strong> M\u016f\u017ee obsahovat odkazy na webov\u00e9 str\u00e1nky, platformy nebo aplikace t\u0159et\u00edch stran. Tyto odkazy jsou poskytov\u00e1ny v\u00fdhradn\u011b pro pohodl\u00ed u\u017eivatele a za \u00fa\u010delem poskytnut\u00ed dal\u0161\u00edch informac\u00ed.<\/p>\n\n\n\n<p>Nem\u00e1me \u017e\u00e1dnou kontrolu nad obsahem, z\u00e1sadami ani provozem t\u011bchto extern\u00edch webov\u00fdch str\u00e1nek a aplikac\u00ed a neneseme odpov\u011bdnost za \u017e\u00e1dn\u00e9 \u0161kody, ztr\u00e1ty ani probl\u00e9my vznikl\u00e9 v d\u016fsledku jejich pou\u017e\u00edv\u00e1n\u00ed.<\/p>\n\n\n\n<h3 class=\"wp-block-heading\">Odpov\u011bdnost u\u017eivatele<\/h3>\n\n\n\n<p>Pou\u017e\u00edv\u00e1n\u00edm t\u011bchto webov\u00fdch str\u00e1nek u\u017eivatel souhlas\u00ed s:<\/p>\n\n\n\n<ul class=\"wp-block-list\">\n<li>Pou\u017e\u00edvejte obsah z\u00e1konn\u00fdm a etick\u00fdm zp\u016fsobem;<\/li>\n\n\n\n<li>Nezapojujte se do nez\u00e1konn\u00fdch nebo podvodn\u00fdch \u010dinnost\u00ed ani do \u010dinnost\u00ed, kter\u00e9 poru\u0161uj\u00ed platn\u00e9 pr\u00e1vn\u00ed p\u0159edpisy;<\/li>\n\n\n\n<li>Nepokou\u0161ejte se po\u0161kodit, p\u0159et\u00ed\u017eit nebo naru\u0161it provoz webov\u00fdch str\u00e1nek nebo jejich syst\u00e9m\u016f.<\/li>\n<\/ul>\n\n\n\n<h3 class=\"wp-block-heading\">Du\u0161evn\u00ed vlastnictv\u00ed<\/h3>\n\n\n\n<p>Ve\u0161ker\u00fd obsah p\u0159\u00edtomn\u00fd v <strong>V\u010dasn\u00e1 voln\u00e1 m\u00edsta<\/strong>Ve\u0161ker\u00fd obsah, v\u010detn\u011b text\u016f, ochrann\u00fdch zn\u00e1mek, log, obr\u00e1zk\u016f a rozvr\u017een\u00ed, je chr\u00e1n\u011bn autorsk\u00fdm pr\u00e1vem a pr\u00e1vy du\u0161evn\u00edho vlastnictv\u00ed. \u00dapln\u00e1 nebo \u010d\u00e1ste\u010dn\u00e1 reprodukce je bez p\u0159edchoz\u00edho souhlasu zak\u00e1z\u00e1na, s v\u00fdjimkou p\u0159\u00edpad\u016f povolen\u00fdch z\u00e1konem.<\/p>\n\n\n\n<h3 class=\"wp-block-heading\">Zm\u011bny podm\u00ednek<\/h3>\n\n\n\n<p>THE <strong>V\u010dasn\u00e1 voln\u00e1 m\u00edsta<\/strong> si vyhrazuje pr\u00e1vo <strong>Tyto Podm\u00ednky pou\u017eit\u00ed mohou b\u00fdt kdykoli zm\u011bn\u011bny.<\/strong>bez p\u0159edchoz\u00edho upozorn\u011bn\u00ed. Pokra\u010dov\u00e1n\u00ed v pou\u017e\u00edv\u00e1n\u00ed str\u00e1nek po zm\u011bn\u00e1ch znamen\u00e1 automatick\u00fd souhlas s nov\u00fdmi podm\u00ednkami.<\/p>\n\n\n\n<h3 class=\"wp-block-heading\">P\u0159ijet\u00ed podm\u00ednek<\/h3>\n\n\n\n<p>Pokra\u010dov\u00e1n\u00edm v prohl\u00ed\u017een\u00ed webu <strong>V\u010dasn\u00e1 voln\u00e1 m\u00edsta<\/strong>T\u00edmto u\u017eivatel prohla\u0161uje, \u017ee si tyto Podm\u00ednky u\u017e\u00edv\u00e1n\u00ed p\u0159e\u010detl, porozum\u011bl jim a pln\u011b s nimi souhlas\u00ed.<\/p>","protected":false},"excerpt":{"rendered":"<p>Ao acessar e utilizar o site Pontual Vagas, voc\u00ea concorda em cumprir e ficar vinculado aos presentes Termos de Uso, juntamente com a nossa Pol\u00edtica de Privacidade, que regulam o relacionamento entre o Pontual Vagas e o usu\u00e1rio. Caso voc\u00ea n\u00e3o concorde com qualquer parte destes termos, recomendamos que n\u00e3o utilize este site. Uso do [&hellip;]<\/p>","protected":false},"author":1,"featured_media":0,"parent":0,"menu_order":0,"comment_status":"closed","ping_status":"closed","template":"","meta":{"footnotes":""},"class_list":["post-122","page","type-page","status-publish"],"_links":{"self":[{"href":"https:\/\/pontualvagas.com.br\/cs\/wp-json\/wp\/v2\/pages\/122","targetHints":{"allow":["GET"]}}],"collection":[{"href":"https:\/\/pontualvagas.com.br\/cs\/wp-json\/wp\/v2\/pages"}],"about":[{"href":"https:\/\/pontualvagas.com.br\/cs\/wp-json\/wp\/v2\/types\/page"}],"author":[{"embeddable":true,"href":"https:\/\/pontualvagas.com.br\/cs\/wp-json\/wp\/v2\/users\/1"}],"replies":[{"embeddable":true,"href":"https:\/\/pontualvagas.com.br\/cs\/wp-json\/wp\/v2\/comments?post=122"}],"version-history":[{"count":1,"href":"https:\/\/pontualvagas.com.br\/cs\/wp-json\/wp\/v2\/pages\/122\/revisions"}],"predecessor-version":[{"id":123,"href":"https:\/\/pontualvagas.com.br\/cs\/wp-json\/wp\/v2\/pages\/122\/revisions\/123"}],"wp:attachment":[{"href":"https:\/\/pontualvagas.com.br\/cs\/wp-json\/wp\/v2\/media?parent=122"}],"curies":[{"name":"wp","href":"https:\/\/api.w.org\/{rel}","templated":true}]}}